{"id":3734,"date":"2024-04-06T07:11:38","date_gmt":"2024-04-06T07:11:38","guid":{"rendered":"https:\/\/usa-gv.com\/visado-turista-eeuu\/"},"modified":"2025-02-25T11:53:48","modified_gmt":"2025-02-25T11:53:48","slug":"visado-turista-eeuu","status":"publish","type":"page","link":"https:\/\/usa-gv.com\/es\/visado-turista-eeuu\/","title":{"rendered":"Visado de turista para viajar a Estados Unidos"},"content":{"rendered":"\n<h1 class=\"wp-block-heading\">Obtener un visado de turista para entrar en EE.UU.<\/h1>\n\n<p>Un visado de turista permite a un extranjero permanecer en Estados Unidos durante un periodo determinado.  <\/p>\n\n<p><strong>Para estancias inferiores a 90 d\u00edas<\/strong>: no necesita solicitar un visado de turista si su pa\u00eds es miembro del <a href=\"https:\/\/usa-gv.com\/es\/visa-waiver-program-eeuu\/\">Programa de Exenci\u00f3n de Visado<\/a>. Puede solicitar una autorizaci\u00f3n electr\u00f3nica de viaje en s\u00f3lo unos minutos haciendo clic en el <a href=\"https:\/\/usa-gv.com\/es\/formulario-esta-en-linea\/\">formulario ESTA en l\u00ednea<\/a>.<\/p>\n\n<div style=\"height:10px\" aria-hidden=\"true\" class=\"wp-block-spacer\"><\/div>\n\n<h2 class=\"wp-block-heading\">\u00bfQu\u00e9 es un visado de turista estadounidense?<\/h2>\n\n<p>Un visado de turista estadounidense es una autorizaci\u00f3n oficial para viajar a Estados Unidos.\nUn visado permite a los viajeros extranjeros entrar en Estados Unidos y permanecer durante un periodo especificado en el visado. <\/p>\n\n<h3 class=\"wp-block-heading\">\u00bfQu\u00e9 puedo hacer en EE.UU. con un visado de turista?<\/h3>\n\n<p>Un visado de turista le permite permanecer en Estados Unidos para realizar las siguientes actividades:<\/p>\n\n<ul class=\"wp-block-list\">\n<li>Ir de viaje tur\u00edstico, visitar a amigos o familiares;<\/li>\n\n\n\n<li>Recibir tratamiento m\u00e9dico ;<\/li>\n\n\n\n<li>Participar en eventos deportivos o musicales no remunerados;<\/li>\n\n\n\n<li>Participar en actos amistosos o sociales.<\/li>\n<\/ul>\n\n<div style=\"height:10px\" aria-hidden=\"true\" class=\"wp-block-spacer\"><\/div>\n\n<p>Sin embargo, un visado de turista no le permite trabajar en Estados Unidos.  <\/p>\n\n<h3 class=\"wp-block-heading\">\u00bfCu\u00e1les son los criterios para obtener un visado de turista?<\/h3>\n\n<p>Los principales requisitos para obtener un visado de turista para visitar EE.UU. son :<\/p>\n\n<ul class=\"wp-block-list\">\n<li>Residencia temporal en Estados Unidos y prueba de la intenci\u00f3n de regresar a su pa\u00eds de origen al final de su estancia;<\/li>\n\n\n\n<li>Realizar \u00fanicamente actividades autorizadas por el visado tur\u00edstico B2;<\/li>\n\n\n\n<li>Prueba de medios econ\u00f3micos suficientes para permanecer en EE.UU.<\/li>\n<\/ul>\n\n<div style=\"height:10px\" aria-hidden=\"true\" class=\"wp-block-spacer\"><\/div>\n\n<h2 class=\"wp-block-heading\">\u00bfC\u00f3mo se solicita un visado B2?<\/h2>\n\n<p>Puede solicitar un visado de turista para EE.UU. por internet a trav\u00e9s del Servicio de Ciudadan\u00eda e Inmigraci\u00f3n de EE.UU., cuya p\u00e1gina web es <a href=\"https:\/\/www.uscis.gov\/\">uscis.gov<\/a>. Comprende las siguientes etapas:<\/p>\n\n<ul class=\"wp-block-list\">\n<li>Rellene el formulario de solicitud en l\u00ednea DS 160;<\/li>\n\n\n\n<li>Pagar la tasa de visado B2 para validar la solicitud;<\/li>\n\n\n\n<li>Concierte una cita con el consulado o la embajada estadounidense;<\/li>\n\n\n\n<li>Re\u00fana los documentos justificativos de la solicitud de visado ;<\/li>\n\n\n\n<li>Superar la entrevista para el visado con un funcionario consular estadounidense.<\/li>\n<\/ul>\n\n<div style=\"height:10px\" aria-hidden=\"true\" class=\"wp-block-spacer\"><\/div>\n\n<p>El proceso para obtener un visado de turista es m\u00e1s largo y complicado que para <a href=\"https:\/\/usa-gv.com\/es\/como-conseguir-un-esta\/\">obtener un ESTA<\/a>.<\/p>\n\n<h3 class=\"wp-block-heading\">\u00bfCu\u00e1nto cuesta obtener un visado de turista?<\/h3>\n\n<p>Para las solicitudes de visado de turista, la tasa que debe abonarse en l\u00ednea es de 185 USD.\nPor lo tanto, el coste del visado es mucho m\u00e1s elevado que el <a href=\"https:\/\/usa-gv.com\/es\/precio-esta-eeuu\/\">coste del ESTA<\/a>. <\/p>\n\n<h3 class=\"wp-block-heading\">\u00bfCu\u00e1nto se tarda en obtener un visado de turista?<\/h3>\n\n<p>La tramitaci\u00f3n de una solicitud de visado tarda al menos unas semanas.\nEste periodo depende del n\u00famero de solicitudes que est\u00e9 tramitando la autoridad consular estadounidense en el pa\u00eds de origen del solicitante.\nPor tanto, el plazo para el visado es mucho m\u00e1s largo que el <a href=\"https:\/\/usa-gv.com\/es\/plazos-obtener-esta\/\">plazo para obtener el ESTA<\/a>.  <\/p>\n\n<h3 class=\"wp-block-heading\">\u00bfQu\u00e9 validez tiene un visado de turista?<\/h3>\n\n<p>La duraci\u00f3n inicial de un visado de turista B2 para Estados Unidos es de 6 meses.\nEsto representa el doble de <a href=\"https:\/\/usa-gv.com\/es\/periodo-validez-esta\/\">validez del ESTA<\/a>.  Para prolongar la duraci\u00f3n del visado, el titular debe solicitar una pr\u00f3rroga de 6 meses m\u00e1s. Esta solicitud de pr\u00f3rroga s\u00f3lo puede hacerse despu\u00e9s de 3 meses y a m\u00e1s tardar 42 d\u00edas antes de que expire el visado.<\/p>\n\n<h2 class=\"wp-block-heading\">Imagen de un visado de turista de EE.UU.<\/h2>\n\n<figure class=\"wp-block-image size-large\"><img fetchpriority=\"high\" decoding=\"async\" width=\"1024\" height=\"642\" src=\"https:\/\/usa-gv.com\/wp-content\/uploads\/2024\/04\/visa-usa-1024x642.png\" alt=\"Visado de turista para Estados Unidos\" class=\"wp-image-3708\" srcset=\"https:\/\/usa-gv.com\/wp-content\/uploads\/2024\/04\/visa-usa-1024x642.png 1024w, https:\/\/usa-gv.com\/wp-content\/uploads\/2024\/04\/visa-usa-300x188.png 300w, https:\/\/usa-gv.com\/wp-content\/uploads\/2024\/04\/visa-usa-768x482.png 768w, https:\/\/usa-gv.com\/wp-content\/uploads\/2024\/04\/visa-usa.png 1473w\" sizes=\"(max-width: 1024px) 100vw, 1024px\" \/><figcaption class=\"wp-element-caption\">Visado de turista para Estados Unidos<\/figcaption><\/figure>\n","protected":false},"excerpt":{"rendered":"<p>Obtener un visado de turista para entrar en EE.UU. Un visado de turista permite a un extranjero permanecer en Estados Unidos durante un periodo determinado. Para estancias inferiores a 90 d\u00edas: no necesita solicitar un visado de turista si su pa\u00eds es miembro del Programa de Exenci\u00f3n de Visado. Puede solicitar una autorizaci\u00f3n electr\u00f3nica de [&hellip;]<\/p>\n","protected":false},"author":1,"featured_media":0,"parent":0,"menu_order":0,"comment_status":"closed","ping_status":"closed","template":"","meta":{"footnotes":""},"class_list":["post-3734","page","type-page","status-publish","hentry"],"yoast_head":"<!-- This site is optimized with the Yoast SEO plugin v26.6 - https:\/\/yoast.com\/wordpress\/plugins\/seo\/ -->\n<title>Visado de turista para viajar a Estados Unidos - USA-GV.COM<\/title>\n<meta name=\"description\" content=\"C\u00f3mo obtener en l\u00ednea un visado para una estancia tur\u00edstica de corta duraci\u00f3n en Estados Unidos en s\u00f3lo unos minutos.\" \/>\n<meta name=\"robots\" content=\"index, follow, max-snippet:-1, max-image-preview:large, max-video-preview:-1\" \/>\n<link rel=\"canonical\" href=\"https:\/\/usa-gv.com\/es\/visado-turista-eeuu\/\" \/>\n<meta property=\"og:locale\" content=\"es_ES\" \/>\n<meta property=\"og:type\" content=\"article\" \/>\n<meta property=\"og:title\" content=\"Visado de turista para viajar a Estados Unidos - USA-GV.COM\" \/>\n<meta property=\"og:description\" content=\"C\u00f3mo obtener en l\u00ednea un visado para una estancia tur\u00edstica de corta duraci\u00f3n en Estados Unidos en s\u00f3lo unos minutos.\" \/>\n<meta property=\"og:url\" content=\"https:\/\/usa-gv.com\/es\/visado-turista-eeuu\/\" \/>\n<meta property=\"og:site_name\" content=\"USA-GV.COM\" \/>\n<meta property=\"article:modified_time\" content=\"2025-02-25T11:53:48+00:00\" \/>\n<meta property=\"og:image\" content=\"https:\/\/usa-gv.com\/wp-content\/uploads\/2024\/04\/visa-usa-1024x642.png\" \/>\n<meta name=\"twitter:card\" content=\"summary_large_image\" \/>\n<meta name=\"twitter:label1\" content=\"Tiempo de lectura\" \/>\n\t<meta name=\"twitter:data1\" content=\"3 minutos\" \/>\n<script type=\"application\/ld+json\" class=\"yoast-schema-graph\">{\"@context\":\"https:\/\/schema.org\",\"@graph\":[{\"@type\":\"WebPage\",\"@id\":\"https:\/\/usa-gv.com\/es\/visado-turista-eeuu\/\",\"url\":\"https:\/\/usa-gv.com\/es\/visado-turista-eeuu\/\",\"name\":\"Visado de turista para viajar a Estados Unidos - USA-GV.COM\",\"isPartOf\":{\"@id\":\"https:\/\/usa-gv.com\/es\/#website\"},\"primaryImageOfPage\":{\"@id\":\"https:\/\/usa-gv.com\/es\/visado-turista-eeuu\/#primaryimage\"},\"image\":{\"@id\":\"https:\/\/usa-gv.com\/es\/visado-turista-eeuu\/#primaryimage\"},\"thumbnailUrl\":\"https:\/\/usa-gv.com\/wp-content\/uploads\/2024\/04\/visa-usa-1024x642.png\",\"datePublished\":\"2024-04-06T07:11:38+00:00\",\"dateModified\":\"2025-02-25T11:53:48+00:00\",\"description\":\"C\u00f3mo obtener en l\u00ednea un visado para una estancia tur\u00edstica de corta duraci\u00f3n en Estados Unidos en s\u00f3lo unos minutos.\",\"breadcrumb\":{\"@id\":\"https:\/\/usa-gv.com\/es\/visado-turista-eeuu\/#breadcrumb\"},\"inLanguage\":\"es\",\"potentialAction\":[{\"@type\":\"ReadAction\",\"target\":[\"https:\/\/usa-gv.com\/es\/visado-turista-eeuu\/\"]}]},{\"@type\":\"ImageObject\",\"inLanguage\":\"es\",\"@id\":\"https:\/\/usa-gv.com\/es\/visado-turista-eeuu\/#primaryimage\",\"url\":\"https:\/\/usa-gv.com\/wp-content\/uploads\/2024\/04\/visa-usa-1024x642.png\",\"contentUrl\":\"https:\/\/usa-gv.com\/wp-content\/uploads\/2024\/04\/visa-usa-1024x642.png\"},{\"@type\":\"BreadcrumbList\",\"@id\":\"https:\/\/usa-gv.com\/es\/visado-turista-eeuu\/#breadcrumb\",\"itemListElement\":[{\"@type\":\"ListItem\",\"position\":1,\"name\":\"Home\",\"item\":\"https:\/\/usa-gv.com\/es\/guia-de-viaje-de-estados-unidos\/\"},{\"@type\":\"ListItem\",\"position\":2,\"name\":\"Visado de turista para viajar a Estados Unidos\"}]},{\"@type\":\"WebSite\",\"@id\":\"https:\/\/usa-gv.com\/es\/#website\",\"url\":\"https:\/\/usa-gv.com\/es\/\",\"name\":\"USA-GV.COM\",\"description\":\"\",\"potentialAction\":[{\"@type\":\"SearchAction\",\"target\":{\"@type\":\"EntryPoint\",\"urlTemplate\":\"https:\/\/usa-gv.com\/es\/?s={search_term_string}\"},\"query-input\":{\"@type\":\"PropertyValueSpecification\",\"valueRequired\":true,\"valueName\":\"search_term_string\"}}],\"inLanguage\":\"es\"}]}<\/script>\n<!-- \/ Yoast SEO plugin. -->","yoast_head_json":{"title":"Visado de turista para viajar a Estados Unidos - USA-GV.COM","description":"C\u00f3mo obtener en l\u00ednea un visado para una estancia tur\u00edstica de corta duraci\u00f3n en Estados Unidos en s\u00f3lo unos minutos.","robots":{"index":"index","follow":"follow","max-snippet":"max-snippet:-1","max-image-preview":"max-image-preview:large","max-video-preview":"max-video-preview:-1"},"canonical":"https:\/\/usa-gv.com\/es\/visado-turista-eeuu\/","og_locale":"es_ES","og_type":"article","og_title":"Visado de turista para viajar a Estados Unidos - USA-GV.COM","og_description":"C\u00f3mo obtener en l\u00ednea un visado para una estancia tur\u00edstica de corta duraci\u00f3n en Estados Unidos en s\u00f3lo unos minutos.","og_url":"https:\/\/usa-gv.com\/es\/visado-turista-eeuu\/","og_site_name":"USA-GV.COM","article_modified_time":"2025-02-25T11:53:48+00:00","og_image":[{"url":"https:\/\/usa-gv.com\/wp-content\/uploads\/2024\/04\/visa-usa-1024x642.png","type":"","width":"","height":""}],"twitter_card":"summary_large_image","twitter_misc":{"Tiempo de lectura":"3 minutos"},"schema":{"@context":"https:\/\/schema.org","@graph":[{"@type":"WebPage","@id":"https:\/\/usa-gv.com\/es\/visado-turista-eeuu\/","url":"https:\/\/usa-gv.com\/es\/visado-turista-eeuu\/","name":"Visado de turista para viajar a Estados Unidos - USA-GV.COM","isPartOf":{"@id":"https:\/\/usa-gv.com\/es\/#website"},"primaryImageOfPage":{"@id":"https:\/\/usa-gv.com\/es\/visado-turista-eeuu\/#primaryimage"},"image":{"@id":"https:\/\/usa-gv.com\/es\/visado-turista-eeuu\/#primaryimage"},"thumbnailUrl":"https:\/\/usa-gv.com\/wp-content\/uploads\/2024\/04\/visa-usa-1024x642.png","datePublished":"2024-04-06T07:11:38+00:00","dateModified":"2025-02-25T11:53:48+00:00","description":"C\u00f3mo obtener en l\u00ednea un visado para una estancia tur\u00edstica de corta duraci\u00f3n en Estados Unidos en s\u00f3lo unos minutos.","breadcrumb":{"@id":"https:\/\/usa-gv.com\/es\/visado-turista-eeuu\/#breadcrumb"},"inLanguage":"es","potentialAction":[{"@type":"ReadAction","target":["https:\/\/usa-gv.com\/es\/visado-turista-eeuu\/"]}]},{"@type":"ImageObject","inLanguage":"es","@id":"https:\/\/usa-gv.com\/es\/visado-turista-eeuu\/#primaryimage","url":"https:\/\/usa-gv.com\/wp-content\/uploads\/2024\/04\/visa-usa-1024x642.png","contentUrl":"https:\/\/usa-gv.com\/wp-content\/uploads\/2024\/04\/visa-usa-1024x642.png"},{"@type":"BreadcrumbList","@id":"https:\/\/usa-gv.com\/es\/visado-turista-eeuu\/#breadcrumb","itemListElement":[{"@type":"ListItem","position":1,"name":"Home","item":"https:\/\/usa-gv.com\/es\/guia-de-viaje-de-estados-unidos\/"},{"@type":"ListItem","position":2,"name":"Visado de turista para viajar a Estados Unidos"}]},{"@type":"WebSite","@id":"https:\/\/usa-gv.com\/es\/#website","url":"https:\/\/usa-gv.com\/es\/","name":"USA-GV.COM","description":"","potentialAction":[{"@type":"SearchAction","target":{"@type":"EntryPoint","urlTemplate":"https:\/\/usa-gv.com\/es\/?s={search_term_string}"},"query-input":{"@type":"PropertyValueSpecification","valueRequired":true,"valueName":"search_term_string"}}],"inLanguage":"es"}]}},"_links":{"self":[{"href":"https:\/\/usa-gv.com\/es\/wp-json\/wp\/v2\/pages\/3734","targetHints":{"allow":["GET"]}}],"collection":[{"href":"https:\/\/usa-gv.com\/es\/wp-json\/wp\/v2\/pages"}],"about":[{"href":"https:\/\/usa-gv.com\/es\/wp-json\/wp\/v2\/types\/page"}],"author":[{"embeddable":true,"href":"https:\/\/usa-gv.com\/es\/wp-json\/wp\/v2\/users\/1"}],"replies":[{"embeddable":true,"href":"https:\/\/usa-gv.com\/es\/wp-json\/wp\/v2\/comments?post=3734"}],"version-history":[{"count":1,"href":"https:\/\/usa-gv.com\/es\/wp-json\/wp\/v2\/pages\/3734\/revisions"}],"predecessor-version":[{"id":7729,"href":"https:\/\/usa-gv.com\/es\/wp-json\/wp\/v2\/pages\/3734\/revisions\/7729"}],"wp:attachment":[{"href":"https:\/\/usa-gv.com\/es\/wp-json\/wp\/v2\/media?parent=3734"}],"curies":[{"name":"wp","href":"https:\/\/api.w.org\/{rel}","templated":true}]}}