{"id":3059,"date":"2024-03-12T20:12:59","date_gmt":"2024-03-12T20:12:59","guid":{"rendered":"https:\/\/usa-gv.com\/comprobar-validez-del-esta\/"},"modified":"2025-02-25T11:53:39","modified_gmt":"2025-02-25T11:53:39","slug":"comprobar-validez-del-esta","status":"publish","type":"page","link":"https:\/\/usa-gv.com\/es\/comprobar-validez-del-esta\/","title":{"rendered":"Comprobar la validez de un ESTA en l\u00ednea"},"content":{"rendered":"\n<h1 class=\"wp-block-heading\">Comprobar la validez de su certificado ESTA<\/h1>\n\n<p>Antes de embarcar con destino a Estados Unidos, los viajeros que dispongan de un ESTA deben asegurarse de su validez.\nUna autorizaci\u00f3n ESTA es v\u00e1lida durante un periodo determinado y puede perder su validez en determinadas condiciones. <\/p>\n\n<p><strong>Para presentar su solicitud en tan solo unos minutos<\/strong>, basta con hacer clic en el <a href=\"https:\/\/usa-gv.com\/es\/formulario-esta-en-linea\/\">formulario ESTA en l\u00ednea<\/a>.  <\/p>\n\n<div style=\"height:10px\" aria-hidden=\"true\" class=\"wp-block-spacer\"><\/div>\n\n<h2 class=\"wp-block-heading\">\u00bfCu\u00e1l es la validez del ESTA?<\/h2>\n\n<p>El <a href=\"https:\/\/usa-gv.com\/es\/periodo-validez-esta\/\">ESTA tiene una validez<\/a> de 2 a\u00f1os. La autorizaci\u00f3n de viaje le permite realizar varios viajes durante esos dos a\u00f1os.<\/p>\n\n<p><strong>Hay dos excepciones<\/strong>: Brunei y Hungr\u00eda son miembros del <a href=\"https:\/\/usa-gv.com\/es\/visa-waiver-program-eeuu\/\">Programa de Exenci\u00f3n de Visado<\/a>. Desde 2023, sus nacionales s\u00f3lo tienen acceso a un ESTA v\u00e1lido durante 1 a\u00f1o.<\/p>\n\n<h2 class=\"wp-block-heading\">\u00bfEn qu\u00e9 situaciones es diferente el periodo de validez del ESTA?<\/h2>\n\n<p>En determinadas situaciones, se reducir\u00e1 la validez inicial de dos a\u00f1os del ESTA.\nHe aqu\u00ed los principales casos: <\/p>\n\n<ul class=\"wp-block-list\">\n<li><strong>Pasaporte caducado<\/strong>: La autorizaci\u00f3n ESTA del viajero se adjunta al <a href=\"https:\/\/usa-gv.com\/es\/pasaporte-para-estados-unidos\/\">pasaporte utilizado para EE.UU<\/a>. Cuando el pasaporte utilizado para obtener el ESTA caduca, la autorizaci\u00f3n ESTA deja de ser v\u00e1lida, aunque no se haya alcanzado su fecha de validez inicial;<\/li>\n\n\n\n<li><strong>Cambio de datos personales<\/strong>: Si el titular de una autorizaci\u00f3n de viaje ESTA cambia de nombre, sexo o nacionalidad durante los dos a\u00f1os de <a href=\"https:\/\/usa-gv.com\/es\/periodo-validez-esta\/\">validez del ESTA<\/a>, la autorizaci\u00f3n deja de ser v\u00e1lida. Los viajeros deben <a href=\"https:\/\/usa-gv.com\/es\/esta-renovar\/\">renovar su ESTA<\/a>.<\/li>\n\n\n\n<li><strong>Cambio de situaci\u00f3n<\/strong>: En el marco de una solicitud ESTA, el viajero respondi\u00f3 S\u00cd o NO a las preguntas del formulario relativas a su salud y a sus antecedentes penales.\nSi su situaci\u00f3n personal ha cambiado desde que obtuvo su ESTA, debe <a href=\"https:\/\/usa-gv.com\/es\/actualizar-esta\/\">actualizar su ESTA<\/a>.\nSi los cambios en su situaci\u00f3n afectan a las preguntas de responsabilidad del formulario, deber\u00e1 presentar una nueva solicitud ESTA.  <\/li>\n<\/ul>\n\n<h2 class=\"wp-block-heading\">C\u00f3mo comprobar la validez de su ESTA<\/h2>\n\n<p>Para comprobar el estado de una autorizaci\u00f3n ESTA, visite el <a href=\"https:\/\/usa-gv.com\/es\/sitio-web-oficial-esta\/\">sitio web oficial del ESTA<\/a>. A continuaci\u00f3n, simplemente haga clic en el enlace del men\u00fa: <strong>comprobar el estado de su ESTA<\/strong>.<\/p>\n\n<p>El formulario de verificaci\u00f3n requiere : El n\u00famero de pasaporte y la fecha de nacimiento del titular del ESTA.\nA continuaci\u00f3n, debe rellenar su elecci\u00f3n de : <\/p>\n\n<ul class=\"wp-block-list\">\n<li>N\u00famero de solicitud ESTA<\/li>\n\n\n\n<li>O el pa\u00eds de nacionalidad, la fecha de expedici\u00f3n y la fecha de caducidad del pasaporte.<\/li>\n<\/ul>\n\n<div style=\"height:10px\" aria-hidden=\"true\" class=\"wp-block-spacer\"><\/div>\n\n<p>Introduciendo esta informaci\u00f3n de sus <a href=\"https:\/\/usa-gv.com\/es\/documentos-viaje-ee-uu\/\">documentos personales de viaje<\/a>, podr\u00e1 conocer el estado de su solicitud ESTA: <\/p>\n\n<ul class=\"wp-block-list\">\n<li>Aprobaci\u00f3n ESTA ;<\/li>\n\n\n\n<li><a href=\"https:\/\/usa-gv.com\/es\/solicitud-esta-pendiente\/\">ESTA pendiente<\/a>;<\/li>\n\n\n\n<li><a href=\"https:\/\/usa-gv.com\/es\/solicitud-esta-rechazada\/\">ESTA denegado<\/a>;<\/li>\n\n\n\n<li>ESTA caducado.<\/li>\n<\/ul>\n\n<h2 class=\"wp-block-heading\">Imagen de la p\u00e1gina en l\u00ednea para comprobar su ESTA<\/h2>\n\n<figure class=\"wp-block-image size-large\"><img decoding=\"async\" src=\"https:\/\/usa-gv.com\/wp-content\/uploads\/2024\/04\/verificar-esta-ES-1024x624.jpg\" alt=\"Comprobar la validez de su autorizaci&#xF3;n ESTA\" class=\"wp-image-3670\"\/><figcaption class=\"wp-element-caption\">Formulario de verificaci\u00f3n del estatus ESTA<\/figcaption><\/figure>\n","protected":false},"excerpt":{"rendered":"<p>Comprobar la validez de su certificado ESTA Antes de embarcar con destino a Estados Unidos, los viajeros que dispongan de un ESTA deben asegurarse de su validez. Una autorizaci\u00f3n ESTA es v\u00e1lida durante un periodo determinado y puede perder su validez en determinadas condiciones. Para presentar su solicitud en tan solo unos minutos, basta con [&hellip;]<\/p>\n","protected":false},"author":1,"featured_media":0,"parent":0,"menu_order":0,"comment_status":"closed","ping_status":"closed","template":"","meta":{"footnotes":""},"class_list":["post-3059","page","type-page","status-publish","hentry"],"yoast_head":"<!-- This site is optimized with the Yoast SEO plugin v26.6 - https:\/\/yoast.com\/wordpress\/plugins\/seo\/ -->\n<title>Comprobar la validez de un ESTA en l\u00ednea - USA-GV.COM<\/title>\n<meta name=\"description\" content=\"C\u00f3mo comprobar en l\u00ednea la validez de su autorizaci\u00f3n ESTA en unos minutos antes de viajar a Estados Unidos\" \/>\n<meta name=\"robots\" content=\"index, follow, max-snippet:-1, max-image-preview:large, max-video-preview:-1\" \/>\n<link rel=\"canonical\" href=\"https:\/\/usa-gv.com\/es\/comprobar-validez-del-esta\/\" \/>\n<meta property=\"og:locale\" content=\"es_ES\" \/>\n<meta property=\"og:type\" content=\"article\" \/>\n<meta property=\"og:title\" content=\"Comprobar la validez de un ESTA en l\u00ednea - USA-GV.COM\" \/>\n<meta property=\"og:description\" content=\"C\u00f3mo comprobar en l\u00ednea la validez de su autorizaci\u00f3n ESTA en unos minutos antes de viajar a Estados Unidos\" \/>\n<meta property=\"og:url\" content=\"https:\/\/usa-gv.com\/es\/comprobar-validez-del-esta\/\" \/>\n<meta property=\"og:site_name\" content=\"USA-GV.COM\" \/>\n<meta property=\"article:modified_time\" content=\"2025-02-25T11:53:39+00:00\" \/>\n<meta property=\"og:image\" content=\"https:\/\/usa-gv.com\/wp-content\/uploads\/2024\/04\/verificar-esta-ES-1024x624.jpg\" \/>\n<meta name=\"twitter:card\" content=\"summary_large_image\" \/>\n<meta name=\"twitter:label1\" content=\"Tiempo de lectura\" \/>\n\t<meta name=\"twitter:data1\" content=\"2 minutos\" \/>\n<script type=\"application\/ld+json\" class=\"yoast-schema-graph\">{\"@context\":\"https:\/\/schema.org\",\"@graph\":[{\"@type\":\"WebPage\",\"@id\":\"https:\/\/usa-gv.com\/es\/comprobar-validez-del-esta\/\",\"url\":\"https:\/\/usa-gv.com\/es\/comprobar-validez-del-esta\/\",\"name\":\"Comprobar la validez de un ESTA en l\u00ednea - USA-GV.COM\",\"isPartOf\":{\"@id\":\"https:\/\/usa-gv.com\/es\/#website\"},\"primaryImageOfPage\":{\"@id\":\"https:\/\/usa-gv.com\/es\/comprobar-validez-del-esta\/#primaryimage\"},\"image\":{\"@id\":\"https:\/\/usa-gv.com\/es\/comprobar-validez-del-esta\/#primaryimage\"},\"thumbnailUrl\":\"https:\/\/usa-gv.com\/wp-content\/uploads\/2024\/04\/verificar-esta-ES-1024x624.jpg\",\"datePublished\":\"2024-03-12T20:12:59+00:00\",\"dateModified\":\"2025-02-25T11:53:39+00:00\",\"description\":\"C\u00f3mo comprobar en l\u00ednea la validez de su autorizaci\u00f3n ESTA en unos minutos antes de viajar a Estados Unidos\",\"breadcrumb\":{\"@id\":\"https:\/\/usa-gv.com\/es\/comprobar-validez-del-esta\/#breadcrumb\"},\"inLanguage\":\"es\",\"potentialAction\":[{\"@type\":\"ReadAction\",\"target\":[\"https:\/\/usa-gv.com\/es\/comprobar-validez-del-esta\/\"]}]},{\"@type\":\"ImageObject\",\"inLanguage\":\"es\",\"@id\":\"https:\/\/usa-gv.com\/es\/comprobar-validez-del-esta\/#primaryimage\",\"url\":\"https:\/\/usa-gv.com\/wp-content\/uploads\/2024\/04\/verificar-esta-ES-1024x624.jpg\",\"contentUrl\":\"https:\/\/usa-gv.com\/wp-content\/uploads\/2024\/04\/verificar-esta-ES-1024x624.jpg\"},{\"@type\":\"BreadcrumbList\",\"@id\":\"https:\/\/usa-gv.com\/es\/comprobar-validez-del-esta\/#breadcrumb\",\"itemListElement\":[{\"@type\":\"ListItem\",\"position\":1,\"name\":\"Home\",\"item\":\"https:\/\/usa-gv.com\/es\/guia-de-viaje-de-estados-unidos\/\"},{\"@type\":\"ListItem\",\"position\":2,\"name\":\"Comprobar la validez de un ESTA en l\u00ednea\"}]},{\"@type\":\"WebSite\",\"@id\":\"https:\/\/usa-gv.com\/es\/#website\",\"url\":\"https:\/\/usa-gv.com\/es\/\",\"name\":\"USA-GV.COM\",\"description\":\"\",\"potentialAction\":[{\"@type\":\"SearchAction\",\"target\":{\"@type\":\"EntryPoint\",\"urlTemplate\":\"https:\/\/usa-gv.com\/es\/?s={search_term_string}\"},\"query-input\":{\"@type\":\"PropertyValueSpecification\",\"valueRequired\":true,\"valueName\":\"search_term_string\"}}],\"inLanguage\":\"es\"}]}<\/script>\n<!-- \/ Yoast SEO plugin. -->","yoast_head_json":{"title":"Comprobar la validez de un ESTA en l\u00ednea - USA-GV.COM","description":"C\u00f3mo comprobar en l\u00ednea la validez de su autorizaci\u00f3n ESTA en unos minutos antes de viajar a Estados Unidos","robots":{"index":"index","follow":"follow","max-snippet":"max-snippet:-1","max-image-preview":"max-image-preview:large","max-video-preview":"max-video-preview:-1"},"canonical":"https:\/\/usa-gv.com\/es\/comprobar-validez-del-esta\/","og_locale":"es_ES","og_type":"article","og_title":"Comprobar la validez de un ESTA en l\u00ednea - USA-GV.COM","og_description":"C\u00f3mo comprobar en l\u00ednea la validez de su autorizaci\u00f3n ESTA en unos minutos antes de viajar a Estados Unidos","og_url":"https:\/\/usa-gv.com\/es\/comprobar-validez-del-esta\/","og_site_name":"USA-GV.COM","article_modified_time":"2025-02-25T11:53:39+00:00","og_image":[{"url":"https:\/\/usa-gv.com\/wp-content\/uploads\/2024\/04\/verificar-esta-ES-1024x624.jpg","type":"","width":"","height":""}],"twitter_card":"summary_large_image","twitter_misc":{"Tiempo de lectura":"2 minutos"},"schema":{"@context":"https:\/\/schema.org","@graph":[{"@type":"WebPage","@id":"https:\/\/usa-gv.com\/es\/comprobar-validez-del-esta\/","url":"https:\/\/usa-gv.com\/es\/comprobar-validez-del-esta\/","name":"Comprobar la validez de un ESTA en l\u00ednea - USA-GV.COM","isPartOf":{"@id":"https:\/\/usa-gv.com\/es\/#website"},"primaryImageOfPage":{"@id":"https:\/\/usa-gv.com\/es\/comprobar-validez-del-esta\/#primaryimage"},"image":{"@id":"https:\/\/usa-gv.com\/es\/comprobar-validez-del-esta\/#primaryimage"},"thumbnailUrl":"https:\/\/usa-gv.com\/wp-content\/uploads\/2024\/04\/verificar-esta-ES-1024x624.jpg","datePublished":"2024-03-12T20:12:59+00:00","dateModified":"2025-02-25T11:53:39+00:00","description":"C\u00f3mo comprobar en l\u00ednea la validez de su autorizaci\u00f3n ESTA en unos minutos antes de viajar a Estados Unidos","breadcrumb":{"@id":"https:\/\/usa-gv.com\/es\/comprobar-validez-del-esta\/#breadcrumb"},"inLanguage":"es","potentialAction":[{"@type":"ReadAction","target":["https:\/\/usa-gv.com\/es\/comprobar-validez-del-esta\/"]}]},{"@type":"ImageObject","inLanguage":"es","@id":"https:\/\/usa-gv.com\/es\/comprobar-validez-del-esta\/#primaryimage","url":"https:\/\/usa-gv.com\/wp-content\/uploads\/2024\/04\/verificar-esta-ES-1024x624.jpg","contentUrl":"https:\/\/usa-gv.com\/wp-content\/uploads\/2024\/04\/verificar-esta-ES-1024x624.jpg"},{"@type":"BreadcrumbList","@id":"https:\/\/usa-gv.com\/es\/comprobar-validez-del-esta\/#breadcrumb","itemListElement":[{"@type":"ListItem","position":1,"name":"Home","item":"https:\/\/usa-gv.com\/es\/guia-de-viaje-de-estados-unidos\/"},{"@type":"ListItem","position":2,"name":"Comprobar la validez de un ESTA en l\u00ednea"}]},{"@type":"WebSite","@id":"https:\/\/usa-gv.com\/es\/#website","url":"https:\/\/usa-gv.com\/es\/","name":"USA-GV.COM","description":"","potentialAction":[{"@type":"SearchAction","target":{"@type":"EntryPoint","urlTemplate":"https:\/\/usa-gv.com\/es\/?s={search_term_string}"},"query-input":{"@type":"PropertyValueSpecification","valueRequired":true,"valueName":"search_term_string"}}],"inLanguage":"es"}]}},"_links":{"self":[{"href":"https:\/\/usa-gv.com\/es\/wp-json\/wp\/v2\/pages\/3059","targetHints":{"allow":["GET"]}}],"collection":[{"href":"https:\/\/usa-gv.com\/es\/wp-json\/wp\/v2\/pages"}],"about":[{"href":"https:\/\/usa-gv.com\/es\/wp-json\/wp\/v2\/types\/page"}],"author":[{"embeddable":true,"href":"https:\/\/usa-gv.com\/es\/wp-json\/wp\/v2\/users\/1"}],"replies":[{"embeddable":true,"href":"https:\/\/usa-gv.com\/es\/wp-json\/wp\/v2\/comments?post=3059"}],"version-history":[{"count":1,"href":"https:\/\/usa-gv.com\/es\/wp-json\/wp\/v2\/pages\/3059\/revisions"}],"predecessor-version":[{"id":7718,"href":"https:\/\/usa-gv.com\/es\/wp-json\/wp\/v2\/pages\/3059\/revisions\/7718"}],"wp:attachment":[{"href":"https:\/\/usa-gv.com\/es\/wp-json\/wp\/v2\/media?parent=3059"}],"curies":[{"name":"wp","href":"https:\/\/api.w.org\/{rel}","templated":true}]}}