{"id":3041,"date":"2024-03-12T09:13:25","date_gmt":"2024-03-12T09:13:25","guid":{"rendered":"https:\/\/usa-gv.com\/complete-el-formulario-esta-en-linea\/"},"modified":"2025-02-25T11:53:17","modified_gmt":"2025-02-25T11:53:17","slug":"complete-el-formulario-esta-en-linea","status":"publish","type":"page","link":"https:\/\/usa-gv.com\/es\/complete-el-formulario-esta-en-linea\/","title":{"rendered":"Rellenar el formulario ESTA en l\u00ednea"},"content":{"rendered":"\n<h1 class=\"wp-block-heading\">C\u00f3mo cumplimentar su formulario ESTA<\/h1>\n\n<p>Rellenar correctamente el <a href=\"https:\/\/usa-gv.com\/es\/formulario-esta-en-linea\/\">formulario ESTA online<\/a> es esencial para que tu solicitud ESTA sea aprobada. El procedimiento en l\u00ednea incluye varias p\u00e1ginas de formularios en las que puedes rellenar la siguiente informaci\u00f3n:<\/p>\n\n<ol class=\"wp-block-list\">\n<li>Informaci\u00f3n personal<\/li>\n\n\n\n<li>Datos de contacto<\/li>\n\n\n\n<li>Informaci\u00f3n de viaje<\/li>\n\n\n\n<li>Responde a las preguntas de seguridad y elegibilidad<\/li>\n\n\n\n<li>Comprueba la informaci\u00f3n introducida y realiza el pago<\/li>\n<\/ol>\n\n<div style=\"height:10px\" aria-hidden=\"true\" class=\"wp-block-spacer\"><\/div>\n\n<p><strong>Para solicitarlo ahora<\/strong>, simplemente haz clic en el <a href=\"https:\/\/usa-gv.com\/es\/formulario-esta-en-linea\/\">formulario ESTA online<\/a>.<\/p>\n\n<div style=\"height:10px\" aria-hidden=\"true\" class=\"wp-block-spacer\"><\/div>\n\n<h2 class=\"wp-block-heading\">Pasos del formulario online<\/h2>\n\n<p><\/p>\n\n<figure class=\"wp-block-image size-full\"><img decoding=\"async\" src=\"https:\/\/usa-gv.com\/wp-content\/uploads\/2024\/06\/Proceso-de-obtencion-del-ESTA-en-linea-ES.jpg\" alt=\"C&#xF3;mo rellenar el formulario ESTA\" class=\"wp-image-4483\"\/><figcaption class=\"wp-element-caption\">Procedimiento para obtener un ESTA  <\/figcaption><\/figure>\n","protected":false},"excerpt":{"rendered":"<p>C\u00f3mo cumplimentar su formulario ESTA Rellenar correctamente el formulario ESTA online es esencial para que tu solicitud ESTA sea aprobada. El procedimiento en l\u00ednea incluye varias p\u00e1ginas de formularios en las que puedes rellenar la siguiente informaci\u00f3n: Para solicitarlo ahora, simplemente haz clic en el formulario ESTA online. Pasos del formulario online<\/p>\n","protected":false},"author":1,"featured_media":0,"parent":0,"menu_order":0,"comment_status":"closed","ping_status":"closed","template":"","meta":{"footnotes":""},"class_list":["post-3041","page","type-page","status-publish","hentry"],"yoast_head":"<!-- This site is optimized with the Yoast SEO plugin v26.6 - https:\/\/yoast.com\/wordpress\/plugins\/seo\/ -->\n<title>Rellenar el formulario ESTA en l\u00ednea - USA-GV.COM<\/title>\n<meta name=\"description\" content=\"C\u00f3mo cumplimentar el formulario ESTA para obtener una autorizaci\u00f3n oficial de viaje a Estados Unidos en unos minutos\" \/>\n<meta name=\"robots\" content=\"index, follow, max-snippet:-1, max-image-preview:large, max-video-preview:-1\" \/>\n<link rel=\"canonical\" href=\"https:\/\/usa-gv.com\/es\/complete-el-formulario-esta-en-linea\/\" \/>\n<meta property=\"og:locale\" content=\"es_ES\" \/>\n<meta property=\"og:type\" content=\"article\" \/>\n<meta property=\"og:title\" content=\"Rellenar el formulario ESTA en l\u00ednea - USA-GV.COM\" \/>\n<meta property=\"og:description\" content=\"C\u00f3mo cumplimentar el formulario ESTA para obtener una autorizaci\u00f3n oficial de viaje a Estados Unidos en unos minutos\" \/>\n<meta property=\"og:url\" content=\"https:\/\/usa-gv.com\/es\/complete-el-formulario-esta-en-linea\/\" \/>\n<meta property=\"og:site_name\" content=\"USA-GV.COM\" \/>\n<meta property=\"article:modified_time\" content=\"2025-02-25T11:53:17+00:00\" \/>\n<meta property=\"og:image\" content=\"https:\/\/usa-gv.com\/wp-content\/uploads\/2024\/06\/Proceso-de-obtencion-del-ESTA-en-linea-ES.jpg\" \/>\n<meta name=\"twitter:card\" content=\"summary_large_image\" \/>\n<script type=\"application\/ld+json\" class=\"yoast-schema-graph\">{\"@context\":\"https:\/\/schema.org\",\"@graph\":[{\"@type\":\"WebPage\",\"@id\":\"https:\/\/usa-gv.com\/es\/complete-el-formulario-esta-en-linea\/\",\"url\":\"https:\/\/usa-gv.com\/es\/complete-el-formulario-esta-en-linea\/\",\"name\":\"Rellenar el formulario ESTA en l\u00ednea - USA-GV.COM\",\"isPartOf\":{\"@id\":\"https:\/\/usa-gv.com\/es\/#website\"},\"primaryImageOfPage\":{\"@id\":\"https:\/\/usa-gv.com\/es\/complete-el-formulario-esta-en-linea\/#primaryimage\"},\"image\":{\"@id\":\"https:\/\/usa-gv.com\/es\/complete-el-formulario-esta-en-linea\/#primaryimage\"},\"thumbnailUrl\":\"https:\/\/usa-gv.com\/wp-content\/uploads\/2024\/06\/Proceso-de-obtencion-del-ESTA-en-linea-ES.jpg\",\"datePublished\":\"2024-03-12T09:13:25+00:00\",\"dateModified\":\"2025-02-25T11:53:17+00:00\",\"description\":\"C\u00f3mo cumplimentar el formulario ESTA para obtener una autorizaci\u00f3n oficial de viaje a Estados Unidos en unos minutos\",\"breadcrumb\":{\"@id\":\"https:\/\/usa-gv.com\/es\/complete-el-formulario-esta-en-linea\/#breadcrumb\"},\"inLanguage\":\"es\",\"potentialAction\":[{\"@type\":\"ReadAction\",\"target\":[\"https:\/\/usa-gv.com\/es\/complete-el-formulario-esta-en-linea\/\"]}]},{\"@type\":\"ImageObject\",\"inLanguage\":\"es\",\"@id\":\"https:\/\/usa-gv.com\/es\/complete-el-formulario-esta-en-linea\/#primaryimage\",\"url\":\"https:\/\/usa-gv.com\/wp-content\/uploads\/2024\/06\/Proceso-de-obtencion-del-ESTA-en-linea-ES.jpg\",\"contentUrl\":\"https:\/\/usa-gv.com\/wp-content\/uploads\/2024\/06\/Proceso-de-obtencion-del-ESTA-en-linea-ES.jpg\"},{\"@type\":\"BreadcrumbList\",\"@id\":\"https:\/\/usa-gv.com\/es\/complete-el-formulario-esta-en-linea\/#breadcrumb\",\"itemListElement\":[{\"@type\":\"ListItem\",\"position\":1,\"name\":\"Home\",\"item\":\"https:\/\/usa-gv.com\/es\/guia-de-viaje-de-estados-unidos\/\"},{\"@type\":\"ListItem\",\"position\":2,\"name\":\"Rellenar el formulario ESTA en l\u00ednea\"}]},{\"@type\":\"WebSite\",\"@id\":\"https:\/\/usa-gv.com\/es\/#website\",\"url\":\"https:\/\/usa-gv.com\/es\/\",\"name\":\"USA-GV.COM\",\"description\":\"\",\"potentialAction\":[{\"@type\":\"SearchAction\",\"target\":{\"@type\":\"EntryPoint\",\"urlTemplate\":\"https:\/\/usa-gv.com\/es\/?s={search_term_string}\"},\"query-input\":{\"@type\":\"PropertyValueSpecification\",\"valueRequired\":true,\"valueName\":\"search_term_string\"}}],\"inLanguage\":\"es\"}]}<\/script>\n<!-- \/ Yoast SEO plugin. -->","yoast_head_json":{"title":"Rellenar el formulario ESTA en l\u00ednea - USA-GV.COM","description":"C\u00f3mo cumplimentar el formulario ESTA para obtener una autorizaci\u00f3n oficial de viaje a Estados Unidos en unos minutos","robots":{"index":"index","follow":"follow","max-snippet":"max-snippet:-1","max-image-preview":"max-image-preview:large","max-video-preview":"max-video-preview:-1"},"canonical":"https:\/\/usa-gv.com\/es\/complete-el-formulario-esta-en-linea\/","og_locale":"es_ES","og_type":"article","og_title":"Rellenar el formulario ESTA en l\u00ednea - USA-GV.COM","og_description":"C\u00f3mo cumplimentar el formulario ESTA para obtener una autorizaci\u00f3n oficial de viaje a Estados Unidos en unos minutos","og_url":"https:\/\/usa-gv.com\/es\/complete-el-formulario-esta-en-linea\/","og_site_name":"USA-GV.COM","article_modified_time":"2025-02-25T11:53:17+00:00","og_image":[{"url":"https:\/\/usa-gv.com\/wp-content\/uploads\/2024\/06\/Proceso-de-obtencion-del-ESTA-en-linea-ES.jpg","type":"","width":"","height":""}],"twitter_card":"summary_large_image","schema":{"@context":"https:\/\/schema.org","@graph":[{"@type":"WebPage","@id":"https:\/\/usa-gv.com\/es\/complete-el-formulario-esta-en-linea\/","url":"https:\/\/usa-gv.com\/es\/complete-el-formulario-esta-en-linea\/","name":"Rellenar el formulario ESTA en l\u00ednea - USA-GV.COM","isPartOf":{"@id":"https:\/\/usa-gv.com\/es\/#website"},"primaryImageOfPage":{"@id":"https:\/\/usa-gv.com\/es\/complete-el-formulario-esta-en-linea\/#primaryimage"},"image":{"@id":"https:\/\/usa-gv.com\/es\/complete-el-formulario-esta-en-linea\/#primaryimage"},"thumbnailUrl":"https:\/\/usa-gv.com\/wp-content\/uploads\/2024\/06\/Proceso-de-obtencion-del-ESTA-en-linea-ES.jpg","datePublished":"2024-03-12T09:13:25+00:00","dateModified":"2025-02-25T11:53:17+00:00","description":"C\u00f3mo cumplimentar el formulario ESTA para obtener una autorizaci\u00f3n oficial de viaje a Estados Unidos en unos minutos","breadcrumb":{"@id":"https:\/\/usa-gv.com\/es\/complete-el-formulario-esta-en-linea\/#breadcrumb"},"inLanguage":"es","potentialAction":[{"@type":"ReadAction","target":["https:\/\/usa-gv.com\/es\/complete-el-formulario-esta-en-linea\/"]}]},{"@type":"ImageObject","inLanguage":"es","@id":"https:\/\/usa-gv.com\/es\/complete-el-formulario-esta-en-linea\/#primaryimage","url":"https:\/\/usa-gv.com\/wp-content\/uploads\/2024\/06\/Proceso-de-obtencion-del-ESTA-en-linea-ES.jpg","contentUrl":"https:\/\/usa-gv.com\/wp-content\/uploads\/2024\/06\/Proceso-de-obtencion-del-ESTA-en-linea-ES.jpg"},{"@type":"BreadcrumbList","@id":"https:\/\/usa-gv.com\/es\/complete-el-formulario-esta-en-linea\/#breadcrumb","itemListElement":[{"@type":"ListItem","position":1,"name":"Home","item":"https:\/\/usa-gv.com\/es\/guia-de-viaje-de-estados-unidos\/"},{"@type":"ListItem","position":2,"name":"Rellenar el formulario ESTA en l\u00ednea"}]},{"@type":"WebSite","@id":"https:\/\/usa-gv.com\/es\/#website","url":"https:\/\/usa-gv.com\/es\/","name":"USA-GV.COM","description":"","potentialAction":[{"@type":"SearchAction","target":{"@type":"EntryPoint","urlTemplate":"https:\/\/usa-gv.com\/es\/?s={search_term_string}"},"query-input":{"@type":"PropertyValueSpecification","valueRequired":true,"valueName":"search_term_string"}}],"inLanguage":"es"}]}},"_links":{"self":[{"href":"https:\/\/usa-gv.com\/es\/wp-json\/wp\/v2\/pages\/3041","targetHints":{"allow":["GET"]}}],"collection":[{"href":"https:\/\/usa-gv.com\/es\/wp-json\/wp\/v2\/pages"}],"about":[{"href":"https:\/\/usa-gv.com\/es\/wp-json\/wp\/v2\/types\/page"}],"author":[{"embeddable":true,"href":"https:\/\/usa-gv.com\/es\/wp-json\/wp\/v2\/users\/1"}],"replies":[{"embeddable":true,"href":"https:\/\/usa-gv.com\/es\/wp-json\/wp\/v2\/comments?post=3041"}],"version-history":[{"count":1,"href":"https:\/\/usa-gv.com\/es\/wp-json\/wp\/v2\/pages\/3041\/revisions"}],"predecessor-version":[{"id":7707,"href":"https:\/\/usa-gv.com\/es\/wp-json\/wp\/v2\/pages\/3041\/revisions\/7707"}],"wp:attachment":[{"href":"https:\/\/usa-gv.com\/es\/wp-json\/wp\/v2\/media?parent=3041"}],"curies":[{"name":"wp","href":"https:\/\/api.w.org\/{rel}","templated":true}]}}