{"id":3023,"date":"2024-03-12T09:20:03","date_gmt":"2024-03-12T09:20:03","guid":{"rendered":"https:\/\/usa-gv.com\/precio-esta-eeuu\/"},"modified":"2025-02-25T11:53:08","modified_gmt":"2025-02-25T11:53:08","slug":"precio-esta-eeuu","status":"publish","type":"page","link":"https:\/\/usa-gv.com\/es\/precio-esta-eeuu\/","title":{"rendered":"\u00bfCu\u00e1nto cuesta la autorizaci\u00f3n ESTA?"},"content":{"rendered":"\n<h1 class=\"wp-block-heading\">\u00bfCu\u00e1nto cuesta el ESTA?<\/h1>\n\n<p>Para obtener la autorizaci\u00f3n ESTA, los solicitantes deben cumplimentar el <a href=\"https:\/\/usa-gv.com\/es\/formulario-esta-en-linea\/\">formulario ESTA en l\u00ednea<\/a>. Al final del proceso en l\u00ednea, los solicitantes deben <a href=\"https:\/\/usa-gv.com\/es\/como-pagar-una-esta\/\">pagar la tasa ESTA<\/a> para validar su solicitud.<\/p>\n\n<h2 class=\"wp-block-heading\">\u00bfCu\u00e1nto cuesta una autorizaci\u00f3n ESTA?<\/h2>\n\n<p>Las tasas administrativas para las <a href=\"https:\/\/usa-gv.com\/es\/como-solicitar-esta\/\">solicitudes ESTA<\/a> han aumentado varias veces desde que se puso en marcha el <a href=\"https:\/\/usa-gv.com\/es\/visa-waiver-program-eeuu\/\">Programa de Exenci\u00f3n de Visado<\/a> en 2009. Desde mayo de 2022, la tasa a pagar es de 21 d\u00f3lares estadounidenses en el <a href=\"https:\/\/usa-gv.com\/es\/sitio-web-oficial-esta\/\">sitio web oficial del ESTA<\/a>. Por tanto, no existe la autorizaci\u00f3n <a href=\"https:\/\/usa-gv.com\/es\/esta-gratuita\/\">ESTA gratuita<\/a>.<\/p>\n\n<h2 class=\"wp-block-heading\">\u00bfQu\u00e9 incluye el precio del ESTA?<\/h2>\n\n<p>La tasa que pagan los viajeros extranjeros para <a href=\"https:\/\/usa-gv.com\/es\/como-conseguir-un-esta\/\">obtener un ESTA<\/a> se utiliza para financiar dos presupuestos del Departamento de Estado de los Estados Unidos:<\/p>\n\n<ul class=\"wp-block-list\">\n<li>Los costes de gesti\u00f3n del sistema electr\u00f3nico y de los equipos que gestionan el ESTA;<\/li>\n\n\n\n<li>Inversi\u00f3n en la promoci\u00f3n del turismo hacia Estados Unidos.<\/li>\n<\/ul>\n\n<div style=\"height:10px\" aria-hidden=\"true\" class=\"wp-block-spacer\"><\/div>\n\n<h2 class=\"wp-block-heading\">\u00bfC\u00f3mo se pagan las tasas del ESTA?<\/h2>\n\n<p>El pago de la autorizaci\u00f3n ESTA s\u00f3lo puede efectuarse en l\u00ednea con tarjeta de cr\u00e9dito.\nSe aceptan varios tipos de tarjetas de pago: Visa, MasterCard, American Express, Discover, Diner&#8217;s Club, Maestro o JCB. <\/p>\n\n<h2 class=\"wp-block-heading\">P\u00e1gina de pago en l\u00ednea de la autorizaci\u00f3n ESTA<\/h2>\n\n<figure class=\"wp-block-image size-large\"><img decoding=\"async\" src=\"https:\/\/usa-gv.com\/wp-content\/uploads\/2024\/04\/pagar-esta-ES-1024x725.jpg\" alt=\"P&#xE1;gina de pago en l&#xED;nea del ESTA\" class=\"wp-image-3375\"\/><figcaption class=\"wp-element-caption\">Foto de la p\u00e1gina de pago del ESTA<\/figcaption><\/figure>\n","protected":false},"excerpt":{"rendered":"<p>\u00bfCu\u00e1nto cuesta el ESTA? Para obtener la autorizaci\u00f3n ESTA, los solicitantes deben cumplimentar el formulario ESTA en l\u00ednea. Al final del proceso en l\u00ednea, los solicitantes deben pagar la tasa ESTA para validar su solicitud. \u00bfCu\u00e1nto cuesta una autorizaci\u00f3n ESTA? Las tasas administrativas para las solicitudes ESTA han aumentado varias veces desde que se puso [&hellip;]<\/p>\n","protected":false},"author":1,"featured_media":0,"parent":0,"menu_order":0,"comment_status":"closed","ping_status":"closed","template":"","meta":{"footnotes":""},"class_list":["post-3023","page","type-page","status-publish","hentry"],"yoast_head":"<!-- This site is optimized with the Yoast SEO plugin v26.6 - https:\/\/yoast.com\/wordpress\/plugins\/seo\/ -->\n<title>\u00bfCu\u00e1nto cuesta la autorizaci\u00f3n ESTA? - USA-GV.COM<\/title>\n<meta name=\"description\" content=\"\u00bfCu\u00e1nto cuesta validar una solicitud ESTA en l\u00ednea para Estados Unidos?\" \/>\n<meta name=\"robots\" content=\"index, follow, max-snippet:-1, max-image-preview:large, max-video-preview:-1\" \/>\n<link rel=\"canonical\" href=\"https:\/\/usa-gv.com\/es\/precio-esta-eeuu\/\" \/>\n<meta property=\"og:locale\" content=\"es_ES\" \/>\n<meta property=\"og:type\" content=\"article\" \/>\n<meta property=\"og:title\" content=\"\u00bfCu\u00e1nto cuesta la autorizaci\u00f3n ESTA? - USA-GV.COM\" \/>\n<meta property=\"og:description\" content=\"\u00bfCu\u00e1nto cuesta validar una solicitud ESTA en l\u00ednea para Estados Unidos?\" \/>\n<meta property=\"og:url\" content=\"https:\/\/usa-gv.com\/es\/precio-esta-eeuu\/\" \/>\n<meta property=\"og:site_name\" content=\"USA-GV.COM\" \/>\n<meta property=\"article:modified_time\" content=\"2025-02-25T11:53:08+00:00\" \/>\n<meta property=\"og:image\" content=\"https:\/\/usa-gv.com\/wp-content\/uploads\/2024\/04\/pagar-esta-ES-1024x725.jpg\" \/>\n<meta name=\"twitter:card\" content=\"summary_large_image\" \/>\n<meta name=\"twitter:label1\" content=\"Tiempo de lectura\" \/>\n\t<meta name=\"twitter:data1\" content=\"1 minuto\" \/>\n<script type=\"application\/ld+json\" class=\"yoast-schema-graph\">{\"@context\":\"https:\/\/schema.org\",\"@graph\":[{\"@type\":\"WebPage\",\"@id\":\"https:\/\/usa-gv.com\/es\/precio-esta-eeuu\/\",\"url\":\"https:\/\/usa-gv.com\/es\/precio-esta-eeuu\/\",\"name\":\"\u00bfCu\u00e1nto cuesta la autorizaci\u00f3n ESTA? - USA-GV.COM\",\"isPartOf\":{\"@id\":\"https:\/\/usa-gv.com\/es\/#website\"},\"primaryImageOfPage\":{\"@id\":\"https:\/\/usa-gv.com\/es\/precio-esta-eeuu\/#primaryimage\"},\"image\":{\"@id\":\"https:\/\/usa-gv.com\/es\/precio-esta-eeuu\/#primaryimage\"},\"thumbnailUrl\":\"https:\/\/usa-gv.com\/wp-content\/uploads\/2024\/04\/pagar-esta-ES-1024x725.jpg\",\"datePublished\":\"2024-03-12T09:20:03+00:00\",\"dateModified\":\"2025-02-25T11:53:08+00:00\",\"description\":\"\u00bfCu\u00e1nto cuesta validar una solicitud ESTA en l\u00ednea para Estados Unidos?\",\"breadcrumb\":{\"@id\":\"https:\/\/usa-gv.com\/es\/precio-esta-eeuu\/#breadcrumb\"},\"inLanguage\":\"es\",\"potentialAction\":[{\"@type\":\"ReadAction\",\"target\":[\"https:\/\/usa-gv.com\/es\/precio-esta-eeuu\/\"]}]},{\"@type\":\"ImageObject\",\"inLanguage\":\"es\",\"@id\":\"https:\/\/usa-gv.com\/es\/precio-esta-eeuu\/#primaryimage\",\"url\":\"https:\/\/usa-gv.com\/wp-content\/uploads\/2024\/04\/pagar-esta-ES-1024x725.jpg\",\"contentUrl\":\"https:\/\/usa-gv.com\/wp-content\/uploads\/2024\/04\/pagar-esta-ES-1024x725.jpg\"},{\"@type\":\"BreadcrumbList\",\"@id\":\"https:\/\/usa-gv.com\/es\/precio-esta-eeuu\/#breadcrumb\",\"itemListElement\":[{\"@type\":\"ListItem\",\"position\":1,\"name\":\"Home\",\"item\":\"https:\/\/usa-gv.com\/es\/guia-de-viaje-de-estados-unidos\/\"},{\"@type\":\"ListItem\",\"position\":2,\"name\":\"\u00bfCu\u00e1nto cuesta la autorizaci\u00f3n ESTA?\"}]},{\"@type\":\"WebSite\",\"@id\":\"https:\/\/usa-gv.com\/es\/#website\",\"url\":\"https:\/\/usa-gv.com\/es\/\",\"name\":\"USA-GV.COM\",\"description\":\"\",\"potentialAction\":[{\"@type\":\"SearchAction\",\"target\":{\"@type\":\"EntryPoint\",\"urlTemplate\":\"https:\/\/usa-gv.com\/es\/?s={search_term_string}\"},\"query-input\":{\"@type\":\"PropertyValueSpecification\",\"valueRequired\":true,\"valueName\":\"search_term_string\"}}],\"inLanguage\":\"es\"}]}<\/script>\n<!-- \/ Yoast SEO plugin. -->","yoast_head_json":{"title":"\u00bfCu\u00e1nto cuesta la autorizaci\u00f3n ESTA? - USA-GV.COM","description":"\u00bfCu\u00e1nto cuesta validar una solicitud ESTA en l\u00ednea para Estados Unidos?","robots":{"index":"index","follow":"follow","max-snippet":"max-snippet:-1","max-image-preview":"max-image-preview:large","max-video-preview":"max-video-preview:-1"},"canonical":"https:\/\/usa-gv.com\/es\/precio-esta-eeuu\/","og_locale":"es_ES","og_type":"article","og_title":"\u00bfCu\u00e1nto cuesta la autorizaci\u00f3n ESTA? - USA-GV.COM","og_description":"\u00bfCu\u00e1nto cuesta validar una solicitud ESTA en l\u00ednea para Estados Unidos?","og_url":"https:\/\/usa-gv.com\/es\/precio-esta-eeuu\/","og_site_name":"USA-GV.COM","article_modified_time":"2025-02-25T11:53:08+00:00","og_image":[{"url":"https:\/\/usa-gv.com\/wp-content\/uploads\/2024\/04\/pagar-esta-ES-1024x725.jpg","type":"","width":"","height":""}],"twitter_card":"summary_large_image","twitter_misc":{"Tiempo de lectura":"1 minuto"},"schema":{"@context":"https:\/\/schema.org","@graph":[{"@type":"WebPage","@id":"https:\/\/usa-gv.com\/es\/precio-esta-eeuu\/","url":"https:\/\/usa-gv.com\/es\/precio-esta-eeuu\/","name":"\u00bfCu\u00e1nto cuesta la autorizaci\u00f3n ESTA? - USA-GV.COM","isPartOf":{"@id":"https:\/\/usa-gv.com\/es\/#website"},"primaryImageOfPage":{"@id":"https:\/\/usa-gv.com\/es\/precio-esta-eeuu\/#primaryimage"},"image":{"@id":"https:\/\/usa-gv.com\/es\/precio-esta-eeuu\/#primaryimage"},"thumbnailUrl":"https:\/\/usa-gv.com\/wp-content\/uploads\/2024\/04\/pagar-esta-ES-1024x725.jpg","datePublished":"2024-03-12T09:20:03+00:00","dateModified":"2025-02-25T11:53:08+00:00","description":"\u00bfCu\u00e1nto cuesta validar una solicitud ESTA en l\u00ednea para Estados Unidos?","breadcrumb":{"@id":"https:\/\/usa-gv.com\/es\/precio-esta-eeuu\/#breadcrumb"},"inLanguage":"es","potentialAction":[{"@type":"ReadAction","target":["https:\/\/usa-gv.com\/es\/precio-esta-eeuu\/"]}]},{"@type":"ImageObject","inLanguage":"es","@id":"https:\/\/usa-gv.com\/es\/precio-esta-eeuu\/#primaryimage","url":"https:\/\/usa-gv.com\/wp-content\/uploads\/2024\/04\/pagar-esta-ES-1024x725.jpg","contentUrl":"https:\/\/usa-gv.com\/wp-content\/uploads\/2024\/04\/pagar-esta-ES-1024x725.jpg"},{"@type":"BreadcrumbList","@id":"https:\/\/usa-gv.com\/es\/precio-esta-eeuu\/#breadcrumb","itemListElement":[{"@type":"ListItem","position":1,"name":"Home","item":"https:\/\/usa-gv.com\/es\/guia-de-viaje-de-estados-unidos\/"},{"@type":"ListItem","position":2,"name":"\u00bfCu\u00e1nto cuesta la autorizaci\u00f3n ESTA?"}]},{"@type":"WebSite","@id":"https:\/\/usa-gv.com\/es\/#website","url":"https:\/\/usa-gv.com\/es\/","name":"USA-GV.COM","description":"","potentialAction":[{"@type":"SearchAction","target":{"@type":"EntryPoint","urlTemplate":"https:\/\/usa-gv.com\/es\/?s={search_term_string}"},"query-input":{"@type":"PropertyValueSpecification","valueRequired":true,"valueName":"search_term_string"}}],"inLanguage":"es"}]}},"_links":{"self":[{"href":"https:\/\/usa-gv.com\/es\/wp-json\/wp\/v2\/pages\/3023","targetHints":{"allow":["GET"]}}],"collection":[{"href":"https:\/\/usa-gv.com\/es\/wp-json\/wp\/v2\/pages"}],"about":[{"href":"https:\/\/usa-gv.com\/es\/wp-json\/wp\/v2\/types\/page"}],"author":[{"embeddable":true,"href":"https:\/\/usa-gv.com\/es\/wp-json\/wp\/v2\/users\/1"}],"replies":[{"embeddable":true,"href":"https:\/\/usa-gv.com\/es\/wp-json\/wp\/v2\/comments?post=3023"}],"version-history":[{"count":1,"href":"https:\/\/usa-gv.com\/es\/wp-json\/wp\/v2\/pages\/3023\/revisions"}],"predecessor-version":[{"id":7696,"href":"https:\/\/usa-gv.com\/es\/wp-json\/wp\/v2\/pages\/3023\/revisions\/7696"}],"wp:attachment":[{"href":"https:\/\/usa-gv.com\/es\/wp-json\/wp\/v2\/media?parent=3023"}],"curies":[{"name":"wp","href":"https:\/\/api.w.org\/{rel}","templated":true}]}}