{"id":3005,"date":"2024-03-19T10:22:32","date_gmt":"2024-03-19T10:22:32","guid":{"rendered":"https:\/\/usa-gv.com\/solicitud-esta-rechazada\/"},"modified":"2025-02-25T11:53:02","modified_gmt":"2025-02-25T11:53:02","slug":"solicitud-esta-rechazada","status":"publish","type":"page","link":"https:\/\/usa-gv.com\/es\/solicitud-esta-rechazada\/","title":{"rendered":"Qu\u00e9 hacer si rechazan su solicitud ESTA"},"content":{"rendered":"\n<h1 class=\"wp-block-heading\">Su solicitud ESTA ha sido rechazada<\/h1>\n\n<p>Para viajar a Estados Unidos en el marco del Programa de Exenci\u00f3n de Visado, necesitas obtener una autorizaci\u00f3n electr\u00f3nica de viaje ESTA.\nAunque la mayor\u00eda de las solicitudes se aprueban, algunos ESTA se deniegan. <\/p>\n\n<h2 class=\"wp-block-heading\">Comprender los motivos de denegaci\u00f3n<\/h2>\n\n<p>El primer paso es comprender por qu\u00e9 se ha denegado tu solicitud ESTA.\nLos motivos m\u00e1s frecuentes son : <\/p>\n\n<ul class=\"wp-block-list\">\n<li><strong>Informaci\u00f3n incorrecta o incompleta<\/strong>: Un error al <a href=\"https:\/\/usa-gv.com\/es\/complete-el-formulario-esta-en-linea\/\">rellenar el formulario ESTA<\/a>, como un n\u00famero de pasaporte incorrecto o una errata en el nombre.<\/li>\n\n\n\n<li><strong>Antecedentes penales o problemas de seguridad<\/strong>: Las respuestas afirmativas a las preguntas sobre antecedentes penales o problemas de seguridad no cumplen los <a href=\"https:\/\/usa-gv.com\/es\/reglas-de-elegibilidad-para-esta\/\">requisitos de elegibilidad del ESTA<\/a>.<\/li>\n\n\n\n<li><strong>Viajes anteriores<\/strong>: Superar la duraci\u00f3n de estancia autorizada durante viajes anteriores a Estados Unidos o visitas a pa\u00edses sensibles como Ir\u00e1n, Irak, Libia, Corea del Norte, Somalia, Sud\u00e1n, Siria o Yemen despu\u00e9s del 1 de marzo de 2011.<\/li>\n<\/ul>\n\n<div style=\"height:10px\" aria-hidden=\"true\" class=\"wp-block-spacer\"><\/div>\n\n<h2 class=\"wp-block-heading\">Pasos a seguir tras una denegaci\u00f3n<\/h2>\n\n<p>Si rechazan tu solicitud ESTA, sigue estos pasos:<\/p>\n\n<ul class=\"wp-block-list\">\n<li>Comprueba y corrige la informaci\u00f3n introducida para detectar posibles errores.\nCorrige cualquier informaci\u00f3n incorrecta y aseg\u00farate de que todos los campos est\u00e1n rellenados con precisi\u00f3n. <\/li>\n\n\n\n<li>Espera 10 d\u00edas antes de presentar una nueva solicitud.\nAseg\u00farate de que toda la informaci\u00f3n es correcta y est\u00e1 actualizada. Vuelve a <a href=\"https:\/\/usa-gv.com\/es\/como-pagar-una-esta\/\">pagar la tasa ESTA<\/a>. <\/li>\n<\/ul>\n\n<div style=\"height:10px\" aria-hidden=\"true\" class=\"wp-block-spacer\"><\/div>\n\n<p>Si tu solicitud ESTA es rechazada de nuevo, puedes solicitar un <a href=\"https:\/\/usa-gv.com\/es\/visado-turista-eeuu\/\">visado estadounidense<\/a> en una embajada estadounidense. El procedimiento de solicitud de visado es m\u00e1s largo y caro, pero ofrece una alternativa fiable para viajar a Estados Unidos. Prep\u00e1rate para presentar documentos adicionales, como pruebas de v\u00ednculos con tu pa\u00eds de origen, extractos bancarios y una carta de invitaci\u00f3n, si es necesario.<\/p>\n\n<p>En caso de denegaci\u00f3n persistente, puede ser \u00fatil consultar a un experto en inmigraci\u00f3n o a un abogado especializado.<br\/>Un profesional puede ayudarte a comprender los motivos de la denegaci\u00f3n y a preparar una solicitud de visado s\u00f3lida.<\/p>\n\n<h2 class=\"wp-block-heading\">Consejos para evitar el rechazo<\/h2>\n\n<p>Para minimizar el riesgo de que rechacen tu solicitud ESTA, sigue estos consejos:<\/p>\n\n<ul class=\"wp-block-list\">\n<li>Antes de enviar tu solicitud, revisa toda la informaci\u00f3n para evitar errores.<\/li>\n\n\n\n<li>Responde con sinceridad a las preguntas sobre seguridad y antecedentes.\nCualquier declaraci\u00f3n falsa puede dar lugar a una denegaci\u00f3n. <\/li>\n\n\n\n<li>No esperes al \u00faltimo momento para presentar tu solicitud.\nSi te lo deniegan, tendr\u00e1s tiempo de solicitar un visado. <\/li>\n<\/ul>\n\n<div style=\"height:10px\" aria-hidden=\"true\" class=\"wp-block-spacer\"><\/div>\n","protected":false},"excerpt":{"rendered":"<p>Su solicitud ESTA ha sido rechazada Para viajar a Estados Unidos en el marco del Programa de Exenci\u00f3n de Visado, necesitas obtener una autorizaci\u00f3n electr\u00f3nica de viaje ESTA. Aunque la mayor\u00eda de las solicitudes se aprueban, algunos ESTA se deniegan. Comprender los motivos de denegaci\u00f3n El primer paso es comprender por qu\u00e9 se ha denegado [&hellip;]<\/p>\n","protected":false},"author":1,"featured_media":0,"parent":0,"menu_order":0,"comment_status":"closed","ping_status":"closed","template":"","meta":{"footnotes":""},"class_list":["post-3005","page","type-page","status-publish","hentry"],"yoast_head":"<!-- This site is optimized with the Yoast SEO plugin v26.6 - https:\/\/yoast.com\/wordpress\/plugins\/seo\/ -->\n<title>Qu\u00e9 hacer si rechazan su solicitud ESTA - USA-GV.COM<\/title>\n<meta name=\"description\" content=\"El rechazo de una solicitud ESTA en l\u00ednea no significa que no podr\u00e1 viajar a Estados Unidos. Descubra nuestras soluciones\" \/>\n<meta name=\"robots\" content=\"index, follow, max-snippet:-1, max-image-preview:large, max-video-preview:-1\" \/>\n<link rel=\"canonical\" href=\"https:\/\/usa-gv.com\/es\/solicitud-esta-rechazada\/\" \/>\n<meta property=\"og:locale\" content=\"es_ES\" \/>\n<meta property=\"og:type\" content=\"article\" \/>\n<meta property=\"og:title\" content=\"Qu\u00e9 hacer si rechazan su solicitud ESTA - USA-GV.COM\" \/>\n<meta property=\"og:description\" content=\"El rechazo de una solicitud ESTA en l\u00ednea no significa que no podr\u00e1 viajar a Estados Unidos. Descubra nuestras soluciones\" \/>\n<meta property=\"og:url\" content=\"https:\/\/usa-gv.com\/es\/solicitud-esta-rechazada\/\" \/>\n<meta property=\"og:site_name\" content=\"USA-GV.COM\" \/>\n<meta property=\"article:modified_time\" content=\"2025-02-25T11:53:02+00:00\" \/>\n<meta name=\"twitter:card\" content=\"summary_large_image\" \/>\n<meta name=\"twitter:label1\" content=\"Tiempo de lectura\" \/>\n\t<meta name=\"twitter:data1\" content=\"2 minutos\" \/>\n<script type=\"application\/ld+json\" class=\"yoast-schema-graph\">{\"@context\":\"https:\/\/schema.org\",\"@graph\":[{\"@type\":\"WebPage\",\"@id\":\"https:\/\/usa-gv.com\/es\/solicitud-esta-rechazada\/\",\"url\":\"https:\/\/usa-gv.com\/es\/solicitud-esta-rechazada\/\",\"name\":\"Qu\u00e9 hacer si rechazan su solicitud ESTA - USA-GV.COM\",\"isPartOf\":{\"@id\":\"https:\/\/usa-gv.com\/es\/#website\"},\"datePublished\":\"2024-03-19T10:22:32+00:00\",\"dateModified\":\"2025-02-25T11:53:02+00:00\",\"description\":\"El rechazo de una solicitud ESTA en l\u00ednea no significa que no podr\u00e1 viajar a Estados Unidos. Descubra nuestras soluciones\",\"breadcrumb\":{\"@id\":\"https:\/\/usa-gv.com\/es\/solicitud-esta-rechazada\/#breadcrumb\"},\"inLanguage\":\"es\",\"potentialAction\":[{\"@type\":\"ReadAction\",\"target\":[\"https:\/\/usa-gv.com\/es\/solicitud-esta-rechazada\/\"]}]},{\"@type\":\"BreadcrumbList\",\"@id\":\"https:\/\/usa-gv.com\/es\/solicitud-esta-rechazada\/#breadcrumb\",\"itemListElement\":[{\"@type\":\"ListItem\",\"position\":1,\"name\":\"Home\",\"item\":\"https:\/\/usa-gv.com\/es\/guia-de-viaje-de-estados-unidos\/\"},{\"@type\":\"ListItem\",\"position\":2,\"name\":\"Qu\u00e9 hacer si rechazan su solicitud ESTA\"}]},{\"@type\":\"WebSite\",\"@id\":\"https:\/\/usa-gv.com\/es\/#website\",\"url\":\"https:\/\/usa-gv.com\/es\/\",\"name\":\"USA-GV.COM\",\"description\":\"\",\"potentialAction\":[{\"@type\":\"SearchAction\",\"target\":{\"@type\":\"EntryPoint\",\"urlTemplate\":\"https:\/\/usa-gv.com\/es\/?s={search_term_string}\"},\"query-input\":{\"@type\":\"PropertyValueSpecification\",\"valueRequired\":true,\"valueName\":\"search_term_string\"}}],\"inLanguage\":\"es\"}]}<\/script>\n<!-- \/ Yoast SEO plugin. -->","yoast_head_json":{"title":"Qu\u00e9 hacer si rechazan su solicitud ESTA - USA-GV.COM","description":"El rechazo de una solicitud ESTA en l\u00ednea no significa que no podr\u00e1 viajar a Estados Unidos. Descubra nuestras soluciones","robots":{"index":"index","follow":"follow","max-snippet":"max-snippet:-1","max-image-preview":"max-image-preview:large","max-video-preview":"max-video-preview:-1"},"canonical":"https:\/\/usa-gv.com\/es\/solicitud-esta-rechazada\/","og_locale":"es_ES","og_type":"article","og_title":"Qu\u00e9 hacer si rechazan su solicitud ESTA - USA-GV.COM","og_description":"El rechazo de una solicitud ESTA en l\u00ednea no significa que no podr\u00e1 viajar a Estados Unidos. Descubra nuestras soluciones","og_url":"https:\/\/usa-gv.com\/es\/solicitud-esta-rechazada\/","og_site_name":"USA-GV.COM","article_modified_time":"2025-02-25T11:53:02+00:00","twitter_card":"summary_large_image","twitter_misc":{"Tiempo de lectura":"2 minutos"},"schema":{"@context":"https:\/\/schema.org","@graph":[{"@type":"WebPage","@id":"https:\/\/usa-gv.com\/es\/solicitud-esta-rechazada\/","url":"https:\/\/usa-gv.com\/es\/solicitud-esta-rechazada\/","name":"Qu\u00e9 hacer si rechazan su solicitud ESTA - USA-GV.COM","isPartOf":{"@id":"https:\/\/usa-gv.com\/es\/#website"},"datePublished":"2024-03-19T10:22:32+00:00","dateModified":"2025-02-25T11:53:02+00:00","description":"El rechazo de una solicitud ESTA en l\u00ednea no significa que no podr\u00e1 viajar a Estados Unidos. Descubra nuestras soluciones","breadcrumb":{"@id":"https:\/\/usa-gv.com\/es\/solicitud-esta-rechazada\/#breadcrumb"},"inLanguage":"es","potentialAction":[{"@type":"ReadAction","target":["https:\/\/usa-gv.com\/es\/solicitud-esta-rechazada\/"]}]},{"@type":"BreadcrumbList","@id":"https:\/\/usa-gv.com\/es\/solicitud-esta-rechazada\/#breadcrumb","itemListElement":[{"@type":"ListItem","position":1,"name":"Home","item":"https:\/\/usa-gv.com\/es\/guia-de-viaje-de-estados-unidos\/"},{"@type":"ListItem","position":2,"name":"Qu\u00e9 hacer si rechazan su solicitud ESTA"}]},{"@type":"WebSite","@id":"https:\/\/usa-gv.com\/es\/#website","url":"https:\/\/usa-gv.com\/es\/","name":"USA-GV.COM","description":"","potentialAction":[{"@type":"SearchAction","target":{"@type":"EntryPoint","urlTemplate":"https:\/\/usa-gv.com\/es\/?s={search_term_string}"},"query-input":{"@type":"PropertyValueSpecification","valueRequired":true,"valueName":"search_term_string"}}],"inLanguage":"es"}]}},"_links":{"self":[{"href":"https:\/\/usa-gv.com\/es\/wp-json\/wp\/v2\/pages\/3005","targetHints":{"allow":["GET"]}}],"collection":[{"href":"https:\/\/usa-gv.com\/es\/wp-json\/wp\/v2\/pages"}],"about":[{"href":"https:\/\/usa-gv.com\/es\/wp-json\/wp\/v2\/types\/page"}],"author":[{"embeddable":true,"href":"https:\/\/usa-gv.com\/es\/wp-json\/wp\/v2\/users\/1"}],"replies":[{"embeddable":true,"href":"https:\/\/usa-gv.com\/es\/wp-json\/wp\/v2\/comments?post=3005"}],"version-history":[{"count":1,"href":"https:\/\/usa-gv.com\/es\/wp-json\/wp\/v2\/pages\/3005\/revisions"}],"predecessor-version":[{"id":7685,"href":"https:\/\/usa-gv.com\/es\/wp-json\/wp\/v2\/pages\/3005\/revisions\/7685"}],"wp:attachment":[{"href":"https:\/\/usa-gv.com\/es\/wp-json\/wp\/v2\/media?parent=3005"}],"curies":[{"name":"wp","href":"https:\/\/api.w.org\/{rel}","templated":true}]}}