{"id":2987,"date":"2024-03-19T10:31:27","date_gmt":"2024-03-19T10:31:27","guid":{"rendered":"https:\/\/usa-gv.com\/autorizacion-esta-perdida\/"},"modified":"2025-02-25T11:52:55","modified_gmt":"2025-02-25T11:52:55","slug":"autorizacion-esta-perdida","status":"publish","type":"page","link":"https:\/\/usa-gv.com\/es\/autorizacion-esta-perdida\/","title":{"rendered":"Qu\u00e9 hacer en caso de p\u00e9rdida de la autorizaci\u00f3n ESTA"},"content":{"rendered":"\n<h1 class=\"wp-block-heading\">Qu\u00e9 hacer si ha perdido su ESTA<\/h1>\n\n<p>El ESTA es esencial para los nacionales de pa\u00edses participantes en el Programa de Exenci\u00f3n de Visado que deseen viajar a Estados Unidos para estancias cortas.\nSi has perdido tu ESTA o no encuentras tu n\u00famero de autorizaci\u00f3n, esto no te impedir\u00e1 viajar a EEUU. <\/p>\n\n<h2 class=\"wp-block-heading\">Pasos a seguir si pierdes tu ESTA<\/h2>\n\n<p>Si has perdido tu n\u00famero ESTA, puedes acceder f\u00e1cilmente a tu solicitud en l\u00ednea:<\/p>\n\n<ul class=\"wp-block-list\">\n<li>Visita el <a href=\"https:\/\/usa-gv.com\/es\/sitio-web-oficial-esta\/\">sitio web oficial del ESTA<\/a>.<\/li>\n\n\n\n<li>Haz clic en <a href=\"https:\/\/usa-gv.com\/es\/comprobar-validez-del-esta\/\">verificar tu ESTA<\/a>.<\/li>\n\n\n\n<li>Introduce los datos personales del viajero, incluidos el n\u00famero de pasaporte, la fecha de nacimiento y el pa\u00eds de nacionalidad.<\/li>\n\n\n\n<li>Recupera el n\u00famero de autorizaci\u00f3n y comprueba el estado del ESTA.<\/li>\n<\/ul>\n\n<div style=\"height:10px\" aria-hidden=\"true\" class=\"wp-block-spacer\"><\/div>\n\n<h2 class=\"wp-block-heading\">Realizar una nueva solicitud ESTA<\/h2>\n\n<p>Si fracasan todos los intentos de recuperaci\u00f3n, es posible presentar una nueva solicitud ESTA.\nFunciona as\u00ed: <\/p>\n\n<ul class=\"wp-block-list\">\n<li>Accede al <a href=\"https:\/\/usa-gv.com\/es\/formulario-esta-en-linea\/\">formulario ESTA en l\u00ednea<\/a>.<\/li>\n\n\n\n<li><a href=\"https:\/\/usa-gv.com\/es\/complete-el-formulario-esta-en-linea\/\">Rellena el formulario ESTA<\/a> con precisi\u00f3n y proporciona la informaci\u00f3n correcta.<\/li>\n\n\n\n<li><a href=\"https:\/\/usa-gv.com\/es\/como-pagar-una-esta\/\">Paga la tasa ESTA<\/a> para completar la solicitud en l\u00ednea.<\/li>\n<\/ul>\n\n<div style=\"height:10px\" aria-hidden=\"true\" class=\"wp-block-spacer\"><\/div>\n","protected":false},"excerpt":{"rendered":"<p>Qu\u00e9 hacer si ha perdido su ESTA El ESTA es esencial para los nacionales de pa\u00edses participantes en el Programa de Exenci\u00f3n de Visado que deseen viajar a Estados Unidos para estancias cortas. Si has perdido tu ESTA o no encuentras tu n\u00famero de autorizaci\u00f3n, esto no te impedir\u00e1 viajar a EEUU. Pasos a seguir [&hellip;]<\/p>\n","protected":false},"author":1,"featured_media":0,"parent":0,"menu_order":0,"comment_status":"closed","ping_status":"closed","template":"","meta":{"footnotes":""},"class_list":["post-2987","page","type-page","status-publish","hentry"],"yoast_head":"<!-- This site is optimized with the Yoast SEO plugin v26.6 - https:\/\/yoast.com\/wordpress\/plugins\/seo\/ -->\n<title>Qu\u00e9 hacer en caso de p\u00e9rdida de la autorizaci\u00f3n ESTA - USA-GV.COM<\/title>\n<meta name=\"description\" content=\"Si ha perdido su certificado ESTA, puede viajar a Estados Unidos sin problemas. Esto es lo que debe saber\" \/>\n<meta name=\"robots\" content=\"index, follow, max-snippet:-1, max-image-preview:large, max-video-preview:-1\" \/>\n<link rel=\"canonical\" href=\"https:\/\/usa-gv.com\/es\/autorizacion-esta-perdida\/\" \/>\n<meta property=\"og:locale\" content=\"es_ES\" \/>\n<meta property=\"og:type\" content=\"article\" \/>\n<meta property=\"og:title\" content=\"Qu\u00e9 hacer en caso de p\u00e9rdida de la autorizaci\u00f3n ESTA - USA-GV.COM\" \/>\n<meta property=\"og:description\" content=\"Si ha perdido su certificado ESTA, puede viajar a Estados Unidos sin problemas. Esto es lo que debe saber\" \/>\n<meta property=\"og:url\" content=\"https:\/\/usa-gv.com\/es\/autorizacion-esta-perdida\/\" \/>\n<meta property=\"og:site_name\" content=\"USA-GV.COM\" \/>\n<meta property=\"article:modified_time\" content=\"2025-02-25T11:52:55+00:00\" \/>\n<meta name=\"twitter:card\" content=\"summary_large_image\" \/>\n<meta name=\"twitter:label1\" content=\"Tiempo de lectura\" \/>\n\t<meta name=\"twitter:data1\" content=\"1 minuto\" \/>\n<script type=\"application\/ld+json\" class=\"yoast-schema-graph\">{\"@context\":\"https:\/\/schema.org\",\"@graph\":[{\"@type\":\"WebPage\",\"@id\":\"https:\/\/usa-gv.com\/es\/autorizacion-esta-perdida\/\",\"url\":\"https:\/\/usa-gv.com\/es\/autorizacion-esta-perdida\/\",\"name\":\"Qu\u00e9 hacer en caso de p\u00e9rdida de la autorizaci\u00f3n ESTA - USA-GV.COM\",\"isPartOf\":{\"@id\":\"https:\/\/usa-gv.com\/es\/#website\"},\"datePublished\":\"2024-03-19T10:31:27+00:00\",\"dateModified\":\"2025-02-25T11:52:55+00:00\",\"description\":\"Si ha perdido su certificado ESTA, puede viajar a Estados Unidos sin problemas. Esto es lo que debe saber\",\"breadcrumb\":{\"@id\":\"https:\/\/usa-gv.com\/es\/autorizacion-esta-perdida\/#breadcrumb\"},\"inLanguage\":\"es\",\"potentialAction\":[{\"@type\":\"ReadAction\",\"target\":[\"https:\/\/usa-gv.com\/es\/autorizacion-esta-perdida\/\"]}]},{\"@type\":\"BreadcrumbList\",\"@id\":\"https:\/\/usa-gv.com\/es\/autorizacion-esta-perdida\/#breadcrumb\",\"itemListElement\":[{\"@type\":\"ListItem\",\"position\":1,\"name\":\"Home\",\"item\":\"https:\/\/usa-gv.com\/es\/guia-de-viaje-de-estados-unidos\/\"},{\"@type\":\"ListItem\",\"position\":2,\"name\":\"Qu\u00e9 hacer en caso de p\u00e9rdida de la autorizaci\u00f3n ESTA\"}]},{\"@type\":\"WebSite\",\"@id\":\"https:\/\/usa-gv.com\/es\/#website\",\"url\":\"https:\/\/usa-gv.com\/es\/\",\"name\":\"USA-GV.COM\",\"description\":\"\",\"potentialAction\":[{\"@type\":\"SearchAction\",\"target\":{\"@type\":\"EntryPoint\",\"urlTemplate\":\"https:\/\/usa-gv.com\/es\/?s={search_term_string}\"},\"query-input\":{\"@type\":\"PropertyValueSpecification\",\"valueRequired\":true,\"valueName\":\"search_term_string\"}}],\"inLanguage\":\"es\"}]}<\/script>\n<!-- \/ Yoast SEO plugin. -->","yoast_head_json":{"title":"Qu\u00e9 hacer en caso de p\u00e9rdida de la autorizaci\u00f3n ESTA - USA-GV.COM","description":"Si ha perdido su certificado ESTA, puede viajar a Estados Unidos sin problemas. Esto es lo que debe saber","robots":{"index":"index","follow":"follow","max-snippet":"max-snippet:-1","max-image-preview":"max-image-preview:large","max-video-preview":"max-video-preview:-1"},"canonical":"https:\/\/usa-gv.com\/es\/autorizacion-esta-perdida\/","og_locale":"es_ES","og_type":"article","og_title":"Qu\u00e9 hacer en caso de p\u00e9rdida de la autorizaci\u00f3n ESTA - USA-GV.COM","og_description":"Si ha perdido su certificado ESTA, puede viajar a Estados Unidos sin problemas. Esto es lo que debe saber","og_url":"https:\/\/usa-gv.com\/es\/autorizacion-esta-perdida\/","og_site_name":"USA-GV.COM","article_modified_time":"2025-02-25T11:52:55+00:00","twitter_card":"summary_large_image","twitter_misc":{"Tiempo de lectura":"1 minuto"},"schema":{"@context":"https:\/\/schema.org","@graph":[{"@type":"WebPage","@id":"https:\/\/usa-gv.com\/es\/autorizacion-esta-perdida\/","url":"https:\/\/usa-gv.com\/es\/autorizacion-esta-perdida\/","name":"Qu\u00e9 hacer en caso de p\u00e9rdida de la autorizaci\u00f3n ESTA - USA-GV.COM","isPartOf":{"@id":"https:\/\/usa-gv.com\/es\/#website"},"datePublished":"2024-03-19T10:31:27+00:00","dateModified":"2025-02-25T11:52:55+00:00","description":"Si ha perdido su certificado ESTA, puede viajar a Estados Unidos sin problemas. Esto es lo que debe saber","breadcrumb":{"@id":"https:\/\/usa-gv.com\/es\/autorizacion-esta-perdida\/#breadcrumb"},"inLanguage":"es","potentialAction":[{"@type":"ReadAction","target":["https:\/\/usa-gv.com\/es\/autorizacion-esta-perdida\/"]}]},{"@type":"BreadcrumbList","@id":"https:\/\/usa-gv.com\/es\/autorizacion-esta-perdida\/#breadcrumb","itemListElement":[{"@type":"ListItem","position":1,"name":"Home","item":"https:\/\/usa-gv.com\/es\/guia-de-viaje-de-estados-unidos\/"},{"@type":"ListItem","position":2,"name":"Qu\u00e9 hacer en caso de p\u00e9rdida de la autorizaci\u00f3n ESTA"}]},{"@type":"WebSite","@id":"https:\/\/usa-gv.com\/es\/#website","url":"https:\/\/usa-gv.com\/es\/","name":"USA-GV.COM","description":"","potentialAction":[{"@type":"SearchAction","target":{"@type":"EntryPoint","urlTemplate":"https:\/\/usa-gv.com\/es\/?s={search_term_string}"},"query-input":{"@type":"PropertyValueSpecification","valueRequired":true,"valueName":"search_term_string"}}],"inLanguage":"es"}]}},"_links":{"self":[{"href":"https:\/\/usa-gv.com\/es\/wp-json\/wp\/v2\/pages\/2987","targetHints":{"allow":["GET"]}}],"collection":[{"href":"https:\/\/usa-gv.com\/es\/wp-json\/wp\/v2\/pages"}],"about":[{"href":"https:\/\/usa-gv.com\/es\/wp-json\/wp\/v2\/types\/page"}],"author":[{"embeddable":true,"href":"https:\/\/usa-gv.com\/es\/wp-json\/wp\/v2\/users\/1"}],"replies":[{"embeddable":true,"href":"https:\/\/usa-gv.com\/es\/wp-json\/wp\/v2\/comments?post=2987"}],"version-history":[{"count":1,"href":"https:\/\/usa-gv.com\/es\/wp-json\/wp\/v2\/pages\/2987\/revisions"}],"predecessor-version":[{"id":7674,"href":"https:\/\/usa-gv.com\/es\/wp-json\/wp\/v2\/pages\/2987\/revisions\/7674"}],"wp:attachment":[{"href":"https:\/\/usa-gv.com\/es\/wp-json\/wp\/v2\/media?parent=2987"}],"curies":[{"name":"wp","href":"https:\/\/api.w.org\/{rel}","templated":true}]}}