{"id":2969,"date":"2024-03-10T21:26:19","date_gmt":"2024-03-10T21:26:19","guid":{"rendered":"https:\/\/usa-gv.com\/que-es-una-autorizacion-esta\/"},"modified":"2025-02-25T11:52:49","modified_gmt":"2025-02-25T11:52:49","slug":"que-es-una-autorizacion-esta","status":"publish","type":"page","link":"https:\/\/usa-gv.com\/es\/que-es-una-autorizacion-esta\/","title":{"rendered":"\u00bfQu\u00e9 es la autorizaci\u00f3n ESTA USA?"},"content":{"rendered":"\n<h1 class=\"wp-block-heading\">\u00bfQu\u00e9 es una autorizaci\u00f3n ESTA?<\/h1>\n\n<p>El ESTA es un sistema electr\u00f3nico de solicitud de autorizaci\u00f3n de viaje creado por el gobierno estadounidense.\nESTA significa <strong>Sistema Electr\u00f3nico de Autorizaci\u00f3n de Viaje<\/strong>.\nEste programa de exenci\u00f3n de visado permite a los nacionales de los pa\u00edses que se benefician del <a href=\"https:\/\/usa-gv.com\/es\/visa-waiver-program-eeuu\/\">Programa de Exenci\u00f3n de Visado<\/a> viajar a Estados Unidos por turismo o negocios sin necesidad de visado.  <\/p>\n\n<h2 class=\"wp-block-heading\">\u00bfC\u00f3mo funciona el ESTA?<\/h2>\n\n<p>Para obtener la autorizaci\u00f3n ESTA, los viajeros deben cumplimentar el <a href=\"https:\/\/usa-gv.com\/es\/formulario-esta-en-linea\/\">formulario ESTA en l\u00ednea<\/a>. El procedimiento consiste en rellenar los datos personales del viajero y responder con veracidad a las <a href=\"https:\/\/usa-gv.com\/es\/preguntas-sobre-el-formulario-esta\/\">preguntas del ESTA<\/a>. Este proceso informatizado comprueba la admisibilidad de los visitantes al Programa de Exenci\u00f3n de Visado antes de que lleguen a Estados Unidos. Una vez aprobada, la autorizaci\u00f3n ESTA es v\u00e1lida durante dos a\u00f1os o hasta la expiraci\u00f3n del <a href=\"https:\/\/usa-gv.com\/es\/pasaporte-para-estados-unidos\/\">pasaporte v\u00e1lido del titular para EE.UU.<\/a> <\/p>\n\n<h2 class=\"wp-block-heading\">Ventajas del ESTA para viajar a Estados Unidos<\/h2>\n\n<p>El ESTA ofrece una serie de ventajas a los viajeros internacionales.\nEl proceso de solicitud es totalmente en l\u00ednea, lo que simplifica los tr\u00e1mites administrativos y permite obtener una respuesta en un plazo de 72 horas.\nLos viajeros pueden visitar Estados Unidos varias veces durante el <a href=\"https:\/\/usa-gv.com\/es\/periodo-validez-esta\/\">periodo de validez del ESTA<\/a> sin tener que <a href=\"https:\/\/usa-gv.com\/es\/esta-renovar\/\">renovarlo el ESTA<\/a> en cada visita.  <\/p>\n\n<h2 class=\"wp-block-heading\">Condiciones y restricciones del ESTA<\/h2>\n\n<p>El ESTA facilita el acceso a Estados Unidos para una estancia de corta duraci\u00f3n, pero tiene ciertas restricciones.\nLos titulares de una autorizaci\u00f3n ESTA no pueden trabajar ni estudiar para obtener cr\u00e9ditos acad\u00e9micos.\nTampoco es posible convertirse en residente permanente entrando en EE.UU. con una autorizaci\u00f3n ESTA.\nEs crucial cumplir estas condiciones para evitar complicaciones legales o la <a href=\"https:\/\/usa-gv.com\/es\/solicitud-esta-rechazada\/\">denegaci\u00f3n del ESTA<\/a>.   <\/p>\n\n<h2 class=\"wp-block-heading\">Importancia del ESTA para el turismo y los negocios<\/h2>\n\n<p>El ESTA se ha convertido en una herramienta esencial para el turismo y los viajes de negocios, ya que permite una entrada r\u00e1pida y segura en Estados Unidos.\nEsto refuerza los lazos econ\u00f3micos y culturales entre Estados Unidos y los pa\u00edses del Programa de Exenci\u00f3n de Visado, manteniendo al mismo tiempo las normas de seguridad nacional. <\/p>\n","protected":false},"excerpt":{"rendered":"<p>\u00bfQu\u00e9 es una autorizaci\u00f3n ESTA? El ESTA es un sistema electr\u00f3nico de solicitud de autorizaci\u00f3n de viaje creado por el gobierno estadounidense. ESTA significa Sistema Electr\u00f3nico de Autorizaci\u00f3n de Viaje. Este programa de exenci\u00f3n de visado permite a los nacionales de los pa\u00edses que se benefician del Programa de Exenci\u00f3n de Visado viajar a Estados [&hellip;]<\/p>\n","protected":false},"author":1,"featured_media":0,"parent":0,"menu_order":0,"comment_status":"closed","ping_status":"closed","template":"","meta":{"footnotes":""},"class_list":["post-2969","page","type-page","status-publish","hentry"],"yoast_head":"<!-- This site is optimized with the Yoast SEO plugin v26.6 - https:\/\/yoast.com\/wordpress\/plugins\/seo\/ -->\n<title>\u00bfQu\u00e9 es la autorizaci\u00f3n ESTA USA? - USA-GV.COM<\/title>\n<meta name=\"description\" content=\"Inf\u00f3rmese detalladamente sobre lo que es una autorizaci\u00f3n de viaje ESTA para Estados Unidos antes de presentar una solicitud ESTA en l\u00ednea.\" \/>\n<meta name=\"robots\" content=\"index, follow, max-snippet:-1, max-image-preview:large, max-video-preview:-1\" \/>\n<link rel=\"canonical\" href=\"https:\/\/usa-gv.com\/es\/que-es-una-autorizacion-esta\/\" \/>\n<meta property=\"og:locale\" content=\"es_ES\" \/>\n<meta property=\"og:type\" content=\"article\" \/>\n<meta property=\"og:title\" content=\"\u00bfQu\u00e9 es la autorizaci\u00f3n ESTA USA? - USA-GV.COM\" \/>\n<meta property=\"og:description\" content=\"Inf\u00f3rmese detalladamente sobre lo que es una autorizaci\u00f3n de viaje ESTA para Estados Unidos antes de presentar una solicitud ESTA en l\u00ednea.\" \/>\n<meta property=\"og:url\" content=\"https:\/\/usa-gv.com\/es\/que-es-una-autorizacion-esta\/\" \/>\n<meta property=\"og:site_name\" content=\"USA-GV.COM\" \/>\n<meta property=\"article:modified_time\" content=\"2025-02-25T11:52:49+00:00\" \/>\n<meta name=\"twitter:card\" content=\"summary_large_image\" \/>\n<meta name=\"twitter:label1\" content=\"Tiempo de lectura\" \/>\n\t<meta name=\"twitter:data1\" content=\"2 minutos\" \/>\n<script type=\"application\/ld+json\" class=\"yoast-schema-graph\">{\"@context\":\"https:\/\/schema.org\",\"@graph\":[{\"@type\":\"WebPage\",\"@id\":\"https:\/\/usa-gv.com\/es\/que-es-una-autorizacion-esta\/\",\"url\":\"https:\/\/usa-gv.com\/es\/que-es-una-autorizacion-esta\/\",\"name\":\"\u00bfQu\u00e9 es la autorizaci\u00f3n ESTA USA? - USA-GV.COM\",\"isPartOf\":{\"@id\":\"https:\/\/usa-gv.com\/es\/#website\"},\"datePublished\":\"2024-03-10T21:26:19+00:00\",\"dateModified\":\"2025-02-25T11:52:49+00:00\",\"description\":\"Inf\u00f3rmese detalladamente sobre lo que es una autorizaci\u00f3n de viaje ESTA para Estados Unidos antes de presentar una solicitud ESTA en l\u00ednea.\",\"breadcrumb\":{\"@id\":\"https:\/\/usa-gv.com\/es\/que-es-una-autorizacion-esta\/#breadcrumb\"},\"inLanguage\":\"es\",\"potentialAction\":[{\"@type\":\"ReadAction\",\"target\":[\"https:\/\/usa-gv.com\/es\/que-es-una-autorizacion-esta\/\"]}]},{\"@type\":\"BreadcrumbList\",\"@id\":\"https:\/\/usa-gv.com\/es\/que-es-una-autorizacion-esta\/#breadcrumb\",\"itemListElement\":[{\"@type\":\"ListItem\",\"position\":1,\"name\":\"Home\",\"item\":\"https:\/\/usa-gv.com\/es\/guia-de-viaje-de-estados-unidos\/\"},{\"@type\":\"ListItem\",\"position\":2,\"name\":\"\u00bfQu\u00e9 es la autorizaci\u00f3n ESTA USA?\"}]},{\"@type\":\"WebSite\",\"@id\":\"https:\/\/usa-gv.com\/es\/#website\",\"url\":\"https:\/\/usa-gv.com\/es\/\",\"name\":\"USA-GV.COM\",\"description\":\"\",\"potentialAction\":[{\"@type\":\"SearchAction\",\"target\":{\"@type\":\"EntryPoint\",\"urlTemplate\":\"https:\/\/usa-gv.com\/es\/?s={search_term_string}\"},\"query-input\":{\"@type\":\"PropertyValueSpecification\",\"valueRequired\":true,\"valueName\":\"search_term_string\"}}],\"inLanguage\":\"es\"}]}<\/script>\n<!-- \/ Yoast SEO plugin. -->","yoast_head_json":{"title":"\u00bfQu\u00e9 es la autorizaci\u00f3n ESTA USA? - USA-GV.COM","description":"Inf\u00f3rmese detalladamente sobre lo que es una autorizaci\u00f3n de viaje ESTA para Estados Unidos antes de presentar una solicitud ESTA en l\u00ednea.","robots":{"index":"index","follow":"follow","max-snippet":"max-snippet:-1","max-image-preview":"max-image-preview:large","max-video-preview":"max-video-preview:-1"},"canonical":"https:\/\/usa-gv.com\/es\/que-es-una-autorizacion-esta\/","og_locale":"es_ES","og_type":"article","og_title":"\u00bfQu\u00e9 es la autorizaci\u00f3n ESTA USA? - USA-GV.COM","og_description":"Inf\u00f3rmese detalladamente sobre lo que es una autorizaci\u00f3n de viaje ESTA para Estados Unidos antes de presentar una solicitud ESTA en l\u00ednea.","og_url":"https:\/\/usa-gv.com\/es\/que-es-una-autorizacion-esta\/","og_site_name":"USA-GV.COM","article_modified_time":"2025-02-25T11:52:49+00:00","twitter_card":"summary_large_image","twitter_misc":{"Tiempo de lectura":"2 minutos"},"schema":{"@context":"https:\/\/schema.org","@graph":[{"@type":"WebPage","@id":"https:\/\/usa-gv.com\/es\/que-es-una-autorizacion-esta\/","url":"https:\/\/usa-gv.com\/es\/que-es-una-autorizacion-esta\/","name":"\u00bfQu\u00e9 es la autorizaci\u00f3n ESTA USA? - USA-GV.COM","isPartOf":{"@id":"https:\/\/usa-gv.com\/es\/#website"},"datePublished":"2024-03-10T21:26:19+00:00","dateModified":"2025-02-25T11:52:49+00:00","description":"Inf\u00f3rmese detalladamente sobre lo que es una autorizaci\u00f3n de viaje ESTA para Estados Unidos antes de presentar una solicitud ESTA en l\u00ednea.","breadcrumb":{"@id":"https:\/\/usa-gv.com\/es\/que-es-una-autorizacion-esta\/#breadcrumb"},"inLanguage":"es","potentialAction":[{"@type":"ReadAction","target":["https:\/\/usa-gv.com\/es\/que-es-una-autorizacion-esta\/"]}]},{"@type":"BreadcrumbList","@id":"https:\/\/usa-gv.com\/es\/que-es-una-autorizacion-esta\/#breadcrumb","itemListElement":[{"@type":"ListItem","position":1,"name":"Home","item":"https:\/\/usa-gv.com\/es\/guia-de-viaje-de-estados-unidos\/"},{"@type":"ListItem","position":2,"name":"\u00bfQu\u00e9 es la autorizaci\u00f3n ESTA USA?"}]},{"@type":"WebSite","@id":"https:\/\/usa-gv.com\/es\/#website","url":"https:\/\/usa-gv.com\/es\/","name":"USA-GV.COM","description":"","potentialAction":[{"@type":"SearchAction","target":{"@type":"EntryPoint","urlTemplate":"https:\/\/usa-gv.com\/es\/?s={search_term_string}"},"query-input":{"@type":"PropertyValueSpecification","valueRequired":true,"valueName":"search_term_string"}}],"inLanguage":"es"}]}},"_links":{"self":[{"href":"https:\/\/usa-gv.com\/es\/wp-json\/wp\/v2\/pages\/2969","targetHints":{"allow":["GET"]}}],"collection":[{"href":"https:\/\/usa-gv.com\/es\/wp-json\/wp\/v2\/pages"}],"about":[{"href":"https:\/\/usa-gv.com\/es\/wp-json\/wp\/v2\/types\/page"}],"author":[{"embeddable":true,"href":"https:\/\/usa-gv.com\/es\/wp-json\/wp\/v2\/users\/1"}],"replies":[{"embeddable":true,"href":"https:\/\/usa-gv.com\/es\/wp-json\/wp\/v2\/comments?post=2969"}],"version-history":[{"count":1,"href":"https:\/\/usa-gv.com\/es\/wp-json\/wp\/v2\/pages\/2969\/revisions"}],"predecessor-version":[{"id":7663,"href":"https:\/\/usa-gv.com\/es\/wp-json\/wp\/v2\/pages\/2969\/revisions\/7663"}],"wp:attachment":[{"href":"https:\/\/usa-gv.com\/es\/wp-json\/wp\/v2\/media?parent=2969"}],"curies":[{"name":"wp","href":"https:\/\/api.w.org\/{rel}","templated":true}]}}