{"id":2951,"date":"2024-03-19T10:16:25","date_gmt":"2024-03-19T10:16:25","guid":{"rendered":"https:\/\/usa-gv.com\/solicitud-esta-pendiente\/"},"modified":"2025-02-25T11:52:42","modified_gmt":"2025-02-25T11:52:42","slug":"solicitud-esta-pendiente","status":"publish","type":"page","link":"https:\/\/usa-gv.com\/es\/solicitud-esta-pendiente\/","title":{"rendered":"Por qu\u00e9 una solicitud ESTA est\u00e1 en suspenso"},"content":{"rendered":"\n<h1 class=\"wp-block-heading\">Su solicitud ESTA est\u00e1 pendiente<\/h1>\n\n<p>El procedimiento para obtener la autorizaci\u00f3n de viaje ESTA es totalmente online.\nAunque la mayor\u00eda de las autorizaciones se emiten en cuesti\u00f3n de minutos, algunas solicitudes reciben el estatus de pendientes.  Este estado significa que tu solicitud necesitar\u00e1 m\u00e1s tiempo para ser procesada.<\/p>\n\n<h2 class=\"wp-block-heading\">\u00bfPor qu\u00e9 est\u00e1 en espera una solicitud ESTA?<\/h2>\n\n<p>Hay varias razones por las que una solicitud ESTA puede quedar en suspenso:<\/p>\n\n<ol class=\"wp-block-list\">\n<li><strong>Tr\u00e1fico en el sitio<\/strong>: Si presentas tu solicitud ESTA durante un periodo de mucho tr\u00e1fico, es posible que la <a href=\"https:\/\/usa-gv.com\/es\/comprobar-validez-del-esta\/\">validez de tu ESTA<\/a> no se procese inmediatamente, poniendo tu solicitud en espera temporalmente.<\/li>\n\n\n\n<li><strong>Controles aleatorios<\/strong>: Las autoridades estadounidenses a veces realizan controles aleatorios de las solicitudes, lo que puede provocar retrasos adicionales.<\/li>\n\n\n\n<li><strong>Comprobaciones adicionales<\/strong>: En funci\u00f3n de la informaci\u00f3n facilitada, pueden ser necesarias comprobaciones adicionales para garantizar que no supones una amenaza para el pa\u00eds.<\/li>\n<\/ol>\n\n<h2 class=\"wp-block-heading\">Tiempos de espera para solicitar el ESTA<\/h2>\n\n<p>La mayor\u00eda de las solicitudes se tramitan en las 24 horas siguientes a su env\u00edo.\nSin embargo, las <a href=\"https:\/\/usa-gv.com\/es\/plazos-obtener-esta\/\">solicitudes ESTA tardan<\/a> un m\u00e1ximo de 72 horas en tramitarse.\nPor tanto, es crucial que tengas en cuenta este periodo al presentar tu solicitud para evitar cualquier riesgo de salida comprometida.   No puedes viajar a Estados Unidos sin autorizaci\u00f3n previa de viaje.<\/p>\n\n<h2 class=\"wp-block-heading\">\u00bfQu\u00e9 debo hacer si rechazan mi ESTA?<\/h2>\n\n<p>Si <a href=\"https:\/\/usa-gv.com\/es\/solicitud-esta-rechazada\/\">rechazan tu solicitud ESTA<\/a>, estos son los pasos a seguir:<\/p>\n\n<ol class=\"wp-block-list\">\n<li><strong>Volver a presentar una solicitud<\/strong>: Puedes presentar una nueva solicitud transcurridos 10 d\u00edas.\nAseg\u00farate de que toda la informaci\u00f3n que introduces es correcta y de que cumples todos los criterios de admisibilidad. <\/li>\n\n\n\n<li><strong>Solicitud de visado<\/strong>: Puedes solicitar un <a href=\"https:\/\/usa-gv.com\/es\/visado-turista-eeuu\/\">visado de turista para Estados<\/a> Unidos en una embajada estadounidense. Aunque este procedimiento es m\u00e1s largo y costoso, te permite viajar a Estados Unidos a pesar de que te denieguen la autorizaci\u00f3n ESTA.<\/li>\n<\/ol>\n\n<p>Para asegurarte de que tu solicitud ESTA se tramita sin contratiempos, aseg\u00farate de que la informaci\u00f3n que facilitas es correcta y presenta tu solicitud con suficiente antelaci\u00f3n para evitar cualquier imprevisto.<\/p>\n","protected":false},"excerpt":{"rendered":"<p>Su solicitud ESTA est\u00e1 pendiente El procedimiento para obtener la autorizaci\u00f3n de viaje ESTA es totalmente online. Aunque la mayor\u00eda de las autorizaciones se emiten en cuesti\u00f3n de minutos, algunas solicitudes reciben el estatus de pendientes. Este estado significa que tu solicitud necesitar\u00e1 m\u00e1s tiempo para ser procesada. \u00bfPor qu\u00e9 est\u00e1 en espera una solicitud [&hellip;]<\/p>\n","protected":false},"author":1,"featured_media":0,"parent":0,"menu_order":0,"comment_status":"closed","ping_status":"closed","template":"","meta":{"footnotes":""},"class_list":["post-2951","page","type-page","status-publish","hentry"],"yoast_head":"<!-- This site is optimized with the Yoast SEO plugin v26.6 - https:\/\/yoast.com\/wordpress\/plugins\/seo\/ -->\n<title>Por qu\u00e9 una solicitud ESTA est\u00e1 en suspenso - USA-GV.COM<\/title>\n<meta name=\"description\" content=\"\u00bfQu\u00e9 significa que el estado de su solicitud ESTA est\u00e1 pendiente? esta es la informaci\u00f3n que debe comprender\" \/>\n<meta name=\"robots\" content=\"index, follow, max-snippet:-1, max-image-preview:large, max-video-preview:-1\" \/>\n<link rel=\"canonical\" href=\"https:\/\/usa-gv.com\/es\/solicitud-esta-pendiente\/\" \/>\n<meta property=\"og:locale\" content=\"es_ES\" \/>\n<meta property=\"og:type\" content=\"article\" \/>\n<meta property=\"og:title\" content=\"Por qu\u00e9 una solicitud ESTA est\u00e1 en suspenso - USA-GV.COM\" \/>\n<meta property=\"og:description\" content=\"\u00bfQu\u00e9 significa que el estado de su solicitud ESTA est\u00e1 pendiente? esta es la informaci\u00f3n que debe comprender\" \/>\n<meta property=\"og:url\" content=\"https:\/\/usa-gv.com\/es\/solicitud-esta-pendiente\/\" \/>\n<meta property=\"og:site_name\" content=\"USA-GV.COM\" \/>\n<meta property=\"article:modified_time\" content=\"2025-02-25T11:52:42+00:00\" \/>\n<meta name=\"twitter:card\" content=\"summary_large_image\" \/>\n<meta name=\"twitter:label1\" content=\"Tiempo de lectura\" \/>\n\t<meta name=\"twitter:data1\" content=\"2 minutos\" \/>\n<script type=\"application\/ld+json\" class=\"yoast-schema-graph\">{\"@context\":\"https:\/\/schema.org\",\"@graph\":[{\"@type\":\"WebPage\",\"@id\":\"https:\/\/usa-gv.com\/es\/solicitud-esta-pendiente\/\",\"url\":\"https:\/\/usa-gv.com\/es\/solicitud-esta-pendiente\/\",\"name\":\"Por qu\u00e9 una solicitud ESTA est\u00e1 en suspenso - USA-GV.COM\",\"isPartOf\":{\"@id\":\"https:\/\/usa-gv.com\/es\/#website\"},\"datePublished\":\"2024-03-19T10:16:25+00:00\",\"dateModified\":\"2025-02-25T11:52:42+00:00\",\"description\":\"\u00bfQu\u00e9 significa que el estado de su solicitud ESTA est\u00e1 pendiente? esta es la informaci\u00f3n que debe comprender\",\"breadcrumb\":{\"@id\":\"https:\/\/usa-gv.com\/es\/solicitud-esta-pendiente\/#breadcrumb\"},\"inLanguage\":\"es\",\"potentialAction\":[{\"@type\":\"ReadAction\",\"target\":[\"https:\/\/usa-gv.com\/es\/solicitud-esta-pendiente\/\"]}]},{\"@type\":\"BreadcrumbList\",\"@id\":\"https:\/\/usa-gv.com\/es\/solicitud-esta-pendiente\/#breadcrumb\",\"itemListElement\":[{\"@type\":\"ListItem\",\"position\":1,\"name\":\"Home\",\"item\":\"https:\/\/usa-gv.com\/es\/guia-de-viaje-de-estados-unidos\/\"},{\"@type\":\"ListItem\",\"position\":2,\"name\":\"Por qu\u00e9 una solicitud ESTA est\u00e1 en suspenso\"}]},{\"@type\":\"WebSite\",\"@id\":\"https:\/\/usa-gv.com\/es\/#website\",\"url\":\"https:\/\/usa-gv.com\/es\/\",\"name\":\"USA-GV.COM\",\"description\":\"\",\"potentialAction\":[{\"@type\":\"SearchAction\",\"target\":{\"@type\":\"EntryPoint\",\"urlTemplate\":\"https:\/\/usa-gv.com\/es\/?s={search_term_string}\"},\"query-input\":{\"@type\":\"PropertyValueSpecification\",\"valueRequired\":true,\"valueName\":\"search_term_string\"}}],\"inLanguage\":\"es\"}]}<\/script>\n<!-- \/ Yoast SEO plugin. -->","yoast_head_json":{"title":"Por qu\u00e9 una solicitud ESTA est\u00e1 en suspenso - USA-GV.COM","description":"\u00bfQu\u00e9 significa que el estado de su solicitud ESTA est\u00e1 pendiente? esta es la informaci\u00f3n que debe comprender","robots":{"index":"index","follow":"follow","max-snippet":"max-snippet:-1","max-image-preview":"max-image-preview:large","max-video-preview":"max-video-preview:-1"},"canonical":"https:\/\/usa-gv.com\/es\/solicitud-esta-pendiente\/","og_locale":"es_ES","og_type":"article","og_title":"Por qu\u00e9 una solicitud ESTA est\u00e1 en suspenso - USA-GV.COM","og_description":"\u00bfQu\u00e9 significa que el estado de su solicitud ESTA est\u00e1 pendiente? esta es la informaci\u00f3n que debe comprender","og_url":"https:\/\/usa-gv.com\/es\/solicitud-esta-pendiente\/","og_site_name":"USA-GV.COM","article_modified_time":"2025-02-25T11:52:42+00:00","twitter_card":"summary_large_image","twitter_misc":{"Tiempo de lectura":"2 minutos"},"schema":{"@context":"https:\/\/schema.org","@graph":[{"@type":"WebPage","@id":"https:\/\/usa-gv.com\/es\/solicitud-esta-pendiente\/","url":"https:\/\/usa-gv.com\/es\/solicitud-esta-pendiente\/","name":"Por qu\u00e9 una solicitud ESTA est\u00e1 en suspenso - USA-GV.COM","isPartOf":{"@id":"https:\/\/usa-gv.com\/es\/#website"},"datePublished":"2024-03-19T10:16:25+00:00","dateModified":"2025-02-25T11:52:42+00:00","description":"\u00bfQu\u00e9 significa que el estado de su solicitud ESTA est\u00e1 pendiente? esta es la informaci\u00f3n que debe comprender","breadcrumb":{"@id":"https:\/\/usa-gv.com\/es\/solicitud-esta-pendiente\/#breadcrumb"},"inLanguage":"es","potentialAction":[{"@type":"ReadAction","target":["https:\/\/usa-gv.com\/es\/solicitud-esta-pendiente\/"]}]},{"@type":"BreadcrumbList","@id":"https:\/\/usa-gv.com\/es\/solicitud-esta-pendiente\/#breadcrumb","itemListElement":[{"@type":"ListItem","position":1,"name":"Home","item":"https:\/\/usa-gv.com\/es\/guia-de-viaje-de-estados-unidos\/"},{"@type":"ListItem","position":2,"name":"Por qu\u00e9 una solicitud ESTA est\u00e1 en suspenso"}]},{"@type":"WebSite","@id":"https:\/\/usa-gv.com\/es\/#website","url":"https:\/\/usa-gv.com\/es\/","name":"USA-GV.COM","description":"","potentialAction":[{"@type":"SearchAction","target":{"@type":"EntryPoint","urlTemplate":"https:\/\/usa-gv.com\/es\/?s={search_term_string}"},"query-input":{"@type":"PropertyValueSpecification","valueRequired":true,"valueName":"search_term_string"}}],"inLanguage":"es"}]}},"_links":{"self":[{"href":"https:\/\/usa-gv.com\/es\/wp-json\/wp\/v2\/pages\/2951","targetHints":{"allow":["GET"]}}],"collection":[{"href":"https:\/\/usa-gv.com\/es\/wp-json\/wp\/v2\/pages"}],"about":[{"href":"https:\/\/usa-gv.com\/es\/wp-json\/wp\/v2\/types\/page"}],"author":[{"embeddable":true,"href":"https:\/\/usa-gv.com\/es\/wp-json\/wp\/v2\/users\/1"}],"replies":[{"embeddable":true,"href":"https:\/\/usa-gv.com\/es\/wp-json\/wp\/v2\/comments?post=2951"}],"version-history":[{"count":1,"href":"https:\/\/usa-gv.com\/es\/wp-json\/wp\/v2\/pages\/2951\/revisions"}],"predecessor-version":[{"id":7652,"href":"https:\/\/usa-gv.com\/es\/wp-json\/wp\/v2\/pages\/2951\/revisions\/7652"}],"wp:attachment":[{"href":"https:\/\/usa-gv.com\/es\/wp-json\/wp\/v2\/media?parent=2951"}],"curies":[{"name":"wp","href":"https:\/\/api.w.org\/{rel}","templated":true}]}}