{"id":2933,"date":"2024-03-12T18:55:40","date_gmt":"2024-03-12T18:55:40","guid":{"rendered":"https:\/\/usa-gv.com\/pasaporte-para-estados-unidos\/"},"modified":"2025-02-25T11:52:28","modified_gmt":"2025-02-25T11:52:28","slug":"pasaporte-para-estados-unidos","status":"publish","type":"page","link":"https:\/\/usa-gv.com\/es\/pasaporte-para-estados-unidos\/","title":{"rendered":"Pasaportes aceptados para viajar a EE.UU."},"content":{"rendered":"\n<h1 class=\"wp-block-heading\">\u00bfQu\u00e9 pasaporte necesito para viajar a Estados Unidos?<\/h1>\n\n<p>Estados Unidos impone ciertas condiciones sobre el tipo de pasaporte exigido a los viajeros que desean entrar en el pa\u00eds en virtud del <a href=\"https:\/\/usa-gv.com\/es\/visa-waiver-program-eeuu\/\">Programa de Exenci\u00f3n de Visado<\/a>. He aqu\u00ed las especificaciones del pasaporte exigidas por las autoridades estadounidenses para una <a href=\"https:\/\/usa-gv.com\/es\/formulario-esta-en-linea\/\">solicitud ESTA en l\u00ednea<\/a> para los Estados Unidos:<\/p>\n\n<ul class=\"wp-block-list\">\n<li>Los viajeros deben estar en posesi\u00f3n de un pasaporte biom\u00e9trico o electr\u00f3nico;<\/li>\n\n\n\n<li>El pasaporte debe tener una validez de 6 meses a partir de la fecha prevista de salida de Estados Unidos.<\/li>\n<\/ul>\n\n<div style=\"height:10px\" aria-hidden=\"true\" class=\"wp-block-spacer\"><\/div>\n\n<p><strong>Tenga en cuenta lo siguiente<\/strong>: El periodo de validez del pasaporte puede repercutir en el <a href=\"https:\/\/usa-gv.com\/es\/periodo-validez-esta\/\">periodo de validez del ESTA<\/a>. Cuando un pasaporte alcanza su fecha de validez, la autorizaci\u00f3n ESTA obtenida con el pasaporte deja de ser v\u00e1lida. Los viajeros deben <a href=\"https:\/\/usa-gv.com\/es\/esta-renovar\/\">renovar su ESTA<\/a> una vez que hayan obtenido un nuevo pasaporte.<\/p>\n\n<h2 class=\"wp-block-heading\">\u00bfQu\u00e9 es un pasaporte biom\u00e9trico?<\/h2>\n\n<p>El pasaporte biom\u00e9trico es un importante avance tecnol\u00f3gico en <a href=\"https:\/\/usa-gv.com\/es\/documentos-viaje-ee-uu\/\">documentos de viaje seguros para Estados Unidos<\/a>. Contiene un chip electr\u00f3nico que almacena los datos biom\u00e9tricos del titular del pasaporte. La informaci\u00f3n contenida en el microchip es :  <\/p>\n\n<ul class=\"wp-block-list\">\n<li>datos de identidad, como nombre, fecha de nacimiento y lugar de residencia;<\/li>\n\n\n\n<li>datos biom\u00e9tricos, como fotos faciales y huellas dactilares.<\/li>\n<\/ul>\n\n<div style=\"height:10px\" aria-hidden=\"true\" class=\"wp-block-spacer\"><\/div>\n\n<p>Este tipo de pasaporte est\u00e1 dise\u00f1ado para <strong>aumentar la seguridad y reducir el riesgo de fraude y falsificaci\u00f3n<\/strong>.<\/p>\n\n<h2 class=\"wp-block-heading\">\u00bfQu\u00e9 diferencia hay entre un pasaporte biom\u00e9trico y un pasaporte electr\u00f3nico?<\/h2>\n\n<p>El t\u00e9rmino pasaporte electr\u00f3nico se utiliza para designar un pasaporte que incorpora funciones electr\u00f3nicas para almacenar los datos de identificaci\u00f3n del portador.\nUn pasaporte biom\u00e9trico es un pasaporte electr\u00f3nico.\nSin embargo, en algunos pa\u00edses se distingue entre pasaporte electr\u00f3nico y pasaporte biom\u00e9trico, que tiene datos biom\u00e9tricos espec\u00edficos almacenados en el chip.  <\/p>\n\n<h2 class=\"wp-block-heading\">\u00bfC\u00f3mo puedo saber si un pasaporte es biom\u00e9trico o electr\u00f3nico?<\/h2>\n\n<p>Para saber si un pasaporte es biom\u00e9trico o electr\u00f3nico, las autoridades nacionales imprimen en su cubierta un s\u00edmbolo dorado que representa un c\u00edrculo entre dos l\u00edneas gruesas.\nEste s\u00edmbolo se encuentra debajo de la palabra PASAPORTE en la cubierta del pasaporte. <\/p>\n\n<h2 class=\"wp-block-heading\">Fotograf\u00eda de un pasaporte electr\u00f3nico con informaci\u00f3n biom\u00e9trica<\/h2>\n\n<p>Aqu\u00ed tiene una foto de la cubierta de un pasaporte europeo expedido por Francia.\nEste pasaporte tiene un chip electr\u00f3nico porque el s\u00edmbolo dorado que representa un c\u00edrculo con l\u00edneas est\u00e1 presente en la parte inferior de la cubierta del pasaporte. <\/p>\n\n<figure class=\"wp-block-image size-full is-resized\"><img fetchpriority=\"high\" decoding=\"async\" width=\"674\" height=\"988\" src=\"https:\/\/usa-gv.com\/wp-content\/uploads\/2024\/03\/Europe-passport.jpg\" alt=\"Portada del pasaporte electr&#xF3;nico\" class=\"wp-image-3251\" style=\"width:840px;height:auto\" srcset=\"https:\/\/usa-gv.com\/wp-content\/uploads\/2024\/03\/Europe-passport.jpg 674w, https:\/\/usa-gv.com\/wp-content\/uploads\/2024\/03\/Europe-passport-205x300.jpg 205w\" sizes=\"(max-width: 674px) 100vw, 674px\" \/><\/figure>\n","protected":false},"excerpt":{"rendered":"<p>\u00bfQu\u00e9 pasaporte necesito para viajar a Estados Unidos? Estados Unidos impone ciertas condiciones sobre el tipo de pasaporte exigido a los viajeros que desean entrar en el pa\u00eds en virtud del Programa de Exenci\u00f3n de Visado. He aqu\u00ed las especificaciones del pasaporte exigidas por las autoridades estadounidenses para una solicitud ESTA en l\u00ednea para los [&hellip;]<\/p>\n","protected":false},"author":1,"featured_media":0,"parent":0,"menu_order":0,"comment_status":"closed","ping_status":"closed","template":"","meta":{"footnotes":""},"class_list":["post-2933","page","type-page","status-publish","hentry"],"yoast_head":"<!-- This site is optimized with the Yoast SEO plugin v26.6 - https:\/\/yoast.com\/wordpress\/plugins\/seo\/ -->\n<title>Pasaportes aceptados para viajar a EE.UU. - USA-GV.COM<\/title>\n<meta name=\"description\" content=\"Para viajar a Estados Unidos, necesita un pasaporte v\u00e1lido que haya sido aprobado por las autoridades estadounidenses.\" \/>\n<meta name=\"robots\" content=\"index, follow, max-snippet:-1, max-image-preview:large, max-video-preview:-1\" \/>\n<link rel=\"canonical\" href=\"https:\/\/usa-gv.com\/es\/pasaporte-para-estados-unidos\/\" \/>\n<meta property=\"og:locale\" content=\"es_ES\" \/>\n<meta property=\"og:type\" content=\"article\" \/>\n<meta property=\"og:title\" content=\"Pasaportes aceptados para viajar a EE.UU. - USA-GV.COM\" \/>\n<meta property=\"og:description\" content=\"Para viajar a Estados Unidos, necesita un pasaporte v\u00e1lido que haya sido aprobado por las autoridades estadounidenses.\" \/>\n<meta property=\"og:url\" content=\"https:\/\/usa-gv.com\/es\/pasaporte-para-estados-unidos\/\" \/>\n<meta property=\"og:site_name\" content=\"USA-GV.COM\" \/>\n<meta property=\"article:modified_time\" content=\"2025-02-25T11:52:28+00:00\" \/>\n<meta property=\"og:image\" content=\"https:\/\/usa-gv.com\/wp-content\/uploads\/2024\/03\/Europe-passport.jpg\" \/>\n<meta name=\"twitter:card\" content=\"summary_large_image\" \/>\n<meta name=\"twitter:label1\" content=\"Tiempo de lectura\" \/>\n\t<meta name=\"twitter:data1\" content=\"2 minutos\" \/>\n<script type=\"application\/ld+json\" class=\"yoast-schema-graph\">{\"@context\":\"https:\/\/schema.org\",\"@graph\":[{\"@type\":\"WebPage\",\"@id\":\"https:\/\/usa-gv.com\/es\/pasaporte-para-estados-unidos\/\",\"url\":\"https:\/\/usa-gv.com\/es\/pasaporte-para-estados-unidos\/\",\"name\":\"Pasaportes aceptados para viajar a EE.UU. - USA-GV.COM\",\"isPartOf\":{\"@id\":\"https:\/\/usa-gv.com\/es\/#website\"},\"primaryImageOfPage\":{\"@id\":\"https:\/\/usa-gv.com\/es\/pasaporte-para-estados-unidos\/#primaryimage\"},\"image\":{\"@id\":\"https:\/\/usa-gv.com\/es\/pasaporte-para-estados-unidos\/#primaryimage\"},\"thumbnailUrl\":\"https:\/\/usa-gv.com\/wp-content\/uploads\/2024\/03\/Europe-passport.jpg\",\"datePublished\":\"2024-03-12T18:55:40+00:00\",\"dateModified\":\"2025-02-25T11:52:28+00:00\",\"description\":\"Para viajar a Estados Unidos, necesita un pasaporte v\u00e1lido que haya sido aprobado por las autoridades estadounidenses.\",\"breadcrumb\":{\"@id\":\"https:\/\/usa-gv.com\/es\/pasaporte-para-estados-unidos\/#breadcrumb\"},\"inLanguage\":\"es\",\"potentialAction\":[{\"@type\":\"ReadAction\",\"target\":[\"https:\/\/usa-gv.com\/es\/pasaporte-para-estados-unidos\/\"]}]},{\"@type\":\"ImageObject\",\"inLanguage\":\"es\",\"@id\":\"https:\/\/usa-gv.com\/es\/pasaporte-para-estados-unidos\/#primaryimage\",\"url\":\"https:\/\/usa-gv.com\/wp-content\/uploads\/2024\/03\/Europe-passport.jpg\",\"contentUrl\":\"https:\/\/usa-gv.com\/wp-content\/uploads\/2024\/03\/Europe-passport.jpg\"},{\"@type\":\"BreadcrumbList\",\"@id\":\"https:\/\/usa-gv.com\/es\/pasaporte-para-estados-unidos\/#breadcrumb\",\"itemListElement\":[{\"@type\":\"ListItem\",\"position\":1,\"name\":\"Home\",\"item\":\"https:\/\/usa-gv.com\/es\/guia-de-viaje-de-estados-unidos\/\"},{\"@type\":\"ListItem\",\"position\":2,\"name\":\"Pasaportes aceptados para viajar a EE.UU.\"}]},{\"@type\":\"WebSite\",\"@id\":\"https:\/\/usa-gv.com\/es\/#website\",\"url\":\"https:\/\/usa-gv.com\/es\/\",\"name\":\"USA-GV.COM\",\"description\":\"\",\"potentialAction\":[{\"@type\":\"SearchAction\",\"target\":{\"@type\":\"EntryPoint\",\"urlTemplate\":\"https:\/\/usa-gv.com\/es\/?s={search_term_string}\"},\"query-input\":{\"@type\":\"PropertyValueSpecification\",\"valueRequired\":true,\"valueName\":\"search_term_string\"}}],\"inLanguage\":\"es\"}]}<\/script>\n<!-- \/ Yoast SEO plugin. -->","yoast_head_json":{"title":"Pasaportes aceptados para viajar a EE.UU. - USA-GV.COM","description":"Para viajar a Estados Unidos, necesita un pasaporte v\u00e1lido que haya sido aprobado por las autoridades estadounidenses.","robots":{"index":"index","follow":"follow","max-snippet":"max-snippet:-1","max-image-preview":"max-image-preview:large","max-video-preview":"max-video-preview:-1"},"canonical":"https:\/\/usa-gv.com\/es\/pasaporte-para-estados-unidos\/","og_locale":"es_ES","og_type":"article","og_title":"Pasaportes aceptados para viajar a EE.UU. - USA-GV.COM","og_description":"Para viajar a Estados Unidos, necesita un pasaporte v\u00e1lido que haya sido aprobado por las autoridades estadounidenses.","og_url":"https:\/\/usa-gv.com\/es\/pasaporte-para-estados-unidos\/","og_site_name":"USA-GV.COM","article_modified_time":"2025-02-25T11:52:28+00:00","og_image":[{"url":"https:\/\/usa-gv.com\/wp-content\/uploads\/2024\/03\/Europe-passport.jpg","type":"","width":"","height":""}],"twitter_card":"summary_large_image","twitter_misc":{"Tiempo de lectura":"2 minutos"},"schema":{"@context":"https:\/\/schema.org","@graph":[{"@type":"WebPage","@id":"https:\/\/usa-gv.com\/es\/pasaporte-para-estados-unidos\/","url":"https:\/\/usa-gv.com\/es\/pasaporte-para-estados-unidos\/","name":"Pasaportes aceptados para viajar a EE.UU. - USA-GV.COM","isPartOf":{"@id":"https:\/\/usa-gv.com\/es\/#website"},"primaryImageOfPage":{"@id":"https:\/\/usa-gv.com\/es\/pasaporte-para-estados-unidos\/#primaryimage"},"image":{"@id":"https:\/\/usa-gv.com\/es\/pasaporte-para-estados-unidos\/#primaryimage"},"thumbnailUrl":"https:\/\/usa-gv.com\/wp-content\/uploads\/2024\/03\/Europe-passport.jpg","datePublished":"2024-03-12T18:55:40+00:00","dateModified":"2025-02-25T11:52:28+00:00","description":"Para viajar a Estados Unidos, necesita un pasaporte v\u00e1lido que haya sido aprobado por las autoridades estadounidenses.","breadcrumb":{"@id":"https:\/\/usa-gv.com\/es\/pasaporte-para-estados-unidos\/#breadcrumb"},"inLanguage":"es","potentialAction":[{"@type":"ReadAction","target":["https:\/\/usa-gv.com\/es\/pasaporte-para-estados-unidos\/"]}]},{"@type":"ImageObject","inLanguage":"es","@id":"https:\/\/usa-gv.com\/es\/pasaporte-para-estados-unidos\/#primaryimage","url":"https:\/\/usa-gv.com\/wp-content\/uploads\/2024\/03\/Europe-passport.jpg","contentUrl":"https:\/\/usa-gv.com\/wp-content\/uploads\/2024\/03\/Europe-passport.jpg"},{"@type":"BreadcrumbList","@id":"https:\/\/usa-gv.com\/es\/pasaporte-para-estados-unidos\/#breadcrumb","itemListElement":[{"@type":"ListItem","position":1,"name":"Home","item":"https:\/\/usa-gv.com\/es\/guia-de-viaje-de-estados-unidos\/"},{"@type":"ListItem","position":2,"name":"Pasaportes aceptados para viajar a EE.UU."}]},{"@type":"WebSite","@id":"https:\/\/usa-gv.com\/es\/#website","url":"https:\/\/usa-gv.com\/es\/","name":"USA-GV.COM","description":"","potentialAction":[{"@type":"SearchAction","target":{"@type":"EntryPoint","urlTemplate":"https:\/\/usa-gv.com\/es\/?s={search_term_string}"},"query-input":{"@type":"PropertyValueSpecification","valueRequired":true,"valueName":"search_term_string"}}],"inLanguage":"es"}]}},"_links":{"self":[{"href":"https:\/\/usa-gv.com\/es\/wp-json\/wp\/v2\/pages\/2933","targetHints":{"allow":["GET"]}}],"collection":[{"href":"https:\/\/usa-gv.com\/es\/wp-json\/wp\/v2\/pages"}],"about":[{"href":"https:\/\/usa-gv.com\/es\/wp-json\/wp\/v2\/types\/page"}],"author":[{"embeddable":true,"href":"https:\/\/usa-gv.com\/es\/wp-json\/wp\/v2\/users\/1"}],"replies":[{"embeddable":true,"href":"https:\/\/usa-gv.com\/es\/wp-json\/wp\/v2\/comments?post=2933"}],"version-history":[{"count":1,"href":"https:\/\/usa-gv.com\/es\/wp-json\/wp\/v2\/pages\/2933\/revisions"}],"predecessor-version":[{"id":7641,"href":"https:\/\/usa-gv.com\/es\/wp-json\/wp\/v2\/pages\/2933\/revisions\/7641"}],"wp:attachment":[{"href":"https:\/\/usa-gv.com\/es\/wp-json\/wp\/v2\/media?parent=2933"}],"curies":[{"name":"wp","href":"https:\/\/api.w.org\/{rel}","templated":true}]}}