{"id":2915,"date":"2024-03-11T21:42:38","date_gmt":"2024-03-11T21:42:38","guid":{"rendered":"https:\/\/usa-gv.com\/reglas-de-elegibilidad-para-esta\/"},"modified":"2025-02-25T11:51:59","modified_gmt":"2025-02-25T11:51:59","slug":"reglas-de-elegibilidad-para-esta","status":"publish","type":"page","link":"https:\/\/usa-gv.com\/es\/reglas-de-elegibilidad-para-esta\/","title":{"rendered":"Las normas para obtener un ESTA"},"content":{"rendered":"\n<h1 class=\"wp-block-heading\">Requisitos para obtener el ESTA<\/h1>\n\n<p>Viajar a Estados Unidos en el marco del Programa de Exenci\u00f3n de Visado requiere una autorizaci\u00f3n de viaje ESTA.\nEsta autorizaci\u00f3n es esencial para los nacionales de pa\u00edses participantes en el VWP que deseen visitar Estados Unidos para estancias de hasta 90 d\u00edas.\nLas condiciones de elegibilidad para obtener un ESTA se refieren a :  <\/p>\n\n<ol class=\"wp-block-list\">\n<li>La nacionalidad del solicitante<\/li>\n\n\n\n<li>Tipo de pasaporte<\/li>\n\n\n\n<li>Duraci\u00f3n y motivo de la estancia<\/li>\n\n\n\n<li>Perfil personal y de seguridad<\/li>\n<\/ol>\n\n<div style=\"height:10px\" aria-hidden=\"true\" class=\"wp-block-spacer\"><\/div>\n\n<p><strong>Si cumples estos criterios de elegibilidad<\/strong>, puedes cumplimentar el <a href=\"https:\/\/usa-gv.com\/es\/formulario-esta-en-linea\/\">formulario ESTA en l\u00ednea<\/a> en s\u00f3lo unos minutos.<\/p>\n\n<div style=\"height:10px\" aria-hidden=\"true\" class=\"wp-block-spacer\"><\/div>\n\n<h2 class=\"wp-block-heading\">1. Ciudadanos autorizados a solicitar un ESTA<\/h2>\n\n<p>Para poder optar al ESTA, el viajero debe ser ciudadano o nacional de un <a href=\"https:\/\/usa-gv.com\/es\/visa-waiver-program-eeuu\/\">pa\u00eds participante en el VWP<\/a>.<\/p>\n\n<h2 class=\"wp-block-heading\">2. Tipos de pasaportes autorizados para viajar a EE.UU.<\/h2>\n\n<p>Los viajeros extranjeros deben estar en posesi\u00f3n de un <a href=\"https:\/\/usa-gv.com\/es\/pasaporte-para-estados-unidos\/\">pasaporte v\u00e1lido para EE.UU.<\/a> y expedido por un pa\u00eds participante en el VWP. Este pasaporte debe ser :<\/p>\n\n<ul class=\"wp-block-list\">\n<li>Un pasaporte electr\u00f3nico que contiene un chip digital.<\/li>\n\n\n\n<li>V\u00e1lido durante la estancia en Estados Unidos.<\/li>\n<\/ul>\n\n<div style=\"height:10px\" aria-hidden=\"true\" class=\"wp-block-spacer\"><\/div>\n\n<h2 class=\"wp-block-heading\">3. Motivo y duraci\u00f3n de la estancia<\/h2>\n\n<p>La autorizaci\u00f3n ESTA s\u00f3lo es necesaria para estancias cortas.\nEl ESTA es para estancias de hasta 90 d\u00edas.\nSi piensas quedarte m\u00e1s tiempo, tendr\u00e1s que obtener un <a href=\"https:\/\/usa-gv.com\/es\/visado-turista-eeuu\/\">visado de turista para EEUU<\/a>.  <\/p>\n\n<p><strong>Los motivos de viaje aceptables para obtener un ESTA incluyen<\/strong>: Turismo, visitas a familiares o amigos, citas de negocios (reuniones, conferencias), tratamiento m\u00e9dico o <a href=\"https:\/\/usa-gv.com\/es\/esta-transito-ee-uu\/\">tr\u00e1nsito por EEUU<\/a>.<\/p>\n\n<p>Las estancias por estudios, trabajo remunerado o residencia permanente no se autorizan con la autorizaci\u00f3n de viaje ESTA.<\/p>\n\n<h2 class=\"wp-block-heading\">4. Condiciones personales y de seguridad<\/h2>\n\n<p>Para obtener la autorizaci\u00f3n de viaje ESTA, debes cumplir los requisitos de seguridad y sanitarios de las autoridades fronterizas estadounidenses.\nLa \u00faltima parte de las <a href=\"https:\/\/usa-gv.com\/es\/preguntas-sobre-el-formulario-esta\/\">preguntas del ESTA<\/a> se refiere a tu perfil de seguridad personal para EEUU: <\/p>\n\n<ul class=\"wp-block-list\">\n<li><strong>Antecedentes penales<\/strong>: Debes responder a una serie de preguntas de seguridad cuando <a href=\"https:\/\/usa-gv.com\/es\/como-solicitar-esta\/\">solicites el ESTA<\/a>. Cualquier condena penal, enfermedad contagiosa o infracci\u00f3n previa de las leyes de inmigraci\u00f3n de EE.UU. puede dar lugar a la <a href=\"https:\/\/usa-gv.com\/es\/solicitud-esta-rechazada\/\">denegaci\u00f3n de tu ESTA<\/a>.<\/li>\n\n\n\n<li><strong>Problemas de salud<\/strong>: Debes declarar si padeces determinadas enfermedades contagiosas.\nA las personas que supongan un riesgo para la salud p\u00fablica se les puede denegar el ESTA. <\/li>\n\n\n\n<li><strong>Viajes a determinados pa\u00edses<\/strong>: Si viajaste a Ir\u00e1n, Irak, Libia, Corea del Norte, Somalia, Sud\u00e1n, Siria o Yemen despu\u00e9s del 1 de marzo de 2011, no podr\u00e1s optar a un ESTA y tendr\u00e1s que solicitar un visado.<\/li>\n<\/ul>\n\n<ol start=\"3\" class=\"wp-block-list\">\n<li><\/li>\n<\/ol>\n","protected":false},"excerpt":{"rendered":"<p>Requisitos para obtener el ESTA Viajar a Estados Unidos en el marco del Programa de Exenci\u00f3n de Visado requiere una autorizaci\u00f3n de viaje ESTA. Esta autorizaci\u00f3n es esencial para los nacionales de pa\u00edses participantes en el VWP que deseen visitar Estados Unidos para estancias de hasta 90 d\u00edas. Las condiciones de elegibilidad para obtener un [&hellip;]<\/p>\n","protected":false},"author":1,"featured_media":0,"parent":0,"menu_order":0,"comment_status":"closed","ping_status":"closed","template":"","meta":{"footnotes":""},"class_list":["post-2915","page","type-page","status-publish","hentry"],"yoast_head":"<!-- This site is optimized with the Yoast SEO plugin v26.6 - https:\/\/yoast.com\/wordpress\/plugins\/seo\/ -->\n<title>Las normas para obtener un ESTA - USA-GV.COM<\/title>\n<meta name=\"description\" content=\"S\u00f3lo se puede obtener una autorizaci\u00f3n de viaje ESTA si el viajero cumple determinados criterios de elegibilidad.\" \/>\n<meta name=\"robots\" content=\"index, follow, max-snippet:-1, max-image-preview:large, max-video-preview:-1\" \/>\n<link rel=\"canonical\" href=\"https:\/\/usa-gv.com\/es\/reglas-de-elegibilidad-para-esta\/\" \/>\n<meta property=\"og:locale\" content=\"es_ES\" \/>\n<meta property=\"og:type\" content=\"article\" \/>\n<meta property=\"og:title\" content=\"Las normas para obtener un ESTA - USA-GV.COM\" \/>\n<meta property=\"og:description\" content=\"S\u00f3lo se puede obtener una autorizaci\u00f3n de viaje ESTA si el viajero cumple determinados criterios de elegibilidad.\" \/>\n<meta property=\"og:url\" content=\"https:\/\/usa-gv.com\/es\/reglas-de-elegibilidad-para-esta\/\" \/>\n<meta property=\"og:site_name\" content=\"USA-GV.COM\" \/>\n<meta property=\"article:modified_time\" content=\"2025-02-25T11:51:59+00:00\" \/>\n<meta name=\"twitter:card\" content=\"summary_large_image\" \/>\n<meta name=\"twitter:label1\" content=\"Tiempo de lectura\" \/>\n\t<meta name=\"twitter:data1\" content=\"2 minutos\" \/>\n<script type=\"application\/ld+json\" class=\"yoast-schema-graph\">{\"@context\":\"https:\/\/schema.org\",\"@graph\":[{\"@type\":\"WebPage\",\"@id\":\"https:\/\/usa-gv.com\/es\/reglas-de-elegibilidad-para-esta\/\",\"url\":\"https:\/\/usa-gv.com\/es\/reglas-de-elegibilidad-para-esta\/\",\"name\":\"Las normas para obtener un ESTA - USA-GV.COM\",\"isPartOf\":{\"@id\":\"https:\/\/usa-gv.com\/es\/#website\"},\"datePublished\":\"2024-03-11T21:42:38+00:00\",\"dateModified\":\"2025-02-25T11:51:59+00:00\",\"description\":\"S\u00f3lo se puede obtener una autorizaci\u00f3n de viaje ESTA si el viajero cumple determinados criterios de elegibilidad.\",\"breadcrumb\":{\"@id\":\"https:\/\/usa-gv.com\/es\/reglas-de-elegibilidad-para-esta\/#breadcrumb\"},\"inLanguage\":\"es\",\"potentialAction\":[{\"@type\":\"ReadAction\",\"target\":[\"https:\/\/usa-gv.com\/es\/reglas-de-elegibilidad-para-esta\/\"]}]},{\"@type\":\"BreadcrumbList\",\"@id\":\"https:\/\/usa-gv.com\/es\/reglas-de-elegibilidad-para-esta\/#breadcrumb\",\"itemListElement\":[{\"@type\":\"ListItem\",\"position\":1,\"name\":\"Home\",\"item\":\"https:\/\/usa-gv.com\/es\/guia-de-viaje-de-estados-unidos\/\"},{\"@type\":\"ListItem\",\"position\":2,\"name\":\"Las normas para obtener un ESTA\"}]},{\"@type\":\"WebSite\",\"@id\":\"https:\/\/usa-gv.com\/es\/#website\",\"url\":\"https:\/\/usa-gv.com\/es\/\",\"name\":\"USA-GV.COM\",\"description\":\"\",\"potentialAction\":[{\"@type\":\"SearchAction\",\"target\":{\"@type\":\"EntryPoint\",\"urlTemplate\":\"https:\/\/usa-gv.com\/es\/?s={search_term_string}\"},\"query-input\":{\"@type\":\"PropertyValueSpecification\",\"valueRequired\":true,\"valueName\":\"search_term_string\"}}],\"inLanguage\":\"es\"}]}<\/script>\n<!-- \/ Yoast SEO plugin. -->","yoast_head_json":{"title":"Las normas para obtener un ESTA - USA-GV.COM","description":"S\u00f3lo se puede obtener una autorizaci\u00f3n de viaje ESTA si el viajero cumple determinados criterios de elegibilidad.","robots":{"index":"index","follow":"follow","max-snippet":"max-snippet:-1","max-image-preview":"max-image-preview:large","max-video-preview":"max-video-preview:-1"},"canonical":"https:\/\/usa-gv.com\/es\/reglas-de-elegibilidad-para-esta\/","og_locale":"es_ES","og_type":"article","og_title":"Las normas para obtener un ESTA - USA-GV.COM","og_description":"S\u00f3lo se puede obtener una autorizaci\u00f3n de viaje ESTA si el viajero cumple determinados criterios de elegibilidad.","og_url":"https:\/\/usa-gv.com\/es\/reglas-de-elegibilidad-para-esta\/","og_site_name":"USA-GV.COM","article_modified_time":"2025-02-25T11:51:59+00:00","twitter_card":"summary_large_image","twitter_misc":{"Tiempo de lectura":"2 minutos"},"schema":{"@context":"https:\/\/schema.org","@graph":[{"@type":"WebPage","@id":"https:\/\/usa-gv.com\/es\/reglas-de-elegibilidad-para-esta\/","url":"https:\/\/usa-gv.com\/es\/reglas-de-elegibilidad-para-esta\/","name":"Las normas para obtener un ESTA - USA-GV.COM","isPartOf":{"@id":"https:\/\/usa-gv.com\/es\/#website"},"datePublished":"2024-03-11T21:42:38+00:00","dateModified":"2025-02-25T11:51:59+00:00","description":"S\u00f3lo se puede obtener una autorizaci\u00f3n de viaje ESTA si el viajero cumple determinados criterios de elegibilidad.","breadcrumb":{"@id":"https:\/\/usa-gv.com\/es\/reglas-de-elegibilidad-para-esta\/#breadcrumb"},"inLanguage":"es","potentialAction":[{"@type":"ReadAction","target":["https:\/\/usa-gv.com\/es\/reglas-de-elegibilidad-para-esta\/"]}]},{"@type":"BreadcrumbList","@id":"https:\/\/usa-gv.com\/es\/reglas-de-elegibilidad-para-esta\/#breadcrumb","itemListElement":[{"@type":"ListItem","position":1,"name":"Home","item":"https:\/\/usa-gv.com\/es\/guia-de-viaje-de-estados-unidos\/"},{"@type":"ListItem","position":2,"name":"Las normas para obtener un ESTA"}]},{"@type":"WebSite","@id":"https:\/\/usa-gv.com\/es\/#website","url":"https:\/\/usa-gv.com\/es\/","name":"USA-GV.COM","description":"","potentialAction":[{"@type":"SearchAction","target":{"@type":"EntryPoint","urlTemplate":"https:\/\/usa-gv.com\/es\/?s={search_term_string}"},"query-input":{"@type":"PropertyValueSpecification","valueRequired":true,"valueName":"search_term_string"}}],"inLanguage":"es"}]}},"_links":{"self":[{"href":"https:\/\/usa-gv.com\/es\/wp-json\/wp\/v2\/pages\/2915","targetHints":{"allow":["GET"]}}],"collection":[{"href":"https:\/\/usa-gv.com\/es\/wp-json\/wp\/v2\/pages"}],"about":[{"href":"https:\/\/usa-gv.com\/es\/wp-json\/wp\/v2\/types\/page"}],"author":[{"embeddable":true,"href":"https:\/\/usa-gv.com\/es\/wp-json\/wp\/v2\/users\/1"}],"replies":[{"embeddable":true,"href":"https:\/\/usa-gv.com\/es\/wp-json\/wp\/v2\/comments?post=2915"}],"version-history":[{"count":1,"href":"https:\/\/usa-gv.com\/es\/wp-json\/wp\/v2\/pages\/2915\/revisions"}],"predecessor-version":[{"id":7624,"href":"https:\/\/usa-gv.com\/es\/wp-json\/wp\/v2\/pages\/2915\/revisions\/7624"}],"wp:attachment":[{"href":"https:\/\/usa-gv.com\/es\/wp-json\/wp\/v2\/media?parent=2915"}],"curies":[{"name":"wp","href":"https:\/\/api.w.org\/{rel}","templated":true}]}}