{"id":2895,"date":"2024-03-12T09:15:27","date_gmt":"2024-03-12T09:15:27","guid":{"rendered":"https:\/\/usa-gv.com\/preguntas-sobre-el-formulario-esta\/"},"modified":"2025-02-25T11:51:40","modified_gmt":"2025-02-25T11:51:40","slug":"preguntas-sobre-el-formulario-esta","status":"publish","type":"page","link":"https:\/\/usa-gv.com\/es\/preguntas-sobre-el-formulario-esta\/","title":{"rendered":"Preguntas sobre el formulario ESTA en l\u00ednea"},"content":{"rendered":"\n<h1 class=\"wp-block-heading\">\u00bfQu\u00e9 preguntas figuran en el formulario ESTA?<\/h1>\n\n<p>El formulario ESTA se rellena en l\u00ednea.\nConsta de tres secciones distintas de informaci\u00f3n que deben cumplimentarse para validar la solicitud en l\u00ednea de autorizaci\u00f3n de viaje ESTA. <\/p>\n\n<p>Estos tres ep\u00edgrafes principales est\u00e1n en orden:<\/p>\n\n<ul class=\"wp-block-list\">\n<li>Datos personales del viajero ;<\/li>\n\n\n\n<li>Informaci\u00f3n de viajes por Estados Unidos ;<\/li>\n\n\n\n<li>Preguntas sobre el estado de salud, las intenciones y los antecedentes penales del viajero.<\/li>\n<\/ul>\n\n<div style=\"height:10px\" aria-hidden=\"true\" class=\"wp-block-spacer\"><\/div>\n\n<p><strong>Para rellenar el formulario<\/strong>, simplemente haga clic en <a href=\"https:\/\/usa-gv.com\/es\/formulario-esta-en-linea\/\">ESTA online form<\/a>.<\/p>\n\n<div style=\"height:10px\" aria-hidden=\"true\" class=\"wp-block-spacer\"><\/div>\n\n<h2 class=\"wp-block-heading\">Las informaciones personales del viajero.<\/h2>\n\n<p>En esta primera parte del cuestionario, los candidatos deben rellenar todos sus datos personales de identidad.\nLos principales datos que hay que introducir son: nombre y apellidos, fecha y ciudad de nacimiento, sexo, estado civil, direcci\u00f3n de correo electr\u00f3nico, identidad de los padres, datos de contacto del \u00faltimo empleador. <\/p>\n\n<p>Desde diciembre de 2022, tiene que descargar su <a href=\"https:\/\/usa-gv.com\/es\/pasaporte-para-estados-unidos\/\">pasaporte para EE.UU<\/a>. en l\u00ednea para validar la informaci\u00f3n introducida en la primera parte del formulario.<\/p>\n\n<h2 class=\"wp-block-heading\">Informaci\u00f3n de viaje para Estados Unidos<\/h2>\n\n<p>La segunda parte del formulario del <a href=\"https:\/\/usa-gv.com\/es\/sitio-web-oficial-esta\/\">sitio web oficial del ESTA<\/a> se utiliza para introducir informaci\u00f3n sobre el viaje a Estados Unidos. El viajero debe facilitar informaci\u00f3n sobre la compa\u00f1\u00eda a\u00e9rea, la ciudad de embarque para el viaje y el lugar de residencia en EE.UU. durante la estancia.<\/p>\n\n<p>Por \u00faltimo, debe facilitar los datos de la persona de contacto en caso de emergencia, tanto si se encuentra en Estados Unidos como fuera del pa\u00eds.<\/p>\n\n<h2 class=\"wp-block-heading\">Preguntas sobre salud y antecedentes penales<\/h2>\n\n<p>La parte final del cuestionario consta de 10 preguntas de calificaci\u00f3n.\nEstas preguntas permiten a las autoridades estadounidenses determinar si el viajero cumple los requisitos para entrar en Estados Unidos en el marco del <a href=\"https:\/\/usa-gv.com\/es\/visa-waiver-program-eeuu\/\">Programa de Exenci\u00f3n de Visado<\/a>.\nLas preguntas son cerradas, por lo que s\u00f3lo tiene que responder S\u00cd o NO.\nHe aqu\u00ed los temas de las preguntas:   <\/p>\n\n<ul class=\"wp-block-list\">\n<li>La salud personal del viajero<\/li>\n\n\n\n<li>Sus antecedentes penales<\/li>\n\n\n\n<li>Su historial de drogas<\/li>\n\n\n\n<li>Actividades terroristas potenciales<\/li>\n\n\n\n<li>Aspiraciones profesionales de los solicitantes en Estados Unidos<\/li>\n\n\n\n<li>Historia de las solicitudes de visado en EE.UU.<\/li>\n\n\n\n<li>Sus anteriores viajes a \u00c1frica y Oriente Medio.<\/li>\n<\/ul>\n\n<div style=\"height:10px\" aria-hidden=\"true\" class=\"wp-block-spacer\"><\/div>\n\n<p>La \u00faltima casilla que debe marcarse permite al viajero certificar que ha le\u00eddo y comprendido el formulario ESTA cumplimentado.\nEl viajero renuncia a impugnar cualquier decisi\u00f3n adoptada por el funcionario de inmigraci\u00f3n al pasar la aduana a su llegada a Estados Unidos. <\/p>\n\n<h2 class=\"wp-block-heading\">\u00bfQu\u00e9 documentos necesito para responder a las preguntas del ESTA?<\/h2>\n\n<p>Para rellenar las preguntas del formulario ESTA en l\u00ednea, los viajeros deben llevar consigo los siguientes <a href=\"https:\/\/usa-gv.com\/es\/documentos-viaje-ee-uu\/\">documentos de viaje estadounidenses<\/a>:<\/p>\n\n<ul class=\"wp-block-list\">\n<li><a href=\"https:\/\/usa-gv.com\/es\/pasaporte-para-estados-unidos\/\">Pasaporte v\u00e1lido para EE.UU.<\/a>;<\/li>\n\n\n\n<li>Informaci\u00f3n sobre su billete de avi\u00f3n a EE.UU. ;<\/li>\n\n\n\n<li>Una tarjeta bancaria para <a href=\"https:\/\/usa-gv.com\/es\/como-pagar-una-esta\/\">pagar el ESTA<\/a>.<\/li>\n<\/ul>\n","protected":false},"excerpt":{"rendered":"<p>\u00bfQu\u00e9 preguntas figuran en el formulario ESTA? El formulario ESTA se rellena en l\u00ednea. Consta de tres secciones distintas de informaci\u00f3n que deben cumplimentarse para validar la solicitud en l\u00ednea de autorizaci\u00f3n de viaje ESTA. Estos tres ep\u00edgrafes principales est\u00e1n en orden: Para rellenar el formulario, simplemente haga clic en ESTA online form. Las informaciones [&hellip;]<\/p>\n","protected":false},"author":1,"featured_media":0,"parent":0,"menu_order":0,"comment_status":"closed","ping_status":"closed","template":"","meta":{"footnotes":""},"class_list":["post-2895","page","type-page","status-publish","hentry"],"yoast_head":"<!-- This site is optimized with the Yoast SEO plugin v26.6 - https:\/\/yoast.com\/wordpress\/plugins\/seo\/ -->\n<title>Preguntas sobre el formulario ESTA en l\u00ednea - USA-GV.COM<\/title>\n<meta name=\"description\" content=\"Descubra todas las preguntas a rellenar en el formulario ESTA para validar una solicitud ESTA en l\u00ednea.\" \/>\n<meta name=\"robots\" content=\"index, follow, max-snippet:-1, max-image-preview:large, max-video-preview:-1\" \/>\n<link rel=\"canonical\" href=\"https:\/\/usa-gv.com\/es\/preguntas-sobre-el-formulario-esta\/\" \/>\n<meta property=\"og:locale\" content=\"es_ES\" \/>\n<meta property=\"og:type\" content=\"article\" \/>\n<meta property=\"og:title\" content=\"Preguntas sobre el formulario ESTA en l\u00ednea - USA-GV.COM\" \/>\n<meta property=\"og:description\" content=\"Descubra todas las preguntas a rellenar en el formulario ESTA para validar una solicitud ESTA en l\u00ednea.\" \/>\n<meta property=\"og:url\" content=\"https:\/\/usa-gv.com\/es\/preguntas-sobre-el-formulario-esta\/\" \/>\n<meta property=\"og:site_name\" content=\"USA-GV.COM\" \/>\n<meta property=\"article:modified_time\" content=\"2025-02-25T11:51:40+00:00\" \/>\n<meta name=\"twitter:card\" content=\"summary_large_image\" \/>\n<meta name=\"twitter:label1\" content=\"Tiempo de lectura\" \/>\n\t<meta name=\"twitter:data1\" content=\"2 minutos\" \/>\n<script type=\"application\/ld+json\" class=\"yoast-schema-graph\">{\"@context\":\"https:\/\/schema.org\",\"@graph\":[{\"@type\":\"WebPage\",\"@id\":\"https:\/\/usa-gv.com\/es\/preguntas-sobre-el-formulario-esta\/\",\"url\":\"https:\/\/usa-gv.com\/es\/preguntas-sobre-el-formulario-esta\/\",\"name\":\"Preguntas sobre el formulario ESTA en l\u00ednea - USA-GV.COM\",\"isPartOf\":{\"@id\":\"https:\/\/usa-gv.com\/es\/#website\"},\"datePublished\":\"2024-03-12T09:15:27+00:00\",\"dateModified\":\"2025-02-25T11:51:40+00:00\",\"description\":\"Descubra todas las preguntas a rellenar en el formulario ESTA para validar una solicitud ESTA en l\u00ednea.\",\"breadcrumb\":{\"@id\":\"https:\/\/usa-gv.com\/es\/preguntas-sobre-el-formulario-esta\/#breadcrumb\"},\"inLanguage\":\"es\",\"potentialAction\":[{\"@type\":\"ReadAction\",\"target\":[\"https:\/\/usa-gv.com\/es\/preguntas-sobre-el-formulario-esta\/\"]}]},{\"@type\":\"BreadcrumbList\",\"@id\":\"https:\/\/usa-gv.com\/es\/preguntas-sobre-el-formulario-esta\/#breadcrumb\",\"itemListElement\":[{\"@type\":\"ListItem\",\"position\":1,\"name\":\"Home\",\"item\":\"https:\/\/usa-gv.com\/es\/guia-de-viaje-de-estados-unidos\/\"},{\"@type\":\"ListItem\",\"position\":2,\"name\":\"Preguntas sobre el formulario ESTA en l\u00ednea\"}]},{\"@type\":\"WebSite\",\"@id\":\"https:\/\/usa-gv.com\/es\/#website\",\"url\":\"https:\/\/usa-gv.com\/es\/\",\"name\":\"USA-GV.COM\",\"description\":\"\",\"potentialAction\":[{\"@type\":\"SearchAction\",\"target\":{\"@type\":\"EntryPoint\",\"urlTemplate\":\"https:\/\/usa-gv.com\/es\/?s={search_term_string}\"},\"query-input\":{\"@type\":\"PropertyValueSpecification\",\"valueRequired\":true,\"valueName\":\"search_term_string\"}}],\"inLanguage\":\"es\"}]}<\/script>\n<!-- \/ Yoast SEO plugin. -->","yoast_head_json":{"title":"Preguntas sobre el formulario ESTA en l\u00ednea - USA-GV.COM","description":"Descubra todas las preguntas a rellenar en el formulario ESTA para validar una solicitud ESTA en l\u00ednea.","robots":{"index":"index","follow":"follow","max-snippet":"max-snippet:-1","max-image-preview":"max-image-preview:large","max-video-preview":"max-video-preview:-1"},"canonical":"https:\/\/usa-gv.com\/es\/preguntas-sobre-el-formulario-esta\/","og_locale":"es_ES","og_type":"article","og_title":"Preguntas sobre el formulario ESTA en l\u00ednea - USA-GV.COM","og_description":"Descubra todas las preguntas a rellenar en el formulario ESTA para validar una solicitud ESTA en l\u00ednea.","og_url":"https:\/\/usa-gv.com\/es\/preguntas-sobre-el-formulario-esta\/","og_site_name":"USA-GV.COM","article_modified_time":"2025-02-25T11:51:40+00:00","twitter_card":"summary_large_image","twitter_misc":{"Tiempo de lectura":"2 minutos"},"schema":{"@context":"https:\/\/schema.org","@graph":[{"@type":"WebPage","@id":"https:\/\/usa-gv.com\/es\/preguntas-sobre-el-formulario-esta\/","url":"https:\/\/usa-gv.com\/es\/preguntas-sobre-el-formulario-esta\/","name":"Preguntas sobre el formulario ESTA en l\u00ednea - USA-GV.COM","isPartOf":{"@id":"https:\/\/usa-gv.com\/es\/#website"},"datePublished":"2024-03-12T09:15:27+00:00","dateModified":"2025-02-25T11:51:40+00:00","description":"Descubra todas las preguntas a rellenar en el formulario ESTA para validar una solicitud ESTA en l\u00ednea.","breadcrumb":{"@id":"https:\/\/usa-gv.com\/es\/preguntas-sobre-el-formulario-esta\/#breadcrumb"},"inLanguage":"es","potentialAction":[{"@type":"ReadAction","target":["https:\/\/usa-gv.com\/es\/preguntas-sobre-el-formulario-esta\/"]}]},{"@type":"BreadcrumbList","@id":"https:\/\/usa-gv.com\/es\/preguntas-sobre-el-formulario-esta\/#breadcrumb","itemListElement":[{"@type":"ListItem","position":1,"name":"Home","item":"https:\/\/usa-gv.com\/es\/guia-de-viaje-de-estados-unidos\/"},{"@type":"ListItem","position":2,"name":"Preguntas sobre el formulario ESTA en l\u00ednea"}]},{"@type":"WebSite","@id":"https:\/\/usa-gv.com\/es\/#website","url":"https:\/\/usa-gv.com\/es\/","name":"USA-GV.COM","description":"","potentialAction":[{"@type":"SearchAction","target":{"@type":"EntryPoint","urlTemplate":"https:\/\/usa-gv.com\/es\/?s={search_term_string}"},"query-input":{"@type":"PropertyValueSpecification","valueRequired":true,"valueName":"search_term_string"}}],"inLanguage":"es"}]}},"_links":{"self":[{"href":"https:\/\/usa-gv.com\/es\/wp-json\/wp\/v2\/pages\/2895","targetHints":{"allow":["GET"]}}],"collection":[{"href":"https:\/\/usa-gv.com\/es\/wp-json\/wp\/v2\/pages"}],"about":[{"href":"https:\/\/usa-gv.com\/es\/wp-json\/wp\/v2\/types\/page"}],"author":[{"embeddable":true,"href":"https:\/\/usa-gv.com\/es\/wp-json\/wp\/v2\/users\/1"}],"replies":[{"embeddable":true,"href":"https:\/\/usa-gv.com\/es\/wp-json\/wp\/v2\/comments?post=2895"}],"version-history":[{"count":1,"href":"https:\/\/usa-gv.com\/es\/wp-json\/wp\/v2\/pages\/2895\/revisions"}],"predecessor-version":[{"id":7613,"href":"https:\/\/usa-gv.com\/es\/wp-json\/wp\/v2\/pages\/2895\/revisions\/7613"}],"wp:attachment":[{"href":"https:\/\/usa-gv.com\/es\/wp-json\/wp\/v2\/media?parent=2895"}],"curies":[{"name":"wp","href":"https:\/\/api.w.org\/{rel}","templated":true}]}}