{"id":2877,"date":"2024-03-12T20:17:01","date_gmt":"2024-03-12T20:17:01","guid":{"rendered":"https:\/\/usa-gv.com\/documentos-viaje-ee-uu\/"},"modified":"2025-02-25T11:51:33","modified_gmt":"2025-02-25T11:51:33","slug":"documentos-viaje-ee-uu","status":"publish","type":"page","link":"https:\/\/usa-gv.com\/es\/documentos-viaje-ee-uu\/","title":{"rendered":"Documentos de viaje a Estados Unidos"},"content":{"rendered":"\n<h1 class=\"wp-block-heading\">\u00bfQu\u00e9 documentos de viaje necesito para viajar a Estados Unidos?<\/h1>\n\n<p>Viajar a Estados Unidos requiere determinados documentos de viaje.\nTanto si eres turista, estudiante o profesional, aqu\u00ed tienes los documentos necesarios para entrar en Estados Unidos. <\/p>\n\n<h2 class=\"wp-block-heading\">Pasaporte v\u00e1lido para EE.UU.<\/h2>\n\n<p>Para viajar por el continente americano se requiere un <a href=\"https:\/\/usa-gv.com\/es\/pasaporte-para-estados-unidos\/\">pasaporte v\u00e1lido para entrar en Estados Unidos<\/a>. Aseg\u00farate de que el pasaporte :<\/p>\n\n<ul class=\"wp-block-list\">\n<li>Es un pasaporte electr\u00f3nico que contiene un chip digital.<\/li>\n\n\n\n<li>Contiene al menos una p\u00e1gina en blanco para los sellos de entrada y salida.<\/li>\n\n\n\n<li>Es v\u00e1lido durante toda tu estancia.<\/li>\n<\/ul>\n\n<div style=\"height:10px\" aria-hidden=\"true\" class=\"wp-block-spacer\"><\/div>\n\n<h2 class=\"wp-block-heading\">Autorizaci\u00f3n de viaje o visado ESTA<\/h2>\n\n<p>Seg\u00fan tu pa\u00eds de nacionalidad y la naturaleza de tu viaje, necesitar\u00e1s un visado o una autorizaci\u00f3n ESTA.<\/p>\n\n<ul class=\"wp-block-list\">\n<li><a href=\"https:\/\/usa-gv.com\/es\/visado-turista-eeuu\/\">Visado de turista B2<\/a>: Obligatorio para estancias tur\u00edsticas de m\u00e1s de 90 d\u00edas o para nacionales de pa\u00edses que no pueden acogerse al Programa de Exenci\u00f3n de Visado.<\/li>\n\n\n\n<li>Visado de negocios B1: Para viajes de negocios, reuniones, conferencias o negociaciones de contratos.<\/li>\n\n\n\n<li><a href=\"https:\/\/usa-gv.com\/es\/\">Autorizaci\u00f3n ESTA<\/a>: Para los nacionales de pa\u00edses que pueden acogerse al <a href=\"https:\/\/usa-gv.com\/es\/visa-waiver-program-eeuu\/\">Programa de Exenci\u00f3n de Visado<\/a>, se requiere una autorizaci\u00f3n ESTA para estancias de hasta 90 d\u00edas. Un <a href=\"https:\/\/usa-gv.com\/es\/periodo-validez-esta\/\">ESTA es v\u00e1lido<\/a> durante dos a\u00f1os o hasta que caduque tu pasaporte.<\/li>\n<\/ul>\n\n<div style=\"height:10px\" aria-hidden=\"true\" class=\"wp-block-spacer\"><\/div>\n\n<h2 class=\"wp-block-heading\">Billete de avi\u00f3n de ida y vuelta<\/h2>\n\n<p>Se necesita un billete de ida y vuelta para obtener una autorizaci\u00f3n de viaje a Estados Unidos.\nLas autoridades de inmigraci\u00f3n estadounidenses quieren asegurarse de que los visitantes no planean prolongar su estancia autorizada.\nAseg\u00farate de que tienes el billete de vuelta.  <\/p>\n\n<h2 class=\"wp-block-heading\">Prueba de recursos financieros suficientes<\/h2>\n\n<p>Debes poder demostrar que dispones de fondos suficientes para mantenerte durante tu estancia en Estados Unidos.\nEsto podr\u00eda incluir extractos bancarios recientes, cartas de patrocinio financiero, pruebas de ingresos regulares o tarjetas de cr\u00e9dito v\u00e1lidas. <\/p>\n\n<h2 class=\"wp-block-heading\">Carta de invitaci\u00f3n o documentaci\u00f3n adicional<\/h2>\n\n<p>Seg\u00fan el motivo de tu viaje, puedes necesitar documentos adicionales:<\/p>\n\n<ul class=\"wp-block-list\">\n<li><strong>Viaje de negocios<\/strong>: Carta de invitaci\u00f3n de la empresa estadounidense, programa de la conferencia y datos de los contactos comerciales.<\/li>\n\n\n\n<li><strong>Turismo<\/strong>: reservas de hotel, itinerarios de viaje y comprobantes de reservas de viajes.<\/li>\n\n\n\n<li><strong>Estudios<\/strong>: Formulario I20 o visado F1 para estudiantes, justificante de matr\u00edcula y cartas de admisi\u00f3n.<\/li>\n<\/ul>\n\n<div style=\"height:10px\" aria-hidden=\"true\" class=\"wp-block-spacer\"><\/div>\n\n<h2 class=\"wp-block-heading\">Documentos para menores<\/h2>\n\n<p>Si <a href=\"https:\/\/usa-gv.com\/es\/esta-for-menores\/\">viajas con hijos menores<\/a>, se requieren documentos adicionales:<\/p>\n\n<ul class=\"wp-block-list\">\n<li>Partida de nacimiento: Para demostrar la relaci\u00f3n con los padres o tutores.<\/li>\n\n\n\n<li>Carta de consentimiento: Si s\u00f3lo viaja uno de los progenitores, puede ser necesaria una carta de consentimiento del otro progenitor.<\/li>\n<\/ul>\n","protected":false},"excerpt":{"rendered":"<p>\u00bfQu\u00e9 documentos de viaje necesito para viajar a Estados Unidos? Viajar a Estados Unidos requiere determinados documentos de viaje. Tanto si eres turista, estudiante o profesional, aqu\u00ed tienes los documentos necesarios para entrar en Estados Unidos. Pasaporte v\u00e1lido para EE.UU. Para viajar por el continente americano se requiere un pasaporte v\u00e1lido para entrar en Estados [&hellip;]<\/p>\n","protected":false},"author":1,"featured_media":0,"parent":0,"menu_order":0,"comment_status":"closed","ping_status":"closed","template":"","meta":{"footnotes":""},"class_list":["post-2877","page","type-page","status-publish","hentry"],"yoast_head":"<!-- This site is optimized with the Yoast SEO plugin v26.6 - https:\/\/yoast.com\/wordpress\/plugins\/seo\/ -->\n<title>Documentos de viaje a Estados Unidos - USA-GV.COM<\/title>\n<meta name=\"description\" content=\"Descubra la lista de documentos necesarios para emprender un viaje a Estados Unidos\" \/>\n<meta name=\"robots\" content=\"index, follow, max-snippet:-1, max-image-preview:large, max-video-preview:-1\" \/>\n<link rel=\"canonical\" href=\"https:\/\/usa-gv.com\/es\/documentos-viaje-ee-uu\/\" \/>\n<meta property=\"og:locale\" content=\"es_ES\" \/>\n<meta property=\"og:type\" content=\"article\" \/>\n<meta property=\"og:title\" content=\"Documentos de viaje a Estados Unidos - USA-GV.COM\" \/>\n<meta property=\"og:description\" content=\"Descubra la lista de documentos necesarios para emprender un viaje a Estados Unidos\" \/>\n<meta property=\"og:url\" content=\"https:\/\/usa-gv.com\/es\/documentos-viaje-ee-uu\/\" \/>\n<meta property=\"og:site_name\" content=\"USA-GV.COM\" \/>\n<meta property=\"article:modified_time\" content=\"2025-02-25T11:51:33+00:00\" \/>\n<meta name=\"twitter:card\" content=\"summary_large_image\" \/>\n<meta name=\"twitter:label1\" content=\"Tiempo de lectura\" \/>\n\t<meta name=\"twitter:data1\" content=\"2 minutos\" \/>\n<script type=\"application\/ld+json\" class=\"yoast-schema-graph\">{\"@context\":\"https:\/\/schema.org\",\"@graph\":[{\"@type\":\"WebPage\",\"@id\":\"https:\/\/usa-gv.com\/es\/documentos-viaje-ee-uu\/\",\"url\":\"https:\/\/usa-gv.com\/es\/documentos-viaje-ee-uu\/\",\"name\":\"Documentos de viaje a Estados Unidos - USA-GV.COM\",\"isPartOf\":{\"@id\":\"https:\/\/usa-gv.com\/es\/#website\"},\"datePublished\":\"2024-03-12T20:17:01+00:00\",\"dateModified\":\"2025-02-25T11:51:33+00:00\",\"description\":\"Descubra la lista de documentos necesarios para emprender un viaje a Estados Unidos\",\"breadcrumb\":{\"@id\":\"https:\/\/usa-gv.com\/es\/documentos-viaje-ee-uu\/#breadcrumb\"},\"inLanguage\":\"es\",\"potentialAction\":[{\"@type\":\"ReadAction\",\"target\":[\"https:\/\/usa-gv.com\/es\/documentos-viaje-ee-uu\/\"]}]},{\"@type\":\"BreadcrumbList\",\"@id\":\"https:\/\/usa-gv.com\/es\/documentos-viaje-ee-uu\/#breadcrumb\",\"itemListElement\":[{\"@type\":\"ListItem\",\"position\":1,\"name\":\"Home\",\"item\":\"https:\/\/usa-gv.com\/es\/guia-de-viaje-de-estados-unidos\/\"},{\"@type\":\"ListItem\",\"position\":2,\"name\":\"Documentos de viaje a Estados Unidos\"}]},{\"@type\":\"WebSite\",\"@id\":\"https:\/\/usa-gv.com\/es\/#website\",\"url\":\"https:\/\/usa-gv.com\/es\/\",\"name\":\"USA-GV.COM\",\"description\":\"\",\"potentialAction\":[{\"@type\":\"SearchAction\",\"target\":{\"@type\":\"EntryPoint\",\"urlTemplate\":\"https:\/\/usa-gv.com\/es\/?s={search_term_string}\"},\"query-input\":{\"@type\":\"PropertyValueSpecification\",\"valueRequired\":true,\"valueName\":\"search_term_string\"}}],\"inLanguage\":\"es\"}]}<\/script>\n<!-- \/ Yoast SEO plugin. -->","yoast_head_json":{"title":"Documentos de viaje a Estados Unidos - USA-GV.COM","description":"Descubra la lista de documentos necesarios para emprender un viaje a Estados Unidos","robots":{"index":"index","follow":"follow","max-snippet":"max-snippet:-1","max-image-preview":"max-image-preview:large","max-video-preview":"max-video-preview:-1"},"canonical":"https:\/\/usa-gv.com\/es\/documentos-viaje-ee-uu\/","og_locale":"es_ES","og_type":"article","og_title":"Documentos de viaje a Estados Unidos - USA-GV.COM","og_description":"Descubra la lista de documentos necesarios para emprender un viaje a Estados Unidos","og_url":"https:\/\/usa-gv.com\/es\/documentos-viaje-ee-uu\/","og_site_name":"USA-GV.COM","article_modified_time":"2025-02-25T11:51:33+00:00","twitter_card":"summary_large_image","twitter_misc":{"Tiempo de lectura":"2 minutos"},"schema":{"@context":"https:\/\/schema.org","@graph":[{"@type":"WebPage","@id":"https:\/\/usa-gv.com\/es\/documentos-viaje-ee-uu\/","url":"https:\/\/usa-gv.com\/es\/documentos-viaje-ee-uu\/","name":"Documentos de viaje a Estados Unidos - USA-GV.COM","isPartOf":{"@id":"https:\/\/usa-gv.com\/es\/#website"},"datePublished":"2024-03-12T20:17:01+00:00","dateModified":"2025-02-25T11:51:33+00:00","description":"Descubra la lista de documentos necesarios para emprender un viaje a Estados Unidos","breadcrumb":{"@id":"https:\/\/usa-gv.com\/es\/documentos-viaje-ee-uu\/#breadcrumb"},"inLanguage":"es","potentialAction":[{"@type":"ReadAction","target":["https:\/\/usa-gv.com\/es\/documentos-viaje-ee-uu\/"]}]},{"@type":"BreadcrumbList","@id":"https:\/\/usa-gv.com\/es\/documentos-viaje-ee-uu\/#breadcrumb","itemListElement":[{"@type":"ListItem","position":1,"name":"Home","item":"https:\/\/usa-gv.com\/es\/guia-de-viaje-de-estados-unidos\/"},{"@type":"ListItem","position":2,"name":"Documentos de viaje a Estados Unidos"}]},{"@type":"WebSite","@id":"https:\/\/usa-gv.com\/es\/#website","url":"https:\/\/usa-gv.com\/es\/","name":"USA-GV.COM","description":"","potentialAction":[{"@type":"SearchAction","target":{"@type":"EntryPoint","urlTemplate":"https:\/\/usa-gv.com\/es\/?s={search_term_string}"},"query-input":{"@type":"PropertyValueSpecification","valueRequired":true,"valueName":"search_term_string"}}],"inLanguage":"es"}]}},"_links":{"self":[{"href":"https:\/\/usa-gv.com\/es\/wp-json\/wp\/v2\/pages\/2877","targetHints":{"allow":["GET"]}}],"collection":[{"href":"https:\/\/usa-gv.com\/es\/wp-json\/wp\/v2\/pages"}],"about":[{"href":"https:\/\/usa-gv.com\/es\/wp-json\/wp\/v2\/types\/page"}],"author":[{"embeddable":true,"href":"https:\/\/usa-gv.com\/es\/wp-json\/wp\/v2\/users\/1"}],"replies":[{"embeddable":true,"href":"https:\/\/usa-gv.com\/es\/wp-json\/wp\/v2\/comments?post=2877"}],"version-history":[{"count":1,"href":"https:\/\/usa-gv.com\/es\/wp-json\/wp\/v2\/pages\/2877\/revisions"}],"predecessor-version":[{"id":7602,"href":"https:\/\/usa-gv.com\/es\/wp-json\/wp\/v2\/pages\/2877\/revisions\/7602"}],"wp:attachment":[{"href":"https:\/\/usa-gv.com\/es\/wp-json\/wp\/v2\/media?parent=2877"}],"curies":[{"name":"wp","href":"https:\/\/api.w.org\/{rel}","templated":true}]}}