{"id":2859,"date":"2024-03-12T20:47:05","date_gmt":"2024-03-12T20:47:05","guid":{"rendered":"https:\/\/usa-gv.com\/plazos-obtener-esta\/"},"modified":"2025-02-25T11:51:26","modified_gmt":"2025-02-25T11:51:26","slug":"plazos-obtener-esta","status":"publish","type":"page","link":"https:\/\/usa-gv.com\/es\/plazos-obtener-esta\/","title":{"rendered":"Plazos para obtener el ESTA"},"content":{"rendered":"\n<h1 class=\"wp-block-heading\">\u00bfCu\u00e1nto tiempo se tarda en obtener el ESTA?<\/h1>\n\n<p>Al planificar un viaje a Estados Unidos, obtener un ESTA es un paso crucial para los nacionales de pa\u00edses miembros del <a href=\"https:\/\/usa-gv.com\/es\/visa-waiver-program-eeuu\/\">Programa de Exenci\u00f3n de Visado<\/a>. Entender cu\u00e1nto tiempo se tarda en obtener un ESTA puede ayudarte a planificar tu viaje de forma eficaz y evitar cualquier estr\u00e9s de \u00faltima hora. Aqu\u00ed tienes todo lo que necesitas saber sobre el tiempo que se tarda en obtener un ESTA.<\/p>\n\n<h2 class=\"wp-block-heading\">Tiempo de tramitaci\u00f3n de la solicitud ESTA<\/h2>\n\n<p>La mayor\u00eda de las solicitudes ESTA se tramitan r\u00e1pidamente.\nPor regla general, los plazos de tramitaci\u00f3n son los siguientes: <\/p>\n\n<ul class=\"wp-block-list\">\n<li><strong>Tramitaci\u00f3n instant\u00e1nea<\/strong>: Muchas solicitudes se aprueban casi al instante, a menudo a los pocos minutos de enviar el <a href=\"https:\/\/usa-gv.com\/es\/formulario-esta-en-linea\/\">formulario ESTA en l\u00ednea<\/a>.<\/li>\n\n\n\n<li><strong>Tratamiento de 72 horas<\/strong>: En algunos casos, el tratamiento puede durar hasta 72 horas.\nPor ello, te recomendamos que env\u00edes tu solicitud al menos tres d\u00edas antes de la fecha de salida prevista. <\/li>\n<\/ul>\n\n<h2 class=\"wp-block-heading\">Factores que influyen en el tiempo de tramitaci\u00f3n de la solicitud ESTA<\/h2>\n\n<p>Varios factores pueden influir en la rapidez con la que se tramita tu solicitud ESTA:<\/p>\n\n<ul class=\"wp-block-list\">\n<li><strong>Exactitud de la informaci\u00f3n facilitada<\/strong>: Aseg\u00farate de que todas las respuestas a las <a href=\"https:\/\/usa-gv.com\/es\/preguntas-sobre-el-formulario-esta\/\">preguntas del ESTA<\/a> son exactas y completas. Los errores u omisiones pueden causar retrasos.<\/li>\n\n\n\n<li><strong>Volumen de solicitudes<\/strong>: En periodos de gran demanda, como vacaciones y temporadas de viajes, los plazos de tramitaci\u00f3n pueden ser ligeramente m\u00e1s largos.<\/li>\n\n\n\n<li><strong>Comprobaciones adicionales<\/strong>: Si tu solicitud requiere comprobaciones adicionales, la tramitaci\u00f3n puede llevar m\u00e1s tiempo.<\/li>\n<\/ul>\n\n<h2 class=\"wp-block-heading\">Consejos para tramitar r\u00e1pidamente una solicitud ESTA<\/h2>\n\n<p>Para maximizar tus posibilidades de que te aprueben el ESTA r\u00e1pidamente, sigue estos consejos:<\/p>\n\n<ul class=\"wp-block-list\">\n<li><strong>Presenta la solicitud ESTA con antelaci\u00f3n<\/strong>: Presenta tu solicitud en cuanto empieces a planificar tu viaje.<\/li>\n\n\n\n<li><strong>Comprueba tu informaci\u00f3n<\/strong>: Comprueba dos veces toda la informaci\u00f3n antes de enviar el <a href=\"https:\/\/usa-gv.com\/es\/complete-el-formulario-esta-en-linea\/\">formulario ESTA<\/a>. Una solicitud completa y precisa se procesa m\u00e1s r\u00e1pidamente.<\/li>\n\n\n\n<li><strong>Utiliza una conexi\u00f3n a Internet fiable<\/strong>: Presenta tu solicitud desde un lugar con una conexi\u00f3n a Internet estable para evitar interrupciones durante el proceso.<\/li>\n<\/ul>\n\n<h2 class=\"wp-block-heading\">\u00bfQu\u00e9 debo hacer si llego tarde o me rechazan?<\/h2>\n\n<p>Si tu solicitud ESTA no se aprueba inmediatamente, esto es lo que puedes hacer:<\/p>\n\n<ul class=\"wp-block-list\">\n<li><strong>Comprueba el estado de tu solicitud ESTA<\/strong>: Utiliza el n\u00famero de solicitud para <a href=\"https:\/\/usa-gv.com\/es\/comprobar-validez-del-esta\/\">comprobar en l\u00ednea el estado de tu ESTA<\/a>. Si tu <a href=\"https:\/\/usa-gv.com\/es\/solicitud-esta-pendiente\/\">ESTA est\u00e1 en espera<\/a>, no significa que vaya a ser rechazado. Simplemente tienes que esperar 72 horas para recibir una respuesta.<\/li>\n\n\n\n<li><strong>Solicitud de visado<\/strong>: Si <a href=\"https:\/\/usa-gv.com\/es\/solicitud-esta-rechazada\/\">rechazan tu solicitud ESTA<\/a>, puede que tengas que solicitar un <a href=\"https:\/\/usa-gv.com\/es\/visado-turista-eeuu\/\">visado de turista estadounidense<\/a> en una embajada estadounidense cercana.<\/li>\n<\/ul>\n\n<h2 class=\"wp-block-heading\">Periodo de validez y renovaci\u00f3n<\/h2>\n\n<p>Una vez aprobado, tu ESTA es v\u00e1lido durante dos a\u00f1os, o hasta que caduque tu pasaporte.\nPuedes utilizar el mismo ESTA para varios viajes a Estados Unidos durante este periodo, siempre que cada estancia no supere los 90 d\u00edas.\nSi tu ESTA caduca, tendr\u00e1s que presentar una nueva solicitud antes de tu pr\u00f3ximo viaje.  <\/p>\n","protected":false},"excerpt":{"rendered":"<p>\u00bfCu\u00e1nto tiempo se tarda en obtener el ESTA? Al planificar un viaje a Estados Unidos, obtener un ESTA es un paso crucial para los nacionales de pa\u00edses miembros del Programa de Exenci\u00f3n de Visado. Entender cu\u00e1nto tiempo se tarda en obtener un ESTA puede ayudarte a planificar tu viaje de forma eficaz y evitar cualquier [&hellip;]<\/p>\n","protected":false},"author":1,"featured_media":0,"parent":0,"menu_order":0,"comment_status":"closed","ping_status":"closed","template":"","meta":{"footnotes":""},"class_list":["post-2859","page","type-page","status-publish","hentry"],"yoast_head":"<!-- This site is optimized with the Yoast SEO plugin v26.6 - https:\/\/yoast.com\/wordpress\/plugins\/seo\/ -->\n<title>Plazos para obtener el ESTA - USA-GV.COM<\/title>\n<meta name=\"description\" content=\"\u00bfCu\u00e1nto tiempo se tarda en tramitar una solicitud ESTA y obtener un certificado de viaje v\u00e1lido?\" \/>\n<meta name=\"robots\" content=\"index, follow, max-snippet:-1, max-image-preview:large, max-video-preview:-1\" \/>\n<link rel=\"canonical\" href=\"https:\/\/usa-gv.com\/es\/plazos-obtener-esta\/\" \/>\n<meta property=\"og:locale\" content=\"es_ES\" \/>\n<meta property=\"og:type\" content=\"article\" \/>\n<meta property=\"og:title\" content=\"Plazos para obtener el ESTA - USA-GV.COM\" \/>\n<meta property=\"og:description\" content=\"\u00bfCu\u00e1nto tiempo se tarda en tramitar una solicitud ESTA y obtener un certificado de viaje v\u00e1lido?\" \/>\n<meta property=\"og:url\" content=\"https:\/\/usa-gv.com\/es\/plazos-obtener-esta\/\" \/>\n<meta property=\"og:site_name\" content=\"USA-GV.COM\" \/>\n<meta property=\"article:modified_time\" content=\"2025-02-25T11:51:26+00:00\" \/>\n<meta name=\"twitter:card\" content=\"summary_large_image\" \/>\n<meta name=\"twitter:label1\" content=\"Tiempo de lectura\" \/>\n\t<meta name=\"twitter:data1\" content=\"3 minutos\" \/>\n<script type=\"application\/ld+json\" class=\"yoast-schema-graph\">{\"@context\":\"https:\/\/schema.org\",\"@graph\":[{\"@type\":\"WebPage\",\"@id\":\"https:\/\/usa-gv.com\/es\/plazos-obtener-esta\/\",\"url\":\"https:\/\/usa-gv.com\/es\/plazos-obtener-esta\/\",\"name\":\"Plazos para obtener el ESTA - USA-GV.COM\",\"isPartOf\":{\"@id\":\"https:\/\/usa-gv.com\/es\/#website\"},\"datePublished\":\"2024-03-12T20:47:05+00:00\",\"dateModified\":\"2025-02-25T11:51:26+00:00\",\"description\":\"\u00bfCu\u00e1nto tiempo se tarda en tramitar una solicitud ESTA y obtener un certificado de viaje v\u00e1lido?\",\"breadcrumb\":{\"@id\":\"https:\/\/usa-gv.com\/es\/plazos-obtener-esta\/#breadcrumb\"},\"inLanguage\":\"es\",\"potentialAction\":[{\"@type\":\"ReadAction\",\"target\":[\"https:\/\/usa-gv.com\/es\/plazos-obtener-esta\/\"]}]},{\"@type\":\"BreadcrumbList\",\"@id\":\"https:\/\/usa-gv.com\/es\/plazos-obtener-esta\/#breadcrumb\",\"itemListElement\":[{\"@type\":\"ListItem\",\"position\":1,\"name\":\"Home\",\"item\":\"https:\/\/usa-gv.com\/es\/guia-de-viaje-de-estados-unidos\/\"},{\"@type\":\"ListItem\",\"position\":2,\"name\":\"Plazos para obtener el ESTA\"}]},{\"@type\":\"WebSite\",\"@id\":\"https:\/\/usa-gv.com\/es\/#website\",\"url\":\"https:\/\/usa-gv.com\/es\/\",\"name\":\"USA-GV.COM\",\"description\":\"\",\"potentialAction\":[{\"@type\":\"SearchAction\",\"target\":{\"@type\":\"EntryPoint\",\"urlTemplate\":\"https:\/\/usa-gv.com\/es\/?s={search_term_string}\"},\"query-input\":{\"@type\":\"PropertyValueSpecification\",\"valueRequired\":true,\"valueName\":\"search_term_string\"}}],\"inLanguage\":\"es\"}]}<\/script>\n<!-- \/ Yoast SEO plugin. -->","yoast_head_json":{"title":"Plazos para obtener el ESTA - USA-GV.COM","description":"\u00bfCu\u00e1nto tiempo se tarda en tramitar una solicitud ESTA y obtener un certificado de viaje v\u00e1lido?","robots":{"index":"index","follow":"follow","max-snippet":"max-snippet:-1","max-image-preview":"max-image-preview:large","max-video-preview":"max-video-preview:-1"},"canonical":"https:\/\/usa-gv.com\/es\/plazos-obtener-esta\/","og_locale":"es_ES","og_type":"article","og_title":"Plazos para obtener el ESTA - USA-GV.COM","og_description":"\u00bfCu\u00e1nto tiempo se tarda en tramitar una solicitud ESTA y obtener un certificado de viaje v\u00e1lido?","og_url":"https:\/\/usa-gv.com\/es\/plazos-obtener-esta\/","og_site_name":"USA-GV.COM","article_modified_time":"2025-02-25T11:51:26+00:00","twitter_card":"summary_large_image","twitter_misc":{"Tiempo de lectura":"3 minutos"},"schema":{"@context":"https:\/\/schema.org","@graph":[{"@type":"WebPage","@id":"https:\/\/usa-gv.com\/es\/plazos-obtener-esta\/","url":"https:\/\/usa-gv.com\/es\/plazos-obtener-esta\/","name":"Plazos para obtener el ESTA - USA-GV.COM","isPartOf":{"@id":"https:\/\/usa-gv.com\/es\/#website"},"datePublished":"2024-03-12T20:47:05+00:00","dateModified":"2025-02-25T11:51:26+00:00","description":"\u00bfCu\u00e1nto tiempo se tarda en tramitar una solicitud ESTA y obtener un certificado de viaje v\u00e1lido?","breadcrumb":{"@id":"https:\/\/usa-gv.com\/es\/plazos-obtener-esta\/#breadcrumb"},"inLanguage":"es","potentialAction":[{"@type":"ReadAction","target":["https:\/\/usa-gv.com\/es\/plazos-obtener-esta\/"]}]},{"@type":"BreadcrumbList","@id":"https:\/\/usa-gv.com\/es\/plazos-obtener-esta\/#breadcrumb","itemListElement":[{"@type":"ListItem","position":1,"name":"Home","item":"https:\/\/usa-gv.com\/es\/guia-de-viaje-de-estados-unidos\/"},{"@type":"ListItem","position":2,"name":"Plazos para obtener el ESTA"}]},{"@type":"WebSite","@id":"https:\/\/usa-gv.com\/es\/#website","url":"https:\/\/usa-gv.com\/es\/","name":"USA-GV.COM","description":"","potentialAction":[{"@type":"SearchAction","target":{"@type":"EntryPoint","urlTemplate":"https:\/\/usa-gv.com\/es\/?s={search_term_string}"},"query-input":{"@type":"PropertyValueSpecification","valueRequired":true,"valueName":"search_term_string"}}],"inLanguage":"es"}]}},"_links":{"self":[{"href":"https:\/\/usa-gv.com\/es\/wp-json\/wp\/v2\/pages\/2859","targetHints":{"allow":["GET"]}}],"collection":[{"href":"https:\/\/usa-gv.com\/es\/wp-json\/wp\/v2\/pages"}],"about":[{"href":"https:\/\/usa-gv.com\/es\/wp-json\/wp\/v2\/types\/page"}],"author":[{"embeddable":true,"href":"https:\/\/usa-gv.com\/es\/wp-json\/wp\/v2\/users\/1"}],"replies":[{"embeddable":true,"href":"https:\/\/usa-gv.com\/es\/wp-json\/wp\/v2\/comments?post=2859"}],"version-history":[{"count":1,"href":"https:\/\/usa-gv.com\/es\/wp-json\/wp\/v2\/pages\/2859\/revisions"}],"predecessor-version":[{"id":7591,"href":"https:\/\/usa-gv.com\/es\/wp-json\/wp\/v2\/pages\/2859\/revisions\/7591"}],"wp:attachment":[{"href":"https:\/\/usa-gv.com\/es\/wp-json\/wp\/v2\/media?parent=2859"}],"curies":[{"name":"wp","href":"https:\/\/api.w.org\/{rel}","templated":true}]}}