{"id":2841,"date":"2024-03-11T21:37:08","date_gmt":"2024-03-11T21:37:08","guid":{"rendered":"https:\/\/usa-gv.com\/sitio-web-oficial-esta\/"},"modified":"2025-02-25T11:51:13","modified_gmt":"2025-02-25T11:51:13","slug":"sitio-web-oficial-esta","status":"publish","type":"page","link":"https:\/\/usa-gv.com\/es\/sitio-web-oficial-esta\/","title":{"rendered":"El sitio web oficial del ESTA"},"content":{"rendered":"\n<h1 class=\"wp-block-heading\">El sitio web oficial para obtener el ESTA<\/h1>\n\n<p>La autorizaci\u00f3n ESTA permite a los ciudadanos que cumplan los requisitos viajar a Estados Unidos por turismo o negocios sin visado para estancias inferiores a 90 d\u00edas.\nLa autorizaci\u00f3n ESTA puede obtenerse en l\u00ednea en el sitio web oficial del Departamento de Seguridad Nacional. <\/p>\n\n<p><strong>Para obtener la autorizaci\u00f3n en unos minutos<\/strong>, s\u00f3lo tienes que hacer clic en el <a href=\"https:\/\/usa-gv.com\/es\/formulario-esta-en-linea\/\">formulario ESTA online<\/a>.<\/p>\n\n<div style=\"height:10px\" aria-hidden=\"true\" class=\"wp-block-spacer\"><\/div>\n\n<h2 class=\"wp-block-heading\">\u00bfCu\u00e1l es el sitio web oficial del ESTA?<\/h2>\n\n<p>El sitio web oficial de la solicitud ESTA en l\u00ednea incluye un formulario con todas las <a href=\"https:\/\/usa-gv.com\/es\/preguntas-sobre-el-formulario-esta\/\">preguntas del ESTA<\/a> para rellenar. El sitio web oficial del Departamento de Seguridad Nacional de EE.UU. te permite presentar tu solicitud directamente en l\u00ednea: https:\/\/esta.cbp.dhs.gov\/. El sitio est\u00e1 disponible en 27 idiomas.  <\/p>\n\n<h2 class=\"wp-block-heading\">\u00bfPuedo comprobar mi ESTA en el sitio web oficial?<\/h2>\n\n<p>Tambi\u00e9n puedes <a href=\"https:\/\/usa-gv.com\/es\/comprobar-validez-del-esta\/\">comprobar el estado de tu ESTA<\/a> en el sitio web oficial. Hay tres estados posibles para una solicitud ESTA:<\/p>\n\n<ul class=\"wp-block-list\">\n<li>Aprobaci\u00f3n ESTA ;<\/li>\n\n\n\n<li><a href=\"https:\/\/usa-gv.com\/es\/solicitud-esta-pendiente\/\">ESTA pendiente<\/a>;<\/li>\n\n\n\n<li><a href=\"https:\/\/usa-gv.com\/es\/solicitud-esta-rechazada\/\">ESTA denegado<\/a>.  <\/li>\n<\/ul>\n\n<div style=\"height:10px\" aria-hidden=\"true\" class=\"wp-block-spacer\"><\/div>\n\n<h2 class=\"wp-block-heading\">\u00bfCu\u00e1nto cuesta un ESTA en el sitio web oficial?<\/h2>\n\n<p>El proceso de obtenci\u00f3n de la autorizaci\u00f3n ESTA en el sitio web oficial requiere el pago en l\u00ednea para validar la solicitud.\nEl pago de la <a href=\"https:\/\/usa-gv.com\/es\/precio-esta-eeuu\/\">tasa ESTA<\/a> desencadena el procesamiento inform\u00e1tico de la solicitud.\nLa tasa de solicitud del ESTA es de 21 d\u00f3lares estadounidenses.\nSe utilizan para financiar la gesti\u00f3n de los servicios de solicitud del ESTA y para promover el turismo hacia Estados Unidos.   <\/p>\n\n<h2 class=\"wp-block-heading\">Sitio oficial para obtener un ESTA<\/h2>\n\n<figure class=\"wp-block-image size-large\"><img decoding=\"async\" src=\"https:\/\/usa-gv.com\/wp-content\/uploads\/2024\/04\/esta-ES-1024x880.jpg\" alt=\"Sitio web oficial del ESTA para Estados Unidos\" class=\"wp-image-3279\"\/><figcaption class=\"wp-element-caption\">Sitio web oficial para obtener un ESTA<\/figcaption><\/figure>\n","protected":false},"excerpt":{"rendered":"<p>El sitio web oficial para obtener el ESTA La autorizaci\u00f3n ESTA permite a los ciudadanos que cumplan los requisitos viajar a Estados Unidos por turismo o negocios sin visado para estancias inferiores a 90 d\u00edas. La autorizaci\u00f3n ESTA puede obtenerse en l\u00ednea en el sitio web oficial del Departamento de Seguridad Nacional. Para obtener la [&hellip;]<\/p>\n","protected":false},"author":1,"featured_media":0,"parent":0,"menu_order":0,"comment_status":"closed","ping_status":"closed","template":"","meta":{"footnotes":""},"class_list":["post-2841","page","type-page","status-publish","hentry"],"yoast_head":"<!-- This site is optimized with the Yoast SEO plugin v26.6 - https:\/\/yoast.com\/wordpress\/plugins\/seo\/ -->\n<title>El sitio web oficial del ESTA - USA-GV.COM<\/title>\n<meta name=\"description\" content=\"Para realizar una solicitud ESTA en l\u00ednea, debe conectarse al sitio web oficial del Departamento de Seguridad Nacional de EE.UU.\" \/>\n<meta name=\"robots\" content=\"index, follow, max-snippet:-1, max-image-preview:large, max-video-preview:-1\" \/>\n<link rel=\"canonical\" href=\"https:\/\/usa-gv.com\/es\/sitio-web-oficial-esta\/\" \/>\n<meta property=\"og:locale\" content=\"es_ES\" \/>\n<meta property=\"og:type\" content=\"article\" \/>\n<meta property=\"og:title\" content=\"El sitio web oficial del ESTA - USA-GV.COM\" \/>\n<meta property=\"og:description\" content=\"Para realizar una solicitud ESTA en l\u00ednea, debe conectarse al sitio web oficial del Departamento de Seguridad Nacional de EE.UU.\" \/>\n<meta property=\"og:url\" content=\"https:\/\/usa-gv.com\/es\/sitio-web-oficial-esta\/\" \/>\n<meta property=\"og:site_name\" content=\"USA-GV.COM\" \/>\n<meta property=\"article:modified_time\" content=\"2025-02-25T11:51:13+00:00\" \/>\n<meta property=\"og:image\" content=\"https:\/\/usa-gv.com\/wp-content\/uploads\/2024\/04\/esta-ES-1024x880.jpg\" \/>\n<meta name=\"twitter:card\" content=\"summary_large_image\" \/>\n<meta name=\"twitter:label1\" content=\"Tiempo de lectura\" \/>\n\t<meta name=\"twitter:data1\" content=\"1 minuto\" \/>\n<script type=\"application\/ld+json\" class=\"yoast-schema-graph\">{\"@context\":\"https:\/\/schema.org\",\"@graph\":[{\"@type\":\"WebPage\",\"@id\":\"https:\/\/usa-gv.com\/es\/sitio-web-oficial-esta\/\",\"url\":\"https:\/\/usa-gv.com\/es\/sitio-web-oficial-esta\/\",\"name\":\"El sitio web oficial del ESTA - USA-GV.COM\",\"isPartOf\":{\"@id\":\"https:\/\/usa-gv.com\/es\/#website\"},\"primaryImageOfPage\":{\"@id\":\"https:\/\/usa-gv.com\/es\/sitio-web-oficial-esta\/#primaryimage\"},\"image\":{\"@id\":\"https:\/\/usa-gv.com\/es\/sitio-web-oficial-esta\/#primaryimage\"},\"thumbnailUrl\":\"https:\/\/usa-gv.com\/wp-content\/uploads\/2024\/04\/esta-ES-1024x880.jpg\",\"datePublished\":\"2024-03-11T21:37:08+00:00\",\"dateModified\":\"2025-02-25T11:51:13+00:00\",\"description\":\"Para realizar una solicitud ESTA en l\u00ednea, debe conectarse al sitio web oficial del Departamento de Seguridad Nacional de EE.UU.\",\"breadcrumb\":{\"@id\":\"https:\/\/usa-gv.com\/es\/sitio-web-oficial-esta\/#breadcrumb\"},\"inLanguage\":\"es\",\"potentialAction\":[{\"@type\":\"ReadAction\",\"target\":[\"https:\/\/usa-gv.com\/es\/sitio-web-oficial-esta\/\"]}]},{\"@type\":\"ImageObject\",\"inLanguage\":\"es\",\"@id\":\"https:\/\/usa-gv.com\/es\/sitio-web-oficial-esta\/#primaryimage\",\"url\":\"https:\/\/usa-gv.com\/wp-content\/uploads\/2024\/04\/esta-ES-1024x880.jpg\",\"contentUrl\":\"https:\/\/usa-gv.com\/wp-content\/uploads\/2024\/04\/esta-ES-1024x880.jpg\"},{\"@type\":\"BreadcrumbList\",\"@id\":\"https:\/\/usa-gv.com\/es\/sitio-web-oficial-esta\/#breadcrumb\",\"itemListElement\":[{\"@type\":\"ListItem\",\"position\":1,\"name\":\"Home\",\"item\":\"https:\/\/usa-gv.com\/es\/guia-de-viaje-de-estados-unidos\/\"},{\"@type\":\"ListItem\",\"position\":2,\"name\":\"El sitio web oficial del ESTA\"}]},{\"@type\":\"WebSite\",\"@id\":\"https:\/\/usa-gv.com\/es\/#website\",\"url\":\"https:\/\/usa-gv.com\/es\/\",\"name\":\"USA-GV.COM\",\"description\":\"\",\"potentialAction\":[{\"@type\":\"SearchAction\",\"target\":{\"@type\":\"EntryPoint\",\"urlTemplate\":\"https:\/\/usa-gv.com\/es\/?s={search_term_string}\"},\"query-input\":{\"@type\":\"PropertyValueSpecification\",\"valueRequired\":true,\"valueName\":\"search_term_string\"}}],\"inLanguage\":\"es\"}]}<\/script>\n<!-- \/ Yoast SEO plugin. -->","yoast_head_json":{"title":"El sitio web oficial del ESTA - USA-GV.COM","description":"Para realizar una solicitud ESTA en l\u00ednea, debe conectarse al sitio web oficial del Departamento de Seguridad Nacional de EE.UU.","robots":{"index":"index","follow":"follow","max-snippet":"max-snippet:-1","max-image-preview":"max-image-preview:large","max-video-preview":"max-video-preview:-1"},"canonical":"https:\/\/usa-gv.com\/es\/sitio-web-oficial-esta\/","og_locale":"es_ES","og_type":"article","og_title":"El sitio web oficial del ESTA - USA-GV.COM","og_description":"Para realizar una solicitud ESTA en l\u00ednea, debe conectarse al sitio web oficial del Departamento de Seguridad Nacional de EE.UU.","og_url":"https:\/\/usa-gv.com\/es\/sitio-web-oficial-esta\/","og_site_name":"USA-GV.COM","article_modified_time":"2025-02-25T11:51:13+00:00","og_image":[{"url":"https:\/\/usa-gv.com\/wp-content\/uploads\/2024\/04\/esta-ES-1024x880.jpg","type":"","width":"","height":""}],"twitter_card":"summary_large_image","twitter_misc":{"Tiempo de lectura":"1 minuto"},"schema":{"@context":"https:\/\/schema.org","@graph":[{"@type":"WebPage","@id":"https:\/\/usa-gv.com\/es\/sitio-web-oficial-esta\/","url":"https:\/\/usa-gv.com\/es\/sitio-web-oficial-esta\/","name":"El sitio web oficial del ESTA - USA-GV.COM","isPartOf":{"@id":"https:\/\/usa-gv.com\/es\/#website"},"primaryImageOfPage":{"@id":"https:\/\/usa-gv.com\/es\/sitio-web-oficial-esta\/#primaryimage"},"image":{"@id":"https:\/\/usa-gv.com\/es\/sitio-web-oficial-esta\/#primaryimage"},"thumbnailUrl":"https:\/\/usa-gv.com\/wp-content\/uploads\/2024\/04\/esta-ES-1024x880.jpg","datePublished":"2024-03-11T21:37:08+00:00","dateModified":"2025-02-25T11:51:13+00:00","description":"Para realizar una solicitud ESTA en l\u00ednea, debe conectarse al sitio web oficial del Departamento de Seguridad Nacional de EE.UU.","breadcrumb":{"@id":"https:\/\/usa-gv.com\/es\/sitio-web-oficial-esta\/#breadcrumb"},"inLanguage":"es","potentialAction":[{"@type":"ReadAction","target":["https:\/\/usa-gv.com\/es\/sitio-web-oficial-esta\/"]}]},{"@type":"ImageObject","inLanguage":"es","@id":"https:\/\/usa-gv.com\/es\/sitio-web-oficial-esta\/#primaryimage","url":"https:\/\/usa-gv.com\/wp-content\/uploads\/2024\/04\/esta-ES-1024x880.jpg","contentUrl":"https:\/\/usa-gv.com\/wp-content\/uploads\/2024\/04\/esta-ES-1024x880.jpg"},{"@type":"BreadcrumbList","@id":"https:\/\/usa-gv.com\/es\/sitio-web-oficial-esta\/#breadcrumb","itemListElement":[{"@type":"ListItem","position":1,"name":"Home","item":"https:\/\/usa-gv.com\/es\/guia-de-viaje-de-estados-unidos\/"},{"@type":"ListItem","position":2,"name":"El sitio web oficial del ESTA"}]},{"@type":"WebSite","@id":"https:\/\/usa-gv.com\/es\/#website","url":"https:\/\/usa-gv.com\/es\/","name":"USA-GV.COM","description":"","potentialAction":[{"@type":"SearchAction","target":{"@type":"EntryPoint","urlTemplate":"https:\/\/usa-gv.com\/es\/?s={search_term_string}"},"query-input":{"@type":"PropertyValueSpecification","valueRequired":true,"valueName":"search_term_string"}}],"inLanguage":"es"}]}},"_links":{"self":[{"href":"https:\/\/usa-gv.com\/es\/wp-json\/wp\/v2\/pages\/2841","targetHints":{"allow":["GET"]}}],"collection":[{"href":"https:\/\/usa-gv.com\/es\/wp-json\/wp\/v2\/pages"}],"about":[{"href":"https:\/\/usa-gv.com\/es\/wp-json\/wp\/v2\/types\/page"}],"author":[{"embeddable":true,"href":"https:\/\/usa-gv.com\/es\/wp-json\/wp\/v2\/users\/1"}],"replies":[{"embeddable":true,"href":"https:\/\/usa-gv.com\/es\/wp-json\/wp\/v2\/comments?post=2841"}],"version-history":[{"count":1,"href":"https:\/\/usa-gv.com\/es\/wp-json\/wp\/v2\/pages\/2841\/revisions"}],"predecessor-version":[{"id":7570,"href":"https:\/\/usa-gv.com\/es\/wp-json\/wp\/v2\/pages\/2841\/revisions\/7570"}],"wp:attachment":[{"href":"https:\/\/usa-gv.com\/es\/wp-json\/wp\/v2\/media?parent=2841"}],"curies":[{"name":"wp","href":"https:\/\/api.w.org\/{rel}","templated":true}]}}