{"id":2823,"date":"2024-03-12T20:06:24","date_gmt":"2024-03-12T20:06:24","guid":{"rendered":"https:\/\/usa-gv.com\/periodo-validez-esta\/"},"modified":"2025-02-25T11:51:04","modified_gmt":"2025-02-25T11:51:04","slug":"periodo-validez-esta","status":"publish","type":"page","link":"https:\/\/usa-gv.com\/es\/periodo-validez-esta\/","title":{"rendered":"Periodo de validez del ESTA"},"content":{"rendered":"\n<h1 class=\"wp-block-heading\">\u00bfCu\u00e1l es el periodo de validez del ESTA?<\/h1>\n\n<p>La autorizaci\u00f3n ESTA es v\u00e1lida durante dos a\u00f1os a partir de la fecha de aprobaci\u00f3n.\nPara renovar o solicitar tu primera autorizaci\u00f3n de viaje a Estados Unidos, s\u00f3lo tienes que rellenar el formulario ESTA en l\u00ednea. <\/p>\n\n<h2 class=\"wp-block-heading\">Periodo de validez de una autorizaci\u00f3n ESTA<\/h2>\n\n<p>El ESTA tiene una validez inicial de 2 a\u00f1os.\nDurante este periodo, los viajeros pueden hacer varios viajes a Estados Unidos sin tener que presentar una nueva solicitud cada vez.\nSin embargo, es fundamental <a href=\"https:\/\/usa-gv.com\/es\/comprobar-validez-del-esta\/\">comprobar la validez de un ESTA<\/a> antes de cada viaje a Estados Unidos.  <\/p>\n\n<p>Desde el verano de 2023, el periodo m\u00e1ximo de validez se ha reducido a 1 a\u00f1o para dos pa\u00edses del <a href=\"https:\/\/usa-gv.com\/es\/visa-waiver-program-eeuu\/\">Programa de Exenci\u00f3n de Visado<\/a>: Brun\u00e9i y Hungr\u00eda. A continuaci\u00f3n se ofrecen m\u00e1s detalles.<\/p>\n\n<h2 class=\"wp-block-heading\">Pa\u00edses con un periodo de validez ESTA reducido<\/h2>\n\n<p>Los nacionales de pa\u00edses miembros del Programa de Exenci\u00f3n de Visado de EE.UU. suelen beneficiarse de un periodo de validez m\u00e1ximo de 2 a\u00f1os para un ESTA.\nSin embargo, desde 2023, ha habido excepciones: <\/p>\n\n<ul class=\"wp-block-list\">\n<li><strong>Desde el 6 de julio de 2023<\/strong>: A los ciudadanos de Brunei que utilicen un pasaporte de Brunei se les ha reducido la validez m\u00e1xima de su ESTA a 1 a\u00f1o.<\/li>\n\n\n\n<li><strong>A partir del 1 de agosto de 2023<\/strong>: Los ciudadanos h\u00fangaros que utilicen un pasaporte h\u00fangaro tambi\u00e9n ver\u00e1n reducido a 1 a\u00f1o el periodo m\u00e1ximo de validez de su ESTA.<\/li>\n<\/ul>\n\n<div style=\"height:10px\" aria-hidden=\"true\" class=\"wp-block-spacer\"><\/div>\n\n<h2 class=\"wp-block-heading\">Condiciones para reducir la validez del ESTA<\/h2>\n\n<p>El periodo de validez del ESTA puede reducirse en los siguientes casos:<\/p>\n\n<ul class=\"wp-block-list\">\n<li><strong>Fecha de caducidad del pasaporte<\/strong>: la autorizaci\u00f3n ESTA est\u00e1 vinculada a un <a href=\"https:\/\/usa-gv.com\/es\/pasaporte-para-estados-unidos\/\">pasaporte v\u00e1lido para EE.UU.<\/a> Si tu pasaporte caduca durante estos dos a\u00f1os, tu ESTA dejar\u00e1 de ser v\u00e1lido y tendr\u00e1s que cumplimentar una <a href=\"https:\/\/usa-gv.com\/es\/como-solicitar-esta\/\">nueva solicitud ESTA<\/a>.<\/li>\n\n\n\n<li><strong>Cambio de datos personales<\/strong>: Si cambias de nombre, sexo o nacionalidad durante el periodo de dos a\u00f1os, ser\u00e1 necesario presentar una nueva solicitud ESTA, ya que tus datos personales dejar\u00e1n de estar actualizados.<\/li>\n\n\n\n<li><strong>Cambio en las respuestas a las preguntas<\/strong>: Si cambian las respuestas a las <a href=\"https:\/\/usa-gv.com\/es\/preguntas-sobre-el-formulario-esta\/\">preguntas personales del ESTA<\/a> (salud, antecedentes penales, comportamiento), tambi\u00e9n se requiere una nueva solicitud ESTA.<\/li>\n<\/ul>\n\n<div style=\"height:10px\" aria-hidden=\"true\" class=\"wp-block-spacer\"><\/div>\n\n<h2 class=\"wp-block-heading\">Duraci\u00f3n de estancia autorizada con un ESTA<\/h2>\n\n<p>Aunque la autorizaci\u00f3n ESTA es v\u00e1lida durante dos a\u00f1os, no te permite permanecer en Estados Unidos durante 24 meses consecutivos.\nCada estancia est\u00e1 limitada a un m\u00e1ximo de 90 d\u00edas.\nPara estancias de m\u00e1s de 90 d\u00edas, se necesitar\u00e1 un <a href=\"https:\/\/usa-gv.com\/es\/visado-turista-eeuu\/\">visado de turista estadounidense<\/a> o la Tarjeta Verde.  <\/p>\n\n<h2 class=\"wp-block-heading\">Expiraci\u00f3n de un ESTA durante tu estancia en Estados Unidos<\/h2>\n\n<p>Si tu ESTA caduca durante tu estancia en Estados Unidos, puedes quedarte hasta el final de tu estancia prevista sin preocuparte, siempre que no superes los 90 d\u00edas autorizados.\nNo tendr\u00e1s ning\u00fan problema para salir de Estados Unidos siempre que respetes este plazo. <\/p>\n\n<p><\/p>\n","protected":false},"excerpt":{"rendered":"<p>\u00bfCu\u00e1l es el periodo de validez del ESTA? La autorizaci\u00f3n ESTA es v\u00e1lida durante dos a\u00f1os a partir de la fecha de aprobaci\u00f3n. Para renovar o solicitar tu primera autorizaci\u00f3n de viaje a Estados Unidos, s\u00f3lo tienes que rellenar el formulario ESTA en l\u00ednea. Periodo de validez de una autorizaci\u00f3n ESTA El ESTA tiene una [&hellip;]<\/p>\n","protected":false},"author":1,"featured_media":0,"parent":0,"menu_order":0,"comment_status":"closed","ping_status":"closed","template":"","meta":{"footnotes":""},"class_list":["post-2823","page","type-page","status-publish","hentry"],"yoast_head":"<!-- This site is optimized with the Yoast SEO plugin v26.6 - https:\/\/yoast.com\/wordpress\/plugins\/seo\/ -->\n<title>Periodo de validez del ESTA - USA-GV.COM<\/title>\n<meta name=\"description\" content=\"Averig\u00fce durante cu\u00e1nto tiempo es v\u00e1lida la autorizaci\u00f3n ESTA para estancias en Estados Unidos\" \/>\n<meta name=\"robots\" content=\"index, follow, max-snippet:-1, max-image-preview:large, max-video-preview:-1\" \/>\n<link rel=\"canonical\" href=\"https:\/\/usa-gv.com\/es\/periodo-validez-esta\/\" \/>\n<meta property=\"og:locale\" content=\"es_ES\" \/>\n<meta property=\"og:type\" content=\"article\" \/>\n<meta property=\"og:title\" content=\"Periodo de validez del ESTA - USA-GV.COM\" \/>\n<meta property=\"og:description\" content=\"Averig\u00fce durante cu\u00e1nto tiempo es v\u00e1lida la autorizaci\u00f3n ESTA para estancias en Estados Unidos\" \/>\n<meta property=\"og:url\" content=\"https:\/\/usa-gv.com\/es\/periodo-validez-esta\/\" \/>\n<meta property=\"og:site_name\" content=\"USA-GV.COM\" \/>\n<meta property=\"article:modified_time\" content=\"2025-02-25T11:51:04+00:00\" \/>\n<meta name=\"twitter:card\" content=\"summary_large_image\" \/>\n<meta name=\"twitter:label1\" content=\"Tiempo de lectura\" \/>\n\t<meta name=\"twitter:data1\" content=\"2 minutos\" \/>\n<script type=\"application\/ld+json\" class=\"yoast-schema-graph\">{\"@context\":\"https:\/\/schema.org\",\"@graph\":[{\"@type\":\"WebPage\",\"@id\":\"https:\/\/usa-gv.com\/es\/periodo-validez-esta\/\",\"url\":\"https:\/\/usa-gv.com\/es\/periodo-validez-esta\/\",\"name\":\"Periodo de validez del ESTA - USA-GV.COM\",\"isPartOf\":{\"@id\":\"https:\/\/usa-gv.com\/es\/#website\"},\"datePublished\":\"2024-03-12T20:06:24+00:00\",\"dateModified\":\"2025-02-25T11:51:04+00:00\",\"description\":\"Averig\u00fce durante cu\u00e1nto tiempo es v\u00e1lida la autorizaci\u00f3n ESTA para estancias en Estados Unidos\",\"breadcrumb\":{\"@id\":\"https:\/\/usa-gv.com\/es\/periodo-validez-esta\/#breadcrumb\"},\"inLanguage\":\"es\",\"potentialAction\":[{\"@type\":\"ReadAction\",\"target\":[\"https:\/\/usa-gv.com\/es\/periodo-validez-esta\/\"]}]},{\"@type\":\"BreadcrumbList\",\"@id\":\"https:\/\/usa-gv.com\/es\/periodo-validez-esta\/#breadcrumb\",\"itemListElement\":[{\"@type\":\"ListItem\",\"position\":1,\"name\":\"Home\",\"item\":\"https:\/\/usa-gv.com\/es\/guia-de-viaje-de-estados-unidos\/\"},{\"@type\":\"ListItem\",\"position\":2,\"name\":\"Periodo de validez del ESTA\"}]},{\"@type\":\"WebSite\",\"@id\":\"https:\/\/usa-gv.com\/es\/#website\",\"url\":\"https:\/\/usa-gv.com\/es\/\",\"name\":\"USA-GV.COM\",\"description\":\"\",\"potentialAction\":[{\"@type\":\"SearchAction\",\"target\":{\"@type\":\"EntryPoint\",\"urlTemplate\":\"https:\/\/usa-gv.com\/es\/?s={search_term_string}\"},\"query-input\":{\"@type\":\"PropertyValueSpecification\",\"valueRequired\":true,\"valueName\":\"search_term_string\"}}],\"inLanguage\":\"es\"}]}<\/script>\n<!-- \/ Yoast SEO plugin. -->","yoast_head_json":{"title":"Periodo de validez del ESTA - USA-GV.COM","description":"Averig\u00fce durante cu\u00e1nto tiempo es v\u00e1lida la autorizaci\u00f3n ESTA para estancias en Estados Unidos","robots":{"index":"index","follow":"follow","max-snippet":"max-snippet:-1","max-image-preview":"max-image-preview:large","max-video-preview":"max-video-preview:-1"},"canonical":"https:\/\/usa-gv.com\/es\/periodo-validez-esta\/","og_locale":"es_ES","og_type":"article","og_title":"Periodo de validez del ESTA - USA-GV.COM","og_description":"Averig\u00fce durante cu\u00e1nto tiempo es v\u00e1lida la autorizaci\u00f3n ESTA para estancias en Estados Unidos","og_url":"https:\/\/usa-gv.com\/es\/periodo-validez-esta\/","og_site_name":"USA-GV.COM","article_modified_time":"2025-02-25T11:51:04+00:00","twitter_card":"summary_large_image","twitter_misc":{"Tiempo de lectura":"2 minutos"},"schema":{"@context":"https:\/\/schema.org","@graph":[{"@type":"WebPage","@id":"https:\/\/usa-gv.com\/es\/periodo-validez-esta\/","url":"https:\/\/usa-gv.com\/es\/periodo-validez-esta\/","name":"Periodo de validez del ESTA - USA-GV.COM","isPartOf":{"@id":"https:\/\/usa-gv.com\/es\/#website"},"datePublished":"2024-03-12T20:06:24+00:00","dateModified":"2025-02-25T11:51:04+00:00","description":"Averig\u00fce durante cu\u00e1nto tiempo es v\u00e1lida la autorizaci\u00f3n ESTA para estancias en Estados Unidos","breadcrumb":{"@id":"https:\/\/usa-gv.com\/es\/periodo-validez-esta\/#breadcrumb"},"inLanguage":"es","potentialAction":[{"@type":"ReadAction","target":["https:\/\/usa-gv.com\/es\/periodo-validez-esta\/"]}]},{"@type":"BreadcrumbList","@id":"https:\/\/usa-gv.com\/es\/periodo-validez-esta\/#breadcrumb","itemListElement":[{"@type":"ListItem","position":1,"name":"Home","item":"https:\/\/usa-gv.com\/es\/guia-de-viaje-de-estados-unidos\/"},{"@type":"ListItem","position":2,"name":"Periodo de validez del ESTA"}]},{"@type":"WebSite","@id":"https:\/\/usa-gv.com\/es\/#website","url":"https:\/\/usa-gv.com\/es\/","name":"USA-GV.COM","description":"","potentialAction":[{"@type":"SearchAction","target":{"@type":"EntryPoint","urlTemplate":"https:\/\/usa-gv.com\/es\/?s={search_term_string}"},"query-input":{"@type":"PropertyValueSpecification","valueRequired":true,"valueName":"search_term_string"}}],"inLanguage":"es"}]}},"_links":{"self":[{"href":"https:\/\/usa-gv.com\/es\/wp-json\/wp\/v2\/pages\/2823","targetHints":{"allow":["GET"]}}],"collection":[{"href":"https:\/\/usa-gv.com\/es\/wp-json\/wp\/v2\/pages"}],"about":[{"href":"https:\/\/usa-gv.com\/es\/wp-json\/wp\/v2\/types\/page"}],"author":[{"embeddable":true,"href":"https:\/\/usa-gv.com\/es\/wp-json\/wp\/v2\/users\/1"}],"replies":[{"embeddable":true,"href":"https:\/\/usa-gv.com\/es\/wp-json\/wp\/v2\/comments?post=2823"}],"version-history":[{"count":1,"href":"https:\/\/usa-gv.com\/es\/wp-json\/wp\/v2\/pages\/2823\/revisions"}],"predecessor-version":[{"id":7558,"href":"https:\/\/usa-gv.com\/es\/wp-json\/wp\/v2\/pages\/2823\/revisions\/7558"}],"wp:attachment":[{"href":"https:\/\/usa-gv.com\/es\/wp-json\/wp\/v2\/media?parent=2823"}],"curies":[{"name":"wp","href":"https:\/\/api.w.org\/{rel}","templated":true}]}}