{"id":2780,"date":"2024-03-11T21:45:25","date_gmt":"2024-03-11T21:45:25","guid":{"rendered":"https:\/\/usa-gv.com\/esta-visado-eeuu\/"},"modified":"2025-02-25T11:50:45","modified_gmt":"2025-02-25T11:50:45","slug":"esta-visado-eeuu","status":"publish","type":"page","link":"https:\/\/usa-gv.com\/es\/esta-visado-eeuu\/","title":{"rendered":"\u00bfEl ESTA es un visado para EE.UU.?"},"content":{"rendered":"\n<h1 class=\"wp-block-heading\">\u00bfCu\u00e1l es la diferencia entre un visado y el ESTA?<\/h1>\n\n<p>Estos dos documentos son autorizaciones de viaje estadounidenses.\nSon fundamentalmente diferentes, y las principales diferencias son las siguientes:   <\/p>\n\n<ol class=\"wp-block-list\">\n<li>El visado lo concede una embajada o consulado estadounidense en el pa\u00eds donde reside el viajero, mientras que el ESTA es una <a href=\"https:\/\/usa-gv.com\/es\/que-es-una-autorizacion-esta\/\">autorizaci\u00f3n electr\u00f3nica que se obtiene en l\u00ednea<\/a>;<\/li>\n\n\n\n<li>Cada tipo de visado tiene unas condiciones y un periodo de validez espec\u00edficos, mientras que el ESTA permite estancias cortas de menos de 90 d\u00edas en el marco del <a href=\"https:\/\/usa-gv.com\/es\/visa-waiver-program-eeuu\/\">Programa de Exenci\u00f3n de Visado<\/a>.<\/li>\n\n\n\n<li>La obtenci\u00f3n de un <a href=\"https:\/\/usa-gv.com\/es\/visado-turista-eeuu\/\">visado de turista<\/a> implica una entrevista consular y la presentaci\u00f3n de documentos adicionales, mientras que para el ESTA: basta con <a href=\"https:\/\/usa-gv.com\/es\/complete-el-formulario-esta-en-linea\/\">rellenar el formulario en l\u00ednea<\/a> y <a href=\"https:\/\/usa-gv.com\/es\/como-pagar-una-esta\/\">pagar la tasa ESTA<\/a>.<\/li>\n<\/ol>\n\n<h2 class=\"wp-block-heading\">\u00bfEl ESTA es un tipo de visado para EEUU?<\/h2>\n\n<p>No, la autorizaci\u00f3n ESTA no es un visado para Estados Unidos.\nEl ESTA es una autorizaci\u00f3n electr\u00f3nica de viaje que debe obtenerse antes de embarcar en un vuelo con destino a EEUU.\nEste procedimiento te permite viajar a Estados Unidos sin visado, siempre que cumplas los <a href=\"https:\/\/usa-gv.com\/es\/reglas-de-elegibilidad-para-esta\/\">requisitos del ESTA<\/a>.  <\/p>\n\n<p>La autorizaci\u00f3n ESTA no garantiza la entrada en Estados Unidos.\nLos viajeros en posesi\u00f3n de un ESTA deben someterse a una breve entrevista con un funcionario de aduanas a su llegada a la frontera estadounidense.\nS\u00f3lo despu\u00e9s de esta entrevista se autoriza al viajero a entrar y permanecer en Estados Unidos.  <\/p>\n\n<h2 class=\"wp-block-heading\">\u00bfQui\u00e9n puede viajar a Estados Unidos con un ESTA y sin visado?<\/h2>\n\n<p>S\u00f3lo los nacionales de pa\u00edses miembros del <a href=\"https:\/\/usa-gv.com\/es\/visa-waiver-program-eeuu\/\">Programa de Exenci\u00f3n de Visado<\/a> pueden viajar a Estados Unidos sin visado con s\u00f3lo obtener una autorizaci\u00f3n ESTA. Para obtener su certificado, los viajeros deben cumplimentar el <a href=\"https:\/\/usa-gv.com\/es\/formulario-esta-en-linea\/\">formulario ESTA en l\u00ednea<\/a>. El <a href=\"https:\/\/usa-gv.com\/es\/plazos-obtener-esta\/\">tiempo de tramitaci\u00f3n del ESTA<\/a> es de un m\u00ednimo de unos minutos y un m\u00e1ximo de 72 horas.<\/p>\n\n<h2 class=\"wp-block-heading\">\u00bfEl precio del ESTA es diferente del precio del visado?<\/h2>\n\n<p>Hay diferentes tasas para el ESTA y para el visado de EE.UU:<\/p>\n\n<ul class=\"wp-block-list\">\n<li>El <a href=\"https:\/\/usa-gv.com\/es\/precio-esta-eeuu\/\">precio del ESTA<\/a> ha cambiado varias veces desde que se lanz\u00f3 el programa en 2009. Desde 2022, la tasa administrativa que se paga en l\u00ednea en el <a href=\"https:\/\/usa-gv.com\/es\/sitio-web-oficial-esta\/\">sitio web oficial del ESTA<\/a> es de 21 d\u00f3lares estadounidenses;<\/li>\n\n\n\n<li>Desde 2023, la tasa para tramitar una solicitud de <a href=\"https:\/\/usa-gv.com\/es\/visado-turista-eeuu\/\">visado de turista B2<\/a> es de 185 d\u00f3lares estadounidenses, pagaderos en l\u00ednea.<\/li>\n<\/ul>\n","protected":false},"excerpt":{"rendered":"<p>\u00bfCu\u00e1l es la diferencia entre un visado y el ESTA? Estos dos documentos son autorizaciones de viaje estadounidenses. Son fundamentalmente diferentes, y las principales diferencias son las siguientes: \u00bfEl ESTA es un tipo de visado para EEUU? No, la autorizaci\u00f3n ESTA no es un visado para Estados Unidos. El ESTA es una autorizaci\u00f3n electr\u00f3nica de [&hellip;]<\/p>\n","protected":false},"author":1,"featured_media":0,"parent":0,"menu_order":0,"comment_status":"closed","ping_status":"closed","template":"","meta":{"footnotes":""},"class_list":["post-2780","page","type-page","status-publish","hentry"],"yoast_head":"<!-- This site is optimized with the Yoast SEO plugin v26.6 - https:\/\/yoast.com\/wordpress\/plugins\/seo\/ -->\n<title>\u00bfEl ESTA es un visado para EE.UU.? - USA-GV.COM<\/title>\n<meta name=\"description\" content=\"Averig\u00fce si el ESTA es un visado americano y si le permite viajar a Estados Unidos en las mismas condiciones\" \/>\n<meta name=\"robots\" content=\"index, follow, max-snippet:-1, max-image-preview:large, max-video-preview:-1\" \/>\n<link rel=\"canonical\" href=\"https:\/\/usa-gv.com\/es\/esta-visado-eeuu\/\" \/>\n<meta property=\"og:locale\" content=\"es_ES\" \/>\n<meta property=\"og:type\" content=\"article\" \/>\n<meta property=\"og:title\" content=\"\u00bfEl ESTA es un visado para EE.UU.? - USA-GV.COM\" \/>\n<meta property=\"og:description\" content=\"Averig\u00fce si el ESTA es un visado americano y si le permite viajar a Estados Unidos en las mismas condiciones\" \/>\n<meta property=\"og:url\" content=\"https:\/\/usa-gv.com\/es\/esta-visado-eeuu\/\" \/>\n<meta property=\"og:site_name\" content=\"USA-GV.COM\" \/>\n<meta property=\"article:modified_time\" content=\"2025-02-25T11:50:45+00:00\" \/>\n<meta name=\"twitter:card\" content=\"summary_large_image\" \/>\n<meta name=\"twitter:label1\" content=\"Tiempo de lectura\" \/>\n\t<meta name=\"twitter:data1\" content=\"2 minutos\" \/>\n<script type=\"application\/ld+json\" class=\"yoast-schema-graph\">{\"@context\":\"https:\/\/schema.org\",\"@graph\":[{\"@type\":\"WebPage\",\"@id\":\"https:\/\/usa-gv.com\/es\/esta-visado-eeuu\/\",\"url\":\"https:\/\/usa-gv.com\/es\/esta-visado-eeuu\/\",\"name\":\"\u00bfEl ESTA es un visado para EE.UU.? - USA-GV.COM\",\"isPartOf\":{\"@id\":\"https:\/\/usa-gv.com\/es\/#website\"},\"datePublished\":\"2024-03-11T21:45:25+00:00\",\"dateModified\":\"2025-02-25T11:50:45+00:00\",\"description\":\"Averig\u00fce si el ESTA es un visado americano y si le permite viajar a Estados Unidos en las mismas condiciones\",\"breadcrumb\":{\"@id\":\"https:\/\/usa-gv.com\/es\/esta-visado-eeuu\/#breadcrumb\"},\"inLanguage\":\"es\",\"potentialAction\":[{\"@type\":\"ReadAction\",\"target\":[\"https:\/\/usa-gv.com\/es\/esta-visado-eeuu\/\"]}]},{\"@type\":\"BreadcrumbList\",\"@id\":\"https:\/\/usa-gv.com\/es\/esta-visado-eeuu\/#breadcrumb\",\"itemListElement\":[{\"@type\":\"ListItem\",\"position\":1,\"name\":\"Home\",\"item\":\"https:\/\/usa-gv.com\/es\/guia-de-viaje-de-estados-unidos\/\"},{\"@type\":\"ListItem\",\"position\":2,\"name\":\"\u00bfEl ESTA es un visado para EE.UU.?\"}]},{\"@type\":\"WebSite\",\"@id\":\"https:\/\/usa-gv.com\/es\/#website\",\"url\":\"https:\/\/usa-gv.com\/es\/\",\"name\":\"USA-GV.COM\",\"description\":\"\",\"potentialAction\":[{\"@type\":\"SearchAction\",\"target\":{\"@type\":\"EntryPoint\",\"urlTemplate\":\"https:\/\/usa-gv.com\/es\/?s={search_term_string}\"},\"query-input\":{\"@type\":\"PropertyValueSpecification\",\"valueRequired\":true,\"valueName\":\"search_term_string\"}}],\"inLanguage\":\"es\"}]}<\/script>\n<!-- \/ Yoast SEO plugin. -->","yoast_head_json":{"title":"\u00bfEl ESTA es un visado para EE.UU.? - USA-GV.COM","description":"Averig\u00fce si el ESTA es un visado americano y si le permite viajar a Estados Unidos en las mismas condiciones","robots":{"index":"index","follow":"follow","max-snippet":"max-snippet:-1","max-image-preview":"max-image-preview:large","max-video-preview":"max-video-preview:-1"},"canonical":"https:\/\/usa-gv.com\/es\/esta-visado-eeuu\/","og_locale":"es_ES","og_type":"article","og_title":"\u00bfEl ESTA es un visado para EE.UU.? - USA-GV.COM","og_description":"Averig\u00fce si el ESTA es un visado americano y si le permite viajar a Estados Unidos en las mismas condiciones","og_url":"https:\/\/usa-gv.com\/es\/esta-visado-eeuu\/","og_site_name":"USA-GV.COM","article_modified_time":"2025-02-25T11:50:45+00:00","twitter_card":"summary_large_image","twitter_misc":{"Tiempo de lectura":"2 minutos"},"schema":{"@context":"https:\/\/schema.org","@graph":[{"@type":"WebPage","@id":"https:\/\/usa-gv.com\/es\/esta-visado-eeuu\/","url":"https:\/\/usa-gv.com\/es\/esta-visado-eeuu\/","name":"\u00bfEl ESTA es un visado para EE.UU.? - USA-GV.COM","isPartOf":{"@id":"https:\/\/usa-gv.com\/es\/#website"},"datePublished":"2024-03-11T21:45:25+00:00","dateModified":"2025-02-25T11:50:45+00:00","description":"Averig\u00fce si el ESTA es un visado americano y si le permite viajar a Estados Unidos en las mismas condiciones","breadcrumb":{"@id":"https:\/\/usa-gv.com\/es\/esta-visado-eeuu\/#breadcrumb"},"inLanguage":"es","potentialAction":[{"@type":"ReadAction","target":["https:\/\/usa-gv.com\/es\/esta-visado-eeuu\/"]}]},{"@type":"BreadcrumbList","@id":"https:\/\/usa-gv.com\/es\/esta-visado-eeuu\/#breadcrumb","itemListElement":[{"@type":"ListItem","position":1,"name":"Home","item":"https:\/\/usa-gv.com\/es\/guia-de-viaje-de-estados-unidos\/"},{"@type":"ListItem","position":2,"name":"\u00bfEl ESTA es un visado para EE.UU.?"}]},{"@type":"WebSite","@id":"https:\/\/usa-gv.com\/es\/#website","url":"https:\/\/usa-gv.com\/es\/","name":"USA-GV.COM","description":"","potentialAction":[{"@type":"SearchAction","target":{"@type":"EntryPoint","urlTemplate":"https:\/\/usa-gv.com\/es\/?s={search_term_string}"},"query-input":{"@type":"PropertyValueSpecification","valueRequired":true,"valueName":"search_term_string"}}],"inLanguage":"es"}]}},"_links":{"self":[{"href":"https:\/\/usa-gv.com\/es\/wp-json\/wp\/v2\/pages\/2780","targetHints":{"allow":["GET"]}}],"collection":[{"href":"https:\/\/usa-gv.com\/es\/wp-json\/wp\/v2\/pages"}],"about":[{"href":"https:\/\/usa-gv.com\/es\/wp-json\/wp\/v2\/types\/page"}],"author":[{"embeddable":true,"href":"https:\/\/usa-gv.com\/es\/wp-json\/wp\/v2\/users\/1"}],"replies":[{"embeddable":true,"href":"https:\/\/usa-gv.com\/es\/wp-json\/wp\/v2\/comments?post=2780"}],"version-history":[{"count":1,"href":"https:\/\/usa-gv.com\/es\/wp-json\/wp\/v2\/pages\/2780\/revisions"}],"predecessor-version":[{"id":7547,"href":"https:\/\/usa-gv.com\/es\/wp-json\/wp\/v2\/pages\/2780\/revisions\/7547"}],"wp:attachment":[{"href":"https:\/\/usa-gv.com\/es\/wp-json\/wp\/v2\/media?parent=2780"}],"curies":[{"name":"wp","href":"https:\/\/api.w.org\/{rel}","templated":true}]}}