{"id":2771,"date":"2024-03-10T21:42:34","date_gmt":"2024-03-10T21:42:34","guid":{"rendered":"https:\/\/usa-gv.com\/esta-for-menores\/"},"modified":"2025-02-25T11:49:50","modified_gmt":"2025-02-25T11:49:50","slug":"esta-for-menores","status":"publish","type":"page","link":"https:\/\/usa-gv.com\/es\/esta-for-menores\/","title":{"rendered":"ESTA para menores que visitan EE.UU."},"content":{"rendered":"\n<h1 class=\"wp-block-heading\">Obtener un ESTA para un menor en EE.UU.<\/h1>\n\n<p>Los menores extranjeros que viajen a Estados Unidos deben estar en posesi\u00f3n de una autorizaci\u00f3n personal de viaje a cualquier edad.  <\/p>\n\n<h2 class=\"wp-block-heading\">\u00bfEs obligatorio el ESTA para los menores?<\/h2>\n\n<p>Cuando los menores cumplen los requisitos para obtener un ESTA, cada uno de ellos debe tener una autorizaci\u00f3n personal a su nombre, sea cual sea su edad.\nCada miembro de una familia debe obtener su propia <a href=\"https:\/\/usa-gv.com\/es\/que-es-una-autorizacion-esta\/\">autorizaci\u00f3n de viaje ESTA<\/a> antes de embarcar en un vuelo con destino a Estados Unidos.   <\/p>\n\n<h2 class=\"wp-block-heading\">\u00bfC\u00f3mo se rellena un ESTA para un menor?<\/h2>\n\n<p>Para obtener la autorizaci\u00f3n para un menor, rellena el <a href=\"https:\/\/usa-gv.com\/es\/formulario-esta-en-linea\/\">formulario ESTA en l\u00ednea<\/a>. Es el mismo formulario que para los adultos. Las <a href=\"https:\/\/usa-gv.com\/es\/preguntas-sobre-el-formulario-esta\/\">preguntas del ESTA<\/a> son estrictamente las mismas, sea cual sea la edad del solicitante.<\/p>\n\n<h2 class=\"wp-block-heading\">\u00bfQu\u00e9 documentos de viaje se exigen a los menores?<\/h2>\n\n<p>Para embarcar hacia Estados Unidos, un menor debe estar en posesi\u00f3n de :<\/p>\n\n<ul class=\"wp-block-list\">\n<li><a href=\"https:\/\/usa-gv.com\/es\/pasaporte-para-estados-unidos\/\">Pasaporte v\u00e1lido para EEUU<\/a>;<\/li>\n\n\n\n<li>Una autorizaci\u00f3n de viaje v\u00e1lida.\nSi el menor tiene derecho a un ESTA, debe tener una autorizaci\u00f3n personal a su nombre. <\/li>\n<\/ul>\n\n<h2 class=\"wp-block-heading\">\u00bfPuedo presentar una solicitud ESTA en grupo?<\/h2>\n\n<p>El <a href=\"https:\/\/usa-gv.com\/es\/sitio-web-oficial-esta\/\">sitio web oficial del ESTA<\/a> te permite realizar una solicitud ESTA para un individuo o un grupo.  <\/p>\n\n<p>El <a href=\"https:\/\/usa-gv.com\/es\/como-solicitar-esta\/\">proceso de solicitud en grupo ESTA<\/a> te permite realizar un \u00fanico pago de <a href=\"https:\/\/usa-gv.com\/es\/precio-esta-eeuu\/\">tasas ESTA<\/a> para todas las autorizaciones solicitadas. Sin embargo, para cada una de las solicitudes del grupo, se debe completar toda la informaci\u00f3n del <a href=\"https:\/\/usa-gv.com\/es\/formulario-esta-en-linea\/\">formulario ESTA online<\/a>.<\/p>\n","protected":false},"excerpt":{"rendered":"<p>Obtener un ESTA para un menor en EE.UU. Los menores extranjeros que viajen a Estados Unidos deben estar en posesi\u00f3n de una autorizaci\u00f3n personal de viaje a cualquier edad. \u00bfEs obligatorio el ESTA para los menores? Cuando los menores cumplen los requisitos para obtener un ESTA, cada uno de ellos debe tener una autorizaci\u00f3n personal [&hellip;]<\/p>\n","protected":false},"author":1,"featured_media":0,"parent":0,"menu_order":0,"comment_status":"closed","ping_status":"closed","template":"","meta":{"footnotes":""},"class_list":["post-2771","page","type-page","status-publish","hentry"],"yoast_head":"<!-- This site is optimized with the Yoast SEO plugin v26.6 - https:\/\/yoast.com\/wordpress\/plugins\/seo\/ -->\n<title>ESTA para menores que visitan EE.UU. - USA-GV.COM<\/title>\n<meta name=\"description\" content=\"La autorizaci\u00f3n ESTA tambi\u00e9n es necesaria para los menores que viajan a Estados Unidos en el marco del Programa de Exenci\u00f3n de Visado.\" \/>\n<meta name=\"robots\" content=\"index, follow, max-snippet:-1, max-image-preview:large, max-video-preview:-1\" \/>\n<link rel=\"canonical\" href=\"https:\/\/usa-gv.com\/es\/esta-for-menores\/\" \/>\n<meta property=\"og:locale\" content=\"es_ES\" \/>\n<meta property=\"og:type\" content=\"article\" \/>\n<meta property=\"og:title\" content=\"ESTA para menores que visitan EE.UU. - USA-GV.COM\" \/>\n<meta property=\"og:description\" content=\"La autorizaci\u00f3n ESTA tambi\u00e9n es necesaria para los menores que viajan a Estados Unidos en el marco del Programa de Exenci\u00f3n de Visado.\" \/>\n<meta property=\"og:url\" content=\"https:\/\/usa-gv.com\/es\/esta-for-menores\/\" \/>\n<meta property=\"og:site_name\" content=\"USA-GV.COM\" \/>\n<meta property=\"article:modified_time\" content=\"2025-02-25T11:49:50+00:00\" \/>\n<meta name=\"twitter:card\" content=\"summary_large_image\" \/>\n<meta name=\"twitter:label1\" content=\"Tiempo de lectura\" \/>\n\t<meta name=\"twitter:data1\" content=\"1 minuto\" \/>\n<script type=\"application\/ld+json\" class=\"yoast-schema-graph\">{\"@context\":\"https:\/\/schema.org\",\"@graph\":[{\"@type\":\"WebPage\",\"@id\":\"https:\/\/usa-gv.com\/es\/esta-for-menores\/\",\"url\":\"https:\/\/usa-gv.com\/es\/esta-for-menores\/\",\"name\":\"ESTA para menores que visitan EE.UU. - USA-GV.COM\",\"isPartOf\":{\"@id\":\"https:\/\/usa-gv.com\/es\/#website\"},\"datePublished\":\"2024-03-10T21:42:34+00:00\",\"dateModified\":\"2025-02-25T11:49:50+00:00\",\"description\":\"La autorizaci\u00f3n ESTA tambi\u00e9n es necesaria para los menores que viajan a Estados Unidos en el marco del Programa de Exenci\u00f3n de Visado.\",\"breadcrumb\":{\"@id\":\"https:\/\/usa-gv.com\/es\/esta-for-menores\/#breadcrumb\"},\"inLanguage\":\"es\",\"potentialAction\":[{\"@type\":\"ReadAction\",\"target\":[\"https:\/\/usa-gv.com\/es\/esta-for-menores\/\"]}]},{\"@type\":\"BreadcrumbList\",\"@id\":\"https:\/\/usa-gv.com\/es\/esta-for-menores\/#breadcrumb\",\"itemListElement\":[{\"@type\":\"ListItem\",\"position\":1,\"name\":\"Home\",\"item\":\"https:\/\/usa-gv.com\/es\/guia-de-viaje-de-estados-unidos\/\"},{\"@type\":\"ListItem\",\"position\":2,\"name\":\"ESTA para menores que visitan EE.UU.\"}]},{\"@type\":\"WebSite\",\"@id\":\"https:\/\/usa-gv.com\/es\/#website\",\"url\":\"https:\/\/usa-gv.com\/es\/\",\"name\":\"USA-GV.COM\",\"description\":\"\",\"potentialAction\":[{\"@type\":\"SearchAction\",\"target\":{\"@type\":\"EntryPoint\",\"urlTemplate\":\"https:\/\/usa-gv.com\/es\/?s={search_term_string}\"},\"query-input\":{\"@type\":\"PropertyValueSpecification\",\"valueRequired\":true,\"valueName\":\"search_term_string\"}}],\"inLanguage\":\"es\"}]}<\/script>\n<!-- \/ Yoast SEO plugin. -->","yoast_head_json":{"title":"ESTA para menores que visitan EE.UU. - USA-GV.COM","description":"La autorizaci\u00f3n ESTA tambi\u00e9n es necesaria para los menores que viajan a Estados Unidos en el marco del Programa de Exenci\u00f3n de Visado.","robots":{"index":"index","follow":"follow","max-snippet":"max-snippet:-1","max-image-preview":"max-image-preview:large","max-video-preview":"max-video-preview:-1"},"canonical":"https:\/\/usa-gv.com\/es\/esta-for-menores\/","og_locale":"es_ES","og_type":"article","og_title":"ESTA para menores que visitan EE.UU. - USA-GV.COM","og_description":"La autorizaci\u00f3n ESTA tambi\u00e9n es necesaria para los menores que viajan a Estados Unidos en el marco del Programa de Exenci\u00f3n de Visado.","og_url":"https:\/\/usa-gv.com\/es\/esta-for-menores\/","og_site_name":"USA-GV.COM","article_modified_time":"2025-02-25T11:49:50+00:00","twitter_card":"summary_large_image","twitter_misc":{"Tiempo de lectura":"1 minuto"},"schema":{"@context":"https:\/\/schema.org","@graph":[{"@type":"WebPage","@id":"https:\/\/usa-gv.com\/es\/esta-for-menores\/","url":"https:\/\/usa-gv.com\/es\/esta-for-menores\/","name":"ESTA para menores que visitan EE.UU. - USA-GV.COM","isPartOf":{"@id":"https:\/\/usa-gv.com\/es\/#website"},"datePublished":"2024-03-10T21:42:34+00:00","dateModified":"2025-02-25T11:49:50+00:00","description":"La autorizaci\u00f3n ESTA tambi\u00e9n es necesaria para los menores que viajan a Estados Unidos en el marco del Programa de Exenci\u00f3n de Visado.","breadcrumb":{"@id":"https:\/\/usa-gv.com\/es\/esta-for-menores\/#breadcrumb"},"inLanguage":"es","potentialAction":[{"@type":"ReadAction","target":["https:\/\/usa-gv.com\/es\/esta-for-menores\/"]}]},{"@type":"BreadcrumbList","@id":"https:\/\/usa-gv.com\/es\/esta-for-menores\/#breadcrumb","itemListElement":[{"@type":"ListItem","position":1,"name":"Home","item":"https:\/\/usa-gv.com\/es\/guia-de-viaje-de-estados-unidos\/"},{"@type":"ListItem","position":2,"name":"ESTA para menores que visitan EE.UU."}]},{"@type":"WebSite","@id":"https:\/\/usa-gv.com\/es\/#website","url":"https:\/\/usa-gv.com\/es\/","name":"USA-GV.COM","description":"","potentialAction":[{"@type":"SearchAction","target":{"@type":"EntryPoint","urlTemplate":"https:\/\/usa-gv.com\/es\/?s={search_term_string}"},"query-input":{"@type":"PropertyValueSpecification","valueRequired":true,"valueName":"search_term_string"}}],"inLanguage":"es"}]}},"_links":{"self":[{"href":"https:\/\/usa-gv.com\/es\/wp-json\/wp\/v2\/pages\/2771","targetHints":{"allow":["GET"]}}],"collection":[{"href":"https:\/\/usa-gv.com\/es\/wp-json\/wp\/v2\/pages"}],"about":[{"href":"https:\/\/usa-gv.com\/es\/wp-json\/wp\/v2\/types\/page"}],"author":[{"embeddable":true,"href":"https:\/\/usa-gv.com\/es\/wp-json\/wp\/v2\/users\/1"}],"replies":[{"embeddable":true,"href":"https:\/\/usa-gv.com\/es\/wp-json\/wp\/v2\/comments?post=2771"}],"version-history":[{"count":1,"href":"https:\/\/usa-gv.com\/es\/wp-json\/wp\/v2\/pages\/2771\/revisions"}],"predecessor-version":[{"id":7525,"href":"https:\/\/usa-gv.com\/es\/wp-json\/wp\/v2\/pages\/2771\/revisions\/7525"}],"wp:attachment":[{"href":"https:\/\/usa-gv.com\/es\/wp-json\/wp\/v2\/media?parent=2771"}],"curies":[{"name":"wp","href":"https:\/\/api.w.org\/{rel}","templated":true}]}}