{"id":2751,"date":"2024-03-19T10:41:15","date_gmt":"2024-03-19T10:41:15","guid":{"rendered":"https:\/\/usa-gv.com\/esta-canada\/"},"modified":"2025-02-25T11:49:28","modified_gmt":"2025-02-25T11:49:28","slug":"esta-canada","status":"publish","type":"page","link":"https:\/\/usa-gv.com\/es\/esta-canada\/","title":{"rendered":"ESTA para Canad\u00e1 o eTA Canad\u00e1"},"content":{"rendered":"\n<h1 class=\"wp-block-heading\">Autorizaci\u00f3n de viaje a Canad\u00e1<\/h1>\n\n<p>Estados Unidos y Canad\u00e1 son dos pa\u00edses que han introducido autorizaciones electr\u00f3nicas de viaje para los extranjeros que deseen permanecer en su territorio durante un breve periodo.\nLa autorizaci\u00f3n de viaje ESTA para EE.UU. no es tan \u00fatil como la autorizaci\u00f3n eTA para Canad\u00e1.\nAqu\u00ed tiene la informaci\u00f3n detallada que necesita para comprender las normas para viajar entre ambos pa\u00edses.    <\/p>\n\n<p><strong>Para una estancia inferior a 90 d\u00edas en Estados Unidos<\/strong>: Puede obtener su autorizaci\u00f3n de viaje en unos minutos haciendo clic en el <a href=\"https:\/\/usa-gv.com\/es\/formulario-esta-en-linea\/\">formulario ESTA en l\u00ednea<\/a>.<\/p>\n\n<div style=\"height:20px\" aria-hidden=\"true\" class=\"wp-block-spacer\"><\/div>\n\n<h2 class=\"wp-block-heading\">Autorizaci\u00f3n de viaje para visitar Canad\u00e1<\/h2>\n\n<h3 class=\"wp-block-heading\">\u00bfQu\u00e9 es el ESTA Canad\u00e1?<\/h3>\n\n<p><strong>No existe autorizaci\u00f3n ESTA para Canad\u00e1<\/strong>.\nCanad\u00e1 ha introducido un sistema electr\u00f3nico de autorizaci\u00f3n de viaje similar al de Estados Unidos, denominado eTA (Electronic Travel Authorization).\nLa notoriedad de la autorizaci\u00f3n <a href=\"https:\/\/usa-gv.com\/es\/que-es-una-autorizacion-esta\/\">ESTA para EE.UU<\/a>. provoca confusi\u00f3n en algunos viajeros extranjeros que piensan que la autorizaci\u00f3n canadiense es una ESTA Canad\u00e1.  <\/p>\n\n<h3 class=\"wp-block-heading\">Autorizaci\u00f3n de viaje eTA para Canad\u00e1<\/h3>\n\n<p>La eTA Canad\u00e1 es una autorizaci\u00f3n electr\u00f3nica de viaje que permite a un extranjero entrar en Canad\u00e1 para una estancia de hasta 6 meses.\nEl Gobierno canadiense introdujo este sistema de autorizaci\u00f3n de viaje para facilitar a los viajeros su visita a Canad\u00e1 y reforzar la seguridad en los pasos fronterizos canadienses. <\/p>\n\n<h3 class=\"wp-block-heading\">\u00bfPuedo visitar Canad\u00e1 con un ESTA?<\/h3>\n\n<p>No, no es posible que un viajero extranjero entre en Canad\u00e1 con una autorizaci\u00f3n ESTA americana.\nLa autorizaci\u00f3n <a href=\"https:\/\/usa-gv.com\/es\/utilidad-esta\/\">ESTA no es necesaria para entrar en Canad\u00e1<\/a>. <\/p>\n\n<h3 class=\"wp-block-heading\">\u00bfPuedo visitar Canad\u00e1 con la tarjeta verde?<\/h3>\n\n<p>Si tienes la Tarjeta Verde, puedes cruzar la frontera terrestre de Estados Unidos a Canad\u00e1 sin obtener antes un visado de turista canadiense o una eTA canadiense.<\/p>\n\n<p>Sin embargo, si viaja en avi\u00f3n o transita por Canad\u00e1, deber\u00e1 obtener un visado canadiense o una eTA canadiense antes de embarcar.<\/p>\n\n<h2 class=\"wp-block-heading\">Autorizaci\u00f3n de viaje para visitar EE.UU. desde Canad\u00e1<\/h2>\n\n<h3 class=\"wp-block-heading\">\u00bfNecesito una eTA para transitar por Canad\u00e1?<\/h3>\n\n<p>Los viajeros extranjeros titulares de una ESTA para entrar en Estados Unidos tambi\u00e9n deben obtener una eTA de Canad\u00e1 si hacen escala en este pa\u00eds de camino a Estados Unidos:  <\/p>\n\n<ul class=\"wp-block-list\">\n<li>Una eTA Canad\u00e1 permite a un extranjero hacer una escala en Canad\u00e1.  <\/li>\n\n\n\n<li>Una autorizaci\u00f3n de <a href=\"https:\/\/usa-gv.com\/es\/esta-transito-ee-uu\/\">tr\u00e1nsito ESTA para EE.UU<\/a>. no le permite hacer escala en Canad\u00e1.<\/li>\n<\/ul>\n\n<div style=\"height:10px\" aria-hidden=\"true\" class=\"wp-block-spacer\"><\/div>\n\n<h3 class=\"wp-block-heading\">\u00bfNecesito un ESTA para entrar en EE.UU. por tierra a trav\u00e9s de la frontera canadiense?<\/h3>\n\n<p>Desde el 1 de octubre de 2022, los extranjeros procedentes de pa\u00edses miembros del <a href=\"https:\/\/usa-gv.com\/es\/visa-waiver-program-eeuu\/\">Programa de Exenci\u00f3n de Visado<\/a> deben <a href=\"https:\/\/usa-gv.com\/es\/como-conseguir-un-esta\/\">obtener una autorizaci\u00f3n ESTA<\/a> para cruzar la frontera terrestre entre Canad\u00e1 y Estados Unidos.<\/p>\n\n<h3 class=\"wp-block-heading\">\u00bfCu\u00e1les son los tr\u00e1mites de entrada en EE.UU. para los ciudadanos canadienses?<\/h3>\n\n<h4 class=\"wp-block-heading\">Canadienses que entran en EE.UU. por v\u00eda a\u00e9rea<\/h4>\n\n<p>Los canadienses que deseen viajar a Estados Unidos deben presentar una prueba de su ciudadan\u00eda canadiense para entrar en Estados Unidos.\nLa mejor prueba es un pasaporte canadiense v\u00e1lido. <\/p>\n\n<p>Este requisito se aplica a todos los ciudadanos canadienses, incluidos los ni\u00f1os, que lleguen por v\u00eda a\u00e9rea a Estados Unidos.\nEsta norma tambi\u00e9n se aplica a los ciudadanos canadienses en tr\u00e1nsito por Estados Unidos. <\/p>\n\n<h4 class=\"wp-block-heading\">Canadienses que entran en EE.UU. por tierra o mar<\/h4>\n\n<p>De conformidad con el acuerdo de la Iniciativa de Viajes del Hemisferio Occidental (WHTI), todos los ciudadanos canadienses mayores de 16 a\u00f1os deben presentar una prueba de ciudadan\u00eda canadiense al entrar en Estados Unidos por tierra o por mar.\nLa mejor prueba es un pasaporte canadiense v\u00e1lido. <\/p>\n\n<h2 class=\"wp-block-heading\">Imagen de la p\u00e1gina web para obtener una ESTA Canad\u00e1 (eTA)<\/h2>\n\n<p>Aqu\u00ed tiene una captura de pantalla del <a href=\"https:\/\/www.canada.ca\/en\/immigration-refugees-citizenship\/services\/visit-canada\/eta\/apply-es.html\">sitio web canada.ca<\/a>, donde los viajeros extranjeros pueden solicitar en l\u00ednea una autorizaci\u00f3n de viaje a Canad\u00e1, similar a la autorizaci\u00f3n ESTA estadounidense.<\/p>\n\n<figure class=\"wp-block-image size-large\"><img decoding=\"async\" src=\"https:\/\/usa-gv.com\/wp-content\/uploads\/2024\/04\/esta-canada-ES-1024x791.jpg\" alt=\"Solicitud en l&#xED;nea de eTA para viajar a Canad&#xE1;\" class=\"wp-image-3503\"\/><figcaption class=\"wp-element-caption\">Solicitar una autorizaci\u00f3n de viaje a Canad\u00e1<\/figcaption><\/figure>\n","protected":false},"excerpt":{"rendered":"<p>Autorizaci\u00f3n de viaje a Canad\u00e1 Estados Unidos y Canad\u00e1 son dos pa\u00edses que han introducido autorizaciones electr\u00f3nicas de viaje para los extranjeros que deseen permanecer en su territorio durante un breve periodo. La autorizaci\u00f3n de viaje ESTA para EE.UU. no es tan \u00fatil como la autorizaci\u00f3n eTA para Canad\u00e1. Aqu\u00ed tiene la informaci\u00f3n detallada que [&hellip;]<\/p>\n","protected":false},"author":1,"featured_media":0,"parent":0,"menu_order":0,"comment_status":"closed","ping_status":"closed","template":"","meta":{"footnotes":""},"class_list":["post-2751","page","type-page","status-publish","hentry"],"yoast_head":"<!-- This site is optimized with the Yoast SEO plugin v26.6 - https:\/\/yoast.com\/wordpress\/plugins\/seo\/ -->\n<title>ESTA para Canad\u00e1 o eTA Canad\u00e1 - USA-GV.COM<\/title>\n<meta name=\"description\" content=\"Obtener en l\u00ednea una autorizaci\u00f3n de viaje para Canad\u00e1 similar a una autorizaci\u00f3n ESTA para Estados Unidos\" \/>\n<meta name=\"robots\" content=\"index, follow, max-snippet:-1, max-image-preview:large, max-video-preview:-1\" \/>\n<link rel=\"canonical\" href=\"https:\/\/usa-gv.com\/es\/esta-canada\/\" \/>\n<meta property=\"og:locale\" content=\"es_ES\" \/>\n<meta property=\"og:type\" content=\"article\" \/>\n<meta property=\"og:title\" content=\"ESTA para Canad\u00e1 o eTA Canad\u00e1 - USA-GV.COM\" \/>\n<meta property=\"og:description\" content=\"Obtener en l\u00ednea una autorizaci\u00f3n de viaje para Canad\u00e1 similar a una autorizaci\u00f3n ESTA para Estados Unidos\" \/>\n<meta property=\"og:url\" content=\"https:\/\/usa-gv.com\/es\/esta-canada\/\" \/>\n<meta property=\"og:site_name\" content=\"USA-GV.COM\" \/>\n<meta property=\"article:modified_time\" content=\"2025-02-25T11:49:28+00:00\" \/>\n<meta property=\"og:image\" content=\"https:\/\/usa-gv.com\/wp-content\/uploads\/2024\/04\/esta-canada-ES-1024x791.jpg\" \/>\n<meta name=\"twitter:card\" content=\"summary_large_image\" \/>\n<meta name=\"twitter:label1\" content=\"Tiempo de lectura\" \/>\n\t<meta name=\"twitter:data1\" content=\"3 minutos\" \/>\n<script type=\"application\/ld+json\" class=\"yoast-schema-graph\">{\"@context\":\"https:\/\/schema.org\",\"@graph\":[{\"@type\":\"WebPage\",\"@id\":\"https:\/\/usa-gv.com\/es\/esta-canada\/\",\"url\":\"https:\/\/usa-gv.com\/es\/esta-canada\/\",\"name\":\"ESTA para Canad\u00e1 o eTA Canad\u00e1 - USA-GV.COM\",\"isPartOf\":{\"@id\":\"https:\/\/usa-gv.com\/es\/#website\"},\"primaryImageOfPage\":{\"@id\":\"https:\/\/usa-gv.com\/es\/esta-canada\/#primaryimage\"},\"image\":{\"@id\":\"https:\/\/usa-gv.com\/es\/esta-canada\/#primaryimage\"},\"thumbnailUrl\":\"https:\/\/usa-gv.com\/wp-content\/uploads\/2024\/04\/esta-canada-ES-1024x791.jpg\",\"datePublished\":\"2024-03-19T10:41:15+00:00\",\"dateModified\":\"2025-02-25T11:49:28+00:00\",\"description\":\"Obtener en l\u00ednea una autorizaci\u00f3n de viaje para Canad\u00e1 similar a una autorizaci\u00f3n ESTA para Estados Unidos\",\"breadcrumb\":{\"@id\":\"https:\/\/usa-gv.com\/es\/esta-canada\/#breadcrumb\"},\"inLanguage\":\"es\",\"potentialAction\":[{\"@type\":\"ReadAction\",\"target\":[\"https:\/\/usa-gv.com\/es\/esta-canada\/\"]}]},{\"@type\":\"ImageObject\",\"inLanguage\":\"es\",\"@id\":\"https:\/\/usa-gv.com\/es\/esta-canada\/#primaryimage\",\"url\":\"https:\/\/usa-gv.com\/wp-content\/uploads\/2024\/04\/esta-canada-ES-1024x791.jpg\",\"contentUrl\":\"https:\/\/usa-gv.com\/wp-content\/uploads\/2024\/04\/esta-canada-ES-1024x791.jpg\"},{\"@type\":\"BreadcrumbList\",\"@id\":\"https:\/\/usa-gv.com\/es\/esta-canada\/#breadcrumb\",\"itemListElement\":[{\"@type\":\"ListItem\",\"position\":1,\"name\":\"Home\",\"item\":\"https:\/\/usa-gv.com\/es\/guia-de-viaje-de-estados-unidos\/\"},{\"@type\":\"ListItem\",\"position\":2,\"name\":\"ESTA para Canad\u00e1 o eTA Canad\u00e1\"}]},{\"@type\":\"WebSite\",\"@id\":\"https:\/\/usa-gv.com\/es\/#website\",\"url\":\"https:\/\/usa-gv.com\/es\/\",\"name\":\"USA-GV.COM\",\"description\":\"\",\"potentialAction\":[{\"@type\":\"SearchAction\",\"target\":{\"@type\":\"EntryPoint\",\"urlTemplate\":\"https:\/\/usa-gv.com\/es\/?s={search_term_string}\"},\"query-input\":{\"@type\":\"PropertyValueSpecification\",\"valueRequired\":true,\"valueName\":\"search_term_string\"}}],\"inLanguage\":\"es\"}]}<\/script>\n<!-- \/ Yoast SEO plugin. -->","yoast_head_json":{"title":"ESTA para Canad\u00e1 o eTA Canad\u00e1 - USA-GV.COM","description":"Obtener en l\u00ednea una autorizaci\u00f3n de viaje para Canad\u00e1 similar a una autorizaci\u00f3n ESTA para Estados Unidos","robots":{"index":"index","follow":"follow","max-snippet":"max-snippet:-1","max-image-preview":"max-image-preview:large","max-video-preview":"max-video-preview:-1"},"canonical":"https:\/\/usa-gv.com\/es\/esta-canada\/","og_locale":"es_ES","og_type":"article","og_title":"ESTA para Canad\u00e1 o eTA Canad\u00e1 - USA-GV.COM","og_description":"Obtener en l\u00ednea una autorizaci\u00f3n de viaje para Canad\u00e1 similar a una autorizaci\u00f3n ESTA para Estados Unidos","og_url":"https:\/\/usa-gv.com\/es\/esta-canada\/","og_site_name":"USA-GV.COM","article_modified_time":"2025-02-25T11:49:28+00:00","og_image":[{"url":"https:\/\/usa-gv.com\/wp-content\/uploads\/2024\/04\/esta-canada-ES-1024x791.jpg","type":"","width":"","height":""}],"twitter_card":"summary_large_image","twitter_misc":{"Tiempo de lectura":"3 minutos"},"schema":{"@context":"https:\/\/schema.org","@graph":[{"@type":"WebPage","@id":"https:\/\/usa-gv.com\/es\/esta-canada\/","url":"https:\/\/usa-gv.com\/es\/esta-canada\/","name":"ESTA para Canad\u00e1 o eTA Canad\u00e1 - USA-GV.COM","isPartOf":{"@id":"https:\/\/usa-gv.com\/es\/#website"},"primaryImageOfPage":{"@id":"https:\/\/usa-gv.com\/es\/esta-canada\/#primaryimage"},"image":{"@id":"https:\/\/usa-gv.com\/es\/esta-canada\/#primaryimage"},"thumbnailUrl":"https:\/\/usa-gv.com\/wp-content\/uploads\/2024\/04\/esta-canada-ES-1024x791.jpg","datePublished":"2024-03-19T10:41:15+00:00","dateModified":"2025-02-25T11:49:28+00:00","description":"Obtener en l\u00ednea una autorizaci\u00f3n de viaje para Canad\u00e1 similar a una autorizaci\u00f3n ESTA para Estados Unidos","breadcrumb":{"@id":"https:\/\/usa-gv.com\/es\/esta-canada\/#breadcrumb"},"inLanguage":"es","potentialAction":[{"@type":"ReadAction","target":["https:\/\/usa-gv.com\/es\/esta-canada\/"]}]},{"@type":"ImageObject","inLanguage":"es","@id":"https:\/\/usa-gv.com\/es\/esta-canada\/#primaryimage","url":"https:\/\/usa-gv.com\/wp-content\/uploads\/2024\/04\/esta-canada-ES-1024x791.jpg","contentUrl":"https:\/\/usa-gv.com\/wp-content\/uploads\/2024\/04\/esta-canada-ES-1024x791.jpg"},{"@type":"BreadcrumbList","@id":"https:\/\/usa-gv.com\/es\/esta-canada\/#breadcrumb","itemListElement":[{"@type":"ListItem","position":1,"name":"Home","item":"https:\/\/usa-gv.com\/es\/guia-de-viaje-de-estados-unidos\/"},{"@type":"ListItem","position":2,"name":"ESTA para Canad\u00e1 o eTA Canad\u00e1"}]},{"@type":"WebSite","@id":"https:\/\/usa-gv.com\/es\/#website","url":"https:\/\/usa-gv.com\/es\/","name":"USA-GV.COM","description":"","potentialAction":[{"@type":"SearchAction","target":{"@type":"EntryPoint","urlTemplate":"https:\/\/usa-gv.com\/es\/?s={search_term_string}"},"query-input":{"@type":"PropertyValueSpecification","valueRequired":true,"valueName":"search_term_string"}}],"inLanguage":"es"}]}},"_links":{"self":[{"href":"https:\/\/usa-gv.com\/es\/wp-json\/wp\/v2\/pages\/2751","targetHints":{"allow":["GET"]}}],"collection":[{"href":"https:\/\/usa-gv.com\/es\/wp-json\/wp\/v2\/pages"}],"about":[{"href":"https:\/\/usa-gv.com\/es\/wp-json\/wp\/v2\/types\/page"}],"author":[{"embeddable":true,"href":"https:\/\/usa-gv.com\/es\/wp-json\/wp\/v2\/users\/1"}],"replies":[{"embeddable":true,"href":"https:\/\/usa-gv.com\/es\/wp-json\/wp\/v2\/comments?post=2751"}],"version-history":[{"count":1,"href":"https:\/\/usa-gv.com\/es\/wp-json\/wp\/v2\/pages\/2751\/revisions"}],"predecessor-version":[{"id":7514,"href":"https:\/\/usa-gv.com\/es\/wp-json\/wp\/v2\/pages\/2751\/revisions\/7514"}],"wp:attachment":[{"href":"https:\/\/usa-gv.com\/es\/wp-json\/wp\/v2\/media?parent=2751"}],"curies":[{"name":"wp","href":"https:\/\/api.w.org\/{rel}","templated":true}]}}