{"id":2735,"date":"2024-03-19T10:47:36","date_gmt":"2024-03-19T10:47:36","guid":{"rendered":"https:\/\/usa-gv.com\/esta-washington\/"},"modified":"2025-02-25T11:50:05","modified_gmt":"2025-02-25T11:50:05","slug":"esta-washington","status":"publish","type":"page","link":"https:\/\/usa-gv.com\/es\/esta-washington\/","title":{"rendered":"ESTA para Washington"},"content":{"rendered":"\n<h1 class=\"wp-block-heading\">ESTA en l\u00ednea para viajar a Washington<\/h1>\n\n<p><a href=\"https:\/\/usa-gv.com\/es\/washington\/\">Washington<\/a> es la capital de Estados Unidos. Para permanecer en Washington, los extranjeros deben estar en posesi\u00f3n de una autorizaci\u00f3n de viaje o visado v\u00e1lidos.<\/p>\n\n<h2 class=\"wp-block-heading\">\u00bfPuedo viajar a Washington con un ESTA?<\/h2>\n\n<p>Para estancias inferiores a 90 d\u00edas, los viajeros procedentes de pa\u00edses miembros del <a href=\"https:\/\/usa-gv.com\/es\/visa-waiver-program-eeuu\/\">Programa de Exenci\u00f3n de Visado<\/a> pueden aterrizar en Washington simplemente con una autorizaci\u00f3n de viaje ESTA.<\/p>\n\n<h2 class=\"wp-block-heading\">\u00bfC\u00f3mo obtener un ESTA para Washington?<\/h2>\n\n<p>Puede solicitar la autorizaci\u00f3n ESTA totalmente en l\u00ednea. <a href=\"https:\/\/usa-gv.com\/es\/complete-el-formulario-esta-en-linea\/\">Rellenar el formulario ESTA<\/a> solo lleva unos minutos si el solicitante est\u00e1 en posesi\u00f3n de un <a href=\"https:\/\/usa-gv.com\/es\/pasaporte-para-estados-unidos\/\">pasaporte v\u00e1lido para viajar a Estados Unidos<\/a>. El procedimiento en l\u00ednea debe completarse al menos 3 d\u00edas antes de embarcar en el avi\u00f3n con destino a Washington.<\/p>\n\n<p><strong>Para obtener la autorizaci\u00f3n ESTA para Washington<\/strong>, basta con hacer clic en el <a href=\"https:\/\/usa-gv.com\/es\/formulario-esta-en-linea\/\">formulario ESTA en l\u00ednea<\/a>.<\/p>\n\n<div style=\"height:10px\" aria-hidden=\"true\" class=\"wp-block-spacer\"><\/div>\n\n<h2 class=\"wp-block-heading\">\u00bfNecesito un ESTA para hacer escala en Washington?<\/h2>\n\n<p>Un viajero que haya obtenido una ESTA puede hacer escala en <a href=\"https:\/\/usa-gv.com\/es\/washington\/\">Washington<\/a> sin necesidad de visado estadounidense. La autorizaci\u00f3n ESTA le permite hacer escala en cualquier lugar de Estados Unidos. Los viajeros deben estar en posesi\u00f3n de sus <a href=\"https:\/\/usa-gv.com\/es\/documentos-viaje-ee-uu\/\">documentos de viaje para Estados Unidos<\/a>.<\/p>\n\n<p>Sin embargo, no necesita <a href=\"https:\/\/usa-gv.com\/es\/imprimir-esta\/\">imprimir su ESTA<\/a> antes de ir al aeropuerto.<\/p>\n\n<h2 class=\"wp-block-heading\">\u00bfCu\u00e1nto cuesta el ESTA para Washington?<\/h2>\n\n<p>El <a href=\"https:\/\/usa-gv.com\/es\/precio-esta-eeuu\/\">precio del ESTA<\/a> para Washington lo fijan las autoridades americanas. El precio ha cambiado desde que se introdujo el Programa de Exenci\u00f3n de Visado: la tasa b\u00e1sica es de 21 d\u00f3lares desde mayo de 2022. El <a href=\"https:\/\/usa-gv.com\/es\/como-pagar-una-esta\/\">pago del ESTA<\/a> se realiza en l\u00ednea \u00fanicamente con tarjeta de cr\u00e9dito. La solicitud s\u00f3lo se tramitar\u00e1 una vez validado el pago.<\/p>\n\n<h2 class=\"wp-block-heading\">Imagen del ESTA para Washington<\/h2>\n\n<p>Con la autorizaci\u00f3n ESTA, puedes visitar la magn\u00edfica ciudad de <a href=\"https:\/\/usa-gv.com\/es\/washington\/\">Washington<\/a> sin necesidad de visado. Los viajeros pueden realizar varias visitas a Washington durante el <a href=\"https:\/\/usa-gv.com\/es\/periodo-validez-esta\/\">periodo de validez del ESTA<\/a>.<\/p>\n\n<figure class=\"wp-block-image size-large\"><img fetchpriority=\"high\" decoding=\"async\" width=\"1552\" height=\"650\" src=\"https:\/\/usa-gv.com\/wp-content\/uploads\/2024\/04\/esta-washington-e1736171507166.jpg\" alt=\"Autorizaci&#xF3;n de viaje ESTA a Washington\" class=\"wp-image-3412\" srcset=\"https:\/\/usa-gv.com\/wp-content\/uploads\/2024\/04\/esta-washington-e1736171507166.jpg 1552w, https:\/\/usa-gv.com\/wp-content\/uploads\/2024\/04\/esta-washington-e1736171507166-300x126.jpg 300w, https:\/\/usa-gv.com\/wp-content\/uploads\/2024\/04\/esta-washington-e1736171507166-1024x429.jpg 1024w, https:\/\/usa-gv.com\/wp-content\/uploads\/2024\/04\/esta-washington-e1736171507166-768x322.jpg 768w, https:\/\/usa-gv.com\/wp-content\/uploads\/2024\/04\/esta-washington-e1736171507166-1536x643.jpg 1536w\" sizes=\"(max-width: 1552px) 100vw, 1552px\" \/><figcaption class=\"wp-element-caption\">Foto de Washington d\u00f3nde viajar con un ESTA<\/figcaption><\/figure>\n","protected":false},"excerpt":{"rendered":"<p>ESTA en l\u00ednea para viajar a Washington Washington es la capital de Estados Unidos. Para permanecer en Washington, los extranjeros deben estar en posesi\u00f3n de una autorizaci\u00f3n de viaje o visado v\u00e1lidos. \u00bfPuedo viajar a Washington con un ESTA? Para estancias inferiores a 90 d\u00edas, los viajeros procedentes de pa\u00edses miembros del Programa de Exenci\u00f3n [&hellip;]<\/p>\n","protected":false},"author":1,"featured_media":0,"parent":0,"menu_order":0,"comment_status":"closed","ping_status":"closed","template":"","meta":{"footnotes":""},"class_list":["post-2735","page","type-page","status-publish","hentry"],"yoast_head":"<!-- This site is optimized with the Yoast SEO plugin v26.6 - https:\/\/yoast.com\/wordpress\/plugins\/seo\/ -->\n<title>ESTA para Washington - USA-GV.COM<\/title>\n<meta name=\"description\" content=\"Obtener la autorizaci\u00f3n ESTA en l\u00ednea para viajar a Washington en Estados Unidos\" \/>\n<meta name=\"robots\" content=\"index, follow, max-snippet:-1, max-image-preview:large, max-video-preview:-1\" \/>\n<link rel=\"canonical\" href=\"https:\/\/usa-gv.com\/es\/esta-washington\/\" \/>\n<meta property=\"og:locale\" content=\"es_ES\" \/>\n<meta property=\"og:type\" content=\"article\" \/>\n<meta property=\"og:title\" content=\"ESTA para Washington - USA-GV.COM\" \/>\n<meta property=\"og:description\" content=\"Obtener la autorizaci\u00f3n ESTA en l\u00ednea para viajar a Washington en Estados Unidos\" \/>\n<meta property=\"og:url\" content=\"https:\/\/usa-gv.com\/es\/esta-washington\/\" \/>\n<meta property=\"og:site_name\" content=\"USA-GV.COM\" \/>\n<meta property=\"article:modified_time\" content=\"2025-02-25T11:50:05+00:00\" \/>\n<meta property=\"og:image\" content=\"https:\/\/usa-gv.com\/wp-content\/uploads\/2024\/04\/esta-washington-e1736171507166.jpg\" \/>\n<meta name=\"twitter:card\" content=\"summary_large_image\" \/>\n<meta name=\"twitter:label1\" content=\"Tiempo de lectura\" \/>\n\t<meta name=\"twitter:data1\" content=\"2 minutos\" \/>\n<script type=\"application\/ld+json\" class=\"yoast-schema-graph\">{\"@context\":\"https:\/\/schema.org\",\"@graph\":[{\"@type\":\"WebPage\",\"@id\":\"https:\/\/usa-gv.com\/es\/esta-washington\/\",\"url\":\"https:\/\/usa-gv.com\/es\/esta-washington\/\",\"name\":\"ESTA para Washington - USA-GV.COM\",\"isPartOf\":{\"@id\":\"https:\/\/usa-gv.com\/es\/#website\"},\"primaryImageOfPage\":{\"@id\":\"https:\/\/usa-gv.com\/es\/esta-washington\/#primaryimage\"},\"image\":{\"@id\":\"https:\/\/usa-gv.com\/es\/esta-washington\/#primaryimage\"},\"thumbnailUrl\":\"https:\/\/usa-gv.com\/wp-content\/uploads\/2024\/04\/esta-washington-e1736171507166.jpg\",\"datePublished\":\"2024-03-19T10:47:36+00:00\",\"dateModified\":\"2025-02-25T11:50:05+00:00\",\"description\":\"Obtener la autorizaci\u00f3n ESTA en l\u00ednea para viajar a Washington en Estados Unidos\",\"breadcrumb\":{\"@id\":\"https:\/\/usa-gv.com\/es\/esta-washington\/#breadcrumb\"},\"inLanguage\":\"es\",\"potentialAction\":[{\"@type\":\"ReadAction\",\"target\":[\"https:\/\/usa-gv.com\/es\/esta-washington\/\"]}]},{\"@type\":\"ImageObject\",\"inLanguage\":\"es\",\"@id\":\"https:\/\/usa-gv.com\/es\/esta-washington\/#primaryimage\",\"url\":\"https:\/\/usa-gv.com\/wp-content\/uploads\/2024\/04\/esta-washington-e1736171507166.jpg\",\"contentUrl\":\"https:\/\/usa-gv.com\/wp-content\/uploads\/2024\/04\/esta-washington-e1736171507166.jpg\"},{\"@type\":\"BreadcrumbList\",\"@id\":\"https:\/\/usa-gv.com\/es\/esta-washington\/#breadcrumb\",\"itemListElement\":[{\"@type\":\"ListItem\",\"position\":1,\"name\":\"Home\",\"item\":\"https:\/\/usa-gv.com\/es\/guia-de-viaje-de-estados-unidos\/\"},{\"@type\":\"ListItem\",\"position\":2,\"name\":\"ESTA para Washington\"}]},{\"@type\":\"WebSite\",\"@id\":\"https:\/\/usa-gv.com\/es\/#website\",\"url\":\"https:\/\/usa-gv.com\/es\/\",\"name\":\"USA-GV.COM\",\"description\":\"\",\"potentialAction\":[{\"@type\":\"SearchAction\",\"target\":{\"@type\":\"EntryPoint\",\"urlTemplate\":\"https:\/\/usa-gv.com\/es\/?s={search_term_string}\"},\"query-input\":{\"@type\":\"PropertyValueSpecification\",\"valueRequired\":true,\"valueName\":\"search_term_string\"}}],\"inLanguage\":\"es\"}]}<\/script>\n<!-- \/ Yoast SEO plugin. -->","yoast_head_json":{"title":"ESTA para Washington - USA-GV.COM","description":"Obtener la autorizaci\u00f3n ESTA en l\u00ednea para viajar a Washington en Estados Unidos","robots":{"index":"index","follow":"follow","max-snippet":"max-snippet:-1","max-image-preview":"max-image-preview:large","max-video-preview":"max-video-preview:-1"},"canonical":"https:\/\/usa-gv.com\/es\/esta-washington\/","og_locale":"es_ES","og_type":"article","og_title":"ESTA para Washington - USA-GV.COM","og_description":"Obtener la autorizaci\u00f3n ESTA en l\u00ednea para viajar a Washington en Estados Unidos","og_url":"https:\/\/usa-gv.com\/es\/esta-washington\/","og_site_name":"USA-GV.COM","article_modified_time":"2025-02-25T11:50:05+00:00","og_image":[{"url":"https:\/\/usa-gv.com\/wp-content\/uploads\/2024\/04\/esta-washington-e1736171507166.jpg","type":"","width":"","height":""}],"twitter_card":"summary_large_image","twitter_misc":{"Tiempo de lectura":"2 minutos"},"schema":{"@context":"https:\/\/schema.org","@graph":[{"@type":"WebPage","@id":"https:\/\/usa-gv.com\/es\/esta-washington\/","url":"https:\/\/usa-gv.com\/es\/esta-washington\/","name":"ESTA para Washington - USA-GV.COM","isPartOf":{"@id":"https:\/\/usa-gv.com\/es\/#website"},"primaryImageOfPage":{"@id":"https:\/\/usa-gv.com\/es\/esta-washington\/#primaryimage"},"image":{"@id":"https:\/\/usa-gv.com\/es\/esta-washington\/#primaryimage"},"thumbnailUrl":"https:\/\/usa-gv.com\/wp-content\/uploads\/2024\/04\/esta-washington-e1736171507166.jpg","datePublished":"2024-03-19T10:47:36+00:00","dateModified":"2025-02-25T11:50:05+00:00","description":"Obtener la autorizaci\u00f3n ESTA en l\u00ednea para viajar a Washington en Estados Unidos","breadcrumb":{"@id":"https:\/\/usa-gv.com\/es\/esta-washington\/#breadcrumb"},"inLanguage":"es","potentialAction":[{"@type":"ReadAction","target":["https:\/\/usa-gv.com\/es\/esta-washington\/"]}]},{"@type":"ImageObject","inLanguage":"es","@id":"https:\/\/usa-gv.com\/es\/esta-washington\/#primaryimage","url":"https:\/\/usa-gv.com\/wp-content\/uploads\/2024\/04\/esta-washington-e1736171507166.jpg","contentUrl":"https:\/\/usa-gv.com\/wp-content\/uploads\/2024\/04\/esta-washington-e1736171507166.jpg"},{"@type":"BreadcrumbList","@id":"https:\/\/usa-gv.com\/es\/esta-washington\/#breadcrumb","itemListElement":[{"@type":"ListItem","position":1,"name":"Home","item":"https:\/\/usa-gv.com\/es\/guia-de-viaje-de-estados-unidos\/"},{"@type":"ListItem","position":2,"name":"ESTA para Washington"}]},{"@type":"WebSite","@id":"https:\/\/usa-gv.com\/es\/#website","url":"https:\/\/usa-gv.com\/es\/","name":"USA-GV.COM","description":"","potentialAction":[{"@type":"SearchAction","target":{"@type":"EntryPoint","urlTemplate":"https:\/\/usa-gv.com\/es\/?s={search_term_string}"},"query-input":{"@type":"PropertyValueSpecification","valueRequired":true,"valueName":"search_term_string"}}],"inLanguage":"es"}]}},"_links":{"self":[{"href":"https:\/\/usa-gv.com\/es\/wp-json\/wp\/v2\/pages\/2735","targetHints":{"allow":["GET"]}}],"collection":[{"href":"https:\/\/usa-gv.com\/es\/wp-json\/wp\/v2\/pages"}],"about":[{"href":"https:\/\/usa-gv.com\/es\/wp-json\/wp\/v2\/types\/page"}],"author":[{"embeddable":true,"href":"https:\/\/usa-gv.com\/es\/wp-json\/wp\/v2\/users\/1"}],"replies":[{"embeddable":true,"href":"https:\/\/usa-gv.com\/es\/wp-json\/wp\/v2\/comments?post=2735"}],"version-history":[{"count":3,"href":"https:\/\/usa-gv.com\/es\/wp-json\/wp\/v2\/pages\/2735\/revisions"}],"predecessor-version":[{"id":7088,"href":"https:\/\/usa-gv.com\/es\/wp-json\/wp\/v2\/pages\/2735\/revisions\/7088"}],"wp:attachment":[{"href":"https:\/\/usa-gv.com\/es\/wp-json\/wp\/v2\/media?parent=2735"}],"curies":[{"name":"wp","href":"https:\/\/api.w.org\/{rel}","templated":true}]}}