{"id":2724,"date":"2024-03-10T21:38:55","date_gmt":"2024-03-10T21:38:55","guid":{"rendered":"https:\/\/usa-gv.com\/esta-transito-ee-uu\/"},"modified":"2025-02-25T11:49:19","modified_gmt":"2025-02-25T11:49:19","slug":"esta-transito-ee-uu","status":"publish","type":"page","link":"https:\/\/usa-gv.com\/es\/esta-transito-ee-uu\/","title":{"rendered":"ESTA para el tr\u00e1nsito a EE.UU."},"content":{"rendered":"\n<h1 class=\"wp-block-heading\">Hacer escala en EE.UU. con el ESTA<\/h1>\n\n<p>El programa estadounidense de exenci\u00f3n de visado permite a los nacionales de los pa\u00edses miembros viajar a Estados Unidos sin visado por turismo, negocios o tr\u00e1nsito.\nEl tr\u00e1nsito por territorio estadounidense es una de las razones para obtener un ESTA. <\/p>\n\n<p><strong>Para obtener la autorizaci\u00f3n en s\u00f3lo unos minutos<\/strong>, basta con hacer clic en el <a href=\"https:\/\/usa-gv.com\/es\/formulario-esta-en-linea\/\">formulario ESTA en l\u00ednea<\/a>.<\/p>\n\n<div style=\"height:10px\" aria-hidden=\"true\" class=\"wp-block-spacer\"><\/div>\n\n<h2 class=\"wp-block-heading\">\u00bfQu\u00e9 es una autorizaci\u00f3n de tr\u00e1nsito ESTA?<\/h2>\n\n<p>La autorizaci\u00f3n ESTA permite a su titular hacer escala en Estados Unidos sin visado de viaje estadounidense.\nEl tr\u00e1nsito es, por tanto, una de las razones para obtener una autorizaci\u00f3n electr\u00f3nica de viaje ESTA. <\/p>\n\n<h2 class=\"wp-block-heading\">\u00bfC\u00f3mo obtener un ESTA para el tr\u00e1nsito?<\/h2>\n\n<p>Al <a href=\"https:\/\/usa-gv.com\/es\/como-solicitar-esta\/\">solicitar la autorizaci\u00f3n ESTA<\/a>, el viajero debe responder a las <a href=\"https:\/\/usa-gv.com\/es\/preguntas-sobre-el-formulario-esta\/\">preguntas que figuran en el formulario ESTA<\/a>. Entre las preguntas sobre las caracter\u00edsticas de los viajes a Estados Unidos, hay una espec\u00edfica sobre los viajes en tr\u00e1nsito.  <\/p>\n\n<p>El viajero debe responder a la pregunta: <strong>\u00bfEs su viaje a Estados Unidos un tr\u00e1nsito hacia otro pa\u00eds?<\/strong> El viajero debe responder marcando S\u00cd o NO.<\/p>\n\n<p>En el caso de una solicitud ESTA para tr\u00e1nsito, el viajero responde S\u00cd a la pregunta.\nPor lo tanto, no tiene que facilitar su direcci\u00f3n en Estados Unidos.\nNo obstante, deben cumplimentar la secci\u00f3n del formulario sobre <strong>contactos de emergencia en Estados Unidos y fuera<\/strong> del pa\u00eds.  <\/p>\n\n<h2 class=\"wp-block-heading\">\u00bfCu\u00e1nto cuesta un ESTA de tr\u00e1nsito?<\/h2>\n\n<p>El <a href=\"https:\/\/usa-gv.com\/es\/precio-esta-eeuu\/\">precio del ESTA<\/a> es el mismo, sea cual sea el motivo y la duraci\u00f3n de su viaje a Estados Unidos. La tasa es la misma <strong>para una estancia de 90 d\u00edas o una simple escala<\/strong> en Estados Unidos. Los viajeros deben <a href=\"https:\/\/usa-gv.com\/es\/como-pagar-una-esta\/\">pagar su ESTA en l\u00ednea<\/a> inmediatamente al final del formulario para validar su solicitud.<\/p>\n\n<h2 class=\"wp-block-heading\">Imagen del formulario ESTA para el tr\u00e1nsito a EE.UU.<\/h2>\n\n<p>Esta es la parte del formulario ESTA que se refiere a la informaci\u00f3n de viaje.\nLa cuesti\u00f3n de los viajes en tr\u00e1nsito es obligatoria e importante.   <\/p>\n\n<figure class=\"wp-block-image size-large\"><img decoding=\"async\" src=\"https:\/\/usa-gv.com\/wp-content\/uploads\/2024\/04\/esta-transito-ES-1024x664.png\" alt=\"Formulario ESTA para escalas en EE.UU.\" class=\"wp-image-3882\"\/><figcaption class=\"wp-element-caption\">Formulario ESTA para el tr\u00e1nsito a EE.UU.<\/figcaption><\/figure>\n","protected":false},"excerpt":{"rendered":"<p>Hacer escala en EE.UU. con el ESTA El programa estadounidense de exenci\u00f3n de visado permite a los nacionales de los pa\u00edses miembros viajar a Estados Unidos sin visado por turismo, negocios o tr\u00e1nsito. El tr\u00e1nsito por territorio estadounidense es una de las razones para obtener un ESTA. Para obtener la autorizaci\u00f3n en s\u00f3lo unos minutos, [&hellip;]<\/p>\n","protected":false},"author":1,"featured_media":0,"parent":0,"menu_order":0,"comment_status":"closed","ping_status":"closed","template":"","meta":{"footnotes":""},"class_list":["post-2724","page","type-page","status-publish","hentry"],"yoast_head":"<!-- This site is optimized with the Yoast SEO plugin v26.6 - https:\/\/yoast.com\/wordpress\/plugins\/seo\/ -->\n<title>ESTA para el tr\u00e1nsito a EE.UU. - USA-GV.COM<\/title>\n<meta name=\"description\" content=\"Algunos viajeros extranjeros pueden hacer escala o permanecer en tr\u00e1nsito en Estados Unidos con autorizaci\u00f3n ESTA.\" \/>\n<meta name=\"robots\" content=\"index, follow, max-snippet:-1, max-image-preview:large, max-video-preview:-1\" \/>\n<link rel=\"canonical\" href=\"https:\/\/usa-gv.com\/es\/esta-transito-ee-uu\/\" \/>\n<meta property=\"og:locale\" content=\"es_ES\" \/>\n<meta property=\"og:type\" content=\"article\" \/>\n<meta property=\"og:title\" content=\"ESTA para el tr\u00e1nsito a EE.UU. - USA-GV.COM\" \/>\n<meta property=\"og:description\" content=\"Algunos viajeros extranjeros pueden hacer escala o permanecer en tr\u00e1nsito en Estados Unidos con autorizaci\u00f3n ESTA.\" \/>\n<meta property=\"og:url\" content=\"https:\/\/usa-gv.com\/es\/esta-transito-ee-uu\/\" \/>\n<meta property=\"og:site_name\" content=\"USA-GV.COM\" \/>\n<meta property=\"article:modified_time\" content=\"2025-02-25T11:49:19+00:00\" \/>\n<meta property=\"og:image\" content=\"https:\/\/usa-gv.com\/wp-content\/uploads\/2024\/04\/esta-transito-ES-1024x664.png\" \/>\n<meta name=\"twitter:card\" content=\"summary_large_image\" \/>\n<meta name=\"twitter:label1\" content=\"Tiempo de lectura\" \/>\n\t<meta name=\"twitter:data1\" content=\"2 minutos\" \/>\n<script type=\"application\/ld+json\" class=\"yoast-schema-graph\">{\"@context\":\"https:\/\/schema.org\",\"@graph\":[{\"@type\":\"WebPage\",\"@id\":\"https:\/\/usa-gv.com\/es\/esta-transito-ee-uu\/\",\"url\":\"https:\/\/usa-gv.com\/es\/esta-transito-ee-uu\/\",\"name\":\"ESTA para el tr\u00e1nsito a EE.UU. - USA-GV.COM\",\"isPartOf\":{\"@id\":\"https:\/\/usa-gv.com\/es\/#website\"},\"primaryImageOfPage\":{\"@id\":\"https:\/\/usa-gv.com\/es\/esta-transito-ee-uu\/#primaryimage\"},\"image\":{\"@id\":\"https:\/\/usa-gv.com\/es\/esta-transito-ee-uu\/#primaryimage\"},\"thumbnailUrl\":\"https:\/\/usa-gv.com\/wp-content\/uploads\/2024\/04\/esta-transito-ES-1024x664.png\",\"datePublished\":\"2024-03-10T21:38:55+00:00\",\"dateModified\":\"2025-02-25T11:49:19+00:00\",\"description\":\"Algunos viajeros extranjeros pueden hacer escala o permanecer en tr\u00e1nsito en Estados Unidos con autorizaci\u00f3n ESTA.\",\"breadcrumb\":{\"@id\":\"https:\/\/usa-gv.com\/es\/esta-transito-ee-uu\/#breadcrumb\"},\"inLanguage\":\"es\",\"potentialAction\":[{\"@type\":\"ReadAction\",\"target\":[\"https:\/\/usa-gv.com\/es\/esta-transito-ee-uu\/\"]}]},{\"@type\":\"ImageObject\",\"inLanguage\":\"es\",\"@id\":\"https:\/\/usa-gv.com\/es\/esta-transito-ee-uu\/#primaryimage\",\"url\":\"https:\/\/usa-gv.com\/wp-content\/uploads\/2024\/04\/esta-transito-ES-1024x664.png\",\"contentUrl\":\"https:\/\/usa-gv.com\/wp-content\/uploads\/2024\/04\/esta-transito-ES-1024x664.png\"},{\"@type\":\"BreadcrumbList\",\"@id\":\"https:\/\/usa-gv.com\/es\/esta-transito-ee-uu\/#breadcrumb\",\"itemListElement\":[{\"@type\":\"ListItem\",\"position\":1,\"name\":\"Home\",\"item\":\"https:\/\/usa-gv.com\/es\/guia-de-viaje-de-estados-unidos\/\"},{\"@type\":\"ListItem\",\"position\":2,\"name\":\"ESTA para el tr\u00e1nsito a EE.UU.\"}]},{\"@type\":\"WebSite\",\"@id\":\"https:\/\/usa-gv.com\/es\/#website\",\"url\":\"https:\/\/usa-gv.com\/es\/\",\"name\":\"USA-GV.COM\",\"description\":\"\",\"potentialAction\":[{\"@type\":\"SearchAction\",\"target\":{\"@type\":\"EntryPoint\",\"urlTemplate\":\"https:\/\/usa-gv.com\/es\/?s={search_term_string}\"},\"query-input\":{\"@type\":\"PropertyValueSpecification\",\"valueRequired\":true,\"valueName\":\"search_term_string\"}}],\"inLanguage\":\"es\"}]}<\/script>\n<!-- \/ Yoast SEO plugin. -->","yoast_head_json":{"title":"ESTA para el tr\u00e1nsito a EE.UU. - USA-GV.COM","description":"Algunos viajeros extranjeros pueden hacer escala o permanecer en tr\u00e1nsito en Estados Unidos con autorizaci\u00f3n ESTA.","robots":{"index":"index","follow":"follow","max-snippet":"max-snippet:-1","max-image-preview":"max-image-preview:large","max-video-preview":"max-video-preview:-1"},"canonical":"https:\/\/usa-gv.com\/es\/esta-transito-ee-uu\/","og_locale":"es_ES","og_type":"article","og_title":"ESTA para el tr\u00e1nsito a EE.UU. - USA-GV.COM","og_description":"Algunos viajeros extranjeros pueden hacer escala o permanecer en tr\u00e1nsito en Estados Unidos con autorizaci\u00f3n ESTA.","og_url":"https:\/\/usa-gv.com\/es\/esta-transito-ee-uu\/","og_site_name":"USA-GV.COM","article_modified_time":"2025-02-25T11:49:19+00:00","og_image":[{"url":"https:\/\/usa-gv.com\/wp-content\/uploads\/2024\/04\/esta-transito-ES-1024x664.png","type":"","width":"","height":""}],"twitter_card":"summary_large_image","twitter_misc":{"Tiempo de lectura":"2 minutos"},"schema":{"@context":"https:\/\/schema.org","@graph":[{"@type":"WebPage","@id":"https:\/\/usa-gv.com\/es\/esta-transito-ee-uu\/","url":"https:\/\/usa-gv.com\/es\/esta-transito-ee-uu\/","name":"ESTA para el tr\u00e1nsito a EE.UU. - USA-GV.COM","isPartOf":{"@id":"https:\/\/usa-gv.com\/es\/#website"},"primaryImageOfPage":{"@id":"https:\/\/usa-gv.com\/es\/esta-transito-ee-uu\/#primaryimage"},"image":{"@id":"https:\/\/usa-gv.com\/es\/esta-transito-ee-uu\/#primaryimage"},"thumbnailUrl":"https:\/\/usa-gv.com\/wp-content\/uploads\/2024\/04\/esta-transito-ES-1024x664.png","datePublished":"2024-03-10T21:38:55+00:00","dateModified":"2025-02-25T11:49:19+00:00","description":"Algunos viajeros extranjeros pueden hacer escala o permanecer en tr\u00e1nsito en Estados Unidos con autorizaci\u00f3n ESTA.","breadcrumb":{"@id":"https:\/\/usa-gv.com\/es\/esta-transito-ee-uu\/#breadcrumb"},"inLanguage":"es","potentialAction":[{"@type":"ReadAction","target":["https:\/\/usa-gv.com\/es\/esta-transito-ee-uu\/"]}]},{"@type":"ImageObject","inLanguage":"es","@id":"https:\/\/usa-gv.com\/es\/esta-transito-ee-uu\/#primaryimage","url":"https:\/\/usa-gv.com\/wp-content\/uploads\/2024\/04\/esta-transito-ES-1024x664.png","contentUrl":"https:\/\/usa-gv.com\/wp-content\/uploads\/2024\/04\/esta-transito-ES-1024x664.png"},{"@type":"BreadcrumbList","@id":"https:\/\/usa-gv.com\/es\/esta-transito-ee-uu\/#breadcrumb","itemListElement":[{"@type":"ListItem","position":1,"name":"Home","item":"https:\/\/usa-gv.com\/es\/guia-de-viaje-de-estados-unidos\/"},{"@type":"ListItem","position":2,"name":"ESTA para el tr\u00e1nsito a EE.UU."}]},{"@type":"WebSite","@id":"https:\/\/usa-gv.com\/es\/#website","url":"https:\/\/usa-gv.com\/es\/","name":"USA-GV.COM","description":"","potentialAction":[{"@type":"SearchAction","target":{"@type":"EntryPoint","urlTemplate":"https:\/\/usa-gv.com\/es\/?s={search_term_string}"},"query-input":{"@type":"PropertyValueSpecification","valueRequired":true,"valueName":"search_term_string"}}],"inLanguage":"es"}]}},"_links":{"self":[{"href":"https:\/\/usa-gv.com\/es\/wp-json\/wp\/v2\/pages\/2724","targetHints":{"allow":["GET"]}}],"collection":[{"href":"https:\/\/usa-gv.com\/es\/wp-json\/wp\/v2\/pages"}],"about":[{"href":"https:\/\/usa-gv.com\/es\/wp-json\/wp\/v2\/types\/page"}],"author":[{"embeddable":true,"href":"https:\/\/usa-gv.com\/es\/wp-json\/wp\/v2\/users\/1"}],"replies":[{"embeddable":true,"href":"https:\/\/usa-gv.com\/es\/wp-json\/wp\/v2\/comments?post=2724"}],"version-history":[{"count":1,"href":"https:\/\/usa-gv.com\/es\/wp-json\/wp\/v2\/pages\/2724\/revisions"}],"predecessor-version":[{"id":7503,"href":"https:\/\/usa-gv.com\/es\/wp-json\/wp\/v2\/pages\/2724\/revisions\/7503"}],"wp:attachment":[{"href":"https:\/\/usa-gv.com\/es\/wp-json\/wp\/v2\/media?parent=2724"}],"curies":[{"name":"wp","href":"https:\/\/api.w.org\/{rel}","templated":true}]}}