{"id":2708,"date":"2024-03-19T10:48:03","date_gmt":"2024-03-19T10:48:03","guid":{"rendered":"https:\/\/usa-gv.com\/esta-miami\/"},"modified":"2025-02-25T11:49:44","modified_gmt":"2025-02-25T11:49:44","slug":"esta-miami","status":"publish","type":"page","link":"https:\/\/usa-gv.com\/es\/esta-miami\/","title":{"rendered":"ESTA para Miami"},"content":{"rendered":"\n<h1 class=\"wp-block-heading\">ESTA online para viajar a Miami<\/h1>\n\n<p><a href=\"https:\/\/usa-gv.com\/es\/miami\/\">Miami<\/a> es la mayor ciudad estadounidense de Florida. Para permanecer en Miami, los extranjeros deben estar en posesi\u00f3n de una autorizaci\u00f3n de viaje o visado v\u00e1lidos.<\/p>\n\n<h2 class=\"wp-block-heading\">\u00bfPuedo viajar a Miami con un ESTA?<\/h2>\n\n<p>Para estancias inferiores a 90 d\u00edas, los viajeros procedentes de pa\u00edses miembros del <a href=\"https:\/\/usa-gv.com\/es\/visa-waiver-program-eeuu\/\">Programa de Exenci\u00f3n de Visado<\/a> pueden aterrizar en Miami con una simple autorizaci\u00f3n de viaje ESTA.<\/p>\n\n<h2 class=\"wp-block-heading\">\u00bfC\u00f3mo obtener un ESTA para Miami?<\/h2>\n\n<p>Puede solicitar la autorizaci\u00f3n ESTA totalmente en l\u00ednea. <a href=\"https:\/\/usa-gv.com\/es\/complete-el-formulario-esta-en-linea\/\">Rellenar el formulario ESTA<\/a> solo lleva unos minutos si el solicitante est\u00e1 en posesi\u00f3n de un <a href=\"https:\/\/usa-gv.com\/es\/pasaporte-para-estados-unidos\/\">pasaporte v\u00e1lido para viajar a Estados Unidos<\/a>. El procedimiento en l\u00ednea debe completarse al menos 3 d\u00edas antes de embarcar en el avi\u00f3n con destino a <a href=\"https:\/\/usa-gv.com\/es\/miami\/\">Miami<\/a>.<\/p>\n\n<p><strong>Para obtener la autorizaci\u00f3n ESTA para Miami<\/strong>, basta con hacer clic en el <a href=\"https:\/\/usa-gv.com\/es\/formulario-esta-en-linea\/\">formulario ESTA en l\u00ednea<\/a>.<\/p>\n\n<div style=\"height:10px\" aria-hidden=\"true\" class=\"wp-block-spacer\"><\/div>\n\n<h2 class=\"wp-block-heading\">\u00bfEs necesario un ESTA para hacer escala en Miami?<\/h2>\n\n<p>Un viajero que haya obtenido un ESTA puede hacer escala en Miami sin necesidad de visado estadounidense.\nLa autorizaci\u00f3n ESTA le permite hacer escala en cualquier lugar de Estados Unidos.\nLos viajeros deben estar en posesi\u00f3n de sus <a href=\"https:\/\/usa-gv.com\/es\/documentos-viaje-ee-uu\/\">documentos de viaje para Estados Unidos<\/a>.  <\/p>\n\n<p>Sin embargo, no necesita <a href=\"https:\/\/usa-gv.com\/es\/imprimir-esta\/\">imprimir su ESTA<\/a> antes de ir al aeropuerto.<\/p>\n\n<h2 class=\"wp-block-heading\">\u00bfCu\u00e1nto cuesta un ESTA para Miami?<\/h2>\n\n<p>El <a href=\"https:\/\/usa-gv.com\/es\/precio-esta-eeuu\/\">precio del ESTA<\/a> para Miami lo fijan las autoridades americanas. El precio ha cambiado desde que se introdujo el Programa de Exenci\u00f3n de Visado: la tasa b\u00e1sica es de 21 d\u00f3lares desde mayo de 2022. El <a href=\"https:\/\/usa-gv.com\/es\/como-pagar-una-esta\/\">pago del ESTA<\/a> se realiza en l\u00ednea \u00fanicamente con tarjeta de cr\u00e9dito. La solicitud s\u00f3lo se tramitar\u00e1 una vez validado el pago.<\/p>\n\n<h2 class=\"wp-block-heading\">Imagen del ESTA para Miami<\/h2>\n\n<p>Con la autorizaci\u00f3n ESTA, podr\u00e1s descubrir la magn\u00edfica ciudad de <a href=\"https:\/\/usa-gv.com\/es\/miami\/\">Miami<\/a>, en Florida, sin necesidad de visado. Los viajeros pueden realizar m\u00faltiples visitas a Miami durante el <a href=\"https:\/\/usa-gv.com\/es\/periodo-validez-esta\/\">periodo de validez del ESTA<\/a>.<\/p>\n\n<figure class=\"wp-block-image size-large\"><img fetchpriority=\"high\" decoding=\"async\" width=\"1290\" height=\"673\" src=\"https:\/\/usa-gv.com\/wp-content\/uploads\/2024\/04\/esta-miami-e1736171678781.jpg\" alt=\"Autorizaci&#xF3;n de viaje ESTA para Miami\" class=\"wp-image-3402\" srcset=\"https:\/\/usa-gv.com\/wp-content\/uploads\/2024\/04\/esta-miami-e1736171678781.jpg 1290w, https:\/\/usa-gv.com\/wp-content\/uploads\/2024\/04\/esta-miami-e1736171678781-300x157.jpg 300w, https:\/\/usa-gv.com\/wp-content\/uploads\/2024\/04\/esta-miami-e1736171678781-1024x534.jpg 1024w, https:\/\/usa-gv.com\/wp-content\/uploads\/2024\/04\/esta-miami-e1736171678781-768x401.jpg 768w\" sizes=\"(max-width: 1290px) 100vw, 1290px\" \/><figcaption class=\"wp-element-caption\">Foto de Miami donde viajar con un ESTA<\/figcaption><\/figure>\n","protected":false},"excerpt":{"rendered":"<p>ESTA online para viajar a Miami Miami es la mayor ciudad estadounidense de Florida. Para permanecer en Miami, los extranjeros deben estar en posesi\u00f3n de una autorizaci\u00f3n de viaje o visado v\u00e1lidos. \u00bfPuedo viajar a Miami con un ESTA? Para estancias inferiores a 90 d\u00edas, los viajeros procedentes de pa\u00edses miembros del Programa de Exenci\u00f3n [&hellip;]<\/p>\n","protected":false},"author":1,"featured_media":0,"parent":0,"menu_order":0,"comment_status":"closed","ping_status":"closed","template":"","meta":{"footnotes":""},"class_list":["post-2708","page","type-page","status-publish","hentry"],"yoast_head":"<!-- This site is optimized with the Yoast SEO plugin v26.6 - https:\/\/yoast.com\/wordpress\/plugins\/seo\/ -->\n<title>ESTA para Miami - USA-GV.COM<\/title>\n<meta name=\"description\" content=\"Obtener la autorizaci\u00f3n ESTA en l\u00ednea para viajar a Miami, Florida, en Estados Unidos\" \/>\n<meta name=\"robots\" content=\"index, follow, max-snippet:-1, max-image-preview:large, max-video-preview:-1\" \/>\n<link rel=\"canonical\" href=\"https:\/\/usa-gv.com\/es\/esta-miami\/\" \/>\n<meta property=\"og:locale\" content=\"es_ES\" \/>\n<meta property=\"og:type\" content=\"article\" \/>\n<meta property=\"og:title\" content=\"ESTA para Miami - USA-GV.COM\" \/>\n<meta property=\"og:description\" content=\"Obtener la autorizaci\u00f3n ESTA en l\u00ednea para viajar a Miami, Florida, en Estados Unidos\" \/>\n<meta property=\"og:url\" content=\"https:\/\/usa-gv.com\/es\/esta-miami\/\" \/>\n<meta property=\"og:site_name\" content=\"USA-GV.COM\" \/>\n<meta property=\"article:modified_time\" content=\"2025-02-25T11:49:44+00:00\" \/>\n<meta property=\"og:image\" content=\"https:\/\/usa-gv.com\/wp-content\/uploads\/2024\/04\/esta-miami-e1736171678781.jpg\" \/>\n<meta name=\"twitter:card\" content=\"summary_large_image\" \/>\n<meta name=\"twitter:label1\" content=\"Tiempo de lectura\" \/>\n\t<meta name=\"twitter:data1\" content=\"2 minutos\" \/>\n<script type=\"application\/ld+json\" class=\"yoast-schema-graph\">{\"@context\":\"https:\/\/schema.org\",\"@graph\":[{\"@type\":\"WebPage\",\"@id\":\"https:\/\/usa-gv.com\/es\/esta-miami\/\",\"url\":\"https:\/\/usa-gv.com\/es\/esta-miami\/\",\"name\":\"ESTA para Miami - USA-GV.COM\",\"isPartOf\":{\"@id\":\"https:\/\/usa-gv.com\/es\/#website\"},\"primaryImageOfPage\":{\"@id\":\"https:\/\/usa-gv.com\/es\/esta-miami\/#primaryimage\"},\"image\":{\"@id\":\"https:\/\/usa-gv.com\/es\/esta-miami\/#primaryimage\"},\"thumbnailUrl\":\"https:\/\/usa-gv.com\/wp-content\/uploads\/2024\/04\/esta-miami-e1736171678781.jpg\",\"datePublished\":\"2024-03-19T10:48:03+00:00\",\"dateModified\":\"2025-02-25T11:49:44+00:00\",\"description\":\"Obtener la autorizaci\u00f3n ESTA en l\u00ednea para viajar a Miami, Florida, en Estados Unidos\",\"breadcrumb\":{\"@id\":\"https:\/\/usa-gv.com\/es\/esta-miami\/#breadcrumb\"},\"inLanguage\":\"es\",\"potentialAction\":[{\"@type\":\"ReadAction\",\"target\":[\"https:\/\/usa-gv.com\/es\/esta-miami\/\"]}]},{\"@type\":\"ImageObject\",\"inLanguage\":\"es\",\"@id\":\"https:\/\/usa-gv.com\/es\/esta-miami\/#primaryimage\",\"url\":\"https:\/\/usa-gv.com\/wp-content\/uploads\/2024\/04\/esta-miami-e1736171678781.jpg\",\"contentUrl\":\"https:\/\/usa-gv.com\/wp-content\/uploads\/2024\/04\/esta-miami-e1736171678781.jpg\"},{\"@type\":\"BreadcrumbList\",\"@id\":\"https:\/\/usa-gv.com\/es\/esta-miami\/#breadcrumb\",\"itemListElement\":[{\"@type\":\"ListItem\",\"position\":1,\"name\":\"Home\",\"item\":\"https:\/\/usa-gv.com\/es\/guia-de-viaje-de-estados-unidos\/\"},{\"@type\":\"ListItem\",\"position\":2,\"name\":\"ESTA para Miami\"}]},{\"@type\":\"WebSite\",\"@id\":\"https:\/\/usa-gv.com\/es\/#website\",\"url\":\"https:\/\/usa-gv.com\/es\/\",\"name\":\"USA-GV.COM\",\"description\":\"\",\"potentialAction\":[{\"@type\":\"SearchAction\",\"target\":{\"@type\":\"EntryPoint\",\"urlTemplate\":\"https:\/\/usa-gv.com\/es\/?s={search_term_string}\"},\"query-input\":{\"@type\":\"PropertyValueSpecification\",\"valueRequired\":true,\"valueName\":\"search_term_string\"}}],\"inLanguage\":\"es\"}]}<\/script>\n<!-- \/ Yoast SEO plugin. -->","yoast_head_json":{"title":"ESTA para Miami - USA-GV.COM","description":"Obtener la autorizaci\u00f3n ESTA en l\u00ednea para viajar a Miami, Florida, en Estados Unidos","robots":{"index":"index","follow":"follow","max-snippet":"max-snippet:-1","max-image-preview":"max-image-preview:large","max-video-preview":"max-video-preview:-1"},"canonical":"https:\/\/usa-gv.com\/es\/esta-miami\/","og_locale":"es_ES","og_type":"article","og_title":"ESTA para Miami - USA-GV.COM","og_description":"Obtener la autorizaci\u00f3n ESTA en l\u00ednea para viajar a Miami, Florida, en Estados Unidos","og_url":"https:\/\/usa-gv.com\/es\/esta-miami\/","og_site_name":"USA-GV.COM","article_modified_time":"2025-02-25T11:49:44+00:00","og_image":[{"url":"https:\/\/usa-gv.com\/wp-content\/uploads\/2024\/04\/esta-miami-e1736171678781.jpg","type":"","width":"","height":""}],"twitter_card":"summary_large_image","twitter_misc":{"Tiempo de lectura":"2 minutos"},"schema":{"@context":"https:\/\/schema.org","@graph":[{"@type":"WebPage","@id":"https:\/\/usa-gv.com\/es\/esta-miami\/","url":"https:\/\/usa-gv.com\/es\/esta-miami\/","name":"ESTA para Miami - USA-GV.COM","isPartOf":{"@id":"https:\/\/usa-gv.com\/es\/#website"},"primaryImageOfPage":{"@id":"https:\/\/usa-gv.com\/es\/esta-miami\/#primaryimage"},"image":{"@id":"https:\/\/usa-gv.com\/es\/esta-miami\/#primaryimage"},"thumbnailUrl":"https:\/\/usa-gv.com\/wp-content\/uploads\/2024\/04\/esta-miami-e1736171678781.jpg","datePublished":"2024-03-19T10:48:03+00:00","dateModified":"2025-02-25T11:49:44+00:00","description":"Obtener la autorizaci\u00f3n ESTA en l\u00ednea para viajar a Miami, Florida, en Estados Unidos","breadcrumb":{"@id":"https:\/\/usa-gv.com\/es\/esta-miami\/#breadcrumb"},"inLanguage":"es","potentialAction":[{"@type":"ReadAction","target":["https:\/\/usa-gv.com\/es\/esta-miami\/"]}]},{"@type":"ImageObject","inLanguage":"es","@id":"https:\/\/usa-gv.com\/es\/esta-miami\/#primaryimage","url":"https:\/\/usa-gv.com\/wp-content\/uploads\/2024\/04\/esta-miami-e1736171678781.jpg","contentUrl":"https:\/\/usa-gv.com\/wp-content\/uploads\/2024\/04\/esta-miami-e1736171678781.jpg"},{"@type":"BreadcrumbList","@id":"https:\/\/usa-gv.com\/es\/esta-miami\/#breadcrumb","itemListElement":[{"@type":"ListItem","position":1,"name":"Home","item":"https:\/\/usa-gv.com\/es\/guia-de-viaje-de-estados-unidos\/"},{"@type":"ListItem","position":2,"name":"ESTA para Miami"}]},{"@type":"WebSite","@id":"https:\/\/usa-gv.com\/es\/#website","url":"https:\/\/usa-gv.com\/es\/","name":"USA-GV.COM","description":"","potentialAction":[{"@type":"SearchAction","target":{"@type":"EntryPoint","urlTemplate":"https:\/\/usa-gv.com\/es\/?s={search_term_string}"},"query-input":{"@type":"PropertyValueSpecification","valueRequired":true,"valueName":"search_term_string"}}],"inLanguage":"es"}]}},"_links":{"self":[{"href":"https:\/\/usa-gv.com\/es\/wp-json\/wp\/v2\/pages\/2708","targetHints":{"allow":["GET"]}}],"collection":[{"href":"https:\/\/usa-gv.com\/es\/wp-json\/wp\/v2\/pages"}],"about":[{"href":"https:\/\/usa-gv.com\/es\/wp-json\/wp\/v2\/types\/page"}],"author":[{"embeddable":true,"href":"https:\/\/usa-gv.com\/es\/wp-json\/wp\/v2\/users\/1"}],"replies":[{"embeddable":true,"href":"https:\/\/usa-gv.com\/es\/wp-json\/wp\/v2\/comments?post=2708"}],"version-history":[{"count":2,"href":"https:\/\/usa-gv.com\/es\/wp-json\/wp\/v2\/pages\/2708\/revisions"}],"predecessor-version":[{"id":7046,"href":"https:\/\/usa-gv.com\/es\/wp-json\/wp\/v2\/pages\/2708\/revisions\/7046"}],"wp:attachment":[{"href":"https:\/\/usa-gv.com\/es\/wp-json\/wp\/v2\/media?parent=2708"}],"curies":[{"name":"wp","href":"https:\/\/api.w.org\/{rel}","templated":true}]}}