{"id":2679,"date":"2024-03-12T09:17:22","date_gmt":"2024-03-12T09:17:22","guid":{"rendered":"https:\/\/usa-gv.com\/como-pagar-una-esta\/"},"modified":"2025-02-25T11:49:12","modified_gmt":"2025-02-25T11:49:12","slug":"como-pagar-una-esta","status":"publish","type":"page","link":"https:\/\/usa-gv.com\/es\/como-pagar-una-esta\/","title":{"rendered":"C\u00f3mo pagar el ESTA en l\u00ednea"},"content":{"rendered":"\n<h1 class=\"wp-block-heading\">C\u00f3mo pagar una solicitud ESTA<\/h1>\n\n<p>El proceso de obtenci\u00f3n de la autorizaci\u00f3n de viaje ESTA se realiza \u00edntegramente en l\u00ednea.\nEl procedimiento implica el pago de una tasa de tramitaci\u00f3n para validar la solicitud e iniciar el tratamiento inform\u00e1tico.\nEsto es lo que debe saber sobre el pago del ESTA.  <\/p>\n\n<p><strong>Para solicitar el ESTA<\/strong>, basta con hacer clic en el <a href=\"https:\/\/usa-gv.com\/es\/formulario-esta-en-linea\/\">formulario ESTA en l\u00ednea<\/a>.<\/p>\n\n<div style=\"height:10px\" aria-hidden=\"true\" class=\"wp-block-spacer\"><\/div>\n\n<h2 class=\"wp-block-heading\">\u00bfHay que pagar para obtener el ESTA?<\/h2>\n\n<p>La obtenci\u00f3n de la autorizaci\u00f3n de viaje ESTA es de pago.\nNo es posible obtener un <a href=\"https:\/\/usa-gv.com\/es\/esta-gratuita\/\">ESTA gratuito<\/a>.\nLa <a href=\"https:\/\/usa-gv.com\/es\/precio-esta-eeuu\/\">tasa ESTA<\/a> cubre los gastos de tramitaci\u00f3n y los costes de desarrollo del turismo en EE.UU.  <\/p>\n\n<h2 class=\"wp-block-heading\">\u00bfCu\u00e1ndo debo pagar?<\/h2>\n\n<p>Al realizar una <a href=\"https:\/\/usa-gv.com\/es\/como-solicitar-esta\/\">solicitud ESTA en l\u00ednea<\/a>, el solicitante llega a la p\u00e1gina de pago de tasas en la \u00faltima etapa del proceso. La solicitud no puede finalizarse sin el pago de la tasa en el <a href=\"https:\/\/usa-gv.com\/es\/sitio-web-oficial-esta\/\">sitio web oficial del ESTA<\/a>.  <\/p>\n\n<p>El expediente se guarda hasta 7 d\u00edas sin pagar.\nLa fecha l\u00edmite de pago se indica en la p\u00e1gina de pago. <strong>La solicitud no se tramitar\u00e1 hasta que se haya validado el pago de la tasa<\/strong>. <\/p>\n\n<h2 class=\"wp-block-heading\">\u00bfC\u00f3mo se paga?<\/h2>\n\n<p><strong>Las tasas del ESTA s\u00f3lo pueden pagarse con tarjeta de cr\u00e9dito<\/strong>.\nSe aceptan los siguientes tipos de tarjeta para el pago en l\u00ednea: Visa, MasterCard, American Express, Discover, Diner&#8217;s Club, Maestro o JCB. <\/p>\n\n<h2 class=\"wp-block-heading\">Foto de la p\u00e1gina de pago del ESTA en espa\u00f1ol<\/h2>\n\n<p>Aqu\u00ed tiene una captura de pantalla de la p\u00e1gina web en la que los viajeros deben pagar la tasa ESTA<\/p>\n\n<figure class=\"wp-block-image size-large\"><img decoding=\"async\" src=\"https:\/\/usa-gv.com\/wp-content\/uploads\/2024\/04\/pagar-esta-ES-1024x725.jpg\" alt=\"P&#xE1;gina de pago en l&#xED;nea del ESTA\" class=\"wp-image-3375\"\/><figcaption class=\"wp-element-caption\">Foto de la p\u00e1gina de pago del ESTA<\/figcaption><\/figure>\n\n<p><\/p>\n","protected":false},"excerpt":{"rendered":"<p>C\u00f3mo pagar una solicitud ESTA El proceso de obtenci\u00f3n de la autorizaci\u00f3n de viaje ESTA se realiza \u00edntegramente en l\u00ednea. El procedimiento implica el pago de una tasa de tramitaci\u00f3n para validar la solicitud e iniciar el tratamiento inform\u00e1tico. Esto es lo que debe saber sobre el pago del ESTA. Para solicitar el ESTA, basta [&hellip;]<\/p>\n","protected":false},"author":1,"featured_media":0,"parent":0,"menu_order":0,"comment_status":"closed","ping_status":"closed","template":"","meta":{"footnotes":""},"class_list":["post-2679","page","type-page","status-publish","hentry"],"yoast_head":"<!-- This site is optimized with the Yoast SEO plugin v26.6 - https:\/\/yoast.com\/wordpress\/plugins\/seo\/ -->\n<title>C\u00f3mo pagar el ESTA en l\u00ednea - USA-GV.COM<\/title>\n<meta name=\"description\" content=\"C\u00f3mo pagar una solicitud ESTA en l\u00ednea para finalizar el procedimiento y obtener la autorizaci\u00f3n para viajar a Estados Unidos\" \/>\n<meta name=\"robots\" content=\"index, follow, max-snippet:-1, max-image-preview:large, max-video-preview:-1\" \/>\n<link rel=\"canonical\" href=\"https:\/\/usa-gv.com\/es\/como-pagar-una-esta\/\" \/>\n<meta property=\"og:locale\" content=\"es_ES\" \/>\n<meta property=\"og:type\" content=\"article\" \/>\n<meta property=\"og:title\" content=\"C\u00f3mo pagar el ESTA en l\u00ednea - USA-GV.COM\" \/>\n<meta property=\"og:description\" content=\"C\u00f3mo pagar una solicitud ESTA en l\u00ednea para finalizar el procedimiento y obtener la autorizaci\u00f3n para viajar a Estados Unidos\" \/>\n<meta property=\"og:url\" content=\"https:\/\/usa-gv.com\/es\/como-pagar-una-esta\/\" \/>\n<meta property=\"og:site_name\" content=\"USA-GV.COM\" \/>\n<meta property=\"article:modified_time\" content=\"2025-02-25T11:49:12+00:00\" \/>\n<meta property=\"og:image\" content=\"https:\/\/usa-gv.com\/wp-content\/uploads\/2024\/04\/pagar-esta-ES-1024x725.jpg\" \/>\n<meta name=\"twitter:card\" content=\"summary_large_image\" \/>\n<meta name=\"twitter:label1\" content=\"Tiempo de lectura\" \/>\n\t<meta name=\"twitter:data1\" content=\"1 minuto\" \/>\n<script type=\"application\/ld+json\" class=\"yoast-schema-graph\">{\"@context\":\"https:\/\/schema.org\",\"@graph\":[{\"@type\":\"WebPage\",\"@id\":\"https:\/\/usa-gv.com\/es\/como-pagar-una-esta\/\",\"url\":\"https:\/\/usa-gv.com\/es\/como-pagar-una-esta\/\",\"name\":\"C\u00f3mo pagar el ESTA en l\u00ednea - USA-GV.COM\",\"isPartOf\":{\"@id\":\"https:\/\/usa-gv.com\/es\/#website\"},\"primaryImageOfPage\":{\"@id\":\"https:\/\/usa-gv.com\/es\/como-pagar-una-esta\/#primaryimage\"},\"image\":{\"@id\":\"https:\/\/usa-gv.com\/es\/como-pagar-una-esta\/#primaryimage\"},\"thumbnailUrl\":\"https:\/\/usa-gv.com\/wp-content\/uploads\/2024\/04\/pagar-esta-ES-1024x725.jpg\",\"datePublished\":\"2024-03-12T09:17:22+00:00\",\"dateModified\":\"2025-02-25T11:49:12+00:00\",\"description\":\"C\u00f3mo pagar una solicitud ESTA en l\u00ednea para finalizar el procedimiento y obtener la autorizaci\u00f3n para viajar a Estados Unidos\",\"breadcrumb\":{\"@id\":\"https:\/\/usa-gv.com\/es\/como-pagar-una-esta\/#breadcrumb\"},\"inLanguage\":\"es\",\"potentialAction\":[{\"@type\":\"ReadAction\",\"target\":[\"https:\/\/usa-gv.com\/es\/como-pagar-una-esta\/\"]}]},{\"@type\":\"ImageObject\",\"inLanguage\":\"es\",\"@id\":\"https:\/\/usa-gv.com\/es\/como-pagar-una-esta\/#primaryimage\",\"url\":\"https:\/\/usa-gv.com\/wp-content\/uploads\/2024\/04\/pagar-esta-ES-1024x725.jpg\",\"contentUrl\":\"https:\/\/usa-gv.com\/wp-content\/uploads\/2024\/04\/pagar-esta-ES-1024x725.jpg\"},{\"@type\":\"BreadcrumbList\",\"@id\":\"https:\/\/usa-gv.com\/es\/como-pagar-una-esta\/#breadcrumb\",\"itemListElement\":[{\"@type\":\"ListItem\",\"position\":1,\"name\":\"Home\",\"item\":\"https:\/\/usa-gv.com\/es\/guia-de-viaje-de-estados-unidos\/\"},{\"@type\":\"ListItem\",\"position\":2,\"name\":\"C\u00f3mo pagar el ESTA en l\u00ednea\"}]},{\"@type\":\"WebSite\",\"@id\":\"https:\/\/usa-gv.com\/es\/#website\",\"url\":\"https:\/\/usa-gv.com\/es\/\",\"name\":\"USA-GV.COM\",\"description\":\"\",\"potentialAction\":[{\"@type\":\"SearchAction\",\"target\":{\"@type\":\"EntryPoint\",\"urlTemplate\":\"https:\/\/usa-gv.com\/es\/?s={search_term_string}\"},\"query-input\":{\"@type\":\"PropertyValueSpecification\",\"valueRequired\":true,\"valueName\":\"search_term_string\"}}],\"inLanguage\":\"es\"}]}<\/script>\n<!-- \/ Yoast SEO plugin. -->","yoast_head_json":{"title":"C\u00f3mo pagar el ESTA en l\u00ednea - USA-GV.COM","description":"C\u00f3mo pagar una solicitud ESTA en l\u00ednea para finalizar el procedimiento y obtener la autorizaci\u00f3n para viajar a Estados Unidos","robots":{"index":"index","follow":"follow","max-snippet":"max-snippet:-1","max-image-preview":"max-image-preview:large","max-video-preview":"max-video-preview:-1"},"canonical":"https:\/\/usa-gv.com\/es\/como-pagar-una-esta\/","og_locale":"es_ES","og_type":"article","og_title":"C\u00f3mo pagar el ESTA en l\u00ednea - USA-GV.COM","og_description":"C\u00f3mo pagar una solicitud ESTA en l\u00ednea para finalizar el procedimiento y obtener la autorizaci\u00f3n para viajar a Estados Unidos","og_url":"https:\/\/usa-gv.com\/es\/como-pagar-una-esta\/","og_site_name":"USA-GV.COM","article_modified_time":"2025-02-25T11:49:12+00:00","og_image":[{"url":"https:\/\/usa-gv.com\/wp-content\/uploads\/2024\/04\/pagar-esta-ES-1024x725.jpg","type":"","width":"","height":""}],"twitter_card":"summary_large_image","twitter_misc":{"Tiempo de lectura":"1 minuto"},"schema":{"@context":"https:\/\/schema.org","@graph":[{"@type":"WebPage","@id":"https:\/\/usa-gv.com\/es\/como-pagar-una-esta\/","url":"https:\/\/usa-gv.com\/es\/como-pagar-una-esta\/","name":"C\u00f3mo pagar el ESTA en l\u00ednea - USA-GV.COM","isPartOf":{"@id":"https:\/\/usa-gv.com\/es\/#website"},"primaryImageOfPage":{"@id":"https:\/\/usa-gv.com\/es\/como-pagar-una-esta\/#primaryimage"},"image":{"@id":"https:\/\/usa-gv.com\/es\/como-pagar-una-esta\/#primaryimage"},"thumbnailUrl":"https:\/\/usa-gv.com\/wp-content\/uploads\/2024\/04\/pagar-esta-ES-1024x725.jpg","datePublished":"2024-03-12T09:17:22+00:00","dateModified":"2025-02-25T11:49:12+00:00","description":"C\u00f3mo pagar una solicitud ESTA en l\u00ednea para finalizar el procedimiento y obtener la autorizaci\u00f3n para viajar a Estados Unidos","breadcrumb":{"@id":"https:\/\/usa-gv.com\/es\/como-pagar-una-esta\/#breadcrumb"},"inLanguage":"es","potentialAction":[{"@type":"ReadAction","target":["https:\/\/usa-gv.com\/es\/como-pagar-una-esta\/"]}]},{"@type":"ImageObject","inLanguage":"es","@id":"https:\/\/usa-gv.com\/es\/como-pagar-una-esta\/#primaryimage","url":"https:\/\/usa-gv.com\/wp-content\/uploads\/2024\/04\/pagar-esta-ES-1024x725.jpg","contentUrl":"https:\/\/usa-gv.com\/wp-content\/uploads\/2024\/04\/pagar-esta-ES-1024x725.jpg"},{"@type":"BreadcrumbList","@id":"https:\/\/usa-gv.com\/es\/como-pagar-una-esta\/#breadcrumb","itemListElement":[{"@type":"ListItem","position":1,"name":"Home","item":"https:\/\/usa-gv.com\/es\/guia-de-viaje-de-estados-unidos\/"},{"@type":"ListItem","position":2,"name":"C\u00f3mo pagar el ESTA en l\u00ednea"}]},{"@type":"WebSite","@id":"https:\/\/usa-gv.com\/es\/#website","url":"https:\/\/usa-gv.com\/es\/","name":"USA-GV.COM","description":"","potentialAction":[{"@type":"SearchAction","target":{"@type":"EntryPoint","urlTemplate":"https:\/\/usa-gv.com\/es\/?s={search_term_string}"},"query-input":{"@type":"PropertyValueSpecification","valueRequired":true,"valueName":"search_term_string"}}],"inLanguage":"es"}]}},"_links":{"self":[{"href":"https:\/\/usa-gv.com\/es\/wp-json\/wp\/v2\/pages\/2679","targetHints":{"allow":["GET"]}}],"collection":[{"href":"https:\/\/usa-gv.com\/es\/wp-json\/wp\/v2\/pages"}],"about":[{"href":"https:\/\/usa-gv.com\/es\/wp-json\/wp\/v2\/types\/page"}],"author":[{"embeddable":true,"href":"https:\/\/usa-gv.com\/es\/wp-json\/wp\/v2\/users\/1"}],"replies":[{"embeddable":true,"href":"https:\/\/usa-gv.com\/es\/wp-json\/wp\/v2\/comments?post=2679"}],"version-history":[{"count":1,"href":"https:\/\/usa-gv.com\/es\/wp-json\/wp\/v2\/pages\/2679\/revisions"}],"predecessor-version":[{"id":7492,"href":"https:\/\/usa-gv.com\/es\/wp-json\/wp\/v2\/pages\/2679\/revisions\/7492"}],"wp:attachment":[{"href":"https:\/\/usa-gv.com\/es\/wp-json\/wp\/v2\/media?parent=2679"}],"curies":[{"name":"wp","href":"https:\/\/api.w.org\/{rel}","templated":true}]}}