{"id":2641,"date":"2024-03-19T10:25:52","date_gmt":"2024-03-19T10:25:52","guid":{"rendered":"https:\/\/usa-gv.com\/modificar-esta\/"},"modified":"2025-02-25T11:48:58","modified_gmt":"2025-02-25T11:48:58","slug":"modificar-esta","status":"publish","type":"page","link":"https:\/\/usa-gv.com\/es\/modificar-esta\/","title":{"rendered":"C\u00f3mo modificar su autorizaci\u00f3n ESTA"},"content":{"rendered":"\n<h1 class=\"wp-block-heading\">Modificar los datos de autorizaci\u00f3n ESTA<\/h1>\n\n<p>Los datos personales de un viajero titular de un ESTA pueden haber cambiado.\nLos viajeros deben modificar su ESTA para actualizar la informaci\u00f3n registrada. <\/p>\n\n<h2 class=\"wp-block-heading\">\u00bfSe puede modificar una autorizaci\u00f3n ESTA v\u00e1lida?<\/h2>\n\n<p>Para cambiar tu autorizaci\u00f3n de viaje, con\u00e9ctate al <a href=\"https:\/\/usa-gv.com\/es\/sitio-web-oficial-esta\/\">sitio web oficial del ESTA<\/a>. Los viajeros deben hacer clic en el men\u00fa del sitio web para <a href=\"https:\/\/usa-gv.com\/es\/comprobar-validez-del-esta\/\">comprobar el estado del ESTA<\/a>. Este procedimiento online <strong>s\u00f3lo<\/strong> te permite <strong>cambiar la direcci\u00f3n de correo electr\u00f3nico de contacto o la direcci\u00f3n postal<\/strong> de residencia en Estados Unidos.<\/p>\n\n<p>Para cualquier otra informaci\u00f3n que deba modificarse, el viajero debe volver a presentar una <a href=\"https:\/\/usa-gv.com\/es\/como-solicitar-esta\/\">solicitud ESTA en l\u00ednea<\/a>.<\/p>\n\n<h2 class=\"wp-block-heading\">\u00bfC\u00f3mo corrijo un error de autorizaci\u00f3n ESTA?<\/h2>\n\n<p>Si se ha cometido un error en el <a href=\"https:\/\/usa-gv.com\/es\/formulario-esta-en-linea\/\">formulario ESTA online<\/a>, el viajero puede intentar corregirlo respondiendo a las <a href=\"https:\/\/usa-gv.com\/es\/preguntas-sobre-el-formulario-esta\/\">preguntas del formulario<\/a>. Una vez que la solicitud ESTA ha sido aprobada o el <a href=\"https:\/\/usa-gv.com\/es\/solicitud-esta-pendiente\/\">estatus ESTA est\u00e1 pendiente<\/a>, la informaci\u00f3n guardada ya no se puede modificar. El viajero debe presentar una nueva solicitud para corregir los datos personales incorrectos. Se cobrar\u00e1 el <a href=\"https:\/\/usa-gv.com\/es\/precio-esta-eeuu\/\">precio del ESTA<\/a> por cada nueva solicitud presentada.<\/p>\n","protected":false},"excerpt":{"rendered":"<p>Modificar los datos de autorizaci\u00f3n ESTA Los datos personales de un viajero titular de un ESTA pueden haber cambiado. Los viajeros deben modificar su ESTA para actualizar la informaci\u00f3n registrada. \u00bfSe puede modificar una autorizaci\u00f3n ESTA v\u00e1lida? Para cambiar tu autorizaci\u00f3n de viaje, con\u00e9ctate al sitio web oficial del ESTA. Los viajeros deben hacer clic [&hellip;]<\/p>\n","protected":false},"author":1,"featured_media":0,"parent":0,"menu_order":0,"comment_status":"closed","ping_status":"closed","template":"","meta":{"footnotes":""},"class_list":["post-2641","page","type-page","status-publish","hentry"],"yoast_head":"<!-- This site is optimized with the Yoast SEO plugin v26.6 - https:\/\/yoast.com\/wordpress\/plugins\/seo\/ -->\n<title>C\u00f3mo modificar su autorizaci\u00f3n ESTA - USA-GV.COM<\/title>\n<meta name=\"description\" content=\"Puede modificar los datos introducidos al solicitar en l\u00ednea la autorizaci\u00f3n ESTA para Estados Unidos\" \/>\n<meta name=\"robots\" content=\"index, follow, max-snippet:-1, max-image-preview:large, max-video-preview:-1\" \/>\n<link rel=\"canonical\" href=\"https:\/\/usa-gv.com\/es\/modificar-esta\/\" \/>\n<meta property=\"og:locale\" content=\"es_ES\" \/>\n<meta property=\"og:type\" content=\"article\" \/>\n<meta property=\"og:title\" content=\"C\u00f3mo modificar su autorizaci\u00f3n ESTA - USA-GV.COM\" \/>\n<meta property=\"og:description\" content=\"Puede modificar los datos introducidos al solicitar en l\u00ednea la autorizaci\u00f3n ESTA para Estados Unidos\" \/>\n<meta property=\"og:url\" content=\"https:\/\/usa-gv.com\/es\/modificar-esta\/\" \/>\n<meta property=\"og:site_name\" content=\"USA-GV.COM\" \/>\n<meta property=\"article:modified_time\" content=\"2025-02-25T11:48:58+00:00\" \/>\n<meta name=\"twitter:card\" content=\"summary_large_image\" \/>\n<meta name=\"twitter:label1\" content=\"Tiempo de lectura\" \/>\n\t<meta name=\"twitter:data1\" content=\"1 minuto\" \/>\n<script type=\"application\/ld+json\" class=\"yoast-schema-graph\">{\"@context\":\"https:\/\/schema.org\",\"@graph\":[{\"@type\":\"WebPage\",\"@id\":\"https:\/\/usa-gv.com\/es\/modificar-esta\/\",\"url\":\"https:\/\/usa-gv.com\/es\/modificar-esta\/\",\"name\":\"C\u00f3mo modificar su autorizaci\u00f3n ESTA - USA-GV.COM\",\"isPartOf\":{\"@id\":\"https:\/\/usa-gv.com\/es\/#website\"},\"datePublished\":\"2024-03-19T10:25:52+00:00\",\"dateModified\":\"2025-02-25T11:48:58+00:00\",\"description\":\"Puede modificar los datos introducidos al solicitar en l\u00ednea la autorizaci\u00f3n ESTA para Estados Unidos\",\"breadcrumb\":{\"@id\":\"https:\/\/usa-gv.com\/es\/modificar-esta\/#breadcrumb\"},\"inLanguage\":\"es\",\"potentialAction\":[{\"@type\":\"ReadAction\",\"target\":[\"https:\/\/usa-gv.com\/es\/modificar-esta\/\"]}]},{\"@type\":\"BreadcrumbList\",\"@id\":\"https:\/\/usa-gv.com\/es\/modificar-esta\/#breadcrumb\",\"itemListElement\":[{\"@type\":\"ListItem\",\"position\":1,\"name\":\"Home\",\"item\":\"https:\/\/usa-gv.com\/es\/guia-de-viaje-de-estados-unidos\/\"},{\"@type\":\"ListItem\",\"position\":2,\"name\":\"C\u00f3mo modificar su autorizaci\u00f3n ESTA\"}]},{\"@type\":\"WebSite\",\"@id\":\"https:\/\/usa-gv.com\/es\/#website\",\"url\":\"https:\/\/usa-gv.com\/es\/\",\"name\":\"USA-GV.COM\",\"description\":\"\",\"potentialAction\":[{\"@type\":\"SearchAction\",\"target\":{\"@type\":\"EntryPoint\",\"urlTemplate\":\"https:\/\/usa-gv.com\/es\/?s={search_term_string}\"},\"query-input\":{\"@type\":\"PropertyValueSpecification\",\"valueRequired\":true,\"valueName\":\"search_term_string\"}}],\"inLanguage\":\"es\"}]}<\/script>\n<!-- \/ Yoast SEO plugin. -->","yoast_head_json":{"title":"C\u00f3mo modificar su autorizaci\u00f3n ESTA - USA-GV.COM","description":"Puede modificar los datos introducidos al solicitar en l\u00ednea la autorizaci\u00f3n ESTA para Estados Unidos","robots":{"index":"index","follow":"follow","max-snippet":"max-snippet:-1","max-image-preview":"max-image-preview:large","max-video-preview":"max-video-preview:-1"},"canonical":"https:\/\/usa-gv.com\/es\/modificar-esta\/","og_locale":"es_ES","og_type":"article","og_title":"C\u00f3mo modificar su autorizaci\u00f3n ESTA - USA-GV.COM","og_description":"Puede modificar los datos introducidos al solicitar en l\u00ednea la autorizaci\u00f3n ESTA para Estados Unidos","og_url":"https:\/\/usa-gv.com\/es\/modificar-esta\/","og_site_name":"USA-GV.COM","article_modified_time":"2025-02-25T11:48:58+00:00","twitter_card":"summary_large_image","twitter_misc":{"Tiempo de lectura":"1 minuto"},"schema":{"@context":"https:\/\/schema.org","@graph":[{"@type":"WebPage","@id":"https:\/\/usa-gv.com\/es\/modificar-esta\/","url":"https:\/\/usa-gv.com\/es\/modificar-esta\/","name":"C\u00f3mo modificar su autorizaci\u00f3n ESTA - USA-GV.COM","isPartOf":{"@id":"https:\/\/usa-gv.com\/es\/#website"},"datePublished":"2024-03-19T10:25:52+00:00","dateModified":"2025-02-25T11:48:58+00:00","description":"Puede modificar los datos introducidos al solicitar en l\u00ednea la autorizaci\u00f3n ESTA para Estados Unidos","breadcrumb":{"@id":"https:\/\/usa-gv.com\/es\/modificar-esta\/#breadcrumb"},"inLanguage":"es","potentialAction":[{"@type":"ReadAction","target":["https:\/\/usa-gv.com\/es\/modificar-esta\/"]}]},{"@type":"BreadcrumbList","@id":"https:\/\/usa-gv.com\/es\/modificar-esta\/#breadcrumb","itemListElement":[{"@type":"ListItem","position":1,"name":"Home","item":"https:\/\/usa-gv.com\/es\/guia-de-viaje-de-estados-unidos\/"},{"@type":"ListItem","position":2,"name":"C\u00f3mo modificar su autorizaci\u00f3n ESTA"}]},{"@type":"WebSite","@id":"https:\/\/usa-gv.com\/es\/#website","url":"https:\/\/usa-gv.com\/es\/","name":"USA-GV.COM","description":"","potentialAction":[{"@type":"SearchAction","target":{"@type":"EntryPoint","urlTemplate":"https:\/\/usa-gv.com\/es\/?s={search_term_string}"},"query-input":{"@type":"PropertyValueSpecification","valueRequired":true,"valueName":"search_term_string"}}],"inLanguage":"es"}]}},"_links":{"self":[{"href":"https:\/\/usa-gv.com\/es\/wp-json\/wp\/v2\/pages\/2641","targetHints":{"allow":["GET"]}}],"collection":[{"href":"https:\/\/usa-gv.com\/es\/wp-json\/wp\/v2\/pages"}],"about":[{"href":"https:\/\/usa-gv.com\/es\/wp-json\/wp\/v2\/types\/page"}],"author":[{"embeddable":true,"href":"https:\/\/usa-gv.com\/es\/wp-json\/wp\/v2\/users\/1"}],"replies":[{"embeddable":true,"href":"https:\/\/usa-gv.com\/es\/wp-json\/wp\/v2\/comments?post=2641"}],"version-history":[{"count":1,"href":"https:\/\/usa-gv.com\/es\/wp-json\/wp\/v2\/pages\/2641\/revisions"}],"predecessor-version":[{"id":7470,"href":"https:\/\/usa-gv.com\/es\/wp-json\/wp\/v2\/pages\/2641\/revisions\/7470"}],"wp:attachment":[{"href":"https:\/\/usa-gv.com\/es\/wp-json\/wp\/v2\/media?parent=2641"}],"curies":[{"name":"wp","href":"https:\/\/api.w.org\/{rel}","templated":true}]}}