{"id":2621,"date":"2024-03-19T10:29:17","date_gmt":"2024-03-19T10:29:17","guid":{"rendered":"https:\/\/usa-gv.com\/actualizar-esta\/"},"modified":"2025-02-25T11:48:54","modified_gmt":"2025-02-25T11:48:54","slug":"actualizar-esta","status":"publish","type":"page","link":"https:\/\/usa-gv.com\/es\/actualizar-esta\/","title":{"rendered":"C\u00f3mo actualizar su ESTA"},"content":{"rendered":"\n<h1 class=\"wp-block-heading\">Actualizar una autorizaci\u00f3n ESTA<\/h1>\n\n<h2 class=\"wp-block-heading\">\u00bfCu\u00e1ndo debo actualizar mi ESTA?<\/h2>\n\n<p>Los titulares de una autorizaci\u00f3n ESTA que se dispongan a viajar a Estados Unidos deben comprobar que sus datos personales no han cambiado desde que obtuvieron la autorizaci\u00f3n ESTA.\nSi algunos de los datos facilitados en el momento de la solicitud inicial del ESTA han cambiado, es probable que la autorizaci\u00f3n ESTA ya no sea v\u00e1lida para viajar a EEUU. <\/p>\n\n<p><strong>Para renovar tu solicitud en s\u00f3lo unos minutos<\/strong>, simplemente haz clic en el <a href=\"https:\/\/usa-gv.com\/es\/formulario-esta-en-linea\/\">formulario ESTA online<\/a>.<\/p>\n\n<div style=\"height:10px\" aria-hidden=\"true\" class=\"wp-block-spacer\"><\/div>\n\n<h2 class=\"wp-block-heading\">\u00bfQu\u00e9 informaci\u00f3n se puede actualizar en el ESTA?<\/h2>\n\n<p>Antes de presentar una solicitud ESTA, el solicitante puede modificar todos los datos personales del formulario ESTA.\nUna vez aprobada la solicitud ESTA, la \u00fanica informaci\u00f3n que se puede modificar es : <\/p>\n\n<ul class=\"wp-block-list\">\n<li>La direcci\u00f3n de correo electr\u00f3nico de contacto;<\/li>\n\n\n\n<li>La direcci\u00f3n postal de residencia en Estados Unidos durante la estancia.<\/li>\n<\/ul>\n\n<div style=\"height:10px\" aria-hidden=\"true\" class=\"wp-block-spacer\"><\/div>\n\n<p>No se pueden cambiar todos los datos de identidad personal del viajero.<\/p>\n\n<h2 class=\"wp-block-heading\">\u00bfC\u00f3mo actualizo mi autorizaci\u00f3n ESTA?<\/h2>\n\n<p>Para actualizar tu autorizaci\u00f3n de viaje, con\u00e9ctate al <a href=\"https:\/\/usa-gv.com\/es\/sitio-web-oficial-esta\/\">sitio web oficial del ESTA<\/a> y haz clic en <a href=\"https:\/\/usa-gv.com\/es\/comprobar-validez-del-esta\/\">Comprobar el estado del ESTA<\/a> en el men\u00fa. Este procedimiento s\u00f3lo te permite cambiar la direcci\u00f3n de correo electr\u00f3nico de contacto o la direcci\u00f3n postal de residencia en Estados Unidos.<\/p>\n\n<p>Para cualquier otra informaci\u00f3n que deba actualizarse, los titulares del ESTA deben <a href=\"https:\/\/usa-gv.com\/es\/esta-renovar\/\">renovar su ESTA<\/a>.<\/p>\n\n<h2 class=\"wp-block-heading\">\u00bfC\u00f3mo corrijo un error en mi solicitud ESTA?<\/h2>\n\n<p>Antes de <a href=\"https:\/\/usa-gv.com\/es\/como-solicitar-esta\/\">validar una solicitud ESTA<\/a>, el solicitante puede corregir un error en las respuestas dadas a las preguntas del formulario. Una vez que la solicitud ESTA ha sido aprobada o el <a href=\"https:\/\/usa-gv.com\/es\/solicitud-esta-pendiente\/\">estatus ESTA est\u00e1 pendiente<\/a>, el titular del ESTA ya no puede modificar la informaci\u00f3n introducida. Tendr\u00e1n que presentar una nueva solicitud para corregir los datos personales incorrectos. Se cobrar\u00e1 el <a href=\"https:\/\/usa-gv.com\/es\/precio-esta-eeuu\/\">precio del ESTA<\/a> por cada nueva solicitud presentada.<\/p>\n\n<p>Si el viajero se ha equivocado al responder a las <a href=\"https:\/\/usa-gv.com\/es\/preguntas-sobre-el-formulario-esta\/\">preguntas de elegibilidad del ESTA<\/a>, debe ponerse en contacto con el <a href=\"https:\/\/help.cbp.gov\/s\/?language=en_US\">Centro de Informaci\u00f3n del CBP<\/a>.<\/p>\n\n<h2 class=\"wp-block-heading\">\u00bfCu\u00e1nto tiempo se tarda en actualizar el ESTA?<\/h2>\n\n<p>La informaci\u00f3n del ESTA s\u00f3lo puede actualizarse para la direcci\u00f3n de correo electr\u00f3nico de contacto y la direcci\u00f3n postal de residencia en Estados Unidos durante la estancia.\nLa informaci\u00f3n sobre la residencia se actualiza inmediatamente.\nSin embargo, cuando se cambia la direcci\u00f3n de correo electr\u00f3nico, se comprueba enviando un correo electr\u00f3nico de vuelta para que se valide.\nPor tanto, el tiempo de actualizaci\u00f3n depender\u00e1 de la receptividad del solicitante a la hora de confirmar su nueva direcci\u00f3n de correo electr\u00f3nico.     <\/p>\n\n<p>Si solicitas una nueva autorizaci\u00f3n de viaje, se volver\u00e1n a aplicar los <a href=\"https:\/\/usa-gv.com\/es\/plazos-obtener-esta\/\">plazos del ESTA<\/a>.<\/p>\n","protected":false},"excerpt":{"rendered":"<p>Actualizar una autorizaci\u00f3n ESTA \u00bfCu\u00e1ndo debo actualizar mi ESTA? Los titulares de una autorizaci\u00f3n ESTA que se dispongan a viajar a Estados Unidos deben comprobar que sus datos personales no han cambiado desde que obtuvieron la autorizaci\u00f3n ESTA. Si algunos de los datos facilitados en el momento de la solicitud inicial del ESTA han cambiado, [&hellip;]<\/p>\n","protected":false},"author":1,"featured_media":0,"parent":0,"menu_order":0,"comment_status":"closed","ping_status":"closed","template":"","meta":{"footnotes":""},"class_list":["post-2621","page","type-page","status-publish","hentry"],"yoast_head":"<!-- This site is optimized with the Yoast SEO plugin v26.6 - https:\/\/yoast.com\/wordpress\/plugins\/seo\/ -->\n<title>C\u00f3mo actualizar su ESTA - USA-GV.COM<\/title>\n<meta name=\"description\" content=\"Si sus datos personales han cambiado, debe actualizar en l\u00ednea su autorizaci\u00f3n ESTA para Estados Unidos.\" \/>\n<meta name=\"robots\" content=\"index, follow, max-snippet:-1, max-image-preview:large, max-video-preview:-1\" \/>\n<link rel=\"canonical\" href=\"https:\/\/usa-gv.com\/es\/actualizar-esta\/\" \/>\n<meta property=\"og:locale\" content=\"es_ES\" \/>\n<meta property=\"og:type\" content=\"article\" \/>\n<meta property=\"og:title\" content=\"C\u00f3mo actualizar su ESTA - USA-GV.COM\" \/>\n<meta property=\"og:description\" content=\"Si sus datos personales han cambiado, debe actualizar en l\u00ednea su autorizaci\u00f3n ESTA para Estados Unidos.\" \/>\n<meta property=\"og:url\" content=\"https:\/\/usa-gv.com\/es\/actualizar-esta\/\" \/>\n<meta property=\"og:site_name\" content=\"USA-GV.COM\" \/>\n<meta property=\"article:modified_time\" content=\"2025-02-25T11:48:54+00:00\" \/>\n<meta name=\"twitter:card\" content=\"summary_large_image\" \/>\n<meta name=\"twitter:label1\" content=\"Tiempo de lectura\" \/>\n\t<meta name=\"twitter:data1\" content=\"2 minutos\" \/>\n<script type=\"application\/ld+json\" class=\"yoast-schema-graph\">{\"@context\":\"https:\/\/schema.org\",\"@graph\":[{\"@type\":\"WebPage\",\"@id\":\"https:\/\/usa-gv.com\/es\/actualizar-esta\/\",\"url\":\"https:\/\/usa-gv.com\/es\/actualizar-esta\/\",\"name\":\"C\u00f3mo actualizar su ESTA - USA-GV.COM\",\"isPartOf\":{\"@id\":\"https:\/\/usa-gv.com\/es\/#website\"},\"datePublished\":\"2024-03-19T10:29:17+00:00\",\"dateModified\":\"2025-02-25T11:48:54+00:00\",\"description\":\"Si sus datos personales han cambiado, debe actualizar en l\u00ednea su autorizaci\u00f3n ESTA para Estados Unidos.\",\"breadcrumb\":{\"@id\":\"https:\/\/usa-gv.com\/es\/actualizar-esta\/#breadcrumb\"},\"inLanguage\":\"es\",\"potentialAction\":[{\"@type\":\"ReadAction\",\"target\":[\"https:\/\/usa-gv.com\/es\/actualizar-esta\/\"]}]},{\"@type\":\"BreadcrumbList\",\"@id\":\"https:\/\/usa-gv.com\/es\/actualizar-esta\/#breadcrumb\",\"itemListElement\":[{\"@type\":\"ListItem\",\"position\":1,\"name\":\"Home\",\"item\":\"https:\/\/usa-gv.com\/es\/guia-de-viaje-de-estados-unidos\/\"},{\"@type\":\"ListItem\",\"position\":2,\"name\":\"C\u00f3mo actualizar su ESTA\"}]},{\"@type\":\"WebSite\",\"@id\":\"https:\/\/usa-gv.com\/es\/#website\",\"url\":\"https:\/\/usa-gv.com\/es\/\",\"name\":\"USA-GV.COM\",\"description\":\"\",\"potentialAction\":[{\"@type\":\"SearchAction\",\"target\":{\"@type\":\"EntryPoint\",\"urlTemplate\":\"https:\/\/usa-gv.com\/es\/?s={search_term_string}\"},\"query-input\":{\"@type\":\"PropertyValueSpecification\",\"valueRequired\":true,\"valueName\":\"search_term_string\"}}],\"inLanguage\":\"es\"}]}<\/script>\n<!-- \/ Yoast SEO plugin. -->","yoast_head_json":{"title":"C\u00f3mo actualizar su ESTA - USA-GV.COM","description":"Si sus datos personales han cambiado, debe actualizar en l\u00ednea su autorizaci\u00f3n ESTA para Estados Unidos.","robots":{"index":"index","follow":"follow","max-snippet":"max-snippet:-1","max-image-preview":"max-image-preview:large","max-video-preview":"max-video-preview:-1"},"canonical":"https:\/\/usa-gv.com\/es\/actualizar-esta\/","og_locale":"es_ES","og_type":"article","og_title":"C\u00f3mo actualizar su ESTA - USA-GV.COM","og_description":"Si sus datos personales han cambiado, debe actualizar en l\u00ednea su autorizaci\u00f3n ESTA para Estados Unidos.","og_url":"https:\/\/usa-gv.com\/es\/actualizar-esta\/","og_site_name":"USA-GV.COM","article_modified_time":"2025-02-25T11:48:54+00:00","twitter_card":"summary_large_image","twitter_misc":{"Tiempo de lectura":"2 minutos"},"schema":{"@context":"https:\/\/schema.org","@graph":[{"@type":"WebPage","@id":"https:\/\/usa-gv.com\/es\/actualizar-esta\/","url":"https:\/\/usa-gv.com\/es\/actualizar-esta\/","name":"C\u00f3mo actualizar su ESTA - USA-GV.COM","isPartOf":{"@id":"https:\/\/usa-gv.com\/es\/#website"},"datePublished":"2024-03-19T10:29:17+00:00","dateModified":"2025-02-25T11:48:54+00:00","description":"Si sus datos personales han cambiado, debe actualizar en l\u00ednea su autorizaci\u00f3n ESTA para Estados Unidos.","breadcrumb":{"@id":"https:\/\/usa-gv.com\/es\/actualizar-esta\/#breadcrumb"},"inLanguage":"es","potentialAction":[{"@type":"ReadAction","target":["https:\/\/usa-gv.com\/es\/actualizar-esta\/"]}]},{"@type":"BreadcrumbList","@id":"https:\/\/usa-gv.com\/es\/actualizar-esta\/#breadcrumb","itemListElement":[{"@type":"ListItem","position":1,"name":"Home","item":"https:\/\/usa-gv.com\/es\/guia-de-viaje-de-estados-unidos\/"},{"@type":"ListItem","position":2,"name":"C\u00f3mo actualizar su ESTA"}]},{"@type":"WebSite","@id":"https:\/\/usa-gv.com\/es\/#website","url":"https:\/\/usa-gv.com\/es\/","name":"USA-GV.COM","description":"","potentialAction":[{"@type":"SearchAction","target":{"@type":"EntryPoint","urlTemplate":"https:\/\/usa-gv.com\/es\/?s={search_term_string}"},"query-input":{"@type":"PropertyValueSpecification","valueRequired":true,"valueName":"search_term_string"}}],"inLanguage":"es"}]}},"_links":{"self":[{"href":"https:\/\/usa-gv.com\/es\/wp-json\/wp\/v2\/pages\/2621","targetHints":{"allow":["GET"]}}],"collection":[{"href":"https:\/\/usa-gv.com\/es\/wp-json\/wp\/v2\/pages"}],"about":[{"href":"https:\/\/usa-gv.com\/es\/wp-json\/wp\/v2\/types\/page"}],"author":[{"embeddable":true,"href":"https:\/\/usa-gv.com\/es\/wp-json\/wp\/v2\/users\/1"}],"replies":[{"embeddable":true,"href":"https:\/\/usa-gv.com\/es\/wp-json\/wp\/v2\/comments?post=2621"}],"version-history":[{"count":1,"href":"https:\/\/usa-gv.com\/es\/wp-json\/wp\/v2\/pages\/2621\/revisions"}],"predecessor-version":[{"id":7459,"href":"https:\/\/usa-gv.com\/es\/wp-json\/wp\/v2\/pages\/2621\/revisions\/7459"}],"wp:attachment":[{"href":"https:\/\/usa-gv.com\/es\/wp-json\/wp\/v2\/media?parent=2621"}],"curies":[{"name":"wp","href":"https:\/\/api.w.org\/{rel}","templated":true}]}}