{"id":2603,"date":"2024-03-12T09:05:20","date_gmt":"2024-03-12T09:05:20","guid":{"rendered":"https:\/\/usa-gv.com\/como-solicitar-esta\/"},"modified":"2025-02-25T11:48:48","modified_gmt":"2025-02-25T11:48:48","slug":"como-solicitar-esta","status":"publish","type":"page","link":"https:\/\/usa-gv.com\/es\/como-solicitar-esta\/","title":{"rendered":"C\u00f3mo solicitar un ESTA para EE.UU."},"content":{"rendered":"\n<h1 class=\"wp-block-heading\">C\u00f3mo solicitar el ESTA para Estados Unidos<\/h1>\n\n<p>El ESTA es una autorizaci\u00f3n electr\u00f3nica de viaje.\nS\u00f3lo puede obtenerse por Internet, y los viajeros deben solicitarlo por Internet.\nAqu\u00ed tienes los pasos para solicitar la autorizaci\u00f3n ESTA.    <\/p>\n\n<h2 class=\"wp-block-heading\">Aseg\u00farate de que las condiciones de tu estancia te permiten obtener la autorizaci\u00f3n ESTA<\/h2>\n\n<p>Todos los viajeros que deseen embarcar con destino a Estados Unidos deben estar primero en posesi\u00f3n de una autorizaci\u00f3n de viaje.\nLos viajeros deben <a href=\"https:\/\/usa-gv.com\/es\/reglas-de-elegibilidad-para-esta\/\">comprobar si cumplen los requisitos para obtener el ESTA<\/a> antes de solicitarlo por Internet.\n\u00c9stas son las condiciones principales:  <\/p>\n\n<ul class=\"wp-block-list\">\n<li>S\u00f3lo pueden solicitar un ESTA los nacionales de pa\u00edses miembros del <a href=\"https:\/\/usa-gv.com\/es\/visa-waiver-program-eeuu\/\">Programa Visa Vaiwer<\/a>;<\/li>\n\n\n\n<li>Tu estancia en Estados Unidos no debe superar los 90 d\u00edas<\/li>\n\n\n\n<li>El motivo de la estancia puede ser \u00fanicamente un viaje tur\u00edstico o un viaje de negocios.\nTambi\u00e9n es posible obtener un <a href=\"https:\/\/usa-gv.com\/es\/esta-transito-ee-uu\/\">ESTA para transitar por EEUU<\/a>.   <\/li>\n<\/ul>\n\n<div style=\"height:10px\" aria-hidden=\"true\" class=\"wp-block-spacer\"><\/div>\n\n<h2 class=\"wp-block-heading\">Solicitar en l\u00ednea<\/h2>\n\n<p>Para solicitarlo, s\u00f3lo tienes que rellenar el <a href=\"https:\/\/usa-gv.com\/es\/formulario-esta-en-linea\/\">formulario ESTA en l\u00ednea<\/a>, indicando todos los datos personales y la informaci\u00f3n relativa a tu viaje a Estados Unidos. Para m\u00e1s informaci\u00f3n sobre las <a href=\"https:\/\/usa-gv.com\/es\/preguntas-sobre-el-formulario-esta\/\">preguntas del formulario<\/a> ESTA, hemos detallado los pasos para <a href=\"https:\/\/usa-gv.com\/es\/complete-el-formulario-esta-en-linea\/\">rellenar el formulario ESTA<\/a>.<\/p>\n\n<p>El proceso s\u00f3lo lleva unos minutos si el viajero est\u00e1 en posesi\u00f3n de un <a href=\"https:\/\/usa-gv.com\/es\/pasaporte-para-estados-unidos\/\">pasaporte v\u00e1lido para EEUU<\/a>.<\/p>\n\n<h2 class=\"wp-block-heading\">Pagar las tasas administrativas obligatorias<\/h2>\n\n<p>Para validar su solicitud en l\u00ednea, los viajeros deben <a href=\"https:\/\/usa-gv.com\/es\/como-pagar-una-esta\/\">pagar el ESTA<\/a> con tarjeta de cr\u00e9dito directamente despu\u00e9s de enviar el formulario cumplimentado. El precio ha variado varias veces desde que se introdujo la autorizaci\u00f3n ESTA. Estos costes se utilizan para financiar :<\/p>\n\n<ul class=\"wp-block-list\">\n<li>El <a href=\"https:\/\/www.dhs.gov\/\">Departamento de Seguridad Interior<\/a> (DHS), que gestiona las autorizaciones ESTA;<\/li>\n\n\n\n<li>El desarrollo del turismo en Estados Unidos.<\/li>\n<\/ul>\n\n<div style=\"height:10px\" aria-hidden=\"true\" class=\"wp-block-spacer\"><\/div>\n\n<h2 class=\"wp-block-heading\">A la espera de una respuesta del DHS<\/h2>\n\n<p>El viajero recibe una respuesta por correo electr\u00f3nico del DHS en un plazo de 72 horas.\nA continuaci\u00f3n, puedes conectarte al <a href=\"https:\/\/usa-gv.com\/es\/sitio-web-oficial-esta\/\">sitio web oficial del ESTA<\/a> para <a href=\"https:\/\/usa-gv.com\/es\/comprobar-validez-del-esta\/\">comprobar la validez de tu ESTA<\/a>. <\/p>\n\n<h2 class=\"wp-block-heading\">Imprime tu autorizaci\u00f3n ESTA aprobada<\/h2>\n\n<p>Una vez aprobada la autorizaci\u00f3n <a href=\"https:\/\/usa-gv.com\/es\/imprimir-esta\/\">ESTA es aconsejable imprimirla<\/a> antes de subir al avi\u00f3n. Este tr\u00e1mite no es en ning\u00fan caso obligatorio, y no es necesario presentar el ESTA en el aeropuerto o a la llegada a Estados Unidos. Sin embargo, siempre es aconsejable llevarlo junto con tus <a href=\"https:\/\/usa-gv.com\/es\/documentos-viaje-ee-uu\/\">documentos de viaje a EEUU<\/a>.  <\/p>\n\n<h2 class=\"wp-block-heading\">Renovar tu solicitud si te deniegan el ESTA<\/h2>\n\n<p>Puede ocurrir que la <a href=\"https:\/\/usa-gv.com\/es\/solicitud-esta-rechazada\/\">solicitud ESTA sea denegada<\/a>. En este caso, el correo electr\u00f3nico de respuesta no da ninguna explicaci\u00f3n. Los solicitantes rechazados deben revisar toda la informaci\u00f3n presentada en el formulario ESTA con el fin de identificar cualquier error o condici\u00f3n que no cumpla con <a href=\"https:\/\/usa-gv.com\/es\/reglas-de-elegibilidad-para-esta\/\">las normas de elegibilidad ESTA<\/a>. A continuaci\u00f3n, el solicitante puede intentar presentar una nueva solicitud ESTA.<\/p>\n","protected":false},"excerpt":{"rendered":"<p>C\u00f3mo solicitar el ESTA para Estados Unidos El ESTA es una autorizaci\u00f3n electr\u00f3nica de viaje. S\u00f3lo puede obtenerse por Internet, y los viajeros deben solicitarlo por Internet. Aqu\u00ed tienes los pasos para solicitar la autorizaci\u00f3n ESTA. Aseg\u00farate de que las condiciones de tu estancia te permiten obtener la autorizaci\u00f3n ESTA Todos los viajeros que deseen [&hellip;]<\/p>\n","protected":false},"author":1,"featured_media":0,"parent":0,"menu_order":0,"comment_status":"closed","ping_status":"closed","template":"","meta":{"footnotes":""},"class_list":["post-2603","page","type-page","status-publish","hentry"],"yoast_head":"<!-- This site is optimized with the Yoast SEO plugin v26.6 - https:\/\/yoast.com\/wordpress\/plugins\/seo\/ -->\n<title>C\u00f3mo solicitar un ESTA para EE.UU. - USA-GV.COM<\/title>\n<meta name=\"description\" content=\"C\u00f3mo solicitar un ESTA en l\u00ednea para viajar a Estados Unidos sin obtener un visado estadounidense\" \/>\n<meta name=\"robots\" content=\"index, follow, max-snippet:-1, max-image-preview:large, max-video-preview:-1\" \/>\n<link rel=\"canonical\" href=\"https:\/\/usa-gv.com\/es\/como-solicitar-esta\/\" \/>\n<meta property=\"og:locale\" content=\"es_ES\" \/>\n<meta property=\"og:type\" content=\"article\" \/>\n<meta property=\"og:title\" content=\"C\u00f3mo solicitar un ESTA para EE.UU. - USA-GV.COM\" \/>\n<meta property=\"og:description\" content=\"C\u00f3mo solicitar un ESTA en l\u00ednea para viajar a Estados Unidos sin obtener un visado estadounidense\" \/>\n<meta property=\"og:url\" content=\"https:\/\/usa-gv.com\/es\/como-solicitar-esta\/\" \/>\n<meta property=\"og:site_name\" content=\"USA-GV.COM\" \/>\n<meta property=\"article:modified_time\" content=\"2025-02-25T11:48:48+00:00\" \/>\n<meta name=\"twitter:card\" content=\"summary_large_image\" \/>\n<meta name=\"twitter:label1\" content=\"Tiempo de lectura\" \/>\n\t<meta name=\"twitter:data1\" content=\"2 minutos\" \/>\n<script type=\"application\/ld+json\" class=\"yoast-schema-graph\">{\"@context\":\"https:\/\/schema.org\",\"@graph\":[{\"@type\":\"WebPage\",\"@id\":\"https:\/\/usa-gv.com\/es\/como-solicitar-esta\/\",\"url\":\"https:\/\/usa-gv.com\/es\/como-solicitar-esta\/\",\"name\":\"C\u00f3mo solicitar un ESTA para EE.UU. - USA-GV.COM\",\"isPartOf\":{\"@id\":\"https:\/\/usa-gv.com\/es\/#website\"},\"datePublished\":\"2024-03-12T09:05:20+00:00\",\"dateModified\":\"2025-02-25T11:48:48+00:00\",\"description\":\"C\u00f3mo solicitar un ESTA en l\u00ednea para viajar a Estados Unidos sin obtener un visado estadounidense\",\"breadcrumb\":{\"@id\":\"https:\/\/usa-gv.com\/es\/como-solicitar-esta\/#breadcrumb\"},\"inLanguage\":\"es\",\"potentialAction\":[{\"@type\":\"ReadAction\",\"target\":[\"https:\/\/usa-gv.com\/es\/como-solicitar-esta\/\"]}]},{\"@type\":\"BreadcrumbList\",\"@id\":\"https:\/\/usa-gv.com\/es\/como-solicitar-esta\/#breadcrumb\",\"itemListElement\":[{\"@type\":\"ListItem\",\"position\":1,\"name\":\"Home\",\"item\":\"https:\/\/usa-gv.com\/es\/guia-de-viaje-de-estados-unidos\/\"},{\"@type\":\"ListItem\",\"position\":2,\"name\":\"C\u00f3mo solicitar un ESTA para EE.UU.\"}]},{\"@type\":\"WebSite\",\"@id\":\"https:\/\/usa-gv.com\/es\/#website\",\"url\":\"https:\/\/usa-gv.com\/es\/\",\"name\":\"USA-GV.COM\",\"description\":\"\",\"potentialAction\":[{\"@type\":\"SearchAction\",\"target\":{\"@type\":\"EntryPoint\",\"urlTemplate\":\"https:\/\/usa-gv.com\/es\/?s={search_term_string}\"},\"query-input\":{\"@type\":\"PropertyValueSpecification\",\"valueRequired\":true,\"valueName\":\"search_term_string\"}}],\"inLanguage\":\"es\"}]}<\/script>\n<!-- \/ Yoast SEO plugin. -->","yoast_head_json":{"title":"C\u00f3mo solicitar un ESTA para EE.UU. - USA-GV.COM","description":"C\u00f3mo solicitar un ESTA en l\u00ednea para viajar a Estados Unidos sin obtener un visado estadounidense","robots":{"index":"index","follow":"follow","max-snippet":"max-snippet:-1","max-image-preview":"max-image-preview:large","max-video-preview":"max-video-preview:-1"},"canonical":"https:\/\/usa-gv.com\/es\/como-solicitar-esta\/","og_locale":"es_ES","og_type":"article","og_title":"C\u00f3mo solicitar un ESTA para EE.UU. - USA-GV.COM","og_description":"C\u00f3mo solicitar un ESTA en l\u00ednea para viajar a Estados Unidos sin obtener un visado estadounidense","og_url":"https:\/\/usa-gv.com\/es\/como-solicitar-esta\/","og_site_name":"USA-GV.COM","article_modified_time":"2025-02-25T11:48:48+00:00","twitter_card":"summary_large_image","twitter_misc":{"Tiempo de lectura":"2 minutos"},"schema":{"@context":"https:\/\/schema.org","@graph":[{"@type":"WebPage","@id":"https:\/\/usa-gv.com\/es\/como-solicitar-esta\/","url":"https:\/\/usa-gv.com\/es\/como-solicitar-esta\/","name":"C\u00f3mo solicitar un ESTA para EE.UU. - USA-GV.COM","isPartOf":{"@id":"https:\/\/usa-gv.com\/es\/#website"},"datePublished":"2024-03-12T09:05:20+00:00","dateModified":"2025-02-25T11:48:48+00:00","description":"C\u00f3mo solicitar un ESTA en l\u00ednea para viajar a Estados Unidos sin obtener un visado estadounidense","breadcrumb":{"@id":"https:\/\/usa-gv.com\/es\/como-solicitar-esta\/#breadcrumb"},"inLanguage":"es","potentialAction":[{"@type":"ReadAction","target":["https:\/\/usa-gv.com\/es\/como-solicitar-esta\/"]}]},{"@type":"BreadcrumbList","@id":"https:\/\/usa-gv.com\/es\/como-solicitar-esta\/#breadcrumb","itemListElement":[{"@type":"ListItem","position":1,"name":"Home","item":"https:\/\/usa-gv.com\/es\/guia-de-viaje-de-estados-unidos\/"},{"@type":"ListItem","position":2,"name":"C\u00f3mo solicitar un ESTA para EE.UU."}]},{"@type":"WebSite","@id":"https:\/\/usa-gv.com\/es\/#website","url":"https:\/\/usa-gv.com\/es\/","name":"USA-GV.COM","description":"","potentialAction":[{"@type":"SearchAction","target":{"@type":"EntryPoint","urlTemplate":"https:\/\/usa-gv.com\/es\/?s={search_term_string}"},"query-input":{"@type":"PropertyValueSpecification","valueRequired":true,"valueName":"search_term_string"}}],"inLanguage":"es"}]}},"_links":{"self":[{"href":"https:\/\/usa-gv.com\/es\/wp-json\/wp\/v2\/pages\/2603","targetHints":{"allow":["GET"]}}],"collection":[{"href":"https:\/\/usa-gv.com\/es\/wp-json\/wp\/v2\/pages"}],"about":[{"href":"https:\/\/usa-gv.com\/es\/wp-json\/wp\/v2\/types\/page"}],"author":[{"embeddable":true,"href":"https:\/\/usa-gv.com\/es\/wp-json\/wp\/v2\/users\/1"}],"replies":[{"embeddable":true,"href":"https:\/\/usa-gv.com\/es\/wp-json\/wp\/v2\/comments?post=2603"}],"version-history":[{"count":1,"href":"https:\/\/usa-gv.com\/es\/wp-json\/wp\/v2\/pages\/2603\/revisions"}],"predecessor-version":[{"id":7448,"href":"https:\/\/usa-gv.com\/es\/wp-json\/wp\/v2\/pages\/2603\/revisions\/7448"}],"wp:attachment":[{"href":"https:\/\/usa-gv.com\/es\/wp-json\/wp\/v2\/media?parent=2603"}],"curies":[{"name":"wp","href":"https:\/\/api.w.org\/{rel}","templated":true}]}}