{"id":2585,"date":"2024-03-19T10:33:57","date_gmt":"2024-03-19T10:33:57","guid":{"rendered":"https:\/\/usa-gv.com\/esta-renovar\/"},"modified":"2025-02-25T11:48:41","modified_gmt":"2025-02-25T11:48:41","slug":"esta-renovar","status":"publish","type":"page","link":"https:\/\/usa-gv.com\/es\/esta-renovar\/","title":{"rendered":"C\u00f3mo renovar su ESTA"},"content":{"rendered":"\n<h1 class=\"wp-block-heading\">C\u00f3mo renovar tu autorizaci\u00f3n ESTA<\/h1>\n\n<p>La autorizaci\u00f3n ESTA permite a los nacionales de pa\u00edses miembros del Programa de Exenci\u00f3n de Visado viajar a Estados Unidos sin visado para una estancia inferior a 90 d\u00edas.  <\/p>\n\n<p><strong>Puedes renovar tu autorizaci\u00f3n en s\u00f3lo unos minutos<\/strong> haciendo clic en el <a href=\"https:\/\/usa-gv.com\/es\/formulario-esta-en-linea\/\">formulario ESTA en l\u00ednea<\/a>.<\/p>\n\n<div style=\"height:10px\" aria-hidden=\"true\" class=\"wp-block-spacer\"><\/div>\n\n<p>El <a href=\"https:\/\/usa-gv.com\/es\/periodo-validez-esta\/\">ESTA es v\u00e1lido<\/a> durante un periodo de tiempo limitado. El periodo inicial m\u00e1s com\u00fan es de 2 a\u00f1os, pero la autorizaci\u00f3n ESTA puede invalidarse antes. Es aconsejable <a href=\"https:\/\/usa-gv.com\/es\/comprobar-validez-del-esta\/\">comprobar la validez del ESTA<\/a> al menos 3 d\u00edas antes de embarcar en tu vuelo a EEUU.  <\/p>\n\n<p>Si tu autorizaci\u00f3n ESTA ya no es v\u00e1lida, debes renovar tu solicitud ESTA.\nPara renovar online, <a href=\"https:\/\/usa-gv.com\/es\/complete-el-formulario-esta-en-linea\/\">rellena el formulario ESTA<\/a>.\nEl procedimiento es el mismo que para la solicitud ESTA anterior.    <\/p>\n\n<h2 class=\"wp-block-heading\">\u00bfLa renovaci\u00f3n del ESTA es autom\u00e1tica?<\/h2>\n\n<p>No hay renovaci\u00f3n autom\u00e1tica o t\u00e1cita de la autorizaci\u00f3n ESTA.\nEl viajero debe presentar una nueva <a href=\"https:\/\/usa-gv.com\/es\/como-solicitar-esta\/\">solicitud ESTA<\/a>, que se tramitar\u00e1 de la misma forma que la primera solicitud.\nDebes rellenar todas las <a href=\"https:\/\/usa-gv.com\/es\/preguntas-sobre-el-formulario-esta\/\">preguntas del ESTA<\/a> y facilitar los datos de tu <a href=\"https:\/\/usa-gv.com\/es\/pasaporte-para-estados-unidos\/\">pasaporte v\u00e1lido para viajar a EE.UU<\/a>.  <\/p>\n\n<h2 class=\"wp-block-heading\">\u00bfCu\u00e1les son las tasas de renovaci\u00f3n del ESTA?<\/h2>\n\n<p>La renovaci\u00f3n de la solicitud ESTA se trata como una nueva solicitud, independientemente de las autorizaciones ESTA obtenidas anteriormente.\nEl solicitante del ESTA debe pagar de nuevo el <a href=\"https:\/\/usa-gv.com\/es\/precio-esta-eeuu\/\">precio completo del ESTA<\/a>.\nLa tramitaci\u00f3n de la solicitud s\u00f3lo se iniciar\u00e1 una vez que se haya <a href=\"https:\/\/usa-gv.com\/es\/como-pagar-una-esta\/\">abonado la tasa ESTA<\/a>.  <\/p>\n","protected":false},"excerpt":{"rendered":"<p>C\u00f3mo renovar tu autorizaci\u00f3n ESTA La autorizaci\u00f3n ESTA permite a los nacionales de pa\u00edses miembros del Programa de Exenci\u00f3n de Visado viajar a Estados Unidos sin visado para una estancia inferior a 90 d\u00edas. Puedes renovar tu autorizaci\u00f3n en s\u00f3lo unos minutos haciendo clic en el formulario ESTA en l\u00ednea. El ESTA es v\u00e1lido durante [&hellip;]<\/p>\n","protected":false},"author":1,"featured_media":0,"parent":0,"menu_order":0,"comment_status":"closed","ping_status":"closed","template":"","meta":{"footnotes":""},"class_list":["post-2585","page","type-page","status-publish","hentry"],"yoast_head":"<!-- This site is optimized with the Yoast SEO plugin v26.6 - https:\/\/yoast.com\/wordpress\/plugins\/seo\/ -->\n<title>C\u00f3mo renovar su ESTA - USA-GV.COM<\/title>\n<meta name=\"description\" content=\"Puedes renovar f\u00e1cilmente una autorizaci\u00f3n ESTA siguiendo el procedimiento en l\u00ednea si dispones de tus datos de viaje.\" \/>\n<meta name=\"robots\" content=\"index, follow, max-snippet:-1, max-image-preview:large, max-video-preview:-1\" \/>\n<link rel=\"canonical\" href=\"https:\/\/usa-gv.com\/es\/esta-renovar\/\" \/>\n<meta property=\"og:locale\" content=\"es_ES\" \/>\n<meta property=\"og:type\" content=\"article\" \/>\n<meta property=\"og:title\" content=\"C\u00f3mo renovar su ESTA - USA-GV.COM\" \/>\n<meta property=\"og:description\" content=\"Puedes renovar f\u00e1cilmente una autorizaci\u00f3n ESTA siguiendo el procedimiento en l\u00ednea si dispones de tus datos de viaje.\" \/>\n<meta property=\"og:url\" content=\"https:\/\/usa-gv.com\/es\/esta-renovar\/\" \/>\n<meta property=\"og:site_name\" content=\"USA-GV.COM\" \/>\n<meta property=\"article:modified_time\" content=\"2025-02-25T11:48:41+00:00\" \/>\n<meta name=\"twitter:card\" content=\"summary_large_image\" \/>\n<meta name=\"twitter:label1\" content=\"Tiempo de lectura\" \/>\n\t<meta name=\"twitter:data1\" content=\"1 minuto\" \/>\n<script type=\"application\/ld+json\" class=\"yoast-schema-graph\">{\"@context\":\"https:\/\/schema.org\",\"@graph\":[{\"@type\":\"WebPage\",\"@id\":\"https:\/\/usa-gv.com\/es\/esta-renovar\/\",\"url\":\"https:\/\/usa-gv.com\/es\/esta-renovar\/\",\"name\":\"C\u00f3mo renovar su ESTA - USA-GV.COM\",\"isPartOf\":{\"@id\":\"https:\/\/usa-gv.com\/es\/#website\"},\"datePublished\":\"2024-03-19T10:33:57+00:00\",\"dateModified\":\"2025-02-25T11:48:41+00:00\",\"description\":\"Puedes renovar f\u00e1cilmente una autorizaci\u00f3n ESTA siguiendo el procedimiento en l\u00ednea si dispones de tus datos de viaje.\",\"breadcrumb\":{\"@id\":\"https:\/\/usa-gv.com\/es\/esta-renovar\/#breadcrumb\"},\"inLanguage\":\"es\",\"potentialAction\":[{\"@type\":\"ReadAction\",\"target\":[\"https:\/\/usa-gv.com\/es\/esta-renovar\/\"]}]},{\"@type\":\"BreadcrumbList\",\"@id\":\"https:\/\/usa-gv.com\/es\/esta-renovar\/#breadcrumb\",\"itemListElement\":[{\"@type\":\"ListItem\",\"position\":1,\"name\":\"Home\",\"item\":\"https:\/\/usa-gv.com\/es\/guia-de-viaje-de-estados-unidos\/\"},{\"@type\":\"ListItem\",\"position\":2,\"name\":\"C\u00f3mo renovar su ESTA\"}]},{\"@type\":\"WebSite\",\"@id\":\"https:\/\/usa-gv.com\/es\/#website\",\"url\":\"https:\/\/usa-gv.com\/es\/\",\"name\":\"USA-GV.COM\",\"description\":\"\",\"potentialAction\":[{\"@type\":\"SearchAction\",\"target\":{\"@type\":\"EntryPoint\",\"urlTemplate\":\"https:\/\/usa-gv.com\/es\/?s={search_term_string}\"},\"query-input\":{\"@type\":\"PropertyValueSpecification\",\"valueRequired\":true,\"valueName\":\"search_term_string\"}}],\"inLanguage\":\"es\"}]}<\/script>\n<!-- \/ Yoast SEO plugin. -->","yoast_head_json":{"title":"C\u00f3mo renovar su ESTA - USA-GV.COM","description":"Puedes renovar f\u00e1cilmente una autorizaci\u00f3n ESTA siguiendo el procedimiento en l\u00ednea si dispones de tus datos de viaje.","robots":{"index":"index","follow":"follow","max-snippet":"max-snippet:-1","max-image-preview":"max-image-preview:large","max-video-preview":"max-video-preview:-1"},"canonical":"https:\/\/usa-gv.com\/es\/esta-renovar\/","og_locale":"es_ES","og_type":"article","og_title":"C\u00f3mo renovar su ESTA - USA-GV.COM","og_description":"Puedes renovar f\u00e1cilmente una autorizaci\u00f3n ESTA siguiendo el procedimiento en l\u00ednea si dispones de tus datos de viaje.","og_url":"https:\/\/usa-gv.com\/es\/esta-renovar\/","og_site_name":"USA-GV.COM","article_modified_time":"2025-02-25T11:48:41+00:00","twitter_card":"summary_large_image","twitter_misc":{"Tiempo de lectura":"1 minuto"},"schema":{"@context":"https:\/\/schema.org","@graph":[{"@type":"WebPage","@id":"https:\/\/usa-gv.com\/es\/esta-renovar\/","url":"https:\/\/usa-gv.com\/es\/esta-renovar\/","name":"C\u00f3mo renovar su ESTA - USA-GV.COM","isPartOf":{"@id":"https:\/\/usa-gv.com\/es\/#website"},"datePublished":"2024-03-19T10:33:57+00:00","dateModified":"2025-02-25T11:48:41+00:00","description":"Puedes renovar f\u00e1cilmente una autorizaci\u00f3n ESTA siguiendo el procedimiento en l\u00ednea si dispones de tus datos de viaje.","breadcrumb":{"@id":"https:\/\/usa-gv.com\/es\/esta-renovar\/#breadcrumb"},"inLanguage":"es","potentialAction":[{"@type":"ReadAction","target":["https:\/\/usa-gv.com\/es\/esta-renovar\/"]}]},{"@type":"BreadcrumbList","@id":"https:\/\/usa-gv.com\/es\/esta-renovar\/#breadcrumb","itemListElement":[{"@type":"ListItem","position":1,"name":"Home","item":"https:\/\/usa-gv.com\/es\/guia-de-viaje-de-estados-unidos\/"},{"@type":"ListItem","position":2,"name":"C\u00f3mo renovar su ESTA"}]},{"@type":"WebSite","@id":"https:\/\/usa-gv.com\/es\/#website","url":"https:\/\/usa-gv.com\/es\/","name":"USA-GV.COM","description":"","potentialAction":[{"@type":"SearchAction","target":{"@type":"EntryPoint","urlTemplate":"https:\/\/usa-gv.com\/es\/?s={search_term_string}"},"query-input":{"@type":"PropertyValueSpecification","valueRequired":true,"valueName":"search_term_string"}}],"inLanguage":"es"}]}},"_links":{"self":[{"href":"https:\/\/usa-gv.com\/es\/wp-json\/wp\/v2\/pages\/2585","targetHints":{"allow":["GET"]}}],"collection":[{"href":"https:\/\/usa-gv.com\/es\/wp-json\/wp\/v2\/pages"}],"about":[{"href":"https:\/\/usa-gv.com\/es\/wp-json\/wp\/v2\/types\/page"}],"author":[{"embeddable":true,"href":"https:\/\/usa-gv.com\/es\/wp-json\/wp\/v2\/users\/1"}],"replies":[{"embeddable":true,"href":"https:\/\/usa-gv.com\/es\/wp-json\/wp\/v2\/comments?post=2585"}],"version-history":[{"count":1,"href":"https:\/\/usa-gv.com\/es\/wp-json\/wp\/v2\/pages\/2585\/revisions"}],"predecessor-version":[{"id":7437,"href":"https:\/\/usa-gv.com\/es\/wp-json\/wp\/v2\/pages\/2585\/revisions\/7437"}],"wp:attachment":[{"href":"https:\/\/usa-gv.com\/es\/wp-json\/wp\/v2\/media?parent=2585"}],"curies":[{"name":"wp","href":"https:\/\/api.w.org\/{rel}","templated":true}]}}