{"id":2565,"date":"2024-03-12T09:24:57","date_gmt":"2024-03-12T09:24:57","guid":{"rendered":"https:\/\/usa-gv.com\/esta-gratuita\/"},"modified":"2025-02-25T11:48:35","modified_gmt":"2025-02-25T11:48:35","slug":"esta-gratuita","status":"publish","type":"page","link":"https:\/\/usa-gv.com\/es\/esta-gratuita\/","title":{"rendered":"Autorizaci\u00f3n ESTA gratuita"},"content":{"rendered":"\n<h1 class=\"wp-block-heading\">Obtener una autorizaci\u00f3n ESTA gratuita<\/h1>\n\n<p>El Programa de Exenci\u00f3n de Visado estadounidense permite a los viajeros que cumplan los requisitos obtener un certificado ESTA para una estancia inferior a 90 d\u00edas en Estados Unidos.\nPuedes <a href=\"https:\/\/usa-gv.com\/es\/como-solicitar-esta\/\">solicitar un ESTA<\/a> por Internet. <\/p>\n\n<h2 class=\"wp-block-heading\">\u00bfLa autorizaci\u00f3n ESTA es gratuita o de pago?<\/h2>\n\n<p>El <a href=\"https:\/\/usa-gv.com\/es\/formulario-esta-en-linea\/\">formulario ESTA online<\/a> incluye una serie de <a href=\"https:\/\/usa-gv.com\/es\/preguntas-sobre-el-formulario-esta\/\">preguntas sobre el viajero<\/a> y termina con una p\u00e1gina de pago. Los viajeros deben <a href=\"https:\/\/usa-gv.com\/es\/como-pagar-una-esta\/\">pagar su ESTA en l\u00ednea<\/a> con tarjeta de cr\u00e9dito para validar su solicitud. El <a href=\"https:\/\/usa-gv.com\/es\/precio-esta-eeuu\/\">precio del ESTA<\/a> lo fija el Departamento de Estado de EEUU. Ha cambiado varias veces desde que se puso en marcha el <a href=\"https:\/\/usa-gv.com\/es\/visa-waiver-program-eeuu\/\">Programa de Exenci\u00f3n de Visado<\/a> en 2009.<\/p>\n\n<p><strong>El formulario ESTA no es gratuito en el sitio web oficial del ESTA<\/strong>.\nLas tasas se utilizan para financiar el funcionamiento del Programa de Exenci\u00f3n de Visado y para promover el turismo a EEUU. <\/p>\n\n<h2 class=\"wp-block-heading\">\u00bfC\u00f3mo puedo obtener un ESTA gratuito?<\/h2>\n\n<p>Para conocer el estado de tu autorizaci\u00f3n ESTA, s\u00f3lo tienes que conectarte al <a href=\"https:\/\/usa-gv.com\/es\/sitio-web-oficial-esta\/\">sitio web oficial del ESTA<\/a> y <a href=\"https:\/\/usa-gv.com\/es\/comprobar-validez-del-esta\/\">comprobar la validez de tu ESTA<\/a>. El proceso es gratuito y s\u00f3lo lleva unos minutos si el viajero dispone de los datos de su viaje.<\/p>\n\n<p>El <a href=\"https:\/\/usa-gv.com\/es\/periodo-validez-esta\/\">ESTA tiene una validez<\/a> inicial de dos a\u00f1os. Sin embargo, por determinadas razones, este plazo puede reducirse. La raz\u00f3n principal es la validez del <a href=\"https:\/\/usa-gv.com\/es\/pasaporte-para-estados-unidos\/\">pasaporte utilizado para obtener el ESTA<\/a>. Cuando el pasaporte deja de ser v\u00e1lido, el ESTA obtenido tampoco es v\u00e1lido.<\/p>\n","protected":false},"excerpt":{"rendered":"<p>Obtener una autorizaci\u00f3n ESTA gratuita El Programa de Exenci\u00f3n de Visado estadounidense permite a los viajeros que cumplan los requisitos obtener un certificado ESTA para una estancia inferior a 90 d\u00edas en Estados Unidos. Puedes solicitar un ESTA por Internet. \u00bfLa autorizaci\u00f3n ESTA es gratuita o de pago? El formulario ESTA online incluye una serie [&hellip;]<\/p>\n","protected":false},"author":1,"featured_media":0,"parent":0,"menu_order":0,"comment_status":"closed","ping_status":"closed","template":"","meta":{"footnotes":""},"class_list":["post-2565","page","type-page","status-publish","hentry"],"yoast_head":"<!-- This site is optimized with the Yoast SEO plugin v26.6 - https:\/\/yoast.com\/wordpress\/plugins\/seo\/ -->\n<title>Autorizaci\u00f3n ESTA gratuita - USA-GV.COM<\/title>\n<meta name=\"description\" content=\"La autorizaci\u00f3n ESTA para viajar a Estados Unidos puede obtenerse en l\u00ednea. El formulario online en el sitio web oficial del ESTA es de pago.\" \/>\n<meta name=\"robots\" content=\"index, follow, max-snippet:-1, max-image-preview:large, max-video-preview:-1\" \/>\n<link rel=\"canonical\" href=\"https:\/\/usa-gv.com\/es\/esta-gratuita\/\" \/>\n<meta property=\"og:locale\" content=\"es_ES\" \/>\n<meta property=\"og:type\" content=\"article\" \/>\n<meta property=\"og:title\" content=\"Autorizaci\u00f3n ESTA gratuita - USA-GV.COM\" \/>\n<meta property=\"og:description\" content=\"La autorizaci\u00f3n ESTA para viajar a Estados Unidos puede obtenerse en l\u00ednea. El formulario online en el sitio web oficial del ESTA es de pago.\" \/>\n<meta property=\"og:url\" content=\"https:\/\/usa-gv.com\/es\/esta-gratuita\/\" \/>\n<meta property=\"og:site_name\" content=\"USA-GV.COM\" \/>\n<meta property=\"article:modified_time\" content=\"2025-02-25T11:48:35+00:00\" \/>\n<meta name=\"twitter:card\" content=\"summary_large_image\" \/>\n<meta name=\"twitter:label1\" content=\"Tiempo de lectura\" \/>\n\t<meta name=\"twitter:data1\" content=\"1 minuto\" \/>\n<script type=\"application\/ld+json\" class=\"yoast-schema-graph\">{\"@context\":\"https:\/\/schema.org\",\"@graph\":[{\"@type\":\"WebPage\",\"@id\":\"https:\/\/usa-gv.com\/es\/esta-gratuita\/\",\"url\":\"https:\/\/usa-gv.com\/es\/esta-gratuita\/\",\"name\":\"Autorizaci\u00f3n ESTA gratuita - USA-GV.COM\",\"isPartOf\":{\"@id\":\"https:\/\/usa-gv.com\/es\/#website\"},\"datePublished\":\"2024-03-12T09:24:57+00:00\",\"dateModified\":\"2025-02-25T11:48:35+00:00\",\"description\":\"La autorizaci\u00f3n ESTA para viajar a Estados Unidos puede obtenerse en l\u00ednea. El formulario online en el sitio web oficial del ESTA es de pago.\",\"breadcrumb\":{\"@id\":\"https:\/\/usa-gv.com\/es\/esta-gratuita\/#breadcrumb\"},\"inLanguage\":\"es\",\"potentialAction\":[{\"@type\":\"ReadAction\",\"target\":[\"https:\/\/usa-gv.com\/es\/esta-gratuita\/\"]}]},{\"@type\":\"BreadcrumbList\",\"@id\":\"https:\/\/usa-gv.com\/es\/esta-gratuita\/#breadcrumb\",\"itemListElement\":[{\"@type\":\"ListItem\",\"position\":1,\"name\":\"Home\",\"item\":\"https:\/\/usa-gv.com\/es\/guia-de-viaje-de-estados-unidos\/\"},{\"@type\":\"ListItem\",\"position\":2,\"name\":\"Autorizaci\u00f3n ESTA gratuita\"}]},{\"@type\":\"WebSite\",\"@id\":\"https:\/\/usa-gv.com\/es\/#website\",\"url\":\"https:\/\/usa-gv.com\/es\/\",\"name\":\"USA-GV.COM\",\"description\":\"\",\"potentialAction\":[{\"@type\":\"SearchAction\",\"target\":{\"@type\":\"EntryPoint\",\"urlTemplate\":\"https:\/\/usa-gv.com\/es\/?s={search_term_string}\"},\"query-input\":{\"@type\":\"PropertyValueSpecification\",\"valueRequired\":true,\"valueName\":\"search_term_string\"}}],\"inLanguage\":\"es\"}]}<\/script>\n<!-- \/ Yoast SEO plugin. -->","yoast_head_json":{"title":"Autorizaci\u00f3n ESTA gratuita - USA-GV.COM","description":"La autorizaci\u00f3n ESTA para viajar a Estados Unidos puede obtenerse en l\u00ednea. El formulario online en el sitio web oficial del ESTA es de pago.","robots":{"index":"index","follow":"follow","max-snippet":"max-snippet:-1","max-image-preview":"max-image-preview:large","max-video-preview":"max-video-preview:-1"},"canonical":"https:\/\/usa-gv.com\/es\/esta-gratuita\/","og_locale":"es_ES","og_type":"article","og_title":"Autorizaci\u00f3n ESTA gratuita - USA-GV.COM","og_description":"La autorizaci\u00f3n ESTA para viajar a Estados Unidos puede obtenerse en l\u00ednea. El formulario online en el sitio web oficial del ESTA es de pago.","og_url":"https:\/\/usa-gv.com\/es\/esta-gratuita\/","og_site_name":"USA-GV.COM","article_modified_time":"2025-02-25T11:48:35+00:00","twitter_card":"summary_large_image","twitter_misc":{"Tiempo de lectura":"1 minuto"},"schema":{"@context":"https:\/\/schema.org","@graph":[{"@type":"WebPage","@id":"https:\/\/usa-gv.com\/es\/esta-gratuita\/","url":"https:\/\/usa-gv.com\/es\/esta-gratuita\/","name":"Autorizaci\u00f3n ESTA gratuita - USA-GV.COM","isPartOf":{"@id":"https:\/\/usa-gv.com\/es\/#website"},"datePublished":"2024-03-12T09:24:57+00:00","dateModified":"2025-02-25T11:48:35+00:00","description":"La autorizaci\u00f3n ESTA para viajar a Estados Unidos puede obtenerse en l\u00ednea. El formulario online en el sitio web oficial del ESTA es de pago.","breadcrumb":{"@id":"https:\/\/usa-gv.com\/es\/esta-gratuita\/#breadcrumb"},"inLanguage":"es","potentialAction":[{"@type":"ReadAction","target":["https:\/\/usa-gv.com\/es\/esta-gratuita\/"]}]},{"@type":"BreadcrumbList","@id":"https:\/\/usa-gv.com\/es\/esta-gratuita\/#breadcrumb","itemListElement":[{"@type":"ListItem","position":1,"name":"Home","item":"https:\/\/usa-gv.com\/es\/guia-de-viaje-de-estados-unidos\/"},{"@type":"ListItem","position":2,"name":"Autorizaci\u00f3n ESTA gratuita"}]},{"@type":"WebSite","@id":"https:\/\/usa-gv.com\/es\/#website","url":"https:\/\/usa-gv.com\/es\/","name":"USA-GV.COM","description":"","potentialAction":[{"@type":"SearchAction","target":{"@type":"EntryPoint","urlTemplate":"https:\/\/usa-gv.com\/es\/?s={search_term_string}"},"query-input":{"@type":"PropertyValueSpecification","valueRequired":true,"valueName":"search_term_string"}}],"inLanguage":"es"}]}},"_links":{"self":[{"href":"https:\/\/usa-gv.com\/es\/wp-json\/wp\/v2\/pages\/2565","targetHints":{"allow":["GET"]}}],"collection":[{"href":"https:\/\/usa-gv.com\/es\/wp-json\/wp\/v2\/pages"}],"about":[{"href":"https:\/\/usa-gv.com\/es\/wp-json\/wp\/v2\/types\/page"}],"author":[{"embeddable":true,"href":"https:\/\/usa-gv.com\/es\/wp-json\/wp\/v2\/users\/1"}],"replies":[{"embeddable":true,"href":"https:\/\/usa-gv.com\/es\/wp-json\/wp\/v2\/comments?post=2565"}],"version-history":[{"count":1,"href":"https:\/\/usa-gv.com\/es\/wp-json\/wp\/v2\/pages\/2565\/revisions"}],"predecessor-version":[{"id":7426,"href":"https:\/\/usa-gv.com\/es\/wp-json\/wp\/v2\/pages\/2565\/revisions\/7426"}],"wp:attachment":[{"href":"https:\/\/usa-gv.com\/es\/wp-json\/wp\/v2\/media?parent=2565"}],"curies":[{"name":"wp","href":"https:\/\/api.w.org\/{rel}","templated":true}]}}