{"id":2547,"date":"2024-03-10T21:30:51","date_gmt":"2024-03-10T21:30:51","guid":{"rendered":"https:\/\/usa-gv.com\/utilidad-esta\/"},"modified":"2025-02-25T11:48:30","modified_gmt":"2025-02-25T11:48:30","slug":"utilidad-esta","status":"publish","type":"page","link":"https:\/\/usa-gv.com\/es\/utilidad-esta\/","title":{"rendered":"\u00bfQu\u00e9 es una autorizaci\u00f3n ESTA para Estados Unidos?"},"content":{"rendered":"\n<h1 class=\"wp-block-heading\">\u00bfQu\u00e9 actividades est\u00e1n autorizadas en EE.UU. para los viajeros con un ESTA?  <\/h1>\n\n<p>La <a href=\"https:\/\/usa-gv.com\/es\/que-es-una-autorizacion-esta\/\">autorizaci\u00f3n ESTA<\/a> permite a los ciudadanos de los pa\u00edses participantes en el <a href=\"https:\/\/usa-gv.com\/es\/visa-waiver-program-eeuu\/\">Programa de Exenci\u00f3n de Visado<\/a> viajar a Estados Unidos por turismo o negocios sin visado para estancias inferiores a 90 d\u00edas. S\u00f3lo determinadas actividades est\u00e1n autorizadas en territorio estadounidense para los viajeros con un ESTA.<\/p>\n\n<p><strong>Para obtener un certificado de viaje en s\u00f3lo unos minutos<\/strong>, basta con hacer clic en el <a href=\"https:\/\/usa-gv.com\/es\/formulario-esta-en-linea\/\">formulario ESTA en l\u00ednea<\/a>.<\/p>\n\n<div style=\"height:10px\" aria-hidden=\"true\" class=\"wp-block-spacer\"><\/div>\n\n<h2 class=\"wp-block-heading\">Qu\u00e9 puede hacer en EE.UU. con un ESTA<\/h2>\n\n<p>Los viajeros con un ESTA pueden entrar en Estados Unidos para varios tipos de actividades, principalmente turismo o negocios.\nLas siguientes actividades est\u00e1n permitidas con un ESTA. <\/p>\n\n<h3 class=\"wp-block-heading\">Actividades relacionadas con el turismo autorizadas con un ESTA en EE.UU.<\/h3>\n\n<ul class=\"wp-block-list\">\n<li>Visita lugares tur\u00edsticos, monumentos y parques nacionales;<\/li>\n\n\n\n<li>Participa en actividades recreativas, como visitar museos, asistir a espect\u00e1culos, conciertos o acontecimientos deportivos;<\/li>\n\n\n\n<li>Participar en actividades sociales con amigos o familiares.<\/li>\n<\/ul>\n\n<div style=\"height:10px\" aria-hidden=\"true\" class=\"wp-block-spacer\"><\/div>\n\n<h3 class=\"wp-block-heading\">Actividades empresariales autorizadas con un ESTA en EE.UU.<\/h3>\n\n<ul class=\"wp-block-list\">\n<li>Participar en reuniones de trabajo, conferencias o seminarios;<\/li>\n\n\n\n<li>Negociar contratos o consultar con socios comerciales;<\/li>\n\n\n\n<li>Asiste a exposiciones y ferias comerciales.<\/li>\n<\/ul>\n\n<div style=\"height:10px\" aria-hidden=\"true\" class=\"wp-block-spacer\"><\/div>\n\n<h3 class=\"wp-block-heading\">Participaci\u00f3n en eventos autorizados con un ESTA en EE.UU.<\/h3>\n\n<ul class=\"wp-block-list\">\n<li>Participa en eventos o cursos de corta duraci\u00f3n.\nEstos cursos no tienen que acreditarse con un diploma o certificaci\u00f3n acad\u00e9mica; <\/li>\n\n\n\n<li>Participar en eventos musicales o deportivos de aficionados sin recibir ning\u00fan pago.<\/li>\n<\/ul>\n\n<div style=\"height:10px\" aria-hidden=\"true\" class=\"wp-block-spacer\"><\/div>\n\n<p>Informaci\u00f3n <strong>importante<\/strong>: El ESTA tambi\u00e9n te permite permanecer en Estados Unidos para <strong>recibir tratamiento m\u00e9dico de corta duraci\u00f3n<\/strong>.<\/p>\n\n<div style=\"height:20px\" aria-hidden=\"true\" class=\"wp-block-spacer\"><\/div>\n\n<h2 class=\"wp-block-heading\">\u00bfQu\u00e9 actividades est\u00e1n prohibidas en EE.UU. con un ESTA?<\/h2>\n\n<p>He aqu\u00ed las principales actividades prohibidas en Estados Unidos a los viajeros titulares de una autorizaci\u00f3n ESTA.<\/p>\n\n<h3 class=\"wp-block-heading\">Actividades relacionadas con el trabajo prohibidas en EE.UU. a los titulares del ESTA<\/h3>\n\n<ul class=\"wp-block-list\">\n<li>Los viajeros en posesi\u00f3n de un ESTA no est\u00e1n autorizados a aceptar un empleo remunerado en Estados Unidos.\nEsto incluye cualquier trabajo por el que un empresario estadounidense pague un salario o una indemnizaci\u00f3n; <\/li>\n\n\n\n<li>Trabajar para la prensa: Los periodistas o miembros de la prensa que tengan previsto trabajar en Estados Unidos no pueden hacerlo con un ESTA.\nDeben obtener un visado espec\u00edfico para los medios de comunicaci\u00f3n. <\/li>\n<\/ul>\n\n<div style=\"height:10px\" aria-hidden=\"true\" class=\"wp-block-spacer\"><\/div>\n\n<h3 class=\"wp-block-heading\">Otras actividades prohibidas en EE.UU. a los viajeros con un ESTA<\/h3>\n\n<ul class=\"wp-block-list\">\n<li><strong>Considerar la<\/strong> residencia permanente: Un viajero no puede utilizar un ESTA para entrar en Estados Unidos con fines de residencia permanente o inmigraci\u00f3n.<\/li>\n\n\n\n<li>Estudios de <strong>larga<\/strong> duraci\u00f3n : Los estudios a tiempo completo requieren un visado de estudiante.<\/li>\n\n\n\n<li><strong>Programa<\/strong> de intercambio: Los participantes en un programa de intercambio de estudiantes no pueden utilizar el ESTA y deben obtener un visado J1.<\/li>\n\n\n\n<li>Prestaciones <strong>p\u00fablicas<\/strong>: Los viajeros que llegan a Estados Unidos con autorizaci\u00f3n ESTA no tienen derecho a prestaciones gubernamentales ni a programas de asistencia p\u00fablica.<\/li>\n<\/ul>\n\n<div style=\"height:20px\" aria-hidden=\"true\" class=\"wp-block-spacer\"><\/div>\n\n<h2 class=\"wp-block-heading\">\u00bfPuedo hacer una escala en EE.UU. con un ESTA?<\/h2>\n\n<p>Es posible <a href=\"https:\/\/usa-gv.com\/es\/esta-transito-ee-uu\/\">transitar por EE.UU. con un ESTA<\/a>. Los titulares de una autorizaci\u00f3n ESTA pueden utilizar Estados Unidos como punto de tr\u00e1nsito hacia otro destino internacional.<\/p>\n","protected":false},"excerpt":{"rendered":"<p>\u00bfQu\u00e9 actividades est\u00e1n autorizadas en EE.UU. para los viajeros con un ESTA? La autorizaci\u00f3n ESTA permite a los ciudadanos de los pa\u00edses participantes en el Programa de Exenci\u00f3n de Visado viajar a Estados Unidos por turismo o negocios sin visado para estancias inferiores a 90 d\u00edas. S\u00f3lo determinadas actividades est\u00e1n autorizadas en territorio estadounidense para [&hellip;]<\/p>\n","protected":false},"author":1,"featured_media":0,"parent":0,"menu_order":0,"comment_status":"closed","ping_status":"closed","template":"","meta":{"footnotes":""},"class_list":["post-2547","page","type-page","status-publish","hentry"],"yoast_head":"<!-- This site is optimized with the Yoast SEO plugin v26.6 - https:\/\/yoast.com\/wordpress\/plugins\/seo\/ -->\n<title>\u00bfQu\u00e9 es una autorizaci\u00f3n ESTA para Estados Unidos? - USA-GV.COM<\/title>\n<meta name=\"description\" content=\"Averig\u00fce qu\u00e9 puede y qu\u00e9 no puede hacer con la autorizaci\u00f3n ESTA cuando visite Estados Unidos\" \/>\n<meta name=\"robots\" content=\"index, follow, max-snippet:-1, max-image-preview:large, max-video-preview:-1\" \/>\n<link rel=\"canonical\" href=\"https:\/\/usa-gv.com\/es\/utilidad-esta\/\" \/>\n<meta property=\"og:locale\" content=\"es_ES\" \/>\n<meta property=\"og:type\" content=\"article\" \/>\n<meta property=\"og:title\" content=\"\u00bfQu\u00e9 es una autorizaci\u00f3n ESTA para Estados Unidos? - USA-GV.COM\" \/>\n<meta property=\"og:description\" content=\"Averig\u00fce qu\u00e9 puede y qu\u00e9 no puede hacer con la autorizaci\u00f3n ESTA cuando visite Estados Unidos\" \/>\n<meta property=\"og:url\" content=\"https:\/\/usa-gv.com\/es\/utilidad-esta\/\" \/>\n<meta property=\"og:site_name\" content=\"USA-GV.COM\" \/>\n<meta property=\"article:modified_time\" content=\"2025-02-25T11:48:30+00:00\" \/>\n<meta name=\"twitter:card\" content=\"summary_large_image\" \/>\n<meta name=\"twitter:label1\" content=\"Tiempo de lectura\" \/>\n\t<meta name=\"twitter:data1\" content=\"3 minutos\" \/>\n<script type=\"application\/ld+json\" class=\"yoast-schema-graph\">{\"@context\":\"https:\/\/schema.org\",\"@graph\":[{\"@type\":\"WebPage\",\"@id\":\"https:\/\/usa-gv.com\/es\/utilidad-esta\/\",\"url\":\"https:\/\/usa-gv.com\/es\/utilidad-esta\/\",\"name\":\"\u00bfQu\u00e9 es una autorizaci\u00f3n ESTA para Estados Unidos? - USA-GV.COM\",\"isPartOf\":{\"@id\":\"https:\/\/usa-gv.com\/es\/#website\"},\"datePublished\":\"2024-03-10T21:30:51+00:00\",\"dateModified\":\"2025-02-25T11:48:30+00:00\",\"description\":\"Averig\u00fce qu\u00e9 puede y qu\u00e9 no puede hacer con la autorizaci\u00f3n ESTA cuando visite Estados Unidos\",\"breadcrumb\":{\"@id\":\"https:\/\/usa-gv.com\/es\/utilidad-esta\/#breadcrumb\"},\"inLanguage\":\"es\",\"potentialAction\":[{\"@type\":\"ReadAction\",\"target\":[\"https:\/\/usa-gv.com\/es\/utilidad-esta\/\"]}]},{\"@type\":\"BreadcrumbList\",\"@id\":\"https:\/\/usa-gv.com\/es\/utilidad-esta\/#breadcrumb\",\"itemListElement\":[{\"@type\":\"ListItem\",\"position\":1,\"name\":\"Home\",\"item\":\"https:\/\/usa-gv.com\/es\/guia-de-viaje-de-estados-unidos\/\"},{\"@type\":\"ListItem\",\"position\":2,\"name\":\"\u00bfQu\u00e9 es una autorizaci\u00f3n ESTA para Estados Unidos?\"}]},{\"@type\":\"WebSite\",\"@id\":\"https:\/\/usa-gv.com\/es\/#website\",\"url\":\"https:\/\/usa-gv.com\/es\/\",\"name\":\"USA-GV.COM\",\"description\":\"\",\"potentialAction\":[{\"@type\":\"SearchAction\",\"target\":{\"@type\":\"EntryPoint\",\"urlTemplate\":\"https:\/\/usa-gv.com\/es\/?s={search_term_string}\"},\"query-input\":{\"@type\":\"PropertyValueSpecification\",\"valueRequired\":true,\"valueName\":\"search_term_string\"}}],\"inLanguage\":\"es\"}]}<\/script>\n<!-- \/ Yoast SEO plugin. -->","yoast_head_json":{"title":"\u00bfQu\u00e9 es una autorizaci\u00f3n ESTA para Estados Unidos? - USA-GV.COM","description":"Averig\u00fce qu\u00e9 puede y qu\u00e9 no puede hacer con la autorizaci\u00f3n ESTA cuando visite Estados Unidos","robots":{"index":"index","follow":"follow","max-snippet":"max-snippet:-1","max-image-preview":"max-image-preview:large","max-video-preview":"max-video-preview:-1"},"canonical":"https:\/\/usa-gv.com\/es\/utilidad-esta\/","og_locale":"es_ES","og_type":"article","og_title":"\u00bfQu\u00e9 es una autorizaci\u00f3n ESTA para Estados Unidos? - USA-GV.COM","og_description":"Averig\u00fce qu\u00e9 puede y qu\u00e9 no puede hacer con la autorizaci\u00f3n ESTA cuando visite Estados Unidos","og_url":"https:\/\/usa-gv.com\/es\/utilidad-esta\/","og_site_name":"USA-GV.COM","article_modified_time":"2025-02-25T11:48:30+00:00","twitter_card":"summary_large_image","twitter_misc":{"Tiempo de lectura":"3 minutos"},"schema":{"@context":"https:\/\/schema.org","@graph":[{"@type":"WebPage","@id":"https:\/\/usa-gv.com\/es\/utilidad-esta\/","url":"https:\/\/usa-gv.com\/es\/utilidad-esta\/","name":"\u00bfQu\u00e9 es una autorizaci\u00f3n ESTA para Estados Unidos? - USA-GV.COM","isPartOf":{"@id":"https:\/\/usa-gv.com\/es\/#website"},"datePublished":"2024-03-10T21:30:51+00:00","dateModified":"2025-02-25T11:48:30+00:00","description":"Averig\u00fce qu\u00e9 puede y qu\u00e9 no puede hacer con la autorizaci\u00f3n ESTA cuando visite Estados Unidos","breadcrumb":{"@id":"https:\/\/usa-gv.com\/es\/utilidad-esta\/#breadcrumb"},"inLanguage":"es","potentialAction":[{"@type":"ReadAction","target":["https:\/\/usa-gv.com\/es\/utilidad-esta\/"]}]},{"@type":"BreadcrumbList","@id":"https:\/\/usa-gv.com\/es\/utilidad-esta\/#breadcrumb","itemListElement":[{"@type":"ListItem","position":1,"name":"Home","item":"https:\/\/usa-gv.com\/es\/guia-de-viaje-de-estados-unidos\/"},{"@type":"ListItem","position":2,"name":"\u00bfQu\u00e9 es una autorizaci\u00f3n ESTA para Estados Unidos?"}]},{"@type":"WebSite","@id":"https:\/\/usa-gv.com\/es\/#website","url":"https:\/\/usa-gv.com\/es\/","name":"USA-GV.COM","description":"","potentialAction":[{"@type":"SearchAction","target":{"@type":"EntryPoint","urlTemplate":"https:\/\/usa-gv.com\/es\/?s={search_term_string}"},"query-input":{"@type":"PropertyValueSpecification","valueRequired":true,"valueName":"search_term_string"}}],"inLanguage":"es"}]}},"_links":{"self":[{"href":"https:\/\/usa-gv.com\/es\/wp-json\/wp\/v2\/pages\/2547","targetHints":{"allow":["GET"]}}],"collection":[{"href":"https:\/\/usa-gv.com\/es\/wp-json\/wp\/v2\/pages"}],"about":[{"href":"https:\/\/usa-gv.com\/es\/wp-json\/wp\/v2\/types\/page"}],"author":[{"embeddable":true,"href":"https:\/\/usa-gv.com\/es\/wp-json\/wp\/v2\/users\/1"}],"replies":[{"embeddable":true,"href":"https:\/\/usa-gv.com\/es\/wp-json\/wp\/v2\/comments?post=2547"}],"version-history":[{"count":1,"href":"https:\/\/usa-gv.com\/es\/wp-json\/wp\/v2\/pages\/2547\/revisions"}],"predecessor-version":[{"id":7415,"href":"https:\/\/usa-gv.com\/es\/wp-json\/wp\/v2\/pages\/2547\/revisions\/7415"}],"wp:attachment":[{"href":"https:\/\/usa-gv.com\/es\/wp-json\/wp\/v2\/media?parent=2547"}],"curies":[{"name":"wp","href":"https:\/\/api.w.org\/{rel}","templated":true}]}}