{"id":2529,"date":"2024-03-12T18:53:43","date_gmt":"2024-03-12T18:53:43","guid":{"rendered":"https:\/\/usa-gv.com\/imprimir-esta\/"},"modified":"2025-02-25T11:50:39","modified_gmt":"2025-02-25T11:50:39","slug":"imprimir-esta","status":"publish","type":"page","link":"https:\/\/usa-gv.com\/es\/imprimir-esta\/","title":{"rendered":"Imprimir su ESTA para el aeropuerto"},"content":{"rendered":"\n<h1 class=\"wp-block-heading\">Imprimir su ESTA antes de llegar a EE.UU.<\/h1>\n\n<p>El procedimiento para obtener la autorizaci\u00f3n ESTA se realiza \u00edntegramente en l\u00ednea.\nUna vez aprobada la solicitud ESTA, los viajeros se preguntan a menudo si deben imprimirla y presentarla en la aduana estadounidense al llegar a Estados Unidos. <\/p>\n\n<p>Para solicitar una autorizaci\u00f3n de viaje, basta con hacer clic en el <a href=\"https:\/\/usa-gv.com\/es\/formulario-esta-en-linea\/\">formulario ESTA en l\u00ednea<\/a>.<\/p>\n\n<div style=\"height:10px\" aria-hidden=\"true\" class=\"wp-block-spacer\"><\/div>\n\n<h2 class=\"wp-block-heading\">\u00bfDebo imprimir mi autorizaci\u00f3n ESTA?<\/h2>\n\n<p><strong>No est\u00e1 obligado a presentar una versi\u00f3n en papel de la autorizaci\u00f3n ESTA aprobada<\/strong> a su llegada a Estados Unidos.\nEl agente encargado de validar la entrada del viajero en Estados Unidos consultar\u00e1 el certificado ESTA obtenido directamente en el sistema inform\u00e1tico.   <\/p>\n\n<p>No obstante, es aconsejable conservar una copia del certificado ESTA aprobado junto con sus <a href=\"https:\/\/usa-gv.com\/es\/documentos-viaje-ee-uu\/\">documentos de viaje a EE.UU<\/a>.<\/p>\n\n<p>La autorizaci\u00f3n <a href=\"https:\/\/usa-gv.com\/es\/esta-visado-eeuu\/\">ESTA no es un visado para EE.UU.<\/a>; es un <strong>documento de viaje esencial<\/strong> para los nacionales de los pa\u00edses miembros del <a href=\"https:\/\/usa-gv.com\/es\/visa-waiver-program-eeuu\/\">Programa de Exenci\u00f3n de Visado<\/a> que deseen viajar a EE.UU. sin visado.<\/p>\n\n<h2 class=\"wp-block-heading\">\u00bfC\u00f3mo imprimir mi autorizaci\u00f3n de viaje ESTA?<\/h2>\n\n<p>Una vez aprobada la solicitud ESTA, el titular del ESTA puede optar por :<\/p>\n\n<ul class=\"wp-block-list\">\n<li>Descargar el certificado ESTA<\/li>\n\n\n\n<li>imprimir certificado ESTA<\/li>\n<\/ul>\n\n<div style=\"height:12px\" aria-hidden=\"true\" class=\"wp-block-spacer\"><\/div>\n\n<p>El certificado que aparece en la pantalla del viajero contiene tambi\u00e9n el recibo de <a href=\"https:\/\/usa-gv.com\/es\/como-pagar-una-esta\/\">pago del ESTA<\/a>. Cuando se imprime el certificado ESTA, aparece el <a href=\"https:\/\/usa-gv.com\/es\/precio-esta-eeuu\/\">precio pagado por el ESTA<\/a> con tarjeta de cr\u00e9dito.<\/p>\n\n<h2 class=\"wp-block-heading\">Imagen de una autorizaci\u00f3n ESTA impresa en espa\u00f1ol<\/h2>\n\n<p>Aqu\u00ed tiene una imagen de una autorizaci\u00f3n ESTA aprobada que puede imprimir.\nEnumera los principales datos necesarios para obtener la autorizaci\u00f3n de viajar a Estados Unidos. <\/p>\n\n<figure class=\"wp-block-image size-large\"><img decoding=\"async\" src=\"https:\/\/usa-gv.com\/wp-content\/uploads\/2024\/04\/imprimir-esta-ES-1024x568.jpg\" alt=\"Autorizaci&#xF3;n aprobada para descargar o imprimir\" class=\"wp-image-3660\"\/><figcaption class=\"wp-element-caption\">Captura de pantalla imprimible de una autorizaci\u00f3n ESTA aprobada<\/figcaption><\/figure>\n","protected":false},"excerpt":{"rendered":"<p>Imprimir su ESTA antes de llegar a EE.UU. El procedimiento para obtener la autorizaci\u00f3n ESTA se realiza \u00edntegramente en l\u00ednea. Una vez aprobada la solicitud ESTA, los viajeros se preguntan a menudo si deben imprimirla y presentarla en la aduana estadounidense al llegar a Estados Unidos. Para solicitar una autorizaci\u00f3n de viaje, basta con hacer [&hellip;]<\/p>\n","protected":false},"author":1,"featured_media":0,"parent":0,"menu_order":0,"comment_status":"closed","ping_status":"closed","template":"","meta":{"footnotes":""},"class_list":["post-2529","page","type-page","status-publish","hentry"],"yoast_head":"<!-- This site is optimized with the Yoast SEO plugin v26.6 - https:\/\/yoast.com\/wordpress\/plugins\/seo\/ -->\n<title>Imprimir su ESTA para el aeropuerto - USA-GV.COM<\/title>\n<meta name=\"description\" content=\"\u00bfDebo imprimir mi certificado ESTA en papel antes de ir al aeropuerto y embarcar en mi vuelo hacia Estados Unidos?\" \/>\n<meta name=\"robots\" content=\"index, follow, max-snippet:-1, max-image-preview:large, max-video-preview:-1\" \/>\n<link rel=\"canonical\" href=\"https:\/\/usa-gv.com\/es\/imprimir-esta\/\" \/>\n<meta property=\"og:locale\" content=\"es_ES\" \/>\n<meta property=\"og:type\" content=\"article\" \/>\n<meta property=\"og:title\" content=\"Imprimir su ESTA para el aeropuerto - USA-GV.COM\" \/>\n<meta property=\"og:description\" content=\"\u00bfDebo imprimir mi certificado ESTA en papel antes de ir al aeropuerto y embarcar en mi vuelo hacia Estados Unidos?\" \/>\n<meta property=\"og:url\" content=\"https:\/\/usa-gv.com\/es\/imprimir-esta\/\" \/>\n<meta property=\"og:site_name\" content=\"USA-GV.COM\" \/>\n<meta property=\"article:modified_time\" content=\"2025-02-25T11:50:39+00:00\" \/>\n<meta property=\"og:image\" content=\"https:\/\/usa-gv.com\/wp-content\/uploads\/2024\/04\/imprimir-esta-ES-1024x568.jpg\" \/>\n<meta name=\"twitter:card\" content=\"summary_large_image\" \/>\n<meta name=\"twitter:label1\" content=\"Tiempo de lectura\" \/>\n\t<meta name=\"twitter:data1\" content=\"1 minuto\" \/>\n<script type=\"application\/ld+json\" class=\"yoast-schema-graph\">{\"@context\":\"https:\/\/schema.org\",\"@graph\":[{\"@type\":\"WebPage\",\"@id\":\"https:\/\/usa-gv.com\/es\/imprimir-esta\/\",\"url\":\"https:\/\/usa-gv.com\/es\/imprimir-esta\/\",\"name\":\"Imprimir su ESTA para el aeropuerto - USA-GV.COM\",\"isPartOf\":{\"@id\":\"https:\/\/usa-gv.com\/es\/#website\"},\"primaryImageOfPage\":{\"@id\":\"https:\/\/usa-gv.com\/es\/imprimir-esta\/#primaryimage\"},\"image\":{\"@id\":\"https:\/\/usa-gv.com\/es\/imprimir-esta\/#primaryimage\"},\"thumbnailUrl\":\"https:\/\/usa-gv.com\/wp-content\/uploads\/2024\/04\/imprimir-esta-ES-1024x568.jpg\",\"datePublished\":\"2024-03-12T18:53:43+00:00\",\"dateModified\":\"2025-02-25T11:50:39+00:00\",\"description\":\"\u00bfDebo imprimir mi certificado ESTA en papel antes de ir al aeropuerto y embarcar en mi vuelo hacia Estados Unidos?\",\"breadcrumb\":{\"@id\":\"https:\/\/usa-gv.com\/es\/imprimir-esta\/#breadcrumb\"},\"inLanguage\":\"es\",\"potentialAction\":[{\"@type\":\"ReadAction\",\"target\":[\"https:\/\/usa-gv.com\/es\/imprimir-esta\/\"]}]},{\"@type\":\"ImageObject\",\"inLanguage\":\"es\",\"@id\":\"https:\/\/usa-gv.com\/es\/imprimir-esta\/#primaryimage\",\"url\":\"https:\/\/usa-gv.com\/wp-content\/uploads\/2024\/04\/imprimir-esta-ES-1024x568.jpg\",\"contentUrl\":\"https:\/\/usa-gv.com\/wp-content\/uploads\/2024\/04\/imprimir-esta-ES-1024x568.jpg\"},{\"@type\":\"BreadcrumbList\",\"@id\":\"https:\/\/usa-gv.com\/es\/imprimir-esta\/#breadcrumb\",\"itemListElement\":[{\"@type\":\"ListItem\",\"position\":1,\"name\":\"Home\",\"item\":\"https:\/\/usa-gv.com\/es\/guia-de-viaje-de-estados-unidos\/\"},{\"@type\":\"ListItem\",\"position\":2,\"name\":\"Imprimir su ESTA para el aeropuerto\"}]},{\"@type\":\"WebSite\",\"@id\":\"https:\/\/usa-gv.com\/es\/#website\",\"url\":\"https:\/\/usa-gv.com\/es\/\",\"name\":\"USA-GV.COM\",\"description\":\"\",\"potentialAction\":[{\"@type\":\"SearchAction\",\"target\":{\"@type\":\"EntryPoint\",\"urlTemplate\":\"https:\/\/usa-gv.com\/es\/?s={search_term_string}\"},\"query-input\":{\"@type\":\"PropertyValueSpecification\",\"valueRequired\":true,\"valueName\":\"search_term_string\"}}],\"inLanguage\":\"es\"}]}<\/script>\n<!-- \/ Yoast SEO plugin. -->","yoast_head_json":{"title":"Imprimir su ESTA para el aeropuerto - USA-GV.COM","description":"\u00bfDebo imprimir mi certificado ESTA en papel antes de ir al aeropuerto y embarcar en mi vuelo hacia Estados Unidos?","robots":{"index":"index","follow":"follow","max-snippet":"max-snippet:-1","max-image-preview":"max-image-preview:large","max-video-preview":"max-video-preview:-1"},"canonical":"https:\/\/usa-gv.com\/es\/imprimir-esta\/","og_locale":"es_ES","og_type":"article","og_title":"Imprimir su ESTA para el aeropuerto - USA-GV.COM","og_description":"\u00bfDebo imprimir mi certificado ESTA en papel antes de ir al aeropuerto y embarcar en mi vuelo hacia Estados Unidos?","og_url":"https:\/\/usa-gv.com\/es\/imprimir-esta\/","og_site_name":"USA-GV.COM","article_modified_time":"2025-02-25T11:50:39+00:00","og_image":[{"url":"https:\/\/usa-gv.com\/wp-content\/uploads\/2024\/04\/imprimir-esta-ES-1024x568.jpg","type":"","width":"","height":""}],"twitter_card":"summary_large_image","twitter_misc":{"Tiempo de lectura":"1 minuto"},"schema":{"@context":"https:\/\/schema.org","@graph":[{"@type":"WebPage","@id":"https:\/\/usa-gv.com\/es\/imprimir-esta\/","url":"https:\/\/usa-gv.com\/es\/imprimir-esta\/","name":"Imprimir su ESTA para el aeropuerto - USA-GV.COM","isPartOf":{"@id":"https:\/\/usa-gv.com\/es\/#website"},"primaryImageOfPage":{"@id":"https:\/\/usa-gv.com\/es\/imprimir-esta\/#primaryimage"},"image":{"@id":"https:\/\/usa-gv.com\/es\/imprimir-esta\/#primaryimage"},"thumbnailUrl":"https:\/\/usa-gv.com\/wp-content\/uploads\/2024\/04\/imprimir-esta-ES-1024x568.jpg","datePublished":"2024-03-12T18:53:43+00:00","dateModified":"2025-02-25T11:50:39+00:00","description":"\u00bfDebo imprimir mi certificado ESTA en papel antes de ir al aeropuerto y embarcar en mi vuelo hacia Estados Unidos?","breadcrumb":{"@id":"https:\/\/usa-gv.com\/es\/imprimir-esta\/#breadcrumb"},"inLanguage":"es","potentialAction":[{"@type":"ReadAction","target":["https:\/\/usa-gv.com\/es\/imprimir-esta\/"]}]},{"@type":"ImageObject","inLanguage":"es","@id":"https:\/\/usa-gv.com\/es\/imprimir-esta\/#primaryimage","url":"https:\/\/usa-gv.com\/wp-content\/uploads\/2024\/04\/imprimir-esta-ES-1024x568.jpg","contentUrl":"https:\/\/usa-gv.com\/wp-content\/uploads\/2024\/04\/imprimir-esta-ES-1024x568.jpg"},{"@type":"BreadcrumbList","@id":"https:\/\/usa-gv.com\/es\/imprimir-esta\/#breadcrumb","itemListElement":[{"@type":"ListItem","position":1,"name":"Home","item":"https:\/\/usa-gv.com\/es\/guia-de-viaje-de-estados-unidos\/"},{"@type":"ListItem","position":2,"name":"Imprimir su ESTA para el aeropuerto"}]},{"@type":"WebSite","@id":"https:\/\/usa-gv.com\/es\/#website","url":"https:\/\/usa-gv.com\/es\/","name":"USA-GV.COM","description":"","potentialAction":[{"@type":"SearchAction","target":{"@type":"EntryPoint","urlTemplate":"https:\/\/usa-gv.com\/es\/?s={search_term_string}"},"query-input":{"@type":"PropertyValueSpecification","valueRequired":true,"valueName":"search_term_string"}}],"inLanguage":"es"}]}},"_links":{"self":[{"href":"https:\/\/usa-gv.com\/es\/wp-json\/wp\/v2\/pages\/2529","targetHints":{"allow":["GET"]}}],"collection":[{"href":"https:\/\/usa-gv.com\/es\/wp-json\/wp\/v2\/pages"}],"about":[{"href":"https:\/\/usa-gv.com\/es\/wp-json\/wp\/v2\/types\/page"}],"author":[{"embeddable":true,"href":"https:\/\/usa-gv.com\/es\/wp-json\/wp\/v2\/users\/1"}],"replies":[{"embeddable":true,"href":"https:\/\/usa-gv.com\/es\/wp-json\/wp\/v2\/comments?post=2529"}],"version-history":[{"count":1,"href":"https:\/\/usa-gv.com\/es\/wp-json\/wp\/v2\/pages\/2529\/revisions"}],"predecessor-version":[{"id":7537,"href":"https:\/\/usa-gv.com\/es\/wp-json\/wp\/v2\/pages\/2529\/revisions\/7537"}],"wp:attachment":[{"href":"https:\/\/usa-gv.com\/es\/wp-json\/wp\/v2\/media?parent=2529"}],"curies":[{"name":"wp","href":"https:\/\/api.w.org\/{rel}","templated":true}]}}