{"id":2414,"date":"2024-03-11T21:27:16","date_gmt":"2024-03-11T21:27:16","guid":{"rendered":"https:\/\/usa-gv.com\/formulario-esta-en-linea\/"},"modified":"2025-02-25T11:50:24","modified_gmt":"2025-02-25T11:50:24","slug":"formulario-esta-en-linea","status":"publish","type":"page","link":"https:\/\/usa-gv.com\/es\/formulario-esta-en-linea\/","title":{"rendered":"Formulario de solicitud ESTA en l\u00ednea"},"content":{"rendered":"\t\t<div data-elementor-type=\"wp-page\" data-elementor-id=\"2414\" class=\"elementor elementor-2414 elementor-2197\" data-elementor-post-type=\"page\">\n\t\t\t\t\t\t<section class=\"elementor-section elementor-top-section elementor-element elementor-element-31254f0 elementor-section-boxed elementor-section-height-default elementor-section-height-default\" data-id=\"31254f0\" data-element_type=\"section\">\n\t\t\t\t\t\t<div class=\"elementor-container elementor-column-gap-default\">\n\t\t\t\t\t<div class=\"elementor-column elementor-col-100 elementor-top-column elementor-element elementor-element-6d4d5ef\" data-id=\"6d4d5ef\" data-element_type=\"column\">\n\t\t\t<div class=\"elementor-widget-wrap elementor-element-populated\">\n\t\t\t\t\t\t<div class=\"elementor-element elementor-element-00397ac elementor-widget elementor-widget-spacer\" data-id=\"00397ac\" data-element_type=\"widget\" data-widget_type=\"spacer.default\">\n\t\t\t\t<div class=\"elementor-widget-container\">\n\t\t\t\t\t\t\t<div class=\"elementor-spacer\">\n\t\t\t<div class=\"elementor-spacer-inner\"><\/div>\n\t\t<\/div>\n\t\t\t\t\t\t<\/div>\n\t\t\t\t<\/div>\n\t\t\t\t\t<\/div>\n\t\t<\/div>\n\t\t\t\t\t<\/div>\n\t\t<\/section>\n\t\t\t\t<section class=\"elementor-section elementor-top-section elementor-element elementor-element-ba64e19 elementor-section-boxed elementor-section-height-default elementor-section-height-default\" data-id=\"ba64e19\" data-element_type=\"section\">\n\t\t\t\t\t\t<div class=\"elementor-container elementor-column-gap-default\">\n\t\t\t\t\t<div class=\"elementor-column elementor-col-100 elementor-top-column elementor-element elementor-element-3a6bfcf\" data-id=\"3a6bfcf\" data-element_type=\"column\">\n\t\t\t<div class=\"elementor-widget-wrap elementor-element-populated\">\n\t\t\t\t\t\t<div class=\"elementor-element elementor-element-9f54b60 elementor-widget elementor-widget-heading\" data-id=\"9f54b60\" data-element_type=\"widget\" data-widget_type=\"heading.default\">\n\t\t\t\t<div class=\"elementor-widget-container\">\n\t\t\t\t\t<h1 class=\"elementor-heading-title elementor-size-default\">Rellenar el formulario ESTA<\/h1>\t\t\t\t<\/div>\n\t\t\t\t<\/div>\n\t\t\t\t\t<\/div>\n\t\t<\/div>\n\t\t\t\t\t<\/div>\n\t\t<\/section>\n\t\t\t\t<section class=\"elementor-section elementor-top-section elementor-element elementor-element-3323a1c elementor-section-boxed elementor-section-height-default elementor-section-height-default\" data-id=\"3323a1c\" data-element_type=\"section\">\n\t\t\t\t\t\t<div class=\"elementor-container elementor-column-gap-default\">\n\t\t\t\t\t<div class=\"elementor-column elementor-col-100 elementor-top-column elementor-element elementor-element-cf3ec87\" data-id=\"cf3ec87\" data-element_type=\"column\">\n\t\t\t<div class=\"elementor-widget-wrap elementor-element-populated\">\n\t\t\t\t\t\t<div class=\"elementor-element elementor-element-9eca5e9 elementor-widget elementor-widget-text-editor\" data-id=\"9eca5e9\" data-element_type=\"widget\" data-widget_type=\"text-editor.default\">\n\t\t\t\t<div class=\"elementor-widget-container\">\n\t\t\t\t\t\t\t\t\t<p>El formulario de solicitud de autorizaci\u00f3n de viaje ESTA puede cumplimentarse directamente en l\u00ednea.<br \/>\nEl procedimiento en l\u00ednea es r\u00e1pido y sencillo.<br \/>\nEl proceso informatizado permite tramitar inmediatamente las solicitudes.  <\/p>\n\t\t\t\t\t\t\t\t<\/div>\n\t\t\t\t<\/div>\n\t\t\t\t\t<\/div>\n\t\t<\/div>\n\t\t\t\t\t<\/div>\n\t\t<\/section>\n\t\t\t\t<section class=\"elementor-section elementor-top-section elementor-element elementor-element-10b213f6 elementor-section-boxed elementor-section-height-default elementor-section-height-default\" data-id=\"10b213f6\" data-element_type=\"section\">\n\t\t\t\t\t\t<div class=\"elementor-container elementor-column-gap-default\">\n\t\t\t\t\t<div class=\"elementor-column elementor-col-100 elementor-top-column elementor-element elementor-element-2f6790ff\" data-id=\"2f6790ff\" data-element_type=\"column\">\n\t\t\t<div class=\"elementor-widget-wrap elementor-element-populated\">\n\t\t\t\t\t\t<div class=\"elementor-element elementor-element-532786cd elementor-widget elementor-widget-text-editor\" data-id=\"532786cd\" data-element_type=\"widget\" data-widget_type=\"text-editor.default\">\n\t\t\t\t<div class=\"elementor-widget-container\">\n\t\t\t\t\t\t\t\t\t<p><span style=\"text-decoration: underline;\">Importante<\/span>: Como parte de la solicitud ESTA en l\u00ednea, los solicitantes deben cargar su pasaporte para validar su identidad al rellenar el formulario.<\/p>\n\t\t\t\t\t\t\t\t<\/div>\n\t\t\t\t<\/div>\n\t\t\t\t\t<\/div>\n\t\t<\/div>\n\t\t\t\t\t<\/div>\n\t\t<\/section>\n\t\t\t\t<section class=\"elementor-section elementor-top-section elementor-element elementor-element-82b1396 elementor-section-boxed elementor-section-height-default elementor-section-height-default\" data-id=\"82b1396\" data-element_type=\"section\">\n\t\t\t\t\t\t<div class=\"elementor-container elementor-column-gap-default\">\n\t\t\t\t\t<div class=\"elementor-column elementor-col-100 elementor-top-column elementor-element elementor-element-e5718a7\" data-id=\"e5718a7\" data-element_type=\"column\">\n\t\t\t<div class=\"elementor-widget-wrap elementor-element-populated\">\n\t\t\t\t\t\t<div class=\"elementor-element elementor-element-5dc1667 elementor-widget elementor-widget-text-editor\" data-id=\"5dc1667\" data-element_type=\"widget\" data-widget_type=\"text-editor.default\">\n\t\t\t\t<div class=\"elementor-widget-container\">\n\t\t\t\t\t\t\t\t\t<p>Las <a href=\"https:\/\/usa-gv.com\/es\/preguntas-sobre-el-formulario-esta\/\">preguntas del formulario ESTA<\/a> se agrupan en cuatro apartados:<\/p>\n<ul>\n<li>Datos del <a href=\"https:\/\/usa-gv.com\/es\/pasaporte-para-estados-unidos\/\">pasaporte que cumplan los requisitos de EE.UU.<\/a> y la identidad completa del solicitante;<\/li>\n<li>Informaci\u00f3n sobre viajes a Estados Unidos;<\/li>\n<li>Preguntas sobre los antecedentes m\u00e9dicos y penales del candidato;<\/li>\n<li>Preguntas sobre su posible denegaci\u00f3n de visado o su implicaci\u00f3n en actividades terroristas.<\/li>\n<\/ul>\t\t\t\t\t\t\t\t<\/div>\n\t\t\t\t<\/div>\n\t\t\t\t\t<\/div>\n\t\t<\/div>\n\t\t\t\t\t<\/div>\n\t\t<\/section>\n\t\t\t\t<section class=\"elementor-section elementor-top-section elementor-element elementor-element-a0394c2 elementor-section-boxed elementor-section-height-default elementor-section-height-default\" data-id=\"a0394c2\" data-element_type=\"section\">\n\t\t\t\t\t\t<div class=\"elementor-container elementor-column-gap-default\">\n\t\t\t\t\t<div class=\"elementor-column elementor-col-100 elementor-top-column elementor-element elementor-element-28612e6\" data-id=\"28612e6\" data-element_type=\"column\">\n\t\t\t<div class=\"elementor-widget-wrap elementor-element-populated\">\n\t\t\t\t\t\t<div class=\"elementor-element elementor-element-cf95e67 elementor-widget elementor-widget-spacer\" data-id=\"cf95e67\" data-element_type=\"widget\" data-widget_type=\"spacer.default\">\n\t\t\t\t<div class=\"elementor-widget-container\">\n\t\t\t\t\t\t\t<div class=\"elementor-spacer\">\n\t\t\t<div class=\"elementor-spacer-inner\"><\/div>\n\t\t<\/div>\n\t\t\t\t\t\t<\/div>\n\t\t\t\t<\/div>\n\t\t\t\t\t<\/div>\n\t\t<\/div>\n\t\t\t\t\t<\/div>\n\t\t<\/section>\n\t\t\t\t<section class=\"elementor-section elementor-top-section elementor-element elementor-element-650ceda elementor-section-boxed elementor-section-height-default elementor-section-height-default\" data-id=\"650ceda\" data-element_type=\"section\">\n\t\t\t\t\t\t<div class=\"elementor-container elementor-column-gap-default\">\n\t\t\t\t\t<div class=\"elementor-column elementor-col-100 elementor-top-column elementor-element elementor-element-6e9ed8c\" data-id=\"6e9ed8c\" data-element_type=\"column\">\n\t\t\t<div class=\"elementor-widget-wrap elementor-element-populated\">\n\t\t\t\t\t\t<div class=\"elementor-element elementor-element-7f0854e elementor-widget elementor-widget-text-editor\" data-id=\"7f0854e\" data-element_type=\"widget\" data-widget_type=\"text-editor.default\">\n\t\t\t\t<div class=\"elementor-widget-container\">\n\t\t\t\t\t\t\t\t\t<h2>Plazos para obtener la autorizaci\u00f3n ESTA<\/h2>\n<p>La tramitaci\u00f3n de la solicitud comienza una vez que el solicitante ha <a href=\"https:\/\/usa-gv.com\/es\/como-pagar-una-esta\/\">abonado la tasa ESTA<\/a>. El tratamiento inform\u00e1tico permite que la mayor\u00eda de los solicitantes reciban una respuesta en pocos minutos.<\/p>\n<p>Los <a href=\"https:\/\/usa-gv.com\/es\/plazos-obtener-esta\/\">plazos para obtener el ESTA<\/a> pueden en determinados casos ser m\u00e1s largos En algunos casos, la validaci\u00f3n de la solicitud requiere un tratamiento humano. El <a href=\"https:\/\/usa-gv.com\/es\/solicitud-esta-pendiente\/\">estado pendiente del ESTA<\/a> puede tardar hasta 3 d\u00edas en obtener una respuesta definitiva.<\/p>\n<p>Una vez concedida la autorizaci\u00f3n, no necesita <a href=\"https:\/\/usa-gv.com\/es\/imprimir-esta\/\">imprimir el certificado ESTA<\/a>. Las compa\u00f1\u00edas a\u00e9reas s\u00f3lo pueden imprimir la tarjeta de embarque de un pasajero para EE.UU. si el ESTA ha sido validado electr\u00f3nicamente en el sistema inform\u00e1tico.<\/p>\t\t\t\t\t\t\t\t<\/div>\n\t\t\t\t<\/div>\n\t\t\t\t\t<\/div>\n\t\t<\/div>\n\t\t\t\t\t<\/div>\n\t\t<\/section>\n\t\t\t\t<\/div>\n\t\t","protected":false},"excerpt":{"rendered":"<p>Rellenar el formulario ESTA El formulario de solicitud de autorizaci\u00f3n de viaje ESTA puede cumplimentarse directamente en l\u00ednea. El procedimiento en l\u00ednea es r\u00e1pido y sencillo. El proceso informatizado permite tramitar inmediatamente las solicitudes. Importante: Como parte de la solicitud ESTA en l\u00ednea, los solicitantes deben cargar su pasaporte para validar su identidad al rellenar [&hellip;]<\/p>\n","protected":false},"author":1,"featured_media":0,"parent":0,"menu_order":0,"comment_status":"closed","ping_status":"closed","template":"","meta":{"footnotes":""},"class_list":["post-2414","page","type-page","status-publish","hentry"],"yoast_head":"<!-- This site is optimized with the Yoast SEO plugin v26.6 - https:\/\/yoast.com\/wordpress\/plugins\/seo\/ -->\n<title>Formulario de solicitud ESTA en l\u00ednea - USA-GV.COM<\/title>\n<meta name=\"description\" content=\"Rellene el formulario ESTA en l\u00ednea en unos minutos para obtener la autorizaci\u00f3n de viajar a Estados Unidos sin visado.\" \/>\n<meta name=\"robots\" content=\"index, follow, max-snippet:-1, max-image-preview:large, max-video-preview:-1\" \/>\n<link rel=\"canonical\" href=\"https:\/\/usa-gv.com\/es\/formulario-esta-en-linea\/\" \/>\n<meta property=\"og:locale\" content=\"es_ES\" \/>\n<meta property=\"og:type\" content=\"article\" \/>\n<meta property=\"og:title\" content=\"Formulario de solicitud ESTA en l\u00ednea - USA-GV.COM\" \/>\n<meta property=\"og:description\" content=\"Rellene el formulario ESTA en l\u00ednea en unos minutos para obtener la autorizaci\u00f3n de viajar a Estados Unidos sin visado.\" \/>\n<meta property=\"og:url\" content=\"https:\/\/usa-gv.com\/es\/formulario-esta-en-linea\/\" \/>\n<meta property=\"og:site_name\" content=\"USA-GV.COM\" \/>\n<meta property=\"article:modified_time\" content=\"2025-02-25T11:50:24+00:00\" \/>\n<meta name=\"twitter:card\" content=\"summary_large_image\" \/>\n<meta name=\"twitter:label1\" content=\"Tiempo de lectura\" \/>\n\t<meta name=\"twitter:data1\" content=\"1 minuto\" \/>\n<script type=\"application\/ld+json\" class=\"yoast-schema-graph\">{\"@context\":\"https:\/\/schema.org\",\"@graph\":[{\"@type\":\"WebPage\",\"@id\":\"https:\/\/usa-gv.com\/es\/formulario-esta-en-linea\/\",\"url\":\"https:\/\/usa-gv.com\/es\/formulario-esta-en-linea\/\",\"name\":\"Formulario de solicitud ESTA en l\u00ednea - USA-GV.COM\",\"isPartOf\":{\"@id\":\"https:\/\/usa-gv.com\/es\/#website\"},\"datePublished\":\"2024-03-11T21:27:16+00:00\",\"dateModified\":\"2025-02-25T11:50:24+00:00\",\"description\":\"Rellene el formulario ESTA en l\u00ednea en unos minutos para obtener la autorizaci\u00f3n de viajar a Estados Unidos sin visado.\",\"breadcrumb\":{\"@id\":\"https:\/\/usa-gv.com\/es\/formulario-esta-en-linea\/#breadcrumb\"},\"inLanguage\":\"es\",\"potentialAction\":[{\"@type\":\"ReadAction\",\"target\":[\"https:\/\/usa-gv.com\/es\/formulario-esta-en-linea\/\"]}]},{\"@type\":\"BreadcrumbList\",\"@id\":\"https:\/\/usa-gv.com\/es\/formulario-esta-en-linea\/#breadcrumb\",\"itemListElement\":[{\"@type\":\"ListItem\",\"position\":1,\"name\":\"Home\",\"item\":\"https:\/\/usa-gv.com\/es\/guia-de-viaje-de-estados-unidos\/\"},{\"@type\":\"ListItem\",\"position\":2,\"name\":\"Formulario de solicitud ESTA en l\u00ednea\"}]},{\"@type\":\"WebSite\",\"@id\":\"https:\/\/usa-gv.com\/es\/#website\",\"url\":\"https:\/\/usa-gv.com\/es\/\",\"name\":\"USA-GV.COM\",\"description\":\"\",\"potentialAction\":[{\"@type\":\"SearchAction\",\"target\":{\"@type\":\"EntryPoint\",\"urlTemplate\":\"https:\/\/usa-gv.com\/es\/?s={search_term_string}\"},\"query-input\":{\"@type\":\"PropertyValueSpecification\",\"valueRequired\":true,\"valueName\":\"search_term_string\"}}],\"inLanguage\":\"es\"}]}<\/script>\n<!-- \/ Yoast SEO plugin. -->","yoast_head_json":{"title":"Formulario de solicitud ESTA en l\u00ednea - USA-GV.COM","description":"Rellene el formulario ESTA en l\u00ednea en unos minutos para obtener la autorizaci\u00f3n de viajar a Estados Unidos sin visado.","robots":{"index":"index","follow":"follow","max-snippet":"max-snippet:-1","max-image-preview":"max-image-preview:large","max-video-preview":"max-video-preview:-1"},"canonical":"https:\/\/usa-gv.com\/es\/formulario-esta-en-linea\/","og_locale":"es_ES","og_type":"article","og_title":"Formulario de solicitud ESTA en l\u00ednea - USA-GV.COM","og_description":"Rellene el formulario ESTA en l\u00ednea en unos minutos para obtener la autorizaci\u00f3n de viajar a Estados Unidos sin visado.","og_url":"https:\/\/usa-gv.com\/es\/formulario-esta-en-linea\/","og_site_name":"USA-GV.COM","article_modified_time":"2025-02-25T11:50:24+00:00","twitter_card":"summary_large_image","twitter_misc":{"Tiempo de lectura":"1 minuto"},"schema":{"@context":"https:\/\/schema.org","@graph":[{"@type":"WebPage","@id":"https:\/\/usa-gv.com\/es\/formulario-esta-en-linea\/","url":"https:\/\/usa-gv.com\/es\/formulario-esta-en-linea\/","name":"Formulario de solicitud ESTA en l\u00ednea - USA-GV.COM","isPartOf":{"@id":"https:\/\/usa-gv.com\/es\/#website"},"datePublished":"2024-03-11T21:27:16+00:00","dateModified":"2025-02-25T11:50:24+00:00","description":"Rellene el formulario ESTA en l\u00ednea en unos minutos para obtener la autorizaci\u00f3n de viajar a Estados Unidos sin visado.","breadcrumb":{"@id":"https:\/\/usa-gv.com\/es\/formulario-esta-en-linea\/#breadcrumb"},"inLanguage":"es","potentialAction":[{"@type":"ReadAction","target":["https:\/\/usa-gv.com\/es\/formulario-esta-en-linea\/"]}]},{"@type":"BreadcrumbList","@id":"https:\/\/usa-gv.com\/es\/formulario-esta-en-linea\/#breadcrumb","itemListElement":[{"@type":"ListItem","position":1,"name":"Home","item":"https:\/\/usa-gv.com\/es\/guia-de-viaje-de-estados-unidos\/"},{"@type":"ListItem","position":2,"name":"Formulario de solicitud ESTA en l\u00ednea"}]},{"@type":"WebSite","@id":"https:\/\/usa-gv.com\/es\/#website","url":"https:\/\/usa-gv.com\/es\/","name":"USA-GV.COM","description":"","potentialAction":[{"@type":"SearchAction","target":{"@type":"EntryPoint","urlTemplate":"https:\/\/usa-gv.com\/es\/?s={search_term_string}"},"query-input":{"@type":"PropertyValueSpecification","valueRequired":true,"valueName":"search_term_string"}}],"inLanguage":"es"}]}},"_links":{"self":[{"href":"https:\/\/usa-gv.com\/es\/wp-json\/wp\/v2\/pages\/2414","targetHints":{"allow":["GET"]}}],"collection":[{"href":"https:\/\/usa-gv.com\/es\/wp-json\/wp\/v2\/pages"}],"about":[{"href":"https:\/\/usa-gv.com\/es\/wp-json\/wp\/v2\/types\/page"}],"author":[{"embeddable":true,"href":"https:\/\/usa-gv.com\/es\/wp-json\/wp\/v2\/users\/1"}],"replies":[{"embeddable":true,"href":"https:\/\/usa-gv.com\/es\/wp-json\/wp\/v2\/comments?post=2414"}],"version-history":[{"count":2,"href":"https:\/\/usa-gv.com\/es\/wp-json\/wp\/v2\/pages\/2414\/revisions"}],"predecessor-version":[{"id":7397,"href":"https:\/\/usa-gv.com\/es\/wp-json\/wp\/v2\/pages\/2414\/revisions\/7397"}],"wp:attachment":[{"href":"https:\/\/usa-gv.com\/es\/wp-json\/wp\/v2\/media?parent=2414"}],"curies":[{"name":"wp","href":"https:\/\/api.w.org\/{rel}","templated":true}]}}