{"id":2347,"date":"2020-01-31T17:54:31","date_gmt":"2020-01-31T17:54:31","guid":{"rendered":"https:\/\/usa-gv.com\/esta\/"},"modified":"2025-02-25T11:50:15","modified_gmt":"2025-02-25T11:50:15","slug":"tramites-usa","status":"publish","type":"page","link":"https:\/\/usa-gv.com\/es\/tramites-usa\/","title":{"rendered":"Tr\u00e1mites de viaje en EE.UU."},"content":{"rendered":"\n<h1 class=\"wp-block-heading\">Tr\u00e1mites necesarios antes de entrar en Estados Unidos<\/h1>\n\n<p>El Departamento de Seguridad Nacional de Estados Unidos ha creado un sistema inform\u00e1tico para reforzar la seguridad nacional y facilitar las estancias de corta duraci\u00f3n de los ciudadanos extranjeros. Esta plataforma eval\u00faa los riesgos asociados a los viajeros antes de que lleguen a Estados Unidos. Los viajeros rellenan una solicitud en l\u00ednea antes de su salida para obtener un Sistema Electr\u00f3nico de Autorizaci\u00f3n de Viaje (ESTA).   <\/p>\n\n<p>La <strong>autorizaci\u00f3n ESTA puede obtenerse<\/strong> en pocos minutos cumplimentando el <a href=\"https:\/\/usa-gv.com\/es\/formulario-esta-en-linea\/\">formulario ESTA en l\u00ednea<\/a>.<\/p>\n\n<div style=\"height:10px\" aria-hidden=\"true\" class=\"wp-block-spacer\"><\/div>\n\n<p>Estados Unidos introdujo este <a href=\"https:\/\/usa-gv.com\/es\/que-es-una-autorizacion-esta\/\">sistema de autorizaci\u00f3n previa de viaje<\/a> por tres razones principales:<\/p>\n\n<ol class=\"wp-block-list\">\n<li><strong>Reforzar la seguridad nacional<\/strong>: el ESTA permite a las autoridades estadounidenses controlar y supervisar mejor a los viajeros que se dirigen a Estados Unidos sin visado, solicitando informaci\u00f3n personal y realizando controles de seguridad antes de la llegada.<\/li>\n\n\n\n<li><strong>Facilitar los viajes<\/strong>: Para los viajeros de los pa\u00edses elegibles, el ESTA simplifica el proceso de solicitud en comparaci\u00f3n con la obtenci\u00f3n de un visado tradicional. Esto facilita los viajes a Estados Unidos con fines tur\u00edsticos, de negocios o de tr\u00e1nsito de corta duraci\u00f3n. <\/li>\n\n\n\n<li><strong>Reducir la tramitaci\u00f3n en papel<\/strong>: Al automatizar parte del proceso de verificaci\u00f3n y solicitud, el ESTA reduce la carga administrativa de los viajeros y de las autoridades de inmigraci\u00f3n competentes.<\/li>\n<\/ol>\n\n<p>Consulte nuestra p\u00e1gina para saber <a href=\"https:\/\/usa-gv.com\/es\/utilidad-esta\/\">para qu\u00e9 sirve el ESTA<\/a>. <\/p>\n\n<div style=\"height:10px\" aria-hidden=\"true\" class=\"wp-block-spacer\"><\/div>\n\n<h2 class=\"wp-block-heading\">ESTA como parte del Programa de Exenci\u00f3n de Visado de EE.UU.<\/h2>\n\n<p>El ESTA forma parte del <a href=\"https:\/\/usa-gv.com\/es\/visa-waiver-program-eeuu\/\">Programa de Exenci\u00f3n de Visado<\/a>. Este programa estadounidense de exenci\u00f3n de visado permite a los nacionales de determinados pa\u00edses viajar a Estados Unidos sin visado por motivos de turismo, negocios o tr\u00e1nsito a corto plazo. Los pa\u00edses miembros del Programa de Exenci\u00f3n de Visado cooperan eficazmente con Estados Unidos en la lucha contra el terrorismo. Refuerzan los controles fronterizos y permiten la aplicaci\u00f3n de las leyes estadounidenses de seguridad nacional.<\/p>\n\n<h2 class=\"wp-block-heading\">Solicitar la autorizaci\u00f3n ESTA<\/h2>\n\n<p>No todos los viajeros pueden <a href=\"https:\/\/usa-gv.com\/es\/como-conseguir-un-esta\/\">obtener un ESTA<\/a>. Los viajeros que deseen presentar una solicitud deben comprobar primero que cumplen los <a href=\"https:\/\/usa-gv.com\/es\/reglas-de-elegibilidad-para-esta\/\">requisitos del ESTA<\/a>. Estas condiciones determinan qu\u00e9 nacionales de los pa\u00edses miembros del VWP pueden viajar a Estados Unidos para estancias inferiores a 90 d\u00edas sin necesidad de un visado tradicional.  <\/p>\n\n<p>La autorizaci\u00f3n ESTA te permite viajar a Estados Unidos por motivos tur\u00edsticos o de negocios. Tambi\u00e9n es posible <a href=\"https:\/\/usa-gv.com\/es\/esta-transito-ee-uu\/\">transitar por Estados Unidos con una autorizaci\u00f3n ESTA<\/a>. Todos los viajeros deben disponer de una autorizaci\u00f3n personal para viajar. Los padres deben solicitar una autorizaci\u00f3n <a href=\"https:\/\/usa-gv.com\/es\/esta-for-menores\/\">ESTA para menores<\/a> por cada hijo, independientemente de su edad.    <\/p>\n\n<p>Para <a href=\"https:\/\/usa-gv.com\/es\/como-solicitar-esta\/\">solicitar el ESTA<\/a>, los solicitantes deben acceder al <a href=\"https:\/\/usa-gv.com\/es\/sitio-web-oficial-esta\/\">sitio web oficial del ESTA<\/a> para <a href=\"https:\/\/usa-gv.com\/es\/complete-el-formulario-esta-en-linea\/\">rellenar el formulario ESTA<\/a>. El proceso en l\u00ednea s\u00f3lo lleva unos minutos una vez que el solicitante tiene todos los datos de su viaje. Las <a href=\"https:\/\/usa-gv.com\/es\/preguntas-sobre-el-formulario-esta\/\">preguntas del formulario ESTA<\/a> se dividen en cuatro categor\u00edas diferentes: <\/p>\n\n<ul class=\"wp-block-list\">\n<li>Datos de identidad y <a href=\"https:\/\/usa-gv.com\/es\/pasaporte-para-estados-unidos\/\">pasaporte para EE.UU.<\/a>;<\/li>\n\n\n\n<li>Informaci\u00f3n de viaje ;<\/li>\n\n\n\n<li>Preguntas sobre antecedentes m\u00e9dicos y penales<\/li>\n\n\n\n<li>Y preguntas sobre su posible implicaci\u00f3n en actividades terroristas.<\/li>\n<\/ul>\n\n<div style=\"height:10px\" aria-hidden=\"true\" class=\"wp-block-spacer\"><\/div>\n\n<p>Es importante responder a todas las preguntas del formulario ESTA con precisi\u00f3n y sinceridad. Cualquier declaraci\u00f3n falsa puede dar lugar a la <a href=\"https:\/\/usa-gv.com\/es\/solicitud-esta-rechazada\/\">denegaci\u00f3n del ESTA<\/a> e incluso a la prohibici\u00f3n de viajar a Estados Unidos. <\/p>\n\n<h2 class=\"wp-block-heading\">Obtener la autorizaci\u00f3n ESTA para viajar a EE.UU.<\/h2>\n\n<p>Para finalizar su solicitud, los solicitantes deben <a href=\"https:\/\/usa-gv.com\/es\/como-pagar-una-esta\/\">pagar el ESTA<\/a>. A pesar de lo que piensan algunos viajeros, no existe el <a href=\"https:\/\/usa-gv.com\/es\/esta-gratuita\/\">ESTA gratuito<\/a>. En los \u00faltimos a\u00f1os, el <a href=\"https:\/\/usa-gv.com\/es\/precio-esta-eeuu\/\">precio del ESTA<\/a> ha subido para cubrir los costes administrativos que supone la gesti\u00f3n del programa para el gobierno estadounidense. El pago desencadena la tramitaci\u00f3n autom\u00e1tica de la solicitud ESTA. En la mayor\u00eda de los casos, la respuesta informatizada llega al candidato por correo electr\u00f3nico en pocos minutos.<\/p>\n\n<p>Para algunas solicitudes, el <a href=\"https:\/\/usa-gv.com\/es\/solicitud-esta-pendiente\/\">estatus ESTA est\u00e1 pendiente<\/a>. Esto significa que la tramitaci\u00f3n llevar\u00e1 m\u00e1s tiempo, pero no significa que la solicitud vaya a ser denegada. Las <a href=\"https:\/\/www.usembassy.gov\/\">autoridades estadounidenses<\/a> se comprometen a respetar un plazo m\u00e1ximo de 3 d\u00edas para que el <a href=\"https:\/\/usa-gv.com\/es\/plazos-obtener-esta\/\">ESTA d\u00e9 su respuesta<\/a>.<\/p>\n\n<p>Una vez concedida la autorizaci\u00f3n, el viajero puede realizar varias estancias de hasta 90 d\u00edas en Estados Unidos durante el <a href=\"https:\/\/usa-gv.com\/es\/periodo-validez-esta\/\">periodo de validez del ESTA<\/a>.<\/p>\n\n<h2 class=\"wp-block-heading\">Despegar hacia Estados Unidos con autorizaci\u00f3n ESTA<\/h2>\n\n<p>Un extranjero en posesi\u00f3n de una autorizaci\u00f3n ESTA v\u00e1lida puede embarcar con destino a Estados Unidos. El viajero debe estar en posesi\u00f3n de los <a href=\"https:\/\/usa-gv.com\/es\/documentos-viaje-ee-uu\/\">documentos de viaje necesarios para Estados Unidos<\/a>. No es necesario <a href=\"https:\/\/usa-gv.com\/es\/imprimir-esta\/\">imprimir el ESTA<\/a> para ir al aeropuerto. El estado del ESTA puede ser consultado electr\u00f3nicamente por los agentes de aduanas en las fronteras estadounidenses.   <\/p>\n\n<p>Sin embargo, la autorizaci\u00f3n <a href=\"https:\/\/usa-gv.com\/es\/esta-visado-eeuu\/\">ESTA no es un visado estadounidense<\/a> y no garantiza autom\u00e1ticamente la admisi\u00f3n en Estados Unidos. Los titulares de un ESTA deben pasar un control fronterizo para entrar en Estados Unidos.<\/p>\n\n<h2 class=\"wp-block-heading\">Durante el periodo de validez del ESTA  <\/h2>\n\n<p>La autorizaci\u00f3n ESTA tiene una validez m\u00e1xima de 2 a\u00f1os. Bajo ciertas condiciones, el periodo de validez se reduce: por ejemplo, si el pasaporte utilizado para obtener el ESTA ya no es v\u00e1lido, entonces el propio ESTA ya no es v\u00e1lido. Es muy f\u00e1cil <a href=\"https:\/\/usa-gv.com\/es\/comprobar-validez-del-esta\/\">comprobar el estado de tu ESTA<\/a> en l\u00ednea en el <a href=\"https:\/\/usa-gv.com\/es\/sitio-web-oficial-esta\/\">sitio web oficial del ESTA<\/a>.   <\/p>\n\n<p>Los viajeros tambi\u00e9n pueden <a href=\"https:\/\/usa-gv.com\/es\/modificar-esta\/\">cambiar su ESTA<\/a> en determinadas condiciones. <a href=\"https:\/\/usa-gv.com\/es\/actualizar-esta\/\">Actualizar su ESTA<\/a> es muy sencillo. Garantiza que la informaci\u00f3n personal introducida al obtener el ESTA sigue siendo v\u00e1lida.<\/p>\n\n<p>Los viajeros no pueden simplemente cambiar su pasaporte o datos de identidad en l\u00ednea. Tendr\u00e1n que <a href=\"https:\/\/usa-gv.com\/es\/esta-renovar\/\">renovar su ESTA<\/a>. <\/p>\n\n<p>Una autorizaci\u00f3n ESTA te permite viajar a todos los Estados de Estados Unidos. La autorizaci\u00f3n de viaje m\u00e1s popular para los Estados Unidos es una <a href=\"https:\/\/usa-gv.com\/es\/esta-nueva-york\/\">ESTA para Nueva York<\/a>. Cuando quieren descubrir la costa oeste americana, los turistas solicitan una <a href=\"https:\/\/usa-gv.com\/es\/esta-los-angeles\/\">ESTA para Los \u00c1ngeles<\/a>. En la costa oeste americana, muchos turistas solicitan una <a href=\"https:\/\/usa-gv.com\/es\/esta-miami\/\">ESTA para Miami<\/a>. Para descubrir la capital de Estados Unidos, los visitantes extranjeros solicitan una <a href=\"https:\/\/usa-gv.com\/es\/esta-washington\/\">ESTA para Washington<\/a>.    <\/p>\n\n<p><strong>Pa\u00edses fronterizos de Estados Unidos<\/strong>: Para cruzar la frontera hacia el norte de Estados Unidos, los viajeros extranjeros deben obtener primero lo que algunos llaman un <a href=\"https:\/\/usa-gv.com\/es\/esta-canada\/\">ESTA Canad\u00e1<\/a>. Se trata en realidad de una autorizaci\u00f3n electr\u00f3nica de viaje eTA Canad\u00e1, similar a la ESTA para EE.UU., necesaria para entrar en Canad\u00e1 sin visado.<\/p>\n\n<h2 class=\"wp-block-heading\">Imagen de la p\u00e1gina web para obtener un ESTA para viajar a Estados Unidos<\/h2>\n\n<p>Aqu\u00ed tiene una captura de pantalla del sitio web del Departamento de Seguridad Nacional de Estados Unidos dedicado a la solicitud de un documento de viaje ESTA para Estados Unidos:<\/p>\n\n<figure class=\"wp-block-image aligncenter size-large\"><img decoding=\"async\" src=\"https:\/\/usa-gv.com\/wp-content\/uploads\/2024\/04\/esta-ES-1024x880.jpg\" alt=\"Sitio web oficial del ESTA para Estados Unidos\" class=\"wp-image-3279\"\/><figcaption class=\"wp-element-caption\">P\u00e1gina web de solicitud de autorizaci\u00f3n ESTA<\/figcaption><\/figure>\n","protected":false},"excerpt":{"rendered":"<p>Tr\u00e1mites necesarios antes de entrar en Estados Unidos El Departamento de Seguridad Nacional de Estados Unidos ha creado un sistema inform\u00e1tico para reforzar la seguridad nacional y facilitar las estancias de corta duraci\u00f3n de los ciudadanos extranjeros. Esta plataforma eval\u00faa los riesgos asociados a los viajeros antes de que lleguen a Estados Unidos. Los viajeros [&hellip;]<\/p>\n","protected":false},"author":1,"featured_media":0,"parent":0,"menu_order":0,"comment_status":"closed","ping_status":"closed","template":"","meta":{"footnotes":""},"class_list":["post-2347","page","type-page","status-publish","hentry"],"yoast_head":"<!-- This site is optimized with the Yoast SEO plugin v26.6 - https:\/\/yoast.com\/wordpress\/plugins\/seo\/ -->\n<title>Tr\u00e1mites de viaje en EE.UU. - USA-GV.COM<\/title>\n<meta name=\"description\" content=\"Una autorizaci\u00f3n electr\u00f3nica ESTA permite a determinados viajeros elegibles permanecer en Estados Unidos sin necesidad de obtener un visado.\" \/>\n<meta name=\"robots\" content=\"index, follow, max-snippet:-1, max-image-preview:large, max-video-preview:-1\" \/>\n<link rel=\"canonical\" href=\"https:\/\/usa-gv.com\/es\/tramites-usa\/\" \/>\n<meta property=\"og:locale\" content=\"es_ES\" \/>\n<meta property=\"og:type\" content=\"article\" \/>\n<meta property=\"og:title\" content=\"Tr\u00e1mites de viaje en EE.UU. - USA-GV.COM\" \/>\n<meta property=\"og:description\" content=\"Una autorizaci\u00f3n electr\u00f3nica ESTA permite a determinados viajeros elegibles permanecer en Estados Unidos sin necesidad de obtener un visado.\" \/>\n<meta property=\"og:url\" content=\"https:\/\/usa-gv.com\/es\/tramites-usa\/\" \/>\n<meta property=\"og:site_name\" content=\"USA-GV.COM\" \/>\n<meta property=\"article:modified_time\" content=\"2025-02-25T11:50:15+00:00\" \/>\n<meta property=\"og:image\" content=\"https:\/\/usa-gv.com\/wp-content\/uploads\/2024\/04\/esta-ES-1024x880.jpg\" \/>\n<meta name=\"twitter:card\" content=\"summary_large_image\" \/>\n<meta name=\"twitter:label1\" content=\"Tiempo de lectura\" \/>\n\t<meta name=\"twitter:data1\" content=\"6 minutos\" \/>\n<script type=\"application\/ld+json\" class=\"yoast-schema-graph\">{\"@context\":\"https:\/\/schema.org\",\"@graph\":[{\"@type\":\"WebPage\",\"@id\":\"https:\/\/usa-gv.com\/es\/tramites-usa\/\",\"url\":\"https:\/\/usa-gv.com\/es\/tramites-usa\/\",\"name\":\"Tr\u00e1mites de viaje en EE.UU. - USA-GV.COM\",\"isPartOf\":{\"@id\":\"https:\/\/usa-gv.com\/es\/#website\"},\"primaryImageOfPage\":{\"@id\":\"https:\/\/usa-gv.com\/es\/tramites-usa\/#primaryimage\"},\"image\":{\"@id\":\"https:\/\/usa-gv.com\/es\/tramites-usa\/#primaryimage\"},\"thumbnailUrl\":\"https:\/\/usa-gv.com\/wp-content\/uploads\/2024\/04\/esta-ES-1024x880.jpg\",\"datePublished\":\"2020-01-31T17:54:31+00:00\",\"dateModified\":\"2025-02-25T11:50:15+00:00\",\"description\":\"Una autorizaci\u00f3n electr\u00f3nica ESTA permite a determinados viajeros elegibles permanecer en Estados Unidos sin necesidad de obtener un visado.\",\"breadcrumb\":{\"@id\":\"https:\/\/usa-gv.com\/es\/tramites-usa\/#breadcrumb\"},\"inLanguage\":\"es\",\"potentialAction\":[{\"@type\":\"ReadAction\",\"target\":[\"https:\/\/usa-gv.com\/es\/tramites-usa\/\"]}]},{\"@type\":\"ImageObject\",\"inLanguage\":\"es\",\"@id\":\"https:\/\/usa-gv.com\/es\/tramites-usa\/#primaryimage\",\"url\":\"https:\/\/usa-gv.com\/wp-content\/uploads\/2024\/04\/esta-ES-1024x880.jpg\",\"contentUrl\":\"https:\/\/usa-gv.com\/wp-content\/uploads\/2024\/04\/esta-ES-1024x880.jpg\"},{\"@type\":\"BreadcrumbList\",\"@id\":\"https:\/\/usa-gv.com\/es\/tramites-usa\/#breadcrumb\",\"itemListElement\":[{\"@type\":\"ListItem\",\"position\":1,\"name\":\"Home\",\"item\":\"https:\/\/usa-gv.com\/es\/guia-de-viaje-de-estados-unidos\/\"},{\"@type\":\"ListItem\",\"position\":2,\"name\":\"Tr\u00e1mites de viaje en EE.UU.\"}]},{\"@type\":\"WebSite\",\"@id\":\"https:\/\/usa-gv.com\/es\/#website\",\"url\":\"https:\/\/usa-gv.com\/es\/\",\"name\":\"USA-GV.COM\",\"description\":\"\",\"potentialAction\":[{\"@type\":\"SearchAction\",\"target\":{\"@type\":\"EntryPoint\",\"urlTemplate\":\"https:\/\/usa-gv.com\/es\/?s={search_term_string}\"},\"query-input\":{\"@type\":\"PropertyValueSpecification\",\"valueRequired\":true,\"valueName\":\"search_term_string\"}}],\"inLanguage\":\"es\"}]}<\/script>\n<!-- \/ Yoast SEO plugin. -->","yoast_head_json":{"title":"Tr\u00e1mites de viaje en EE.UU. - USA-GV.COM","description":"Una autorizaci\u00f3n electr\u00f3nica ESTA permite a determinados viajeros elegibles permanecer en Estados Unidos sin necesidad de obtener un visado.","robots":{"index":"index","follow":"follow","max-snippet":"max-snippet:-1","max-image-preview":"max-image-preview:large","max-video-preview":"max-video-preview:-1"},"canonical":"https:\/\/usa-gv.com\/es\/tramites-usa\/","og_locale":"es_ES","og_type":"article","og_title":"Tr\u00e1mites de viaje en EE.UU. - USA-GV.COM","og_description":"Una autorizaci\u00f3n electr\u00f3nica ESTA permite a determinados viajeros elegibles permanecer en Estados Unidos sin necesidad de obtener un visado.","og_url":"https:\/\/usa-gv.com\/es\/tramites-usa\/","og_site_name":"USA-GV.COM","article_modified_time":"2025-02-25T11:50:15+00:00","og_image":[{"url":"https:\/\/usa-gv.com\/wp-content\/uploads\/2024\/04\/esta-ES-1024x880.jpg","type":"","width":"","height":""}],"twitter_card":"summary_large_image","twitter_misc":{"Tiempo de lectura":"6 minutos"},"schema":{"@context":"https:\/\/schema.org","@graph":[{"@type":"WebPage","@id":"https:\/\/usa-gv.com\/es\/tramites-usa\/","url":"https:\/\/usa-gv.com\/es\/tramites-usa\/","name":"Tr\u00e1mites de viaje en EE.UU. - USA-GV.COM","isPartOf":{"@id":"https:\/\/usa-gv.com\/es\/#website"},"primaryImageOfPage":{"@id":"https:\/\/usa-gv.com\/es\/tramites-usa\/#primaryimage"},"image":{"@id":"https:\/\/usa-gv.com\/es\/tramites-usa\/#primaryimage"},"thumbnailUrl":"https:\/\/usa-gv.com\/wp-content\/uploads\/2024\/04\/esta-ES-1024x880.jpg","datePublished":"2020-01-31T17:54:31+00:00","dateModified":"2025-02-25T11:50:15+00:00","description":"Una autorizaci\u00f3n electr\u00f3nica ESTA permite a determinados viajeros elegibles permanecer en Estados Unidos sin necesidad de obtener un visado.","breadcrumb":{"@id":"https:\/\/usa-gv.com\/es\/tramites-usa\/#breadcrumb"},"inLanguage":"es","potentialAction":[{"@type":"ReadAction","target":["https:\/\/usa-gv.com\/es\/tramites-usa\/"]}]},{"@type":"ImageObject","inLanguage":"es","@id":"https:\/\/usa-gv.com\/es\/tramites-usa\/#primaryimage","url":"https:\/\/usa-gv.com\/wp-content\/uploads\/2024\/04\/esta-ES-1024x880.jpg","contentUrl":"https:\/\/usa-gv.com\/wp-content\/uploads\/2024\/04\/esta-ES-1024x880.jpg"},{"@type":"BreadcrumbList","@id":"https:\/\/usa-gv.com\/es\/tramites-usa\/#breadcrumb","itemListElement":[{"@type":"ListItem","position":1,"name":"Home","item":"https:\/\/usa-gv.com\/es\/guia-de-viaje-de-estados-unidos\/"},{"@type":"ListItem","position":2,"name":"Tr\u00e1mites de viaje en EE.UU."}]},{"@type":"WebSite","@id":"https:\/\/usa-gv.com\/es\/#website","url":"https:\/\/usa-gv.com\/es\/","name":"USA-GV.COM","description":"","potentialAction":[{"@type":"SearchAction","target":{"@type":"EntryPoint","urlTemplate":"https:\/\/usa-gv.com\/es\/?s={search_term_string}"},"query-input":{"@type":"PropertyValueSpecification","valueRequired":true,"valueName":"search_term_string"}}],"inLanguage":"es"}]}},"_links":{"self":[{"href":"https:\/\/usa-gv.com\/es\/wp-json\/wp\/v2\/pages\/2347","targetHints":{"allow":["GET"]}}],"collection":[{"href":"https:\/\/usa-gv.com\/es\/wp-json\/wp\/v2\/pages"}],"about":[{"href":"https:\/\/usa-gv.com\/es\/wp-json\/wp\/v2\/types\/page"}],"author":[{"embeddable":true,"href":"https:\/\/usa-gv.com\/es\/wp-json\/wp\/v2\/users\/1"}],"replies":[{"embeddable":true,"href":"https:\/\/usa-gv.com\/es\/wp-json\/wp\/v2\/comments?post=2347"}],"version-history":[{"count":2,"href":"https:\/\/usa-gv.com\/es\/wp-json\/wp\/v2\/pages\/2347\/revisions"}],"predecessor-version":[{"id":6118,"href":"https:\/\/usa-gv.com\/es\/wp-json\/wp\/v2\/pages\/2347\/revisions\/6118"}],"wp:attachment":[{"href":"https:\/\/usa-gv.com\/es\/wp-json\/wp\/v2\/media?parent=2347"}],"curies":[{"name":"wp","href":"https:\/\/api.w.org\/{rel}","templated":true}]}}