{"id":2294,"date":"2024-03-11T21:56:28","date_gmt":"2024-03-11T21:56:28","guid":{"rendered":"https:\/\/usa-gv.com\/privacy-policy\/"},"modified":"2025-02-25T11:52:34","modified_gmt":"2025-02-25T11:52:34","slug":"privacy-policy","status":"publish","type":"page","link":"https:\/\/usa-gv.com\/es\/privacy-policy\/","title":{"rendered":"Pol\u00edtica de privacidad"},"content":{"rendered":"\n<h1 class=\"wp-block-heading\">Pol\u00edtica de privacidad<\/h1>\n\n<p>Somos un sitio de informaci\u00f3n sobre los tr\u00e1mites para obtener la Autorizaci\u00f3n Electr\u00f3nica de Viaje a Estados Unidos. El sitio no ofrece ning\u00fan servicio en l\u00ednea. El \u00fanico formulario del sitio es <a href=\"https:\/\/usa-gv.com\/es\/contact\/\">el formulario de contacto<\/a>.<\/p>\n\n<h2 class=\"wp-block-heading\">La recopilaci\u00f3n de informaci\u00f3n en el sitio<\/h2>\n\n<p>La \u00fanica informaci\u00f3n personal que puede recogerse en nuestro sitio es informaci\u00f3n sobre su ordenador, es decir, su direcci\u00f3n IP, su navegador y su sistema operativo.<\/p>\n\n<h2 class=\"wp-block-heading\">Uso de los datos recogidos<\/h2>\n\n<p>No proporcionamos su informaci\u00f3n personal a terceros. No utilizamos los datos recogidos con fines comerciales o de marketing directo.<\/p>\n\n<h2 class=\"wp-block-heading\">Duraci\u00f3n de la conservaci\u00f3n de los datos<\/h2>\n\n<p>Los datos recogidos se eliminan regularmente, lo que significa que no conservamos ning\u00fan contenido de correo electr\u00f3nico que nos haya sido enviado durante m\u00e1s de un mes. No hacemos ning\u00fan uso comercial de los datos de navegaci\u00f3n.<\/p>\n\n<h2 class=\"wp-block-heading\">Enlaces contextuales a sitios web de terceros<\/h2>\n\n<p>Nuestro sitio web contiene hiperv\u00ednculos a sitios web de terceros. No tenemos ning\u00fan control sobre estos sitios, y no somos responsables de sus pol\u00edticas de privacidad o de sus pr\u00e1cticas comerciales o de marketing.<\/p>\n","protected":false},"excerpt":{"rendered":"<p>Pol\u00edtica de privacidad Somos un sitio de informaci\u00f3n sobre los tr\u00e1mites para obtener la Autorizaci\u00f3n Electr\u00f3nica de Viaje a Estados Unidos. El sitio no ofrece ning\u00fan servicio en l\u00ednea. El \u00fanico formulario del sitio es el formulario de contacto. La recopilaci\u00f3n de informaci\u00f3n en el sitio La \u00fanica informaci\u00f3n personal que puede recogerse en nuestro [&hellip;]<\/p>\n","protected":false},"author":1,"featured_media":0,"parent":0,"menu_order":0,"comment_status":"closed","ping_status":"closed","template":"","meta":{"footnotes":""},"class_list":["post-2294","page","type-page","status-publish","hentry"],"yoast_head":"<!-- This site is optimized with the Yoast SEO plugin v26.6 - https:\/\/yoast.com\/wordpress\/plugins\/seo\/ -->\n<title>Pol\u00edtica de privacidad - USA-GV.COM<\/title>\n<meta name=\"description\" content=\"Esta es la pol\u00edtica de confidencialidad del sitio en lo que respecta a la protecci\u00f3n de los datos personales de los usuarios.\" \/>\n<meta name=\"robots\" content=\"noindex, nofollow\" \/>\n<meta property=\"og:locale\" content=\"es_ES\" \/>\n<meta property=\"og:type\" content=\"article\" \/>\n<meta property=\"og:title\" content=\"Pol\u00edtica de privacidad - USA-GV.COM\" \/>\n<meta property=\"og:description\" content=\"Esta es la pol\u00edtica de confidencialidad del sitio en lo que respecta a la protecci\u00f3n de los datos personales de los usuarios.\" \/>\n<meta property=\"og:url\" content=\"https:\/\/usa-gv.com\/es\/privacy-policy\/\" \/>\n<meta property=\"og:site_name\" content=\"USA-GV.COM\" \/>\n<meta property=\"article:modified_time\" content=\"2025-02-25T11:52:34+00:00\" \/>\n<meta name=\"twitter:card\" content=\"summary_large_image\" \/>\n<meta name=\"twitter:label1\" content=\"Tiempo de lectura\" \/>\n\t<meta name=\"twitter:data1\" content=\"1 minuto\" \/>\n<script type=\"application\/ld+json\" class=\"yoast-schema-graph\">{\"@context\":\"https:\/\/schema.org\",\"@graph\":[{\"@type\":\"WebPage\",\"@id\":\"https:\/\/usa-gv.com\/es\/privacy-policy\/\",\"url\":\"https:\/\/usa-gv.com\/es\/privacy-policy\/\",\"name\":\"Pol\u00edtica de privacidad - USA-GV.COM\",\"isPartOf\":{\"@id\":\"https:\/\/usa-gv.com\/es\/#website\"},\"datePublished\":\"2024-03-11T21:56:28+00:00\",\"dateModified\":\"2025-02-25T11:52:34+00:00\",\"description\":\"Esta es la pol\u00edtica de confidencialidad del sitio en lo que respecta a la protecci\u00f3n de los datos personales de los usuarios.\",\"breadcrumb\":{\"@id\":\"https:\/\/usa-gv.com\/es\/privacy-policy\/#breadcrumb\"},\"inLanguage\":\"es\",\"potentialAction\":[{\"@type\":\"ReadAction\",\"target\":[\"https:\/\/usa-gv.com\/es\/privacy-policy\/\"]}]},{\"@type\":\"BreadcrumbList\",\"@id\":\"https:\/\/usa-gv.com\/es\/privacy-policy\/#breadcrumb\",\"itemListElement\":[{\"@type\":\"ListItem\",\"position\":1,\"name\":\"Home\",\"item\":\"https:\/\/usa-gv.com\/es\/guia-de-viaje-de-estados-unidos\/\"},{\"@type\":\"ListItem\",\"position\":2,\"name\":\"Pol\u00edtica de privacidad\"}]},{\"@type\":\"WebSite\",\"@id\":\"https:\/\/usa-gv.com\/es\/#website\",\"url\":\"https:\/\/usa-gv.com\/es\/\",\"name\":\"USA-GV.COM\",\"description\":\"\",\"potentialAction\":[{\"@type\":\"SearchAction\",\"target\":{\"@type\":\"EntryPoint\",\"urlTemplate\":\"https:\/\/usa-gv.com\/es\/?s={search_term_string}\"},\"query-input\":{\"@type\":\"PropertyValueSpecification\",\"valueRequired\":true,\"valueName\":\"search_term_string\"}}],\"inLanguage\":\"es\"}]}<\/script>\n<!-- \/ Yoast SEO plugin. -->","yoast_head_json":{"title":"Pol\u00edtica de privacidad - USA-GV.COM","description":"Esta es la pol\u00edtica de confidencialidad del sitio en lo que respecta a la protecci\u00f3n de los datos personales de los usuarios.","robots":{"index":"noindex","follow":"nofollow"},"og_locale":"es_ES","og_type":"article","og_title":"Pol\u00edtica de privacidad - USA-GV.COM","og_description":"Esta es la pol\u00edtica de confidencialidad del sitio en lo que respecta a la protecci\u00f3n de los datos personales de los usuarios.","og_url":"https:\/\/usa-gv.com\/es\/privacy-policy\/","og_site_name":"USA-GV.COM","article_modified_time":"2025-02-25T11:52:34+00:00","twitter_card":"summary_large_image","twitter_misc":{"Tiempo de lectura":"1 minuto"},"schema":{"@context":"https:\/\/schema.org","@graph":[{"@type":"WebPage","@id":"https:\/\/usa-gv.com\/es\/privacy-policy\/","url":"https:\/\/usa-gv.com\/es\/privacy-policy\/","name":"Pol\u00edtica de privacidad - USA-GV.COM","isPartOf":{"@id":"https:\/\/usa-gv.com\/es\/#website"},"datePublished":"2024-03-11T21:56:28+00:00","dateModified":"2025-02-25T11:52:34+00:00","description":"Esta es la pol\u00edtica de confidencialidad del sitio en lo que respecta a la protecci\u00f3n de los datos personales de los usuarios.","breadcrumb":{"@id":"https:\/\/usa-gv.com\/es\/privacy-policy\/#breadcrumb"},"inLanguage":"es","potentialAction":[{"@type":"ReadAction","target":["https:\/\/usa-gv.com\/es\/privacy-policy\/"]}]},{"@type":"BreadcrumbList","@id":"https:\/\/usa-gv.com\/es\/privacy-policy\/#breadcrumb","itemListElement":[{"@type":"ListItem","position":1,"name":"Home","item":"https:\/\/usa-gv.com\/es\/guia-de-viaje-de-estados-unidos\/"},{"@type":"ListItem","position":2,"name":"Pol\u00edtica de privacidad"}]},{"@type":"WebSite","@id":"https:\/\/usa-gv.com\/es\/#website","url":"https:\/\/usa-gv.com\/es\/","name":"USA-GV.COM","description":"","potentialAction":[{"@type":"SearchAction","target":{"@type":"EntryPoint","urlTemplate":"https:\/\/usa-gv.com\/es\/?s={search_term_string}"},"query-input":{"@type":"PropertyValueSpecification","valueRequired":true,"valueName":"search_term_string"}}],"inLanguage":"es"}]}},"_links":{"self":[{"href":"https:\/\/usa-gv.com\/es\/wp-json\/wp\/v2\/pages\/2294","targetHints":{"allow":["GET"]}}],"collection":[{"href":"https:\/\/usa-gv.com\/es\/wp-json\/wp\/v2\/pages"}],"about":[{"href":"https:\/\/usa-gv.com\/es\/wp-json\/wp\/v2\/types\/page"}],"author":[{"embeddable":true,"href":"https:\/\/usa-gv.com\/es\/wp-json\/wp\/v2\/users\/1"}],"replies":[{"embeddable":true,"href":"https:\/\/usa-gv.com\/es\/wp-json\/wp\/v2\/comments?post=2294"}],"version-history":[{"count":1,"href":"https:\/\/usa-gv.com\/es\/wp-json\/wp\/v2\/pages\/2294\/revisions"}],"predecessor-version":[{"id":7159,"href":"https:\/\/usa-gv.com\/es\/wp-json\/wp\/v2\/pages\/2294\/revisions\/7159"}],"wp:attachment":[{"href":"https:\/\/usa-gv.com\/es\/wp-json\/wp\/v2\/media?parent=2294"}],"curies":[{"name":"wp","href":"https:\/\/api.w.org\/{rel}","templated":true}]}}