{"id":2276,"date":"2024-03-11T21:53:12","date_gmt":"2024-03-11T21:53:12","guid":{"rendered":"https:\/\/usa-gv.com\/avisos-legales\/"},"modified":"2025-02-25T11:52:07","modified_gmt":"2025-02-25T11:52:07","slug":"avisos-legales","status":"publish","type":"page","link":"https:\/\/usa-gv.com\/es\/avisos-legales\/","title":{"rendered":"Informaci\u00f3n legal"},"content":{"rendered":"\n<h1 class=\"wp-block-heading\">Informaci\u00f3n legal<\/h1>\n\n<h2 class=\"wp-block-heading\">Editor del sitio web<\/h2>\n\n<p>Somos una gu\u00eda de informaci\u00f3n en l\u00ednea sobre vacaciones en Estados Unidos publicada por la agencia digital <a href=\"https:\/\/alma-consulting.org\/\">Alma Consulting<\/a> por encargo de una agencia de viajes maltesa. No estamos vinculados en modo alguno a la administraci\u00f3n estadounidense ni a ninguna otra. No estamos en condiciones de prestar asistencia en relaci\u00f3n con un tr\u00e1mite realizado en un sitio web oficial o en un sitio web privado en el marco de una formalidad administrativa.\nNo ofrecemos ning\u00fan tipo de asistencia para la obtenci\u00f3n de un ESTA. <\/p>\n\n<p>Si tienes alguna pregunta sobre tu solicitud ESTA, visita <a href=\"https:\/\/esta.cbp.dhs.gov\/\">esta.cbp.dhs.gov<\/a>.<\/p>\n\n<p>Nuestro sitio web contiene varios hiperv\u00ednculos a sitios web de terceros. No tenemos ning\u00fan enlace ni control sobre estos sitios y no somos responsables de sus pol\u00edticas de privacidad o pr\u00e1cticas comerciales.<\/p>\n\n<p>La persona responsable de la publicaci\u00f3n del sitio web usa-gv.com es el Sr. Kevin Borg. Para ponerse en contacto con nosotros, utilice nuestro <a href=\"https:\/\/usa-gv.com\/es\/contact\/\">formulario de contacto<\/a>.<\/p>\n\n<h2 class=\"wp-block-heading\">Alojamiento web<\/h2>\n\n<p>Nuestro sitio web est\u00e1 alojado en OVH, una empresa con sede en Roubaix (Francia). OVH es una sociedad inscrita en el registro mercantil de Lille M\u00e9tropole con el n\u00famero B424 761 419.<\/p>\n\n<h2 class=\"wp-block-heading\">Tratamiento de datos personales<\/h2>\n\n<p>No recogemos ning\u00fan dato personal para gestionar el sitio. El \u00fanico registro en l\u00ednea de informaci\u00f3n personal de los visitantes se refiere a unas pocas cookies de navegaci\u00f3n. Los visitantes tienen derecho a acceder, modificar, rectificar y suprimir estos datos. Para ejercer este derecho, p\u00f3ngase en contacto con nosotros a trav\u00e9s de nuestro <a href=\"https:\/\/usa-gv.com\/es\/contact\/\">formulario de contacto<\/a>.<\/p>\n\n<p>Para m\u00e1s informaci\u00f3n sobre nuestra pol\u00edtica de protecci\u00f3n de datos personales, consulte nuestra <a href=\"https:\/\/usa-gv.com\/es\/privacy-policy\/\">pol\u00edtica de privacidad<\/a>.<\/p>\n","protected":false},"excerpt":{"rendered":"<p>Informaci\u00f3n legal Editor del sitio web Somos una gu\u00eda de informaci\u00f3n en l\u00ednea sobre vacaciones en Estados Unidos publicada por la agencia digital Alma Consulting por encargo de una agencia de viajes maltesa. No estamos vinculados en modo alguno a la administraci\u00f3n estadounidense ni a ninguna otra. No estamos en condiciones de prestar asistencia en [&hellip;]<\/p>\n","protected":false},"author":1,"featured_media":0,"parent":0,"menu_order":0,"comment_status":"closed","ping_status":"closed","template":"","meta":{"footnotes":""},"class_list":["post-2276","page","type-page","status-publish","hentry"],"yoast_head":"<!-- This site is optimized with the Yoast SEO plugin v26.6 - https:\/\/yoast.com\/wordpress\/plugins\/seo\/ -->\n<title>Informaci\u00f3n legal - USA-GV.COM<\/title>\n<meta name=\"description\" content=\"Consulta el aviso legal del sitio de informaci\u00f3n. Somos un sitio privado sin v\u00ednculos con la administraci\u00f3n estadounidense.\" \/>\n<meta name=\"robots\" content=\"noindex, nofollow\" \/>\n<meta property=\"og:locale\" content=\"es_ES\" \/>\n<meta property=\"og:type\" content=\"article\" \/>\n<meta property=\"og:title\" content=\"Informaci\u00f3n legal - USA-GV.COM\" \/>\n<meta property=\"og:description\" content=\"Consulta el aviso legal del sitio de informaci\u00f3n. Somos un sitio privado sin v\u00ednculos con la administraci\u00f3n estadounidense.\" \/>\n<meta property=\"og:url\" content=\"https:\/\/usa-gv.com\/es\/avisos-legales\/\" \/>\n<meta property=\"og:site_name\" content=\"USA-GV.COM\" \/>\n<meta property=\"article:modified_time\" content=\"2025-02-25T11:52:07+00:00\" \/>\n<meta name=\"twitter:card\" content=\"summary_large_image\" \/>\n<meta name=\"twitter:label1\" content=\"Tiempo de lectura\" \/>\n\t<meta name=\"twitter:data1\" content=\"1 minuto\" \/>\n<script type=\"application\/ld+json\" class=\"yoast-schema-graph\">{\"@context\":\"https:\/\/schema.org\",\"@graph\":[{\"@type\":\"WebPage\",\"@id\":\"https:\/\/usa-gv.com\/es\/avisos-legales\/\",\"url\":\"https:\/\/usa-gv.com\/es\/avisos-legales\/\",\"name\":\"Informaci\u00f3n legal - USA-GV.COM\",\"isPartOf\":{\"@id\":\"https:\/\/usa-gv.com\/es\/#website\"},\"datePublished\":\"2024-03-11T21:53:12+00:00\",\"dateModified\":\"2025-02-25T11:52:07+00:00\",\"description\":\"Consulta el aviso legal del sitio de informaci\u00f3n. Somos un sitio privado sin v\u00ednculos con la administraci\u00f3n estadounidense.\",\"breadcrumb\":{\"@id\":\"https:\/\/usa-gv.com\/es\/avisos-legales\/#breadcrumb\"},\"inLanguage\":\"es\",\"potentialAction\":[{\"@type\":\"ReadAction\",\"target\":[\"https:\/\/usa-gv.com\/es\/avisos-legales\/\"]}]},{\"@type\":\"BreadcrumbList\",\"@id\":\"https:\/\/usa-gv.com\/es\/avisos-legales\/#breadcrumb\",\"itemListElement\":[{\"@type\":\"ListItem\",\"position\":1,\"name\":\"Home\",\"item\":\"https:\/\/usa-gv.com\/es\/guia-de-viaje-de-estados-unidos\/\"},{\"@type\":\"ListItem\",\"position\":2,\"name\":\"Informaci\u00f3n legal\"}]},{\"@type\":\"WebSite\",\"@id\":\"https:\/\/usa-gv.com\/es\/#website\",\"url\":\"https:\/\/usa-gv.com\/es\/\",\"name\":\"USA-GV.COM\",\"description\":\"\",\"potentialAction\":[{\"@type\":\"SearchAction\",\"target\":{\"@type\":\"EntryPoint\",\"urlTemplate\":\"https:\/\/usa-gv.com\/es\/?s={search_term_string}\"},\"query-input\":{\"@type\":\"PropertyValueSpecification\",\"valueRequired\":true,\"valueName\":\"search_term_string\"}}],\"inLanguage\":\"es\"}]}<\/script>\n<!-- \/ Yoast SEO plugin. -->","yoast_head_json":{"title":"Informaci\u00f3n legal - USA-GV.COM","description":"Consulta el aviso legal del sitio de informaci\u00f3n. Somos un sitio privado sin v\u00ednculos con la administraci\u00f3n estadounidense.","robots":{"index":"noindex","follow":"nofollow"},"og_locale":"es_ES","og_type":"article","og_title":"Informaci\u00f3n legal - USA-GV.COM","og_description":"Consulta el aviso legal del sitio de informaci\u00f3n. Somos un sitio privado sin v\u00ednculos con la administraci\u00f3n estadounidense.","og_url":"https:\/\/usa-gv.com\/es\/avisos-legales\/","og_site_name":"USA-GV.COM","article_modified_time":"2025-02-25T11:52:07+00:00","twitter_card":"summary_large_image","twitter_misc":{"Tiempo de lectura":"1 minuto"},"schema":{"@context":"https:\/\/schema.org","@graph":[{"@type":"WebPage","@id":"https:\/\/usa-gv.com\/es\/avisos-legales\/","url":"https:\/\/usa-gv.com\/es\/avisos-legales\/","name":"Informaci\u00f3n legal - USA-GV.COM","isPartOf":{"@id":"https:\/\/usa-gv.com\/es\/#website"},"datePublished":"2024-03-11T21:53:12+00:00","dateModified":"2025-02-25T11:52:07+00:00","description":"Consulta el aviso legal del sitio de informaci\u00f3n. Somos un sitio privado sin v\u00ednculos con la administraci\u00f3n estadounidense.","breadcrumb":{"@id":"https:\/\/usa-gv.com\/es\/avisos-legales\/#breadcrumb"},"inLanguage":"es","potentialAction":[{"@type":"ReadAction","target":["https:\/\/usa-gv.com\/es\/avisos-legales\/"]}]},{"@type":"BreadcrumbList","@id":"https:\/\/usa-gv.com\/es\/avisos-legales\/#breadcrumb","itemListElement":[{"@type":"ListItem","position":1,"name":"Home","item":"https:\/\/usa-gv.com\/es\/guia-de-viaje-de-estados-unidos\/"},{"@type":"ListItem","position":2,"name":"Informaci\u00f3n legal"}]},{"@type":"WebSite","@id":"https:\/\/usa-gv.com\/es\/#website","url":"https:\/\/usa-gv.com\/es\/","name":"USA-GV.COM","description":"","potentialAction":[{"@type":"SearchAction","target":{"@type":"EntryPoint","urlTemplate":"https:\/\/usa-gv.com\/es\/?s={search_term_string}"},"query-input":{"@type":"PropertyValueSpecification","valueRequired":true,"valueName":"search_term_string"}}],"inLanguage":"es"}]}},"_links":{"self":[{"href":"https:\/\/usa-gv.com\/es\/wp-json\/wp\/v2\/pages\/2276","targetHints":{"allow":["GET"]}}],"collection":[{"href":"https:\/\/usa-gv.com\/es\/wp-json\/wp\/v2\/pages"}],"about":[{"href":"https:\/\/usa-gv.com\/es\/wp-json\/wp\/v2\/types\/page"}],"author":[{"embeddable":true,"href":"https:\/\/usa-gv.com\/es\/wp-json\/wp\/v2\/users\/1"}],"replies":[{"embeddable":true,"href":"https:\/\/usa-gv.com\/es\/wp-json\/wp\/v2\/comments?post=2276"}],"version-history":[{"count":2,"href":"https:\/\/usa-gv.com\/es\/wp-json\/wp\/v2\/pages\/2276\/revisions"}],"predecessor-version":[{"id":6259,"href":"https:\/\/usa-gv.com\/es\/wp-json\/wp\/v2\/pages\/2276\/revisions\/6259"}],"wp:attachment":[{"href":"https:\/\/usa-gv.com\/es\/wp-json\/wp\/v2\/media?parent=2276"}],"curies":[{"name":"wp","href":"https:\/\/api.w.org\/{rel}","templated":true}]}}