{"id":2258,"date":"2024-03-11T21:57:59","date_gmt":"2024-03-11T21:57:59","guid":{"rendered":"https:\/\/usa-gv.com\/contact\/"},"modified":"2025-02-25T11:50:17","modified_gmt":"2025-02-25T11:50:17","slug":"contact","status":"publish","type":"page","link":"https:\/\/usa-gv.com\/es\/contact\/","title":{"rendered":"Formulario de contacto"},"content":{"rendered":"\n<h1 class=\"wp-block-heading\">Formulario de contacto<\/h1>\n\n<p>Somos un sitio privado de informaci\u00f3n en l\u00ednea sobre el ESTA.\nNo estamos vinculados en modo alguno a la administraci\u00f3n estadounidense ni a ninguna otra.  No estamos en condiciones de prestar apoyo a un tr\u00e1mite realizado en un sitio web oficial o en un sitio web privado que preste asistencia en tr\u00e1mites administrativos.<\/p>\n\n<p>No ofrecemos ninguna asistencia para la obtenci\u00f3n de un ESTA, ni ning\u00fan servicio asociado a un procedimiento administrativo.\nSi tiene alguna pregunta sobre su solicitud ESTA, visite <a href=\"https:\/\/esta.cbp.dhs.gov\/\">https:\/\/esta.cbp.dhs.gov\/.<\/a> <\/p>\n\n<p>Nuestro sitio web contiene varios hiperv\u00ednculos a sitios web de terceros. No tenemos ning\u00fan enlace ni control sobre estos sitios y no somos responsables de sus pol\u00edticas de privacidad o pr\u00e1cticas comerciales.<\/p>\n<div class=\"wpforms-container wpforms-container-full wpforms-block wpforms-block-df4b1aef-c373-4127-a050-1a514ac79e0c\" id=\"wpforms-2235\"><form id=\"wpforms-form-2235\" class=\"wpforms-validate wpforms-form wpforms-ajax-form\" data-formid=\"2235\" method=\"post\" enctype=\"multipart\/form-data\" action=\"\/es\/wp-json\/wp\/v2\/pages\/2258\" data-token=\"f1229f2146d99fd24d10cb971ab13eb8\" data-token-time=\"1778074916\"><noscript class=\"wpforms-error-noscript\">Por favor, activa JavaScript en tu navegador para completar este formulario.<\/noscript><div class=\"wpforms-field-container\"><div id=\"wpforms-2235-field_0-container\" class=\"wpforms-field wpforms-field-name\" data-field-id=\"0\"><label class=\"wpforms-field-label\" for=\"wpforms-2235-field_0\">Nom <span class=\"wpforms-required-label\">*<\/span><\/label><input type=\"text\" id=\"wpforms-2235-field_0\" class=\"wpforms-field-medium wpforms-field-required\" name=\"wpforms[fields][0]\" required><\/div><div id=\"wpforms-2235-field_1-container\" class=\"wpforms-field wpforms-field-email\" data-field-id=\"1\"><label class=\"wpforms-field-label\" for=\"wpforms-2235-field_1\">E-mail <span class=\"wpforms-required-label\">*<\/span><\/label><input type=\"email\" id=\"wpforms-2235-field_1\" class=\"wpforms-field-medium wpforms-field-required\" name=\"wpforms[fields][1]\" spellcheck=\"false\" required><\/div><div id=\"wpforms-2235-field_2-container\" class=\"wpforms-field wpforms-field-textarea\" data-field-id=\"2\"><label class=\"wpforms-field-label\" for=\"wpforms-2235-field_2\">Message <span class=\"wpforms-required-label\">*<\/span><\/label><textarea id=\"wpforms-2235-field_2\" class=\"wpforms-field-medium wpforms-field-required\" name=\"wpforms[fields][2]\" required><\/textarea><\/div><\/div><!-- .wpforms-field-container --><div class=\"wpforms-submit-container\" ><input type=\"hidden\" name=\"wpforms[id]\" value=\"2235\"><input type=\"hidden\" name=\"page_title\" value=\"\"><input type=\"hidden\" name=\"page_url\" value=\"https:\/\/usa-gv.com\/es\/wp-json\/wp\/v2\/pages\/2258\"><input type=\"hidden\" name=\"url_referer\" value=\"\"><button type=\"submit\" name=\"wpforms[submit]\" id=\"wpforms-submit-2235\" class=\"wpforms-submit\" data-alt-text=\"in progress...\" data-submit-text=\"OK\" aria-live=\"assertive\" value=\"wpforms-submit\">OK<\/button><img decoding=\"async\" src=\"https:\/\/usa-gv.com\/wp-content\/plugins\/wpforms-lite\/assets\/images\/submit-spin.svg\" class=\"wpforms-submit-spinner\" style=\"display: none;\" width=\"26\" height=\"26\" alt=\"Cargando\"><\/div><\/form><\/div>  <!-- .wpforms-container -->","protected":false},"excerpt":{"rendered":"<p>Formulario de contacto Somos un sitio privado de informaci\u00f3n en l\u00ednea sobre el ESTA. No estamos vinculados en modo alguno a la administraci\u00f3n estadounidense ni a ninguna otra. No estamos en condiciones de prestar apoyo a un tr\u00e1mite realizado en un sitio web oficial o en un sitio web privado que preste asistencia en tr\u00e1mites [&hellip;]<\/p>\n","protected":false},"author":1,"featured_media":0,"parent":0,"menu_order":0,"comment_status":"closed","ping_status":"closed","template":"","meta":{"footnotes":""},"class_list":["post-2258","page","type-page","status-publish","hentry"],"yoast_head":"<!-- This site is optimized with the Yoast SEO plugin v26.6 - https:\/\/yoast.com\/wordpress\/plugins\/seo\/ -->\n<title>Formulario de contacto - USA-GV.COM<\/title>\n<meta name=\"description\" content=\"Formulario en l\u00ednea para ponerse en contacto directamente con nuestra redacci\u00f3n e informarse sobre los tr\u00e1mites para viajar a EE.UU.\" \/>\n<meta name=\"robots\" content=\"noindex, nofollow\" \/>\n<meta property=\"og:locale\" content=\"es_ES\" \/>\n<meta property=\"og:type\" content=\"article\" \/>\n<meta property=\"og:title\" content=\"Formulario de contacto - USA-GV.COM\" \/>\n<meta property=\"og:description\" content=\"Formulario en l\u00ednea para ponerse en contacto directamente con nuestra redacci\u00f3n e informarse sobre los tr\u00e1mites para viajar a EE.UU.\" \/>\n<meta property=\"og:url\" content=\"https:\/\/usa-gv.com\/es\/contact\/\" \/>\n<meta property=\"og:site_name\" content=\"USA-GV.COM\" \/>\n<meta property=\"article:modified_time\" content=\"2025-02-25T11:50:17+00:00\" \/>\n<meta name=\"twitter:card\" content=\"summary_large_image\" \/>\n<meta name=\"twitter:label1\" content=\"Tiempo de lectura\" \/>\n\t<meta name=\"twitter:data1\" content=\"1 minuto\" \/>\n<script type=\"application\/ld+json\" class=\"yoast-schema-graph\">{\"@context\":\"https:\/\/schema.org\",\"@graph\":[{\"@type\":\"WebPage\",\"@id\":\"https:\/\/usa-gv.com\/es\/contact\/\",\"url\":\"https:\/\/usa-gv.com\/es\/contact\/\",\"name\":\"Formulario de contacto - USA-GV.COM\",\"isPartOf\":{\"@id\":\"https:\/\/usa-gv.com\/es\/#website\"},\"datePublished\":\"2024-03-11T21:57:59+00:00\",\"dateModified\":\"2025-02-25T11:50:17+00:00\",\"description\":\"Formulario en l\u00ednea para ponerse en contacto directamente con nuestra redacci\u00f3n e informarse sobre los tr\u00e1mites para viajar a EE.UU.\",\"breadcrumb\":{\"@id\":\"https:\/\/usa-gv.com\/es\/contact\/#breadcrumb\"},\"inLanguage\":\"es\",\"potentialAction\":[{\"@type\":\"ReadAction\",\"target\":[\"https:\/\/usa-gv.com\/es\/contact\/\"]}]},{\"@type\":\"BreadcrumbList\",\"@id\":\"https:\/\/usa-gv.com\/es\/contact\/#breadcrumb\",\"itemListElement\":[{\"@type\":\"ListItem\",\"position\":1,\"name\":\"Home\",\"item\":\"https:\/\/usa-gv.com\/es\/guia-de-viaje-de-estados-unidos\/\"},{\"@type\":\"ListItem\",\"position\":2,\"name\":\"Formulario de contacto\"}]},{\"@type\":\"WebSite\",\"@id\":\"https:\/\/usa-gv.com\/es\/#website\",\"url\":\"https:\/\/usa-gv.com\/es\/\",\"name\":\"USA-GV.COM\",\"description\":\"\",\"potentialAction\":[{\"@type\":\"SearchAction\",\"target\":{\"@type\":\"EntryPoint\",\"urlTemplate\":\"https:\/\/usa-gv.com\/es\/?s={search_term_string}\"},\"query-input\":{\"@type\":\"PropertyValueSpecification\",\"valueRequired\":true,\"valueName\":\"search_term_string\"}}],\"inLanguage\":\"es\"}]}<\/script>\n<!-- \/ Yoast SEO plugin. -->","yoast_head_json":{"title":"Formulario de contacto - USA-GV.COM","description":"Formulario en l\u00ednea para ponerse en contacto directamente con nuestra redacci\u00f3n e informarse sobre los tr\u00e1mites para viajar a EE.UU.","robots":{"index":"noindex","follow":"nofollow"},"og_locale":"es_ES","og_type":"article","og_title":"Formulario de contacto - USA-GV.COM","og_description":"Formulario en l\u00ednea para ponerse en contacto directamente con nuestra redacci\u00f3n e informarse sobre los tr\u00e1mites para viajar a EE.UU.","og_url":"https:\/\/usa-gv.com\/es\/contact\/","og_site_name":"USA-GV.COM","article_modified_time":"2025-02-25T11:50:17+00:00","twitter_card":"summary_large_image","twitter_misc":{"Tiempo de lectura":"1 minuto"},"schema":{"@context":"https:\/\/schema.org","@graph":[{"@type":"WebPage","@id":"https:\/\/usa-gv.com\/es\/contact\/","url":"https:\/\/usa-gv.com\/es\/contact\/","name":"Formulario de contacto - USA-GV.COM","isPartOf":{"@id":"https:\/\/usa-gv.com\/es\/#website"},"datePublished":"2024-03-11T21:57:59+00:00","dateModified":"2025-02-25T11:50:17+00:00","description":"Formulario en l\u00ednea para ponerse en contacto directamente con nuestra redacci\u00f3n e informarse sobre los tr\u00e1mites para viajar a EE.UU.","breadcrumb":{"@id":"https:\/\/usa-gv.com\/es\/contact\/#breadcrumb"},"inLanguage":"es","potentialAction":[{"@type":"ReadAction","target":["https:\/\/usa-gv.com\/es\/contact\/"]}]},{"@type":"BreadcrumbList","@id":"https:\/\/usa-gv.com\/es\/contact\/#breadcrumb","itemListElement":[{"@type":"ListItem","position":1,"name":"Home","item":"https:\/\/usa-gv.com\/es\/guia-de-viaje-de-estados-unidos\/"},{"@type":"ListItem","position":2,"name":"Formulario de contacto"}]},{"@type":"WebSite","@id":"https:\/\/usa-gv.com\/es\/#website","url":"https:\/\/usa-gv.com\/es\/","name":"USA-GV.COM","description":"","potentialAction":[{"@type":"SearchAction","target":{"@type":"EntryPoint","urlTemplate":"https:\/\/usa-gv.com\/es\/?s={search_term_string}"},"query-input":{"@type":"PropertyValueSpecification","valueRequired":true,"valueName":"search_term_string"}}],"inLanguage":"es"}]}},"_links":{"self":[{"href":"https:\/\/usa-gv.com\/es\/wp-json\/wp\/v2\/pages\/2258","targetHints":{"allow":["GET"]}}],"collection":[{"href":"https:\/\/usa-gv.com\/es\/wp-json\/wp\/v2\/pages"}],"about":[{"href":"https:\/\/usa-gv.com\/es\/wp-json\/wp\/v2\/types\/page"}],"author":[{"embeddable":true,"href":"https:\/\/usa-gv.com\/es\/wp-json\/wp\/v2\/users\/1"}],"replies":[{"embeddable":true,"href":"https:\/\/usa-gv.com\/es\/wp-json\/wp\/v2\/comments?post=2258"}],"version-history":[{"count":1,"href":"https:\/\/usa-gv.com\/es\/wp-json\/wp\/v2\/pages\/2258\/revisions"}],"predecessor-version":[{"id":7170,"href":"https:\/\/usa-gv.com\/es\/wp-json\/wp\/v2\/pages\/2258\/revisions\/7170"}],"wp:attachment":[{"href":"https:\/\/usa-gv.com\/es\/wp-json\/wp\/v2\/media?parent=2258"}],"curies":[{"name":"wp","href":"https:\/\/api.w.org\/{rel}","templated":true}]}}