{"id":2175,"date":"2024-03-10T21:35:05","date_gmt":"2024-03-10T21:35:05","guid":{"rendered":"https:\/\/usa-gv.com\/visa-waiver-program-usa\/"},"modified":"2025-02-25T11:51:21","modified_gmt":"2025-02-25T11:51:21","slug":"visa-waiver-program-eeuu","status":"publish","type":"page","link":"https:\/\/usa-gv.com\/es\/visa-waiver-program-eeuu\/","title":{"rendered":"Programa de exenci\u00f3n de visado de EE.UU."},"content":{"rendered":"\n<h1 class=\"wp-block-heading\">Programa de exenci\u00f3n de visado de EE.UU.<\/h1>\n\n<h2 class=\"wp-block-heading\">\u00bfQu\u00e9 es el Programa de Exenci\u00f3n de Visado?<\/h2>\n\n<p>El Programa de Exenci\u00f3n de Visado (VWP) es un programa creado por el Departamento de Estado de EE.UU. para facilitar el control de los viajeros a EE.UU. y reforzar la seguridad en las fronteras estadounidenses.\nPermite a los nacionales de los pa\u00edses miembros del programa viajar a Estados Unidos por turismo o negocios sin necesidad de obtener un visado, siempre que se cumplan determinadas <a href=\"https:\/\/usa-gv.com\/es\/reglas-de-elegibilidad-para-esta\/\">condiciones de admisibilidad del ESTA<\/a>.   <\/p>\n\n<p><strong>Para beneficiarse de esta exenci\u00f3n de visado<\/strong>: los nacionales de los pa\u00edses asociados deben cumplimentar el <a href=\"https:\/\/usa-gv.com\/es\/formulario-esta-en-linea\/\">formulario ESTA en l\u00ednea<\/a>.<\/p>\n\n<div style=\"height:10px\" aria-hidden=\"true\" class=\"wp-block-spacer\"><\/div>\n\n<h2 class=\"wp-block-heading\">Lista de pa\u00edses miembros del VWP<\/h2>\n\n<p>He aqu\u00ed la lista de todos los pa\u00edses que se benefician del programa estadounidense de exenci\u00f3n de visados para sus nacionales.<\/p>\n\n<figure class=\"wp-block-table\"><table><tbody><tr><td>Alemania<\/td><td>Espa\u00f1a<\/td><td>Liechtenstein<\/td><td>Reino Unido<\/td><\/tr><tr><td>Andorra<\/td><td>Finlandia<\/td><td>Lituania<\/td><td>San Marino<\/td><\/tr><tr><td>Australia<\/td><td>Francia<\/td><td>Luxemburgo<\/td><td>Singapur<\/td><\/tr><tr><td>Austria<\/td><td>Grecia<\/td><td>Malta<\/td><td>Eslovaquia<\/td><\/tr><tr><td>B\u00e9lgica<\/td><td>Hungr\u00eda<\/td><td>M\u00f3naco<\/td><td>Eslovenia<\/td><\/tr><tr><td>Brun\u00e9i<\/td><td>Irlanda<\/td><td>Noruega<\/td><td>Suecia<\/td><\/tr><tr><td>Chile<\/td><td>Islandia<\/td><td>Nueva Zelanda<\/td><td>suizo<\/td><\/tr><tr><td>Croacia<\/td><td>Israel<\/td><td>Pa\u00edses Bajos<\/td><td>Taiw\u00e1n<\/td><\/tr><tr><td>Corea del Sur<\/td><td>Italia<\/td><td>Polonia<\/td><td><\/td><\/tr><tr><td>Dinamarca<\/td><td>Jap\u00f3n<\/td><td>Portugal<\/td><td><\/td><\/tr><tr><td>Estonia<\/td><td>letonia<\/td><td>Rep\u00fablica Checa<\/td><td><\/td><\/tr><\/tbody><\/table><figcaption class=\"wp-element-caption\">Lista de pa\u00edses miembros del VWP<\/figcaption><\/figure>\n\n<h2 class=\"wp-block-heading\">\u00bfQu\u00e9 pa\u00edses pueden acogerse al programa de exenci\u00f3n de visado de Estados Unidos?<\/h2>\n\n<p>Los pa\u00edses se convierten en miembros del Programa de Exenci\u00f3n de Visado de Estados Unidos mediante la aplicaci\u00f3n de una gesti\u00f3n fronteriza reforzada.\nLas condiciones exigidas por la administraci\u00f3n estadounidense para ser miembro del VWP son : <\/p>\n\n<ul class=\"wp-block-list\">\n<li>Emitir <a href=\"https:\/\/usa-gv.com\/es\/pasaporte-para-estados-unidos\/\">pasaportes que cumplan con los requisitos estadounidenses<\/a> a sus nacionales.;<\/li>\n\n\n\n<li>Compartir algunos datos de seguridad del pa\u00eds con Estados Unidos;<\/li>\n\n\n\n<li>Mantener una lista actualizada de los pasaportes nacionales declarados robados o perdidos en Estados Unidos;<\/li>\n\n\n\n<li>Un \u00edndice de denegaci\u00f3n de visados para visitantes estadounidenses inferior al 3%;<\/li>\n\n\n\n<li>Combatir activamente el terrorismo en los controles fronterizos.<\/li>\n<\/ul>\n","protected":false},"excerpt":{"rendered":"<p>Programa de exenci\u00f3n de visado de EE.UU. \u00bfQu\u00e9 es el Programa de Exenci\u00f3n de Visado? El Programa de Exenci\u00f3n de Visado (VWP) es un programa creado por el Departamento de Estado de EE.UU. para facilitar el control de los viajeros a EE.UU. y reforzar la seguridad en las fronteras estadounidenses. Permite a los nacionales de [&hellip;]<\/p>\n","protected":false},"author":1,"featured_media":0,"parent":0,"menu_order":0,"comment_status":"closed","ping_status":"closed","template":"","meta":{"footnotes":""},"class_list":["post-2175","page","type-page","status-publish","hentry"],"yoast_head":"<!-- This site is optimized with the Yoast SEO plugin v26.6 - https:\/\/yoast.com\/wordpress\/plugins\/seo\/ -->\n<title>Programa de exenci\u00f3n de visado de EE.UU. - USA-GV.COM<\/title>\n<meta name=\"description\" content=\"M\u00e1s informaci\u00f3n sobre el Programa de Exenci\u00f3n de Visado de EE.UU. y lo que permite hacer a los extranjeros en este pa\u00eds.\" \/>\n<meta name=\"robots\" content=\"index, follow, max-snippet:-1, max-image-preview:large, max-video-preview:-1\" \/>\n<link rel=\"canonical\" href=\"https:\/\/usa-gv.com\/es\/visa-waiver-program-eeuu\/\" \/>\n<meta property=\"og:locale\" content=\"es_ES\" \/>\n<meta property=\"og:type\" content=\"article\" \/>\n<meta property=\"og:title\" content=\"Programa de exenci\u00f3n de visado de EE.UU. - USA-GV.COM\" \/>\n<meta property=\"og:description\" content=\"M\u00e1s informaci\u00f3n sobre el Programa de Exenci\u00f3n de Visado de EE.UU. y lo que permite hacer a los extranjeros en este pa\u00eds.\" \/>\n<meta property=\"og:url\" content=\"https:\/\/usa-gv.com\/es\/visa-waiver-program-eeuu\/\" \/>\n<meta property=\"og:site_name\" content=\"USA-GV.COM\" \/>\n<meta property=\"article:modified_time\" content=\"2025-02-25T11:51:21+00:00\" \/>\n<meta name=\"twitter:card\" content=\"summary_large_image\" \/>\n<meta name=\"twitter:label1\" content=\"Tiempo de lectura\" \/>\n\t<meta name=\"twitter:data1\" content=\"1 minuto\" \/>\n<script type=\"application\/ld+json\" class=\"yoast-schema-graph\">{\"@context\":\"https:\/\/schema.org\",\"@graph\":[{\"@type\":\"WebPage\",\"@id\":\"https:\/\/usa-gv.com\/es\/visa-waiver-program-eeuu\/\",\"url\":\"https:\/\/usa-gv.com\/es\/visa-waiver-program-eeuu\/\",\"name\":\"Programa de exenci\u00f3n de visado de EE.UU. - USA-GV.COM\",\"isPartOf\":{\"@id\":\"https:\/\/usa-gv.com\/es\/#website\"},\"datePublished\":\"2024-03-10T21:35:05+00:00\",\"dateModified\":\"2025-02-25T11:51:21+00:00\",\"description\":\"M\u00e1s informaci\u00f3n sobre el Programa de Exenci\u00f3n de Visado de EE.UU. y lo que permite hacer a los extranjeros en este pa\u00eds.\",\"breadcrumb\":{\"@id\":\"https:\/\/usa-gv.com\/es\/visa-waiver-program-eeuu\/#breadcrumb\"},\"inLanguage\":\"es\",\"potentialAction\":[{\"@type\":\"ReadAction\",\"target\":[\"https:\/\/usa-gv.com\/es\/visa-waiver-program-eeuu\/\"]}]},{\"@type\":\"BreadcrumbList\",\"@id\":\"https:\/\/usa-gv.com\/es\/visa-waiver-program-eeuu\/#breadcrumb\",\"itemListElement\":[{\"@type\":\"ListItem\",\"position\":1,\"name\":\"Home\",\"item\":\"https:\/\/usa-gv.com\/es\/guia-de-viaje-de-estados-unidos\/\"},{\"@type\":\"ListItem\",\"position\":2,\"name\":\"Programa de exenci\u00f3n de visado de EE.UU.\"}]},{\"@type\":\"WebSite\",\"@id\":\"https:\/\/usa-gv.com\/es\/#website\",\"url\":\"https:\/\/usa-gv.com\/es\/\",\"name\":\"USA-GV.COM\",\"description\":\"\",\"potentialAction\":[{\"@type\":\"SearchAction\",\"target\":{\"@type\":\"EntryPoint\",\"urlTemplate\":\"https:\/\/usa-gv.com\/es\/?s={search_term_string}\"},\"query-input\":{\"@type\":\"PropertyValueSpecification\",\"valueRequired\":true,\"valueName\":\"search_term_string\"}}],\"inLanguage\":\"es\"}]}<\/script>\n<!-- \/ Yoast SEO plugin. -->","yoast_head_json":{"title":"Programa de exenci\u00f3n de visado de EE.UU. - USA-GV.COM","description":"M\u00e1s informaci\u00f3n sobre el Programa de Exenci\u00f3n de Visado de EE.UU. y lo que permite hacer a los extranjeros en este pa\u00eds.","robots":{"index":"index","follow":"follow","max-snippet":"max-snippet:-1","max-image-preview":"max-image-preview:large","max-video-preview":"max-video-preview:-1"},"canonical":"https:\/\/usa-gv.com\/es\/visa-waiver-program-eeuu\/","og_locale":"es_ES","og_type":"article","og_title":"Programa de exenci\u00f3n de visado de EE.UU. - USA-GV.COM","og_description":"M\u00e1s informaci\u00f3n sobre el Programa de Exenci\u00f3n de Visado de EE.UU. y lo que permite hacer a los extranjeros en este pa\u00eds.","og_url":"https:\/\/usa-gv.com\/es\/visa-waiver-program-eeuu\/","og_site_name":"USA-GV.COM","article_modified_time":"2025-02-25T11:51:21+00:00","twitter_card":"summary_large_image","twitter_misc":{"Tiempo de lectura":"1 minuto"},"schema":{"@context":"https:\/\/schema.org","@graph":[{"@type":"WebPage","@id":"https:\/\/usa-gv.com\/es\/visa-waiver-program-eeuu\/","url":"https:\/\/usa-gv.com\/es\/visa-waiver-program-eeuu\/","name":"Programa de exenci\u00f3n de visado de EE.UU. - USA-GV.COM","isPartOf":{"@id":"https:\/\/usa-gv.com\/es\/#website"},"datePublished":"2024-03-10T21:35:05+00:00","dateModified":"2025-02-25T11:51:21+00:00","description":"M\u00e1s informaci\u00f3n sobre el Programa de Exenci\u00f3n de Visado de EE.UU. y lo que permite hacer a los extranjeros en este pa\u00eds.","breadcrumb":{"@id":"https:\/\/usa-gv.com\/es\/visa-waiver-program-eeuu\/#breadcrumb"},"inLanguage":"es","potentialAction":[{"@type":"ReadAction","target":["https:\/\/usa-gv.com\/es\/visa-waiver-program-eeuu\/"]}]},{"@type":"BreadcrumbList","@id":"https:\/\/usa-gv.com\/es\/visa-waiver-program-eeuu\/#breadcrumb","itemListElement":[{"@type":"ListItem","position":1,"name":"Home","item":"https:\/\/usa-gv.com\/es\/guia-de-viaje-de-estados-unidos\/"},{"@type":"ListItem","position":2,"name":"Programa de exenci\u00f3n de visado de EE.UU."}]},{"@type":"WebSite","@id":"https:\/\/usa-gv.com\/es\/#website","url":"https:\/\/usa-gv.com\/es\/","name":"USA-GV.COM","description":"","potentialAction":[{"@type":"SearchAction","target":{"@type":"EntryPoint","urlTemplate":"https:\/\/usa-gv.com\/es\/?s={search_term_string}"},"query-input":{"@type":"PropertyValueSpecification","valueRequired":true,"valueName":"search_term_string"}}],"inLanguage":"es"}]}},"_links":{"self":[{"href":"https:\/\/usa-gv.com\/es\/wp-json\/wp\/v2\/pages\/2175","targetHints":{"allow":["GET"]}}],"collection":[{"href":"https:\/\/usa-gv.com\/es\/wp-json\/wp\/v2\/pages"}],"about":[{"href":"https:\/\/usa-gv.com\/es\/wp-json\/wp\/v2\/types\/page"}],"author":[{"embeddable":true,"href":"https:\/\/usa-gv.com\/es\/wp-json\/wp\/v2\/users\/1"}],"replies":[{"embeddable":true,"href":"https:\/\/usa-gv.com\/es\/wp-json\/wp\/v2\/comments?post=2175"}],"version-history":[{"count":1,"href":"https:\/\/usa-gv.com\/es\/wp-json\/wp\/v2\/pages\/2175\/revisions"}],"predecessor-version":[{"id":7581,"href":"https:\/\/usa-gv.com\/es\/wp-json\/wp\/v2\/pages\/2175\/revisions\/7581"}],"wp:attachment":[{"href":"https:\/\/usa-gv.com\/es\/wp-json\/wp\/v2\/media?parent=2175"}],"curies":[{"name":"wp","href":"https:\/\/api.w.org\/{rel}","templated":true}]}}