{"id":7320,"date":"2025-01-27T13:57:09","date_gmt":"2025-01-27T13:57:09","guid":{"rendered":"https:\/\/usa-gv.com\/besuchen-new-york\/queens\/"},"modified":"2025-02-25T11:56:03","modified_gmt":"2025-02-25T11:56:03","slug":"queens","status":"publish","type":"page","link":"https:\/\/usa-gv.com\/de\/besuchen-new-york\/queens\/","title":{"rendered":"Queens: das kosmopolitischste Viertel New Yorks"},"content":{"rendered":"\n<h1 class=\"wp-block-heading\">Besuchen Sie den Stadtteil Queens in New York<\/h1>\n\n<h2 class=\"wp-block-heading\">Warum Queens besuchen?<\/h2>\n\n<p>Queens ist der multikulturellste Stadtteil von <a href=\"https:\/\/usa-gv.com\/de\/besuchen-new-york\/\">New York<\/a> und bietet eine unvergleichliche Vielfalt an Kultur, Gastronomie und Aktivit\u00e4ten. Mit mehr als 150 gesprochenen Sprachen und Menschen aus der ganzen Welt ist Queens ein Schmelztiegel, in dem es an jeder Ecke etwas Neues zu entdecken gibt. Ob Sie nun die lebhaften Viertel erkunden, exotische Gerichte probieren oder faszinierende Museen besuchen m\u00f6chten, Queens ist ein Muss, wenn Sie authentisch in die Vielfalt New Yorks eintauchen m\u00f6chten.  <\/p>\n\n<h2 class=\"wp-block-heading\">Die unumg\u00e4nglichen<\/h2>\n\n<ul class=\"wp-block-list\">\n<li><a href=\"https:\/\/www.nycgovparks.org\/parks\/flushing-meadows-corona-park\">Flushing Meadows-Corona Park<\/a>: Dieser emblematische Park beherbergt das Unisphere, das Symbol der Weltausstellungen von 1964-65, sowie Attraktionen wie das Queens Museum und das Arthur Ashe Tennis Stadion.<\/li>\n\n\n\n<li><a href=\"https:\/\/www.citifieldstadium.com\/\">Citi Field<\/a>: Das Stadion der <a href=\"https:\/\/usa-gv.com\/de\/besuchen-new-york\/\">New York<\/a> Mets, perfekt um ein Baseballspiel zu sehen und die lokale Sportatmosph\u00e4re zu erleben.<\/li>\n\n\n\n<li><a href=\"https:\/\/en.wikipedia.org\/wiki\/Astoria,_Queens\">Astoria<\/a>: Ein dynamisches Viertel, das f\u00fcr seine mediterrane kulinarische Szene und seine vielen trendigen Bars und Caf\u00e9s bekannt ist.<\/li>\n\n\n\n<li><a href=\"https:\/\/www.momaps1.org\/en\">MoMA PS1<\/a>: Eine Zweigstelle des ber\u00fchmten Museum of Modern Art, die der experimentellen zeitgen\u00f6ssischen Kunst gewidmet ist.<\/li>\n\n\n\n<li><a href=\"https:\/\/en.wikipedia.org\/wiki\/Rockaway_Beach,_Queens\">Rockaway Beach<\/a>: Ein beliebter Strand, um sich zu entspannen und den Ozean zu genie\u00dfen, ohne die Stadt zu verlassen.<\/li>\n<\/ul>\n\n<div style=\"height:10px\" aria-hidden=\"true\" class=\"wp-block-spacer\"><\/div>\n\n<h2 class=\"wp-block-heading\">Stadtteile, die es zu erkunden gilt<\/h2>\n\n<ul class=\"wp-block-list\">\n<li><strong>Astoria<\/strong>: Ein freundliches und lebhaftes Viertel, das f\u00fcr seine griechische Gemeinschaft, seine authentischen Restaurants und seine entspannte Atmosph\u00e4re bekannt ist.<\/li>\n\n\n\n<li><strong>Flushing<\/strong>: Das Herz der asiatischen Gemeinschaft in <a href=\"https:\/\/usa-gv.com\/de\/besuchen-new-york\/\">New York<\/a>, wo einige der besten Restaurants der Stadt mit chinesischer und koreanischer K\u00fcche zu finden sind.<\/li>\n\n\n\n<li><strong>Long Island City<\/strong>: Ein aufstrebender Stadtteil, der f\u00fcr seine Kunstgalerien, modernen Lofts und den atemberaubenden Blick auf die Skyline von <a href=\"https:\/\/usa-gv.com\/de\/besuchen-new-york\/manhattan\/\">Manhattan<\/a> bekannt ist.<\/li>\n\n\n\n<li><strong>Jackson Heights<\/strong>: Ein kultureller Knotenpunkt mit einer beeindruckenden Vielfalt an K\u00fcchen aus der ganzen Welt.<\/li>\n\n\n\n<li><strong>Forest Hills<\/strong>: Ein schickes Wohnviertel mit Gr\u00fcnfl\u00e4chen, eleganten Gesch\u00e4ften und charmanten Caf\u00e9s.<\/li>\n<\/ul>\n\n<div style=\"height:10px\" aria-hidden=\"true\" class=\"wp-block-spacer\"><\/div>\n\n<h2 class=\"wp-block-heading\">Was kann man in Queens unternehmen?<\/h2>\n\n<p>Ein Besuch des <a href=\"https:\/\/queensnightmarket.com\/\">Queens Night Market<\/a> ist ein Muss, wenn Sie Gerichte aus aller Welt probieren und die lebhafte Atmosph\u00e4re am Abend genie\u00dfen m\u00f6chten.<\/p>\n\n<p>Ein Besuch des <a href=\"https:\/\/www.louisarmstronghouse.org\/\">Louis Armstrong House Museum<\/a> erm\u00f6glicht es, das musikalische Erbe des Jazz zu erforschen und das Leben des ber\u00fchmten Trompeters kennenzulernen.<\/p>\n\n<p>Entspannen Sie sich im <a href=\"https:\/\/parks.ny.gov\/parks\/gantryplaza\/details.aspx\">Gantry Plaza State Park<\/a>, einem idealen Ort f\u00fcr einen Spaziergang am Wasser mit einer spektakul\u00e4ren Aussicht auf Manhattan.<\/p>\n\n<p>Entdecken Sie die aufstrebende Kunstszene, indem Sie die Kunstgalerien und <a href=\"https:\/\/www.culturelablic.org\/\">Ausstellungen von Long Island City<\/a> erkunden.<\/p>\n\n<p>Machen Sie einen Ausflug nach <a href=\"https:\/\/en.wikipedia.org\/wiki\/Fort_Tilden\">Fort Tilden<\/a> f\u00fcr ein Naturerlebnis, weit weg von der st\u00e4dtischen Hektik, mit wilden Str\u00e4nden und Wanderwegen.<\/p>\n\n<h2 class=\"wp-block-heading\">Praktische Informationen f\u00fcr einen Besuch in Queens<\/h2>\n\n<figure class=\"wp-block-table\"><table><tbody><tr><th>Kategorie<\/th><th>Details<\/th><\/tr><tr><td><strong>Transport<\/strong><\/td><td>Viele U-Bahn-Linien fahren nach Queens, was die Anreise von <a href=\"https:\/\/usa-gv.com\/de\/besuchen-new-york\/manhattan\/\">Manhattan<\/a> aus erleichtert.<\/td><\/tr><tr><td><strong>Unterk\u00fcnfte<\/strong><\/td><td>Queens bietet eine gro\u00dfe Auswahl an erschwinglichen Hotels und Airbnbs, die f\u00fcr jedes Budget geeignet sind.<\/td><\/tr><tr><td><strong>Bester Zeitraum<\/strong><\/td><td>Fr\u00fchling und Sommer sind ideal, um die Gr\u00fcnfl\u00e4chen zu erkunden und die Str\u00e4nde zu genie\u00dfen.<\/td><\/tr><\/tbody><\/table><\/figure>\n\n<p>Queens ist ein faszinierendes Viertel, das wegen seiner Vielfalt, Energie und vielen kulturellen \u00dcberraschungen erkundet werden sollte. Ein Besuch in Queens ist ein kulinarisches und kulturelles Abenteuer, das Sie in alle Ecken der Welt f\u00fchrt, ohne New York zu verlassen. <\/p>\n\n<p><a href=\"https:\/\/usa-gv.com\/de\/besuchen-new-york\/manhattan\/\">Manhattan<\/a> ist das neuralgische Zentrum der Stadt mit seinen Wolkenkratzern und dem gesch\u00e4ftigen Treiben, w\u00e4hrend <a href=\"https:\/\/usa-gv.com\/de\/besuchen-new-york\/brooklyn\/\">Brooklyn<\/a> mit seiner k\u00fcnstlerischen und trendigen Atmosph\u00e4re besticht. Die <a href=\"https:\/\/usa-gv.com\/de\/besuchen-new-york\/bronx\/\">Bronx<\/a> ist gepr\u00e4gt von Geschichte und urbaner Kultur, insbesondere durch ihre Rolle bei der Entstehung des Hip-Hop. Staten Island bietet eine friedlichere Atmosph\u00e4re mit seinen Str\u00e4nden und Naturlandschaften. Jeder Stadtteil von <a href=\"https:\/\/usa-gv.com\/de\/besuchen-new-york\/\">New York<\/a> hat seine eigene Facette, und Queens gl\u00e4nzt mit seiner unglaublichen Vielfalt und seinem unvergleichlichen kulturellen Mix.   <\/p>\n","protected":false},"excerpt":{"rendered":"<p>Besuchen Sie den Stadtteil Queens in New York Warum Queens besuchen? Queens ist der multikulturellste Stadtteil von New York und bietet eine unvergleichliche Vielfalt an Kultur, Gastronomie und Aktivit\u00e4ten. Mit mehr als 150 gesprochenen Sprachen und Menschen aus der ganzen Welt ist Queens ein Schmelztiegel, in dem es an jeder Ecke etwas Neues zu entdecken [&hellip;]<\/p>\n","protected":false},"author":1,"featured_media":0,"parent":6211,"menu_order":0,"comment_status":"closed","ping_status":"closed","template":"","meta":{"footnotes":""},"class_list":["post-7320","page","type-page","status-publish","hentry"],"yoast_head":"<!-- This site is optimized with the Yoast SEO plugin v26.6 - https:\/\/yoast.com\/wordpress\/plugins\/seo\/ -->\n<title>Queens: das kosmopolitischste Viertel New Yorks - USA-GV.COM<\/title>\n<meta name=\"description\" content=\"Entdecken Sie die Sehensw\u00fcrdigkeiten von Queens, dem multikulturellsten Stadtteil von New York City.\" \/>\n<meta name=\"robots\" content=\"index, follow, max-snippet:-1, max-image-preview:large, max-video-preview:-1\" \/>\n<link rel=\"canonical\" href=\"https:\/\/usa-gv.com\/de\/besuchen-new-york\/queens\/\" \/>\n<meta property=\"og:locale\" content=\"de_DE\" \/>\n<meta property=\"og:type\" content=\"article\" \/>\n<meta property=\"og:title\" content=\"Queens: das kosmopolitischste Viertel New Yorks - USA-GV.COM\" \/>\n<meta property=\"og:description\" content=\"Entdecken Sie die Sehensw\u00fcrdigkeiten von Queens, dem multikulturellsten Stadtteil von New York City.\" \/>\n<meta property=\"og:url\" content=\"https:\/\/usa-gv.com\/de\/besuchen-new-york\/queens\/\" \/>\n<meta property=\"og:site_name\" content=\"USA-GV.COM\" \/>\n<meta property=\"article:modified_time\" content=\"2025-02-25T11:56:03+00:00\" \/>\n<meta name=\"twitter:card\" content=\"summary_large_image\" \/>\n<meta name=\"twitter:label1\" content=\"Gesch\u00e4tzte Lesezeit\" \/>\n\t<meta name=\"twitter:data1\" content=\"3\u00a0Minuten\" \/>\n<script type=\"application\/ld+json\" class=\"yoast-schema-graph\">{\"@context\":\"https:\/\/schema.org\",\"@graph\":[{\"@type\":\"WebPage\",\"@id\":\"https:\/\/usa-gv.com\/de\/besuchen-new-york\/queens\/\",\"url\":\"https:\/\/usa-gv.com\/de\/besuchen-new-york\/queens\/\",\"name\":\"Queens: das kosmopolitischste Viertel New Yorks - USA-GV.COM\",\"isPartOf\":{\"@id\":\"https:\/\/usa-gv.com\/de\/#website\"},\"datePublished\":\"2025-01-27T13:57:09+00:00\",\"dateModified\":\"2025-02-25T11:56:03+00:00\",\"description\":\"Entdecken Sie die Sehensw\u00fcrdigkeiten von Queens, dem multikulturellsten Stadtteil von New York City.\",\"breadcrumb\":{\"@id\":\"https:\/\/usa-gv.com\/de\/besuchen-new-york\/queens\/#breadcrumb\"},\"inLanguage\":\"de\",\"potentialAction\":[{\"@type\":\"ReadAction\",\"target\":[\"https:\/\/usa-gv.com\/de\/besuchen-new-york\/queens\/\"]}]},{\"@type\":\"BreadcrumbList\",\"@id\":\"https:\/\/usa-gv.com\/de\/besuchen-new-york\/queens\/#breadcrumb\",\"itemListElement\":[{\"@type\":\"ListItem\",\"position\":1,\"name\":\"Home\",\"item\":\"https:\/\/usa-gv.com\/de\/usa-reisefuehrer\/\"},{\"@type\":\"ListItem\",\"position\":2,\"name\":\"Rundgang durch New York: Erkundung der Stadt, die niemals schl\u00e4ft\",\"item\":\"https:\/\/usa-gv.com\/de\/besuchen-new-york\/\"},{\"@type\":\"ListItem\",\"position\":3,\"name\":\"Queens: das kosmopolitischste Viertel New Yorks\"}]},{\"@type\":\"WebSite\",\"@id\":\"https:\/\/usa-gv.com\/de\/#website\",\"url\":\"https:\/\/usa-gv.com\/de\/\",\"name\":\"USA-GV.COM\",\"description\":\"\",\"potentialAction\":[{\"@type\":\"SearchAction\",\"target\":{\"@type\":\"EntryPoint\",\"urlTemplate\":\"https:\/\/usa-gv.com\/de\/?s={search_term_string}\"},\"query-input\":{\"@type\":\"PropertyValueSpecification\",\"valueRequired\":true,\"valueName\":\"search_term_string\"}}],\"inLanguage\":\"de\"}]}<\/script>\n<!-- \/ Yoast SEO plugin. -->","yoast_head_json":{"title":"Queens: das kosmopolitischste Viertel New Yorks - USA-GV.COM","description":"Entdecken Sie die Sehensw\u00fcrdigkeiten von Queens, dem multikulturellsten Stadtteil von New York City.","robots":{"index":"index","follow":"follow","max-snippet":"max-snippet:-1","max-image-preview":"max-image-preview:large","max-video-preview":"max-video-preview:-1"},"canonical":"https:\/\/usa-gv.com\/de\/besuchen-new-york\/queens\/","og_locale":"de_DE","og_type":"article","og_title":"Queens: das kosmopolitischste Viertel New Yorks - USA-GV.COM","og_description":"Entdecken Sie die Sehensw\u00fcrdigkeiten von Queens, dem multikulturellsten Stadtteil von New York City.","og_url":"https:\/\/usa-gv.com\/de\/besuchen-new-york\/queens\/","og_site_name":"USA-GV.COM","article_modified_time":"2025-02-25T11:56:03+00:00","twitter_card":"summary_large_image","twitter_misc":{"Gesch\u00e4tzte Lesezeit":"3\u00a0Minuten"},"schema":{"@context":"https:\/\/schema.org","@graph":[{"@type":"WebPage","@id":"https:\/\/usa-gv.com\/de\/besuchen-new-york\/queens\/","url":"https:\/\/usa-gv.com\/de\/besuchen-new-york\/queens\/","name":"Queens: das kosmopolitischste Viertel New Yorks - USA-GV.COM","isPartOf":{"@id":"https:\/\/usa-gv.com\/de\/#website"},"datePublished":"2025-01-27T13:57:09+00:00","dateModified":"2025-02-25T11:56:03+00:00","description":"Entdecken Sie die Sehensw\u00fcrdigkeiten von Queens, dem multikulturellsten Stadtteil von New York City.","breadcrumb":{"@id":"https:\/\/usa-gv.com\/de\/besuchen-new-york\/queens\/#breadcrumb"},"inLanguage":"de","potentialAction":[{"@type":"ReadAction","target":["https:\/\/usa-gv.com\/de\/besuchen-new-york\/queens\/"]}]},{"@type":"BreadcrumbList","@id":"https:\/\/usa-gv.com\/de\/besuchen-new-york\/queens\/#breadcrumb","itemListElement":[{"@type":"ListItem","position":1,"name":"Home","item":"https:\/\/usa-gv.com\/de\/usa-reisefuehrer\/"},{"@type":"ListItem","position":2,"name":"Rundgang durch New York: Erkundung der Stadt, die niemals schl\u00e4ft","item":"https:\/\/usa-gv.com\/de\/besuchen-new-york\/"},{"@type":"ListItem","position":3,"name":"Queens: das kosmopolitischste Viertel New Yorks"}]},{"@type":"WebSite","@id":"https:\/\/usa-gv.com\/de\/#website","url":"https:\/\/usa-gv.com\/de\/","name":"USA-GV.COM","description":"","potentialAction":[{"@type":"SearchAction","target":{"@type":"EntryPoint","urlTemplate":"https:\/\/usa-gv.com\/de\/?s={search_term_string}"},"query-input":{"@type":"PropertyValueSpecification","valueRequired":true,"valueName":"search_term_string"}}],"inLanguage":"de"}]}},"_links":{"self":[{"href":"https:\/\/usa-gv.com\/de\/wp-json\/wp\/v2\/pages\/7320","targetHints":{"allow":["GET"]}}],"collection":[{"href":"https:\/\/usa-gv.com\/de\/wp-json\/wp\/v2\/pages"}],"about":[{"href":"https:\/\/usa-gv.com\/de\/wp-json\/wp\/v2\/types\/page"}],"author":[{"embeddable":true,"href":"https:\/\/usa-gv.com\/de\/wp-json\/wp\/v2\/users\/1"}],"replies":[{"embeddable":true,"href":"https:\/\/usa-gv.com\/de\/wp-json\/wp\/v2\/comments?post=7320"}],"version-history":[{"count":2,"href":"https:\/\/usa-gv.com\/de\/wp-json\/wp\/v2\/pages\/7320\/revisions"}],"predecessor-version":[{"id":7354,"href":"https:\/\/usa-gv.com\/de\/wp-json\/wp\/v2\/pages\/7320\/revisions\/7354"}],"up":[{"embeddable":true,"href":"https:\/\/usa-gv.com\/de\/wp-json\/wp\/v2\/pages\/6211"}],"wp:attachment":[{"href":"https:\/\/usa-gv.com\/de\/wp-json\/wp\/v2\/media?parent=7320"}],"curies":[{"name":"wp","href":"https:\/\/api.w.org\/{rel}","templated":true}]}}