{"id":7257,"date":"2025-01-27T11:35:21","date_gmt":"2025-01-27T11:35:21","guid":{"rendered":"https:\/\/usa-gv.com\/brooklyn\/"},"modified":"2025-02-25T11:54:39","modified_gmt":"2025-02-25T11:54:39","slug":"brooklyn","status":"publish","type":"page","link":"https:\/\/usa-gv.com\/de\/besuchen-new-york\/brooklyn\/","title":{"rendered":"Brooklyn: die k\u00fcnstlerische und trendige Seele New Yorks"},"content":{"rendered":"\n<h1 class=\"wp-block-heading\">Besuchen Sie den Stadtteil Brooklyn in New York<\/h1>\n\n<h2 class=\"wp-block-heading\">Warum sollte man Brooklyn besuchen?<\/h2>\n\n<p>Brooklyn ist ein pulsierendes und dynamisches Viertel, das sowohl Einheimische als auch Touristen anzieht, die auf der Suche nach einem authentischen <a href=\"https:\/\/usa-gv.com\/de\/besuchen-new-york\/\">New Yorker<\/a> Erlebnis sind. Brooklyn ist ein Ort, an dem Tradition und Moderne harmonisch aufeinandertreffen, mit einer Vielzahl von Vierteln, einer reichen Kunst- und Kochszene und vielen Gr\u00fcnfl\u00e4chen. <\/p>\n\n<h2 class=\"wp-block-heading\">Die unumg\u00e4nglichen<\/h2>\n\n<ul class=\"wp-block-list\">\n<li><a href=\"https:\/\/www.newyork.nl\/gratis-in-new-york\/brooklyn-bridge\/\">Brooklyn Bridge<\/a>: Eine der ber\u00fchmtesten Br\u00fccken der Welt, die einen atemberaubenden Blick auf die Skyline von Manhattan bietet.<\/li>\n\n\n\n<li><a href=\"https:\/\/www.nyctourism.com\/new-york\/brooklyn\/williamsburg\/\">Williamsburg<\/a>: Ein trendiges Viertel, das f\u00fcr seine Kunstgalerien, Vintage-L\u00e4den und seine alternative Musikszene bekannt ist.<\/li>\n\n\n\n<li><a href=\"https:\/\/torlytravels.com\/2020\/09\/10\/a-day-out-in-dumbo\/\">DUMBO<\/a> (Down Under the Manhattan Bridge Overpass): Ein Industriegebiet, das in einen Trendbereich umgewandelt wurde, der f\u00fcr seine Restaurants und die spektakul\u00e4re Aussicht auf Manhattan bekannt ist.<\/li>\n\n\n\n<li><a href=\"https:\/\/www.prospectpark.org\/\">Prospect Park<\/a>: Ein riesiger gr\u00fcner Park, ideal f\u00fcr Picknicks, Spazierg\u00e4nge und Aktivit\u00e4ten im Freien.<\/li>\n\n\n\n<li><a href=\"https:\/\/www.brooklynmuseum.org\/\">Brooklyn Museum<\/a>: Eines der gr\u00f6\u00dften Kunstmuseen in den USA mit einer vielf\u00e4ltigen Sammlung, die vom alten \u00c4gypten bis zur zeitgen\u00f6ssischen Kunst reicht.<\/li>\n<\/ul>\n\n<div style=\"height:10px\" aria-hidden=\"true\" class=\"wp-block-spacer\"><\/div>\n\n<h2 class=\"wp-block-heading\">Stadtteile, die es zu erkunden gilt<\/h2>\n\n<ul class=\"wp-block-list\">\n<li><strong>Williamsburg<\/strong>: Ein wahres Epizentrum der Hipster-Kultur, mit originellen Caf\u00e9s, Kunsthandwerksm\u00e4rkten und einem lebhaften Nachtleben.<\/li>\n\n\n\n<li><strong>Park Slope<\/strong>: Ein schickes Wohnviertel mit von Brownnstones ges\u00e4umten Stra\u00dfen, das f\u00fcr seine famili\u00e4re Atmosph\u00e4re und seine feinen Gesch\u00e4fte bekannt ist.<\/li>\n\n\n\n<li><strong>Bushwick<\/strong>: Ein Paradies f\u00fcr Street Art mit beeindruckenden Wandmalereien und vielen trendigen Bars.<\/li>\n\n\n\n<li><strong>Coney Island<\/strong>: Ein ikonischer Strand mit einer ber\u00fchmten Promenade und einem historischen Vergn\u00fcgungspark.<\/li>\n\n\n\n<li><strong>Brooklyn Heights<\/strong>: Charmantes Viertel mit herrlichem Blick auf Manhattan und angenehmen Spazierg\u00e4ngen entlang des East River.<\/li>\n<\/ul>\n\n<div style=\"height:10px\" aria-hidden=\"true\" class=\"wp-block-spacer\"><\/div>\n\n<h2 class=\"wp-block-heading\">Was kann man in Brooklyn unternehmen?<\/h2>\n\n<p>Ein Spaziergang \u00fcber die <a href=\"https:\/\/www.newyork.nl\/gratis-in-new-york\/brooklyn-bridge\/\">Brooklyn Bridge<\/a> bei Sonnenaufgang oder Sonnenuntergang bietet eine spektakul\u00e4re Aussicht auf die Stadt und einen unvergesslichen Spaziergang.<\/p>\n\n<p>Entdecken Sie die lokale kulinarische Szene auf Food Markets wie <a href=\"https:\/\/www.smorgasburg.com\/\">Smorgasburg<\/a>, wo man eine unglaubliche Vielfalt an Gerichten aus der ganzen Welt probieren kann.<\/p>\n\n<p>Erkunden Sie die <a href=\"https:\/\/www.tripadvisor.com\/Attraction_Review-g60827-d8377608-Reviews-Bushwick_Collective_Street_Art-Brooklyn_New_York.html\">Street Art<\/a> Fresken <a href=\"https:\/\/www.tripadvisor.com\/Attraction_Review-g60827-d8377608-Reviews-Bushwick_Collective_Street_Art-Brooklyn_New_York.html\">in Bushwick<\/a>, ein wahres Freilichtmuseum, in dem Sie Werke von K\u00fcnstlern aus der ganzen Welt bewundern k\u00f6nnen.<\/p>\n\n<p>Besuch einer Auff\u00fchrung oder eines Konzerts im <a href=\"https:\/\/www.barclayscenter.com\/\">Barclays Center<\/a>, einer symboltr\u00e4chtigen Halle, in der bedeutende Musik- und Sportveranstaltungen stattfinden.<\/p>\n\n<p>Genie\u00dfen Sie einen sonnigen Tag in <a href=\"https:\/\/www.prospectpark.org\/\">Prospect Park<\/a>, mieten Sie ein Fahrrad oder nutzen Sie die vielen Aktivit\u00e4ten, die das ganze Jahr \u00fcber organisiert werden.<\/p>\n\n<div style=\"height:10px\" aria-hidden=\"true\" class=\"wp-block-spacer\"><\/div>\n\n<h2 class=\"wp-block-heading\">Praktische Informationen<\/h2>\n\n<figure class=\"wp-block-table\"><table><tbody><tr><th>Kategorie<\/th><th>Details<\/th><\/tr><tr><td><strong>Transport<\/strong><\/td><td>Die U-Bahn ist der bequemste Weg, um von Manhattan nach Brooklyn zu gelangen.<\/td><\/tr><tr><td><strong>Unterk\u00fcnfte<\/strong><\/td><td>Brooklyn bietet moderne Hotels und alternative Unterk\u00fcnfte wie Lofts und Airbnbs.<\/td><\/tr><tr><td><strong>Bester Zeitraum<\/strong><\/td><td>Fr\u00fchling und Sommer sind ideal, um Aktivit\u00e4ten im Freien und lokale Festivals zu genie\u00dfen.<\/td><\/tr><\/tbody><\/table><\/figure>\n\n<p>Brooklyn ist ein Muss f\u00fcr jeden, der eine andere Seite von <a href=\"https:\/\/usa-gv.com\/de\/besuchen-new-york\/\">New York<\/a> entdecken m\u00f6chte, die Kultur, Kreativit\u00e4t und Vielfalt in einer freundlichen Atmosph\u00e4re vereint. Der Stadtteil Brooklyn unterscheidet sich sehr von <a href=\"https:\/\/usa-gv.com\/de\/besuchen-new-york\/manhattan\/\">Manhattan<\/a>. <\/p>\n","protected":false},"excerpt":{"rendered":"<p>Besuchen Sie den Stadtteil Brooklyn in New York Warum sollte man Brooklyn besuchen? Brooklyn ist ein pulsierendes und dynamisches Viertel, das sowohl Einheimische als auch Touristen anzieht, die auf der Suche nach einem authentischen New Yorker Erlebnis sind. Brooklyn ist ein Ort, an dem Tradition und Moderne harmonisch aufeinandertreffen, mit einer Vielzahl von Vierteln, einer [&hellip;]<\/p>\n","protected":false},"author":1,"featured_media":0,"parent":6211,"menu_order":0,"comment_status":"closed","ping_status":"closed","template":"","meta":{"footnotes":""},"class_list":["post-7257","page","type-page","status-publish","hentry"],"yoast_head":"<!-- This site is optimized with the Yoast SEO plugin v26.6 - https:\/\/yoast.com\/wordpress\/plugins\/seo\/ -->\n<title>Brooklyn: die k\u00fcnstlerische und trendige Seele New Yorks - USA-GV.COM<\/title>\n<meta name=\"description\" content=\"Entdecken Sie den pulsierenden und dynamischen Stadtteil Brooklyn, der so viele Touristen aus den USA nach New York zieht.\" \/>\n<meta name=\"robots\" content=\"index, follow, max-snippet:-1, max-image-preview:large, max-video-preview:-1\" \/>\n<link rel=\"canonical\" href=\"https:\/\/usa-gv.com\/de\/besuchen-new-york\/brooklyn\/\" \/>\n<meta property=\"og:locale\" content=\"de_DE\" \/>\n<meta property=\"og:type\" content=\"article\" \/>\n<meta property=\"og:title\" content=\"Brooklyn: die k\u00fcnstlerische und trendige Seele New Yorks - USA-GV.COM\" \/>\n<meta property=\"og:description\" content=\"Entdecken Sie den pulsierenden und dynamischen Stadtteil Brooklyn, der so viele Touristen aus den USA nach New York zieht.\" \/>\n<meta property=\"og:url\" content=\"https:\/\/usa-gv.com\/de\/besuchen-new-york\/brooklyn\/\" \/>\n<meta property=\"og:site_name\" content=\"USA-GV.COM\" \/>\n<meta property=\"article:modified_time\" content=\"2025-02-25T11:54:39+00:00\" \/>\n<meta name=\"twitter:card\" content=\"summary_large_image\" \/>\n<meta name=\"twitter:label1\" content=\"Gesch\u00e4tzte Lesezeit\" \/>\n\t<meta name=\"twitter:data1\" content=\"2\u00a0Minuten\" \/>\n<script type=\"application\/ld+json\" class=\"yoast-schema-graph\">{\"@context\":\"https:\/\/schema.org\",\"@graph\":[{\"@type\":\"WebPage\",\"@id\":\"https:\/\/usa-gv.com\/de\/besuchen-new-york\/brooklyn\/\",\"url\":\"https:\/\/usa-gv.com\/de\/besuchen-new-york\/brooklyn\/\",\"name\":\"Brooklyn: die k\u00fcnstlerische und trendige Seele New Yorks - USA-GV.COM\",\"isPartOf\":{\"@id\":\"https:\/\/usa-gv.com\/de\/#website\"},\"datePublished\":\"2025-01-27T11:35:21+00:00\",\"dateModified\":\"2025-02-25T11:54:39+00:00\",\"description\":\"Entdecken Sie den pulsierenden und dynamischen Stadtteil Brooklyn, der so viele Touristen aus den USA nach New York zieht.\",\"breadcrumb\":{\"@id\":\"https:\/\/usa-gv.com\/de\/besuchen-new-york\/brooklyn\/#breadcrumb\"},\"inLanguage\":\"de\",\"potentialAction\":[{\"@type\":\"ReadAction\",\"target\":[\"https:\/\/usa-gv.com\/de\/besuchen-new-york\/brooklyn\/\"]}]},{\"@type\":\"BreadcrumbList\",\"@id\":\"https:\/\/usa-gv.com\/de\/besuchen-new-york\/brooklyn\/#breadcrumb\",\"itemListElement\":[{\"@type\":\"ListItem\",\"position\":1,\"name\":\"Home\",\"item\":\"https:\/\/usa-gv.com\/de\/usa-reisefuehrer\/\"},{\"@type\":\"ListItem\",\"position\":2,\"name\":\"Rundgang durch New York: Erkundung der Stadt, die niemals schl\u00e4ft\",\"item\":\"https:\/\/usa-gv.com\/de\/besuchen-new-york\/\"},{\"@type\":\"ListItem\",\"position\":3,\"name\":\"Brooklyn: die k\u00fcnstlerische und trendige Seele New Yorks\"}]},{\"@type\":\"WebSite\",\"@id\":\"https:\/\/usa-gv.com\/de\/#website\",\"url\":\"https:\/\/usa-gv.com\/de\/\",\"name\":\"USA-GV.COM\",\"description\":\"\",\"potentialAction\":[{\"@type\":\"SearchAction\",\"target\":{\"@type\":\"EntryPoint\",\"urlTemplate\":\"https:\/\/usa-gv.com\/de\/?s={search_term_string}\"},\"query-input\":{\"@type\":\"PropertyValueSpecification\",\"valueRequired\":true,\"valueName\":\"search_term_string\"}}],\"inLanguage\":\"de\"}]}<\/script>\n<!-- \/ Yoast SEO plugin. -->","yoast_head_json":{"title":"Brooklyn: die k\u00fcnstlerische und trendige Seele New Yorks - USA-GV.COM","description":"Entdecken Sie den pulsierenden und dynamischen Stadtteil Brooklyn, der so viele Touristen aus den USA nach New York zieht.","robots":{"index":"index","follow":"follow","max-snippet":"max-snippet:-1","max-image-preview":"max-image-preview:large","max-video-preview":"max-video-preview:-1"},"canonical":"https:\/\/usa-gv.com\/de\/besuchen-new-york\/brooklyn\/","og_locale":"de_DE","og_type":"article","og_title":"Brooklyn: die k\u00fcnstlerische und trendige Seele New Yorks - USA-GV.COM","og_description":"Entdecken Sie den pulsierenden und dynamischen Stadtteil Brooklyn, der so viele Touristen aus den USA nach New York zieht.","og_url":"https:\/\/usa-gv.com\/de\/besuchen-new-york\/brooklyn\/","og_site_name":"USA-GV.COM","article_modified_time":"2025-02-25T11:54:39+00:00","twitter_card":"summary_large_image","twitter_misc":{"Gesch\u00e4tzte Lesezeit":"2\u00a0Minuten"},"schema":{"@context":"https:\/\/schema.org","@graph":[{"@type":"WebPage","@id":"https:\/\/usa-gv.com\/de\/besuchen-new-york\/brooklyn\/","url":"https:\/\/usa-gv.com\/de\/besuchen-new-york\/brooklyn\/","name":"Brooklyn: die k\u00fcnstlerische und trendige Seele New Yorks - USA-GV.COM","isPartOf":{"@id":"https:\/\/usa-gv.com\/de\/#website"},"datePublished":"2025-01-27T11:35:21+00:00","dateModified":"2025-02-25T11:54:39+00:00","description":"Entdecken Sie den pulsierenden und dynamischen Stadtteil Brooklyn, der so viele Touristen aus den USA nach New York zieht.","breadcrumb":{"@id":"https:\/\/usa-gv.com\/de\/besuchen-new-york\/brooklyn\/#breadcrumb"},"inLanguage":"de","potentialAction":[{"@type":"ReadAction","target":["https:\/\/usa-gv.com\/de\/besuchen-new-york\/brooklyn\/"]}]},{"@type":"BreadcrumbList","@id":"https:\/\/usa-gv.com\/de\/besuchen-new-york\/brooklyn\/#breadcrumb","itemListElement":[{"@type":"ListItem","position":1,"name":"Home","item":"https:\/\/usa-gv.com\/de\/usa-reisefuehrer\/"},{"@type":"ListItem","position":2,"name":"Rundgang durch New York: Erkundung der Stadt, die niemals schl\u00e4ft","item":"https:\/\/usa-gv.com\/de\/besuchen-new-york\/"},{"@type":"ListItem","position":3,"name":"Brooklyn: die k\u00fcnstlerische und trendige Seele New Yorks"}]},{"@type":"WebSite","@id":"https:\/\/usa-gv.com\/de\/#website","url":"https:\/\/usa-gv.com\/de\/","name":"USA-GV.COM","description":"","potentialAction":[{"@type":"SearchAction","target":{"@type":"EntryPoint","urlTemplate":"https:\/\/usa-gv.com\/de\/?s={search_term_string}"},"query-input":{"@type":"PropertyValueSpecification","valueRequired":true,"valueName":"search_term_string"}}],"inLanguage":"de"}]}},"_links":{"self":[{"href":"https:\/\/usa-gv.com\/de\/wp-json\/wp\/v2\/pages\/7257","targetHints":{"allow":["GET"]}}],"collection":[{"href":"https:\/\/usa-gv.com\/de\/wp-json\/wp\/v2\/pages"}],"about":[{"href":"https:\/\/usa-gv.com\/de\/wp-json\/wp\/v2\/types\/page"}],"author":[{"embeddable":true,"href":"https:\/\/usa-gv.com\/de\/wp-json\/wp\/v2\/users\/1"}],"replies":[{"embeddable":true,"href":"https:\/\/usa-gv.com\/de\/wp-json\/wp\/v2\/comments?post=7257"}],"version-history":[{"count":1,"href":"https:\/\/usa-gv.com\/de\/wp-json\/wp\/v2\/pages\/7257\/revisions"}],"predecessor-version":[{"id":7258,"href":"https:\/\/usa-gv.com\/de\/wp-json\/wp\/v2\/pages\/7257\/revisions\/7258"}],"up":[{"embeddable":true,"href":"https:\/\/usa-gv.com\/de\/wp-json\/wp\/v2\/pages\/6211"}],"wp:attachment":[{"href":"https:\/\/usa-gv.com\/de\/wp-json\/wp\/v2\/media?parent=7257"}],"curies":[{"name":"wp","href":"https:\/\/api.w.org\/{rel}","templated":true}]}}