{"id":7128,"date":"2025-01-21T14:07:05","date_gmt":"2025-01-21T14:07:05","guid":{"rendered":"https:\/\/usa-gv.com\/esta-chicago\/"},"modified":"2025-02-25T11:52:20","modified_gmt":"2025-02-25T11:52:20","slug":"esta-chicago","status":"publish","type":"page","link":"https:\/\/usa-gv.com\/de\/esta-chicago\/","title":{"rendered":"ESTA f\u00fcr Chicago beantragen"},"content":{"rendered":"\n<h1 class=\"wp-block-heading\">ESTA online f\u00fcr Reisen nach Chicago<\/h1>\n\n<p><a href=\"https:\/\/usa-gv.com\/de\/chicago\/\">Chicago<\/a> liegt am Lake Michigan in den Vereinigten Staaten. Um sich in Chicago aufhalten zu k\u00f6nnen, m\u00fcssen Ausl\u00e4nder eine g\u00fcltige Reisegenehmigung oder ein Visum besitzen. <\/p>\n\n<h2 class=\"wp-block-heading\">Kann ich mit einem ESTA nach Chicago reisen?<\/h2>\n\n<p>Bei einem Aufenthalt von weniger als 90 Tagen k\u00f6nnen Reisende aus L\u00e4ndern, die am <a href=\"https:\/\/usa-gv.com\/de\/visa-waiver-program-usa\/\">Visa Waiver Program<\/a> teilnehmen, mit einer ESTA-Reisegenehmigung in Chicago landen.<\/p>\n\n<h2 class=\"wp-block-heading\">Wie bekomme ich ein ESTA?<\/h2>\n\n<p>Die Beantragung einer ESTA-Genehmigung erfolgt vollst\u00e4ndig online. Das <a href=\"https:\/\/usa-gv.com\/de\/fullen-sie-das-esta-formular-online-aus\/\">Ausf\u00fcllen des ESTA-Formulars<\/a> dauert nur wenige Minuten, wenn der Antragsteller im Besitz eines <a href=\"https:\/\/usa-gv.com\/de\/reisepass-fur-die-usa\/\">g\u00fcltigen Reisepasses ist mit dem er in die USA reisen<\/a> kann. Der Online-Antrag muss mindestens 3 Tage vor der Einschiffung nach Chicago gestellt werden.<\/p>\n\n<p><strong>Um eine ESTA-Genehmigung<\/strong> zu erhalten, klicken Sie einfach auf das <a href=\"https:\/\/usa-gv.com\/de\/esta-online-formular\/\">ESTA-Online-Formular<\/a>.<\/p>\n\n<div style=\"height:10px\" aria-hidden=\"true\" class=\"wp-block-spacer\"><\/div>\n\n<h2 class=\"wp-block-heading\">Ben\u00f6tige ich f\u00fcr einen Zwischenstopp in Chicago ein ESTA?<\/h2>\n\n<p>Ein Reisender mit ESTA kann in <a href=\"https:\/\/usa-gv.com\/de\/chicago\/\">Chicago<\/a> einen Zwischenstopp einlegen, ohne ein US-Visum zu ben\u00f6tigen. Mit der ESTA-Genehmigung k\u00f6nnen Sie \u00fcberall in den Vereinigten Staaten einen Zwischenstopp einlegen. Der Reisende muss im Besitz seiner <a href=\"https:\/\/usa-gv.com\/de\/reisedokumente-fur-die-usa\/\">Reisedokumente f\u00fcr die USA<\/a> sein.<\/p>\n\n<p>Andererseits ist es nicht notwendig, dass Sie Ihr <a href=\"https:\/\/usa-gv.com\/de\/ausdrucken-esta\/\">ESTA vor der Fahrt zum Flughafen ausgedruckt<\/a> haben.<\/p>\n\n<h2 class=\"wp-block-heading\">Was kostet ein ESTA?<\/h2>\n\n<p>Der <a href=\"https:\/\/usa-gv.com\/de\/us-esta-preis\/\">Preis<\/a> f\u00fcr <a href=\"https:\/\/usa-gv.com\/de\/us-esta-preis\/\">das ESTA<\/a> f\u00fcr wird von der US-Regierung festgelegt. Der Preis hat sich seit der Einf\u00fchrung des Visa Waiver Program ge\u00e4ndert: Die Grundgeb\u00fchr betr\u00e4gt seit Mai 2022 21 US-Dollar. Die <a href=\"https:\/\/usa-gv.com\/de\/so-bezahlen-sie-ein-esta\/\">Bezahlung des ESTA<\/a> erfolgt online ausschlie\u00dflich per Kreditkarte. Die Bearbeitung des Antrags erfolgt erst, wenn die Zahlung best\u00e4tigt wurde.<\/p>\n","protected":false},"excerpt":{"rendered":"<p>ESTA online f\u00fcr Reisen nach Chicago Chicago liegt am Lake Michigan in den Vereinigten Staaten. Um sich in Chicago aufhalten zu k\u00f6nnen, m\u00fcssen Ausl\u00e4nder eine g\u00fcltige Reisegenehmigung oder ein Visum besitzen. Kann ich mit einem ESTA nach Chicago reisen? Bei einem Aufenthalt von weniger als 90 Tagen k\u00f6nnen Reisende aus L\u00e4ndern, die am Visa Waiver [&hellip;]<\/p>\n","protected":false},"author":1,"featured_media":0,"parent":0,"menu_order":0,"comment_status":"closed","ping_status":"closed","template":"","meta":{"footnotes":""},"class_list":["post-7128","page","type-page","status-publish","hentry"],"yoast_head":"<!-- This site is optimized with the Yoast SEO plugin v26.6 - https:\/\/yoast.com\/wordpress\/plugins\/seo\/ -->\n<title>ESTA f\u00fcr Chicago beantragen - USA-GV.COM<\/title>\n<meta name=\"description\" content=\"Um nach Chicago in den Vereinigten Staaten zu reisen, ben\u00f6tigen Sie eine g\u00fcltige Reisegenehmigung oder ein Visum.\" \/>\n<meta name=\"robots\" content=\"index, follow, max-snippet:-1, max-image-preview:large, max-video-preview:-1\" \/>\n<link rel=\"canonical\" href=\"https:\/\/usa-gv.com\/de\/esta-chicago\/\" \/>\n<meta property=\"og:locale\" content=\"de_DE\" \/>\n<meta property=\"og:type\" content=\"article\" \/>\n<meta property=\"og:title\" content=\"ESTA f\u00fcr Chicago beantragen - USA-GV.COM\" \/>\n<meta property=\"og:description\" content=\"Um nach Chicago in den Vereinigten Staaten zu reisen, ben\u00f6tigen Sie eine g\u00fcltige Reisegenehmigung oder ein Visum.\" \/>\n<meta property=\"og:url\" content=\"https:\/\/usa-gv.com\/de\/esta-chicago\/\" \/>\n<meta property=\"og:site_name\" content=\"USA-GV.COM\" \/>\n<meta property=\"article:modified_time\" content=\"2025-02-25T11:52:20+00:00\" \/>\n<meta name=\"twitter:card\" content=\"summary_large_image\" \/>\n<meta name=\"twitter:label1\" content=\"Gesch\u00e4tzte Lesezeit\" \/>\n\t<meta name=\"twitter:data1\" content=\"1\u00a0Minute\" \/>\n<script type=\"application\/ld+json\" class=\"yoast-schema-graph\">{\"@context\":\"https:\/\/schema.org\",\"@graph\":[{\"@type\":\"WebPage\",\"@id\":\"https:\/\/usa-gv.com\/de\/esta-chicago\/\",\"url\":\"https:\/\/usa-gv.com\/de\/esta-chicago\/\",\"name\":\"ESTA f\u00fcr Chicago beantragen - USA-GV.COM\",\"isPartOf\":{\"@id\":\"https:\/\/usa-gv.com\/de\/#website\"},\"datePublished\":\"2025-01-21T14:07:05+00:00\",\"dateModified\":\"2025-02-25T11:52:20+00:00\",\"description\":\"Um nach Chicago in den Vereinigten Staaten zu reisen, ben\u00f6tigen Sie eine g\u00fcltige Reisegenehmigung oder ein Visum.\",\"breadcrumb\":{\"@id\":\"https:\/\/usa-gv.com\/de\/esta-chicago\/#breadcrumb\"},\"inLanguage\":\"de\",\"potentialAction\":[{\"@type\":\"ReadAction\",\"target\":[\"https:\/\/usa-gv.com\/de\/esta-chicago\/\"]}]},{\"@type\":\"BreadcrumbList\",\"@id\":\"https:\/\/usa-gv.com\/de\/esta-chicago\/#breadcrumb\",\"itemListElement\":[{\"@type\":\"ListItem\",\"position\":1,\"name\":\"Home\",\"item\":\"https:\/\/usa-gv.com\/de\/usa-reisefuehrer\/\"},{\"@type\":\"ListItem\",\"position\":2,\"name\":\"ESTA f\u00fcr Chicago beantragen\"}]},{\"@type\":\"WebSite\",\"@id\":\"https:\/\/usa-gv.com\/de\/#website\",\"url\":\"https:\/\/usa-gv.com\/de\/\",\"name\":\"USA-GV.COM\",\"description\":\"\",\"potentialAction\":[{\"@type\":\"SearchAction\",\"target\":{\"@type\":\"EntryPoint\",\"urlTemplate\":\"https:\/\/usa-gv.com\/de\/?s={search_term_string}\"},\"query-input\":{\"@type\":\"PropertyValueSpecification\",\"valueRequired\":true,\"valueName\":\"search_term_string\"}}],\"inLanguage\":\"de\"}]}<\/script>\n<!-- \/ Yoast SEO plugin. -->","yoast_head_json":{"title":"ESTA f\u00fcr Chicago beantragen - USA-GV.COM","description":"Um nach Chicago in den Vereinigten Staaten zu reisen, ben\u00f6tigen Sie eine g\u00fcltige Reisegenehmigung oder ein Visum.","robots":{"index":"index","follow":"follow","max-snippet":"max-snippet:-1","max-image-preview":"max-image-preview:large","max-video-preview":"max-video-preview:-1"},"canonical":"https:\/\/usa-gv.com\/de\/esta-chicago\/","og_locale":"de_DE","og_type":"article","og_title":"ESTA f\u00fcr Chicago beantragen - USA-GV.COM","og_description":"Um nach Chicago in den Vereinigten Staaten zu reisen, ben\u00f6tigen Sie eine g\u00fcltige Reisegenehmigung oder ein Visum.","og_url":"https:\/\/usa-gv.com\/de\/esta-chicago\/","og_site_name":"USA-GV.COM","article_modified_time":"2025-02-25T11:52:20+00:00","twitter_card":"summary_large_image","twitter_misc":{"Gesch\u00e4tzte Lesezeit":"1\u00a0Minute"},"schema":{"@context":"https:\/\/schema.org","@graph":[{"@type":"WebPage","@id":"https:\/\/usa-gv.com\/de\/esta-chicago\/","url":"https:\/\/usa-gv.com\/de\/esta-chicago\/","name":"ESTA f\u00fcr Chicago beantragen - USA-GV.COM","isPartOf":{"@id":"https:\/\/usa-gv.com\/de\/#website"},"datePublished":"2025-01-21T14:07:05+00:00","dateModified":"2025-02-25T11:52:20+00:00","description":"Um nach Chicago in den Vereinigten Staaten zu reisen, ben\u00f6tigen Sie eine g\u00fcltige Reisegenehmigung oder ein Visum.","breadcrumb":{"@id":"https:\/\/usa-gv.com\/de\/esta-chicago\/#breadcrumb"},"inLanguage":"de","potentialAction":[{"@type":"ReadAction","target":["https:\/\/usa-gv.com\/de\/esta-chicago\/"]}]},{"@type":"BreadcrumbList","@id":"https:\/\/usa-gv.com\/de\/esta-chicago\/#breadcrumb","itemListElement":[{"@type":"ListItem","position":1,"name":"Home","item":"https:\/\/usa-gv.com\/de\/usa-reisefuehrer\/"},{"@type":"ListItem","position":2,"name":"ESTA f\u00fcr Chicago beantragen"}]},{"@type":"WebSite","@id":"https:\/\/usa-gv.com\/de\/#website","url":"https:\/\/usa-gv.com\/de\/","name":"USA-GV.COM","description":"","potentialAction":[{"@type":"SearchAction","target":{"@type":"EntryPoint","urlTemplate":"https:\/\/usa-gv.com\/de\/?s={search_term_string}"},"query-input":{"@type":"PropertyValueSpecification","valueRequired":true,"valueName":"search_term_string"}}],"inLanguage":"de"}]}},"_links":{"self":[{"href":"https:\/\/usa-gv.com\/de\/wp-json\/wp\/v2\/pages\/7128","targetHints":{"allow":["GET"]}}],"collection":[{"href":"https:\/\/usa-gv.com\/de\/wp-json\/wp\/v2\/pages"}],"about":[{"href":"https:\/\/usa-gv.com\/de\/wp-json\/wp\/v2\/types\/page"}],"author":[{"embeddable":true,"href":"https:\/\/usa-gv.com\/de\/wp-json\/wp\/v2\/users\/1"}],"replies":[{"embeddable":true,"href":"https:\/\/usa-gv.com\/de\/wp-json\/wp\/v2\/comments?post=7128"}],"version-history":[{"count":1,"href":"https:\/\/usa-gv.com\/de\/wp-json\/wp\/v2\/pages\/7128\/revisions"}],"predecessor-version":[{"id":7129,"href":"https:\/\/usa-gv.com\/de\/wp-json\/wp\/v2\/pages\/7128\/revisions\/7129"}],"wp:attachment":[{"href":"https:\/\/usa-gv.com\/de\/wp-json\/wp\/v2\/media?parent=7128"}],"curies":[{"name":"wp","href":"https:\/\/api.w.org\/{rel}","templated":true}]}}