{"id":6626,"date":"2025-01-10T16:36:20","date_gmt":"2025-01-10T16:36:20","guid":{"rendered":"https:\/\/usa-gv.com\/las-vegas\/"},"modified":"2025-02-25T11:54:08","modified_gmt":"2025-02-25T11:54:08","slug":"las-vegas","status":"publish","type":"page","link":"https:\/\/usa-gv.com\/de\/las-vegas\/","title":{"rendered":"Las Vegas Tour: Erkundung der Stadt der Unterhaltung"},"content":{"rendered":"\n<h1 class=\"wp-block-heading\">Las Vegas inmitten der W\u00fcste von Colorado<\/h1>\n\n<p>Willkommen in <a href=\"https:\/\/www.visitlasvegas.com\/\">Las Vegas<\/a>, der Welthauptstadt der Unterhaltung und ein Muss f\u00fcr alle, die Shows, Kasinos und einzigartige Erlebnisse lieben. Mit seinen pr\u00e4chtigen Hotels, Weltklasse-Restaurants und unvergesslichen Shows verspricht Las Vegas ein unvergleichliches Erlebnis. <\/p>\n\n<figure class=\"wp-block-image size-large\"><img fetchpriority=\"high\" decoding=\"async\" width=\"1024\" height=\"484\" src=\"https:\/\/usa-gv.com\/wp-content\/uploads\/2025\/01\/Las-Vegas-1024x484.jpg\" alt=\"\" class=\"wp-image-6587\" srcset=\"https:\/\/usa-gv.com\/wp-content\/uploads\/2025\/01\/Las-Vegas-1024x484.jpg 1024w, https:\/\/usa-gv.com\/wp-content\/uploads\/2025\/01\/Las-Vegas-300x142.jpg 300w, https:\/\/usa-gv.com\/wp-content\/uploads\/2025\/01\/Las-Vegas-768x363.jpg 768w, https:\/\/usa-gv.com\/wp-content\/uploads\/2025\/01\/Las-Vegas.jpg 1260w\" sizes=\"(max-width: 1024px) 100vw, 1024px\" \/><\/figure>\n\n<h2 class=\"wp-block-heading\">Warum Las Vegas besuchen?<\/h2>\n\n<ul class=\"wp-block-list\">\n<li><strong>Ein legend\u00e4res Nachtleben<\/strong>: Genie\u00dfen Sie die Clubs, Bars und Shows, f\u00fcr die die Stadt ber\u00fchmt ist.<\/li>\n\n\n\n<li><strong>Unglaubliche Hotels<\/strong>: Jeder Hotelkomplex ist ein Reiseziel f\u00fcr sich.<\/li>\n\n\n\n<li><strong>Eine au\u00dfergew\u00f6hnliche kulinarische Szene<\/strong>: Von Sternek\u00f6chen bis hin zu riesigen Buffets ist Las Vegas ein Paradies f\u00fcr Feinschmecker.<\/li>\n\n\n\n<li><strong>Einzigartige Erlebnisse<\/strong>: Hubschrauberfl\u00fcge, W\u00fcstenausfl\u00fcge und vieles mehr.<\/li>\n<\/ul>\n\n<div style=\"height:10px\" aria-hidden=\"true\" class=\"wp-block-spacer\"><\/div>\n\n<h2 class=\"wp-block-heading\">Die wichtigsten Sehensw\u00fcrdigkeiten in Las Vegas<\/h2>\n\n<h3 class=\"wp-block-heading\">1. Der Strip<\/h3>\n\n<p>Entdecken Sie die ikonische Las Vegas <a href=\"https:\/\/www.visitlasvegas.com\/las-vegas-strip\/\">Strip<\/a> Avenue mit ihren spektakul\u00e4ren Hotels und Kasinos wie dem <a href=\"https:\/\/bellagio.mgmresorts.com\/en.html\">Bellagio<\/a>, dem <a href=\"https:\/\/www.venetianlasvegas.com\/\">Venetian<\/a> und dem <a href=\"https:\/\/www.caesars.com\/caesars-palace\">Caesars Palace<\/a>.<\/p>\n\n<h3 class=\"wp-block-heading\">2. Die Brunnen von Bellagio<\/h3>\n\n<p>Erleben Sie eine fesselnde Wasser- und Musikshow. Die <a href=\"https:\/\/bellagio.mgmresorts.com\/en\/entertainment\/fountains-of-bellagio.html\">Font\u00e4nenshow im Bellagio<\/a> ist f\u00fcr alle Besucher kostenlos. <\/p>\n\n<h3 class=\"wp-block-heading\">3. Fremont Street Experience<\/h3>\n\n<p><a href=\"https:\/\/vegasexperience.com\/\">Fremont Street Experience<\/a> ist eine Lichtshow unter einem riesigen LED-Gew\u00f6lbe, begleitet von Live-Musik und Animationen.<\/p>\n\n<h3 class=\"wp-block-heading\">4. High Roller Observation Wheel<\/h3>\n\n<p>Fahren Sie mit diesem Riesenrad in <a href=\"https:\/\/www.caesars.com\/linq\">The LINQ<\/a> und genie\u00dfen Sie einen atemberaubenden Blick auf die Stadt, besonders bei Sonnenuntergang.<\/p>\n\n<h3 class=\"wp-block-heading\">5. Red Rock Canyon<\/h3>\n\n<p>Nur wenige Kilometer von der Stadt entfernt finden Sie einen Naturpark mit spektakul\u00e4ren W\u00fcstenlandschaften. Der <a href=\"https:\/\/www.redrockcanyonlv.org\/\">Red Rock Canyon<\/a> ist ideal zum Wandern. <\/p>\n\n<h3 class=\"wp-block-heading\">6. Weltbekannte Auff\u00fchrungen<\/h3>\n\n<p>Besuchen Sie au\u00dfergew\u00f6hnliche Shows wie die des <a href=\"https:\/\/www.cirquedusoleil.com\/\">Cirque du Soleil<\/a> oder Konzerte internationaler K\u00fcnstler.<\/p>\n\n<div style=\"height:10px\" aria-hidden=\"true\" class=\"wp-block-spacer\"><\/div>\n\n<h2 class=\"wp-block-heading\">Stadtteile, die es zu erkunden gilt<\/h2>\n\n<ul class=\"wp-block-list\">\n<li><strong>Der Strip<\/strong>: Das Herz des Geschehens mit den gr\u00f6\u00dften Hotels und Kasinos.<\/li>\n\n\n\n<li><strong>Downtown Las Vegas<\/strong>: Ein historisches Viertel mit Fremont Street und trendigen Bars.<\/li>\n\n\n\n<li><strong>Arts District<\/strong>: Ein kreatives Viertel mit Galerien, Vintage-L\u00e4den und einzigartigen Restaurants.<\/li>\n\n\n\n<li><strong>Summerlin<\/strong>: Ein schicker Vorort in der N\u00e4he des Red Rock Canyon, ideal zum Entspannen.<\/li>\n<\/ul>\n\n<div style=\"height:10px\" aria-hidden=\"true\" class=\"wp-block-spacer\"><\/div>\n\n<h2 class=\"wp-block-heading\">Praktische Tipps f\u00fcr einen Aufenthalt in Las Vegas<\/h2>\n\n<figure class=\"wp-block-table is-style-stripes\"><table><thead><tr><th><strong>Kategorie<\/strong><\/th><th><strong>Ratschl\u00e4ge<\/strong><\/th><\/tr><\/thead><tbody><tr><td><strong>Transport<\/strong><\/td><td>Gehen Sie auf dem Strip spazieren, um die Atmosph\u00e4re zu genie\u00dfen, oder nutzen Sie die Monorail und die \u00f6rtlichen Busse f\u00fcr eine schnelle und kosteng\u00fcnstige Fortbewegung.<\/td><\/tr><tr><td><strong>Wetter<\/strong><\/td><td>Stellen Sie sich auf ein hei\u00dfes und trockenes Klima ein, besonders im Sommer. Bringen Sie eine wiederverwendbare Wasserflasche mit, um hydratisiert zu bleiben. <\/td><\/tr><tr><td><strong>Budget<\/strong><\/td><td>Bevorzugen Sie erschwingliche Buffets und nutzen Sie kostenlose Veranstaltungen wie die Font\u00e4nen im Bellagio, um Geld zu sparen.<\/td><\/tr><tr><td><strong>Sicherheit<\/strong><\/td><td>Las Vegas ist im Allgemeinen sicher, aber seien Sie an belebten Orten aufmerksam und achten Sie auf Ihre pers\u00f6nlichen Gegenst\u00e4nde in Kasinos und Attraktionen.<\/td><\/tr><tr><td><strong>Kleidung<\/strong><\/td><td>Tragen Sie im Sommer leichte Kleidung, aber behalten Sie f\u00fcr die Abende eine leichte Jacke an, da die klimatisierten Innenr\u00e4ume k\u00fchl sein k\u00f6nnen.<\/td><\/tr><tr><td><strong>Reservierungen<\/strong><\/td><td>Buchen Sie beliebte Shows, Hotels und Restaurants im Voraus, um Entt\u00e4uschungen zu vermeiden, besonders in der Hochsaison.<\/td><\/tr><tr><td><strong>Externe Aktivit\u00e4ten<\/strong><\/td><td>Wenn Sie einen Ausflug in die W\u00fcste planen, sollten Sie am fr\u00fchen Morgen aufbrechen, um die Hitze zu vermeiden, und denken Sie daran, Sonnencreme und einen Hut mitzubringen.<\/td><\/tr><\/tbody><\/table><\/figure>\n\n<div style=\"height:10px\" aria-hidden=\"true\" class=\"wp-block-spacer\"><\/div>\n\n<h2 class=\"wp-block-heading\">Wo kann man in Las Vegas essen?<\/h2>\n\n<ul class=\"wp-block-list\">\n<li><a href=\"https:\/\/jrobuchon.com\/our_locations\/restaurant-de-joel-robuchon-las-vegas\/\">Jo\u00ebl Robuchon<\/a>: Eine unvergessliche Erfahrung in der Sternegastronomie im MGM Grand.<\/li>\n\n\n\n<li><a href=\"https:\/\/www.gordonramsayrestaurants.com\/en\/us\/hells-kitchen\/locations\/las-vegas\">Hell&#8217;s Kitchen<\/a>: Gordon Ramsays Restaurant im Caesar Palace, das f\u00fcr seine ikonischen Gerichte wie Rindfleisch Wellington ber\u00fchmt ist.<\/li>\n\n\n\n<li><a href=\"https:\/\/www.caesars.com\/caesars-palace\/restaurants\/bacchanal-buffet\">Bacchanal Buffet<\/a>: Eines der \u00fcppigsten Buffets in Las Vegas, das sich im Caesars Palace befindet.<\/li>\n\n\n\n<li><a href=\"https:\/\/lotusofsiamlv.com\/\">Lotus of Siam<\/a>: Ein preisgekr\u00f6ntes thail\u00e4ndisches Restaurant, das oft als eines der besten des Landes angesehen wird.<\/li>\n\n\n\n<li><a href=\"https:\/\/www.eataly.com\/us_en\/stores\/las-vegas\">Eataly Las Vegas<\/a>: Ein immersives italienisches kulinarisches Erlebnis im MGM Park.<\/li>\n<\/ul>\n\n<div style=\"height:10px\" aria-hidden=\"true\" class=\"wp-block-spacer\"><\/div>\n\n<h2 class=\"wp-block-heading\">Wann nach Las Vegas reisen?<\/h2>\n\n<p>Las Vegas ist ein ganzj\u00e4hriges Reiseziel, aber jede Jahreszeit bietet ein anderes Erlebnis. Der Fr\u00fchling, von M\u00e4rz bis Mai, ist eine der besten Reisezeiten, mit angenehmen Temperaturen und einer festlichen Atmosph\u00e4re dank der vielen Veranstaltungen und Festivals. Der Sommer, von Juni bis August, ist mit gro\u00dfer Hitze verbunden, aber die spektakul\u00e4ren Swimmingpools der Hotels sorgen f\u00fcr Erfrischung und eine lebhafte Atmosph\u00e4re. Der Herbst, von September bis November, bietet mildere Temperaturen, die ideal sind, um die Stadt und die Umgebung mit weniger Menschenmassen zu erkunden. Der Winter schlie\u00dflich, von Dezember bis Februar, bietet einen Ausflug in die Sonne mit k\u00fchlen Tagen, die jedoch perfekt sind, um Aktivit\u00e4ten in Innenr\u00e4umen und die festliche Beleuchtung w\u00e4hrend der Feiertage zu genie\u00dfen.    <\/p>\n\n<h2 class=\"wp-block-heading\">Schlussfolgerung<\/h2>\n\n<p><a href=\"https:\/\/www.visitlasvegas.com\/\">Las Vegas<\/a> ist ein einzigartiges Reiseziel, wo sich Extravaganz und Unterhaltung mit einer unglaublichen Naturlandschaft vermischen. Ob Sie nun wegen der Shows, der Kasinos oder der Ausfl\u00fcge im Freien kommen, Las Vegas garantiert Ihnen einen unvergesslichen Aufenthalt. <\/p>\n\n<p>Weitere Tipps und pers\u00f6nliche Empfehlungen finden Sie in unseren anderen Reisef\u00fchrern \u00fcber die wichtigsten St\u00e4dte der USA, wie z.B. <a href=\"https:\/\/usa-gv.com\/de\/besuchen-new-york\/\">New York<\/a>, <a href=\"https:\/\/usa-gv.com\/de\/besuchen-los-angeles\/\">Los Angeles<\/a>, <a href=\"https:\/\/usa-gv.com\/de\/chicago\/\">Chicago<\/a>, <a href=\"https:\/\/usa-gv.com\/de\/miami\/\">Miami<\/a> oder <a href=\"https:\/\/usa-gv.com\/de\/besuchen-san-francisco\/\">San Francisco<\/a>. Denken Sie daran, dass die <a href=\"https:\/\/usa-gv.com\/de\/formalitaten-usa\/\">Formalit\u00e4ten f\u00fcr eine Reise in die Vereinigten Staaten<\/a> vor dem Einsteigen in das Flugzeug vorbereitet werden m\u00fcssen. <\/p>\n\n<p><\/p>\n","protected":false},"excerpt":{"rendered":"<p>Las Vegas inmitten der W\u00fcste von Colorado Willkommen in Las Vegas, der Welthauptstadt der Unterhaltung und ein Muss f\u00fcr alle, die Shows, Kasinos und einzigartige Erlebnisse lieben. Mit seinen pr\u00e4chtigen Hotels, Weltklasse-Restaurants und unvergesslichen Shows verspricht Las Vegas ein unvergleichliches Erlebnis. Warum Las Vegas besuchen? Die wichtigsten Sehensw\u00fcrdigkeiten in Las Vegas 1. Der Strip Entdecken [&hellip;]<\/p>\n","protected":false},"author":1,"featured_media":0,"parent":0,"menu_order":0,"comment_status":"closed","ping_status":"closed","template":"","meta":{"footnotes":""},"class_list":["post-6626","page","type-page","status-publish","hentry"],"yoast_head":"<!-- This site is optimized with the Yoast SEO plugin v26.6 - https:\/\/yoast.com\/wordpress\/plugins\/seo\/ -->\n<title>Las Vegas Tour: Erkundung der Stadt der Unterhaltung - USA-GV.COM<\/title>\n<meta name=\"robots\" content=\"index, follow, max-snippet:-1, max-image-preview:large, max-video-preview:-1\" \/>\n<link rel=\"canonical\" href=\"https:\/\/usa-gv.com\/de\/las-vegas\/\" \/>\n<meta property=\"og:locale\" content=\"de_DE\" \/>\n<meta property=\"og:type\" content=\"article\" \/>\n<meta property=\"og:title\" content=\"Las Vegas Tour: Erkundung der Stadt der Unterhaltung - USA-GV.COM\" \/>\n<meta property=\"og:description\" content=\"Las Vegas inmitten der W\u00fcste von Colorado Willkommen in Las Vegas, der Welthauptstadt der Unterhaltung und ein Muss f\u00fcr alle, die Shows, Kasinos und einzigartige Erlebnisse lieben. Mit seinen pr\u00e4chtigen Hotels, Weltklasse-Restaurants und unvergesslichen Shows verspricht Las Vegas ein unvergleichliches Erlebnis. Warum Las Vegas besuchen? Die wichtigsten Sehensw\u00fcrdigkeiten in Las Vegas 1. Der Strip Entdecken [&hellip;]\" \/>\n<meta property=\"og:url\" content=\"https:\/\/usa-gv.com\/de\/las-vegas\/\" \/>\n<meta property=\"og:site_name\" content=\"USA-GV.COM\" \/>\n<meta property=\"article:modified_time\" content=\"2025-02-25T11:54:08+00:00\" \/>\n<meta property=\"og:image\" content=\"https:\/\/usa-gv.com\/wp-content\/uploads\/2025\/01\/Las-Vegas-1024x484.jpg\" \/>\n<meta name=\"twitter:card\" content=\"summary_large_image\" \/>\n<meta name=\"twitter:label1\" content=\"Gesch\u00e4tzte Lesezeit\" \/>\n\t<meta name=\"twitter:data1\" content=\"4\u00a0Minuten\" \/>\n<script type=\"application\/ld+json\" class=\"yoast-schema-graph\">{\"@context\":\"https:\/\/schema.org\",\"@graph\":[{\"@type\":\"WebPage\",\"@id\":\"https:\/\/usa-gv.com\/de\/las-vegas\/\",\"url\":\"https:\/\/usa-gv.com\/de\/las-vegas\/\",\"name\":\"Las Vegas Tour: Erkundung der Stadt der Unterhaltung - USA-GV.COM\",\"isPartOf\":{\"@id\":\"https:\/\/usa-gv.com\/de\/#website\"},\"primaryImageOfPage\":{\"@id\":\"https:\/\/usa-gv.com\/de\/las-vegas\/#primaryimage\"},\"image\":{\"@id\":\"https:\/\/usa-gv.com\/de\/las-vegas\/#primaryimage\"},\"thumbnailUrl\":\"https:\/\/usa-gv.com\/wp-content\/uploads\/2025\/01\/Las-Vegas-1024x484.jpg\",\"datePublished\":\"2025-01-10T16:36:20+00:00\",\"dateModified\":\"2025-02-25T11:54:08+00:00\",\"breadcrumb\":{\"@id\":\"https:\/\/usa-gv.com\/de\/las-vegas\/#breadcrumb\"},\"inLanguage\":\"de\",\"potentialAction\":[{\"@type\":\"ReadAction\",\"target\":[\"https:\/\/usa-gv.com\/de\/las-vegas\/\"]}]},{\"@type\":\"ImageObject\",\"inLanguage\":\"de\",\"@id\":\"https:\/\/usa-gv.com\/de\/las-vegas\/#primaryimage\",\"url\":\"https:\/\/usa-gv.com\/wp-content\/uploads\/2025\/01\/Las-Vegas-1024x484.jpg\",\"contentUrl\":\"https:\/\/usa-gv.com\/wp-content\/uploads\/2025\/01\/Las-Vegas-1024x484.jpg\"},{\"@type\":\"BreadcrumbList\",\"@id\":\"https:\/\/usa-gv.com\/de\/las-vegas\/#breadcrumb\",\"itemListElement\":[{\"@type\":\"ListItem\",\"position\":1,\"name\":\"Home\",\"item\":\"https:\/\/usa-gv.com\/de\/usa-reisefuehrer\/\"},{\"@type\":\"ListItem\",\"position\":2,\"name\":\"Las Vegas Tour: Erkundung der Stadt der Unterhaltung\"}]},{\"@type\":\"WebSite\",\"@id\":\"https:\/\/usa-gv.com\/de\/#website\",\"url\":\"https:\/\/usa-gv.com\/de\/\",\"name\":\"USA-GV.COM\",\"description\":\"\",\"potentialAction\":[{\"@type\":\"SearchAction\",\"target\":{\"@type\":\"EntryPoint\",\"urlTemplate\":\"https:\/\/usa-gv.com\/de\/?s={search_term_string}\"},\"query-input\":{\"@type\":\"PropertyValueSpecification\",\"valueRequired\":true,\"valueName\":\"search_term_string\"}}],\"inLanguage\":\"de\"}]}<\/script>\n<!-- \/ Yoast SEO plugin. -->","yoast_head_json":{"title":"Las Vegas Tour: Erkundung der Stadt der Unterhaltung - USA-GV.COM","robots":{"index":"index","follow":"follow","max-snippet":"max-snippet:-1","max-image-preview":"max-image-preview:large","max-video-preview":"max-video-preview:-1"},"canonical":"https:\/\/usa-gv.com\/de\/las-vegas\/","og_locale":"de_DE","og_type":"article","og_title":"Las Vegas Tour: Erkundung der Stadt der Unterhaltung - USA-GV.COM","og_description":"Las Vegas inmitten der W\u00fcste von Colorado Willkommen in Las Vegas, der Welthauptstadt der Unterhaltung und ein Muss f\u00fcr alle, die Shows, Kasinos und einzigartige Erlebnisse lieben. Mit seinen pr\u00e4chtigen Hotels, Weltklasse-Restaurants und unvergesslichen Shows verspricht Las Vegas ein unvergleichliches Erlebnis. Warum Las Vegas besuchen? Die wichtigsten Sehensw\u00fcrdigkeiten in Las Vegas 1. Der Strip Entdecken [&hellip;]","og_url":"https:\/\/usa-gv.com\/de\/las-vegas\/","og_site_name":"USA-GV.COM","article_modified_time":"2025-02-25T11:54:08+00:00","og_image":[{"url":"https:\/\/usa-gv.com\/wp-content\/uploads\/2025\/01\/Las-Vegas-1024x484.jpg","type":"","width":"","height":""}],"twitter_card":"summary_large_image","twitter_misc":{"Gesch\u00e4tzte Lesezeit":"4\u00a0Minuten"},"schema":{"@context":"https:\/\/schema.org","@graph":[{"@type":"WebPage","@id":"https:\/\/usa-gv.com\/de\/las-vegas\/","url":"https:\/\/usa-gv.com\/de\/las-vegas\/","name":"Las Vegas Tour: Erkundung der Stadt der Unterhaltung - USA-GV.COM","isPartOf":{"@id":"https:\/\/usa-gv.com\/de\/#website"},"primaryImageOfPage":{"@id":"https:\/\/usa-gv.com\/de\/las-vegas\/#primaryimage"},"image":{"@id":"https:\/\/usa-gv.com\/de\/las-vegas\/#primaryimage"},"thumbnailUrl":"https:\/\/usa-gv.com\/wp-content\/uploads\/2025\/01\/Las-Vegas-1024x484.jpg","datePublished":"2025-01-10T16:36:20+00:00","dateModified":"2025-02-25T11:54:08+00:00","breadcrumb":{"@id":"https:\/\/usa-gv.com\/de\/las-vegas\/#breadcrumb"},"inLanguage":"de","potentialAction":[{"@type":"ReadAction","target":["https:\/\/usa-gv.com\/de\/las-vegas\/"]}]},{"@type":"ImageObject","inLanguage":"de","@id":"https:\/\/usa-gv.com\/de\/las-vegas\/#primaryimage","url":"https:\/\/usa-gv.com\/wp-content\/uploads\/2025\/01\/Las-Vegas-1024x484.jpg","contentUrl":"https:\/\/usa-gv.com\/wp-content\/uploads\/2025\/01\/Las-Vegas-1024x484.jpg"},{"@type":"BreadcrumbList","@id":"https:\/\/usa-gv.com\/de\/las-vegas\/#breadcrumb","itemListElement":[{"@type":"ListItem","position":1,"name":"Home","item":"https:\/\/usa-gv.com\/de\/usa-reisefuehrer\/"},{"@type":"ListItem","position":2,"name":"Las Vegas Tour: Erkundung der Stadt der Unterhaltung"}]},{"@type":"WebSite","@id":"https:\/\/usa-gv.com\/de\/#website","url":"https:\/\/usa-gv.com\/de\/","name":"USA-GV.COM","description":"","potentialAction":[{"@type":"SearchAction","target":{"@type":"EntryPoint","urlTemplate":"https:\/\/usa-gv.com\/de\/?s={search_term_string}"},"query-input":{"@type":"PropertyValueSpecification","valueRequired":true,"valueName":"search_term_string"}}],"inLanguage":"de"}]}},"_links":{"self":[{"href":"https:\/\/usa-gv.com\/de\/wp-json\/wp\/v2\/pages\/6626","targetHints":{"allow":["GET"]}}],"collection":[{"href":"https:\/\/usa-gv.com\/de\/wp-json\/wp\/v2\/pages"}],"about":[{"href":"https:\/\/usa-gv.com\/de\/wp-json\/wp\/v2\/types\/page"}],"author":[{"embeddable":true,"href":"https:\/\/usa-gv.com\/de\/wp-json\/wp\/v2\/users\/1"}],"replies":[{"embeddable":true,"href":"https:\/\/usa-gv.com\/de\/wp-json\/wp\/v2\/comments?post=6626"}],"version-history":[{"count":2,"href":"https:\/\/usa-gv.com\/de\/wp-json\/wp\/v2\/pages\/6626\/revisions"}],"predecessor-version":[{"id":6898,"href":"https:\/\/usa-gv.com\/de\/wp-json\/wp\/v2\/pages\/6626\/revisions\/6898"}],"wp:attachment":[{"href":"https:\/\/usa-gv.com\/de\/wp-json\/wp\/v2\/media?parent=6626"}],"curies":[{"name":"wp","href":"https:\/\/api.w.org\/{rel}","templated":true}]}}