{"id":6408,"date":"2025-01-08T16:58:21","date_gmt":"2025-01-08T16:58:21","guid":{"rendered":"https:\/\/usa-gv.com\/besuchen-san-francisco\/"},"modified":"2025-02-25T11:56:21","modified_gmt":"2025-02-25T11:56:21","slug":"besuchen-san-francisco","status":"publish","type":"page","link":"https:\/\/usa-gv.com\/de\/besuchen-san-francisco\/","title":{"rendered":"San Francisco Tour: Erkundung der Stadt an der Bucht"},"content":{"rendered":"\n<h1 class=\"wp-block-heading\">Besuchen Sie die Stadt San Francisco in den Vereinigten Staaten von Amerika<\/h1>\n\n<p>Willkommen in <a href=\"https:\/\/www.sftravel.com\/\">San Francisco<\/a>, einer der symboltr\u00e4chtigsten St\u00e4dte der USA, die f\u00fcr ihre steilen H\u00fcgel, ihre Panoramablicke und ihre einzigartige Atmosph\u00e4re bekannt ist. Ob Sie sich f\u00fcr Kultur, Geschichte oder spektakul\u00e4re Landschaften interessieren, San Francisco wird Sie verzaubern. <\/p>\n\n<figure class=\"wp-block-image size-large\"><img fetchpriority=\"high\" decoding=\"async\" width=\"1024\" height=\"409\" src=\"https:\/\/usa-gv.com\/wp-content\/uploads\/2025\/01\/San-Francisco-1024x409.jpg\" alt=\"Foto von San Francisco\" class=\"wp-image-6372\" srcset=\"https:\/\/usa-gv.com\/wp-content\/uploads\/2025\/01\/San-Francisco-1024x409.jpg 1024w, https:\/\/usa-gv.com\/wp-content\/uploads\/2025\/01\/San-Francisco-300x120.jpg 300w, https:\/\/usa-gv.com\/wp-content\/uploads\/2025\/01\/San-Francisco-768x306.jpg 768w, https:\/\/usa-gv.com\/wp-content\/uploads\/2025\/01\/San-Francisco-1536x613.jpg 1536w, https:\/\/usa-gv.com\/wp-content\/uploads\/2025\/01\/San-Francisco-2048x817.jpg 2048w\" sizes=\"(max-width: 1024px) 100vw, 1024px\" \/><figcaption class=\"wp-element-caption\">Foto von San Francisco<\/figcaption><\/figure>\n\n<h2 class=\"wp-block-heading\">Warum San Francisco besuchen?<\/h2>\n\n<ul class=\"wp-block-list\">\n<li><strong>Einzigartige Architektur<\/strong>: Die farbenfrohen viktorianischen H\u00e4user und die steilen Stra\u00dfen sind typisch f\u00fcr die Stadt.<\/li>\n\n\n\n<li>Atemberaubende <strong>Landschaften<\/strong>: Genie\u00dfen Sie den Blick auf die Bucht und die ber\u00fchmte Golden Gate Bridge.<\/li>\n\n\n\n<li><strong>Kultureller Reichtum<\/strong>: Eine kosmopolitische Stadt mit einer bl\u00fchenden k\u00fcnstlerischen und kulinarischen Szene.<\/li>\n\n\n\n<li><strong>Eine faszinierende Geschichte<\/strong>: Vom Goldrausch-Boom bis zur Hippie-Revolution hat San Francisco die amerikanische Geschichte gepr\u00e4gt.<\/li>\n<\/ul>\n\n<div style=\"height:10px\" aria-hidden=\"true\" class=\"wp-block-spacer\"><\/div>\n\n<h2 class=\"wp-block-heading\">Die wichtigsten Sehensw\u00fcrdigkeiten in San Francisco<\/h2>\n\n<h3 class=\"wp-block-heading\">1. Golden Gate Bridge<\/h3>\n\n<p>\u00dcberqueren Sie eine der ber\u00fchmtesten Br\u00fccken der Welt zu Fu\u00df, mit dem Fahrrad oder dem Auto. Genie\u00dfen Sie einen unvergesslichen Blick auf die Bucht von der <a href=\"https:\/\/www.goldengate.org\/\">Golden Gate Bridge<\/a> aus.   <\/p>\n\n<h3 class=\"wp-block-heading\">2. Alcatraz<\/h3>\n\n<p>Erkunden Sie das legend\u00e4re ehemalige Gef\u00e4ngnis <a href=\"https:\/\/www.nps.gov\/alca\/index.htm\">Alcatraz<\/a>, das mit der F\u00e4hre erreichbar ist. Erfahren Sie mehr \u00fcber die faszinierende Geschichte der ber\u00fchmten Insassen. <\/p>\n\n<h3 class=\"wp-block-heading\">3. Fisherman&#8217;s Wharf und Pier 39<\/h3>\n\n<p><a href=\"https:\/\/www.pier39.com\/\">Pier 39<\/a> ist ein lebhaftes Viertel mit Fischrestaurants, Gesch\u00e4ften und Seel\u00f6wen, die sich in der Sonne aalen.<\/p>\n\n<h3 class=\"wp-block-heading\">4. Lombard Street<\/h3>\n\n<p>Die <a href=\"https:\/\/www.visitcalifornia.com\/experience\/san-franciscos-lombard-street\/\">Lombard Street<\/a> ist wahrscheinlich die kurvenreichste Stra\u00dfe der Welt und ein Muss f\u00fcr jeden Fotografen.<\/p>\n\n<h3 class=\"wp-block-heading\">5. Chinatown<\/h3>\n\n<p><a href=\"http:\/\/www.sanfranciscochinatown.com\/\">Chinatown San Francisco<\/a> ist das gr\u00f6\u00dfte Chinatown au\u00dferhalb Asiens. In diesem Viertel k\u00f6nnen Sie ganz in die chinesische Kultur eintauchen. <\/p>\n\n<h3 class=\"wp-block-heading\">6. Golden Gate Park<\/h3>\n\n<p>Der <a href=\"https:\/\/www.office-tourisme-usa.com\/etat\/californie\/golden-gate-park\/\">Golden Gate Park<\/a> ist eine riesige Gr\u00fcnfl\u00e4che, die sich perfekt zum Entspannen eignet. Er bietet die M\u00f6glichkeit, Museen zu besuchen oder die Natur zu genie\u00dfen. <\/p>\n\n<div style=\"height:10px\" aria-hidden=\"true\" class=\"wp-block-spacer\"><\/div>\n\n<h2 class=\"wp-block-heading\">Stadtteile, die es zu erkunden gilt<\/h2>\n\n<ul class=\"wp-block-list\">\n<li><strong>Union Square<\/strong>: Das Zentrum f\u00fcr Shopping und Luxushotels.<\/li>\n\n\n\n<li><strong>Mission District<\/strong>: Ein K\u00fcnstlerviertel mit ber\u00fchmten Wandmalereien und einer Boh\u00e8me-Atmosph\u00e4re.<\/li>\n\n\n\n<li><strong>Haight-Ashbury<\/strong>: Wiege der Hippie-Bewegung, mit Vintage-L\u00e4den und einer Retro-Atmosph\u00e4re.<\/li>\n\n\n\n<li><strong>Nob Hill<\/strong>: Ein schickes Viertel mit spektakul\u00e4ren Ausblicken auf die Stadt.<\/li>\n\n\n\n<li><strong>North Beach<\/strong>: Das italienische Viertel mit seinen charmanten Caf\u00e9s und Restaurants.<\/li>\n\n\n\n<li><strong>The Castro<\/strong>: Das Herz der LGBTQ+ Gemeinschaft, reich an Geschichte und Farben.<\/li>\n<\/ul>\n\n<div style=\"height:10px\" aria-hidden=\"true\" class=\"wp-block-spacer\"><\/div>\n\n<h2 class=\"wp-block-heading\">Praktische Ratschl\u00e4ge<\/h2>\n\n<figure class=\"wp-block-table is-style-stripes\"><table><thead><tr><th><strong>Kategorie<\/strong><\/th><th><strong>Ratschl\u00e4ge<\/strong><\/th><\/tr><\/thead><tbody><tr><td><strong>Transport<\/strong><\/td><td>Nutzen Sie die ber\u00fchmten Cable Cars f\u00fcr ein authentisches und praktisches Erlebnis, aber bereiten Sie sich auch darauf vor, durch die steilen Stra\u00dfen der Stadt zu laufen.<\/td><\/tr><tr><td><strong>Wetter<\/strong><\/td><td>Tragen Sie mehrere Schichten Kleidung, da sich das Wetter im Laufe des Tages schnell \u00e4ndern kann, besonders im Sommer mit Morgennebel.<\/td><\/tr><tr><td><strong>Budget<\/strong><\/td><td>Erkunden Sie kostenlose Attraktionen wie den Golden Gate Park und die Lombard Street, aber planen Sie ein Budget f\u00fcr Museen wie das Exploratorium ein.<\/td><\/tr><tr><td><strong>Sicherheit<\/strong><\/td><td>Seien Sie in Touristengebieten wie Fisherman&#8217;s Wharf vorsichtig und lassen Sie keine Wertsachen in Ihrem Auto zur\u00fcck.<\/td><\/tr><tr><td><strong>Kleidung<\/strong><\/td><td>Tragen Sie bequeme Schuhe f\u00fcr Spazierg\u00e4nge in Vierteln wie Chinatown und North Beach und nehmen Sie eine winddichte Jacke mit.<\/td><\/tr><tr><td><strong>Reservierungen<\/strong><\/td><td>Buchen Sie im Voraus, um Alcatraz zu besuchen, das eine der beliebtesten Attraktionen der Stadt ist.<\/td><\/tr><tr><td><strong>Externe Aktivit\u00e4ten<\/strong><\/td><td>Halten Sie einen Fotoapparat bereit, um die spektakul\u00e4re Aussicht von der Golden Gate Bridge oder Twin Peaks einzufangen, besonders an klaren Tagen.<\/td><\/tr><\/tbody><\/table><\/figure>\n\n<ul class=\"wp-block-list\">\n<li><\/li>\n<\/ul>\n\n<div style=\"height:10px\" aria-hidden=\"true\" class=\"wp-block-spacer\"><\/div>\n\n<h2 class=\"wp-block-heading\">Wo kann man in San Francisco gut essen?<\/h2>\n\n<ul class=\"wp-block-list\">\n<li><a href=\"https:\/\/tartinebakery.com\/san-francisco\/bakery\">Tartine Bakery<\/a>: Eine emblematische B\u00e4ckerei f\u00fcr Geb\u00e4ckliebhaber.<\/li>\n\n\n\n<li><a href=\"https:\/\/slanteddoor.com\/sanfrancisco\">The Slanted Door<\/a>: Raffinierte vietnamesische K\u00fcche mit Blick auf die Bucht.<\/li>\n\n\n\n<li><a href=\"https:\/\/en.wikipedia.org\/wiki\/Swan_Oyster_Depot\">Swan Oyster Depot<\/a>: Ein Klassiker f\u00fcr frische Meeresfr\u00fcchte.<\/li>\n\n\n\n<li><a href=\"https:\/\/tonyspizzanapoletana.com\/\">Tony&#8217;s Pizza Napoletana<\/a>: F\u00fcr eine weltweit preisgekr\u00f6nte Pizza.<\/li>\n\n\n\n<li><a href=\"https:\/\/boudinbakery.com\/\">Boudin Bakery<\/a>: Probieren Sie den ber\u00fchmten Clam Chowder in einer Sch\u00fcssel mit Sauerteigbrot.<\/li>\n<\/ul>\n\n<div style=\"height:10px\" aria-hidden=\"true\" class=\"wp-block-spacer\"><\/div>\n\n<h2 class=\"wp-block-heading\">Wann sollte man nach San Francisco reisen?<\/h2>\n\n<p>San Francisco hat ein gem\u00e4\u00dfigtes Klima, aber es ist wichtig zu wissen, dass die Stadt auch im Sommer nebelig sein kann. Der Fr\u00fchling, von M\u00e4rz bis Mai, ist eine ausgezeichnete Reisezeit mit angenehmen Temperaturen und sonnigen Tagen. Der Sommer, von Juni bis August, ist paradoxerweise k\u00fchl, vor allem am Morgen und am Abend, wegen des Nebels, der oft \u00fcber der Stadt liegt. Der Herbst, von September bis November, gilt als die beste Reisezeit, mit warmen Tagen, wenig Nebel und herrlichem Licht. Der Winter, von Dezember bis Februar, ist k\u00fchl und feucht, aber die Attraktionen sind weniger \u00fcberf\u00fcllt, was eine gute Zeit ist, um die Stadt in Ruhe zu erkunden.    <\/p>\n\n<div style=\"height:10px\" aria-hidden=\"true\" class=\"wp-block-spacer\"><\/div>\n\n<h2 class=\"wp-block-heading\">Schlussfolgerung<\/h2>\n\n<p><a href=\"https:\/\/www.sftravel.com\/\">San Francisco<\/a> ist eine einzigartige Stadt, die eine perfekte Mischung aus Kultur, Geschichte und atemberaubenden Landschaften bietet. Ob Sie nun von den ikonischen Denkm\u00e4lern, den lebhaften Vierteln oder der k\u00f6stlichen K\u00fcche angezogen werden, San Francisco verspricht Ihnen ein unvergessliches Erlebnis. <\/p>\n\n<p>Weitere Tipps und pers\u00f6nliche Empfehlungen finden Sie in unseren anderen Reisef\u00fchrern \u00fcber die wichtigsten St\u00e4dte der USA, wie z.B. <a href=\"https:\/\/usa-gv.com\/de\/besuchen-new-york\/\">New York<\/a>, <a href=\"https:\/\/usa-gv.com\/de\/besuchen-los-angeles\/\">Los Angeles<\/a>, <a href=\"https:\/\/usa-gv.com\/de\/chicago\/\">Chicago<\/a>, <a href=\"https:\/\/usa-gv.com\/de\/miami\/\">Miami<\/a> oder <a href=\"https:\/\/usa-gv.com\/de\/las-vegas\/\">Las Vegas<\/a>. Denken Sie daran, dass die <a href=\"https:\/\/usa-gv.com\/de\/formalitaten-usa\/\">Formalit\u00e4ten f\u00fcr eine Reise in die Vereinigten Staaten<\/a> vor dem Einsteigen in das Flugzeug vorbereitet werden m\u00fcssen. <\/p>\n","protected":false},"excerpt":{"rendered":"<p>Besuchen Sie die Stadt San Francisco in den Vereinigten Staaten von Amerika Willkommen in San Francisco, einer der symboltr\u00e4chtigsten St\u00e4dte der USA, die f\u00fcr ihre steilen H\u00fcgel, ihre Panoramablicke und ihre einzigartige Atmosph\u00e4re bekannt ist. Ob Sie sich f\u00fcr Kultur, Geschichte oder spektakul\u00e4re Landschaften interessieren, San Francisco wird Sie verzaubern. Warum San Francisco besuchen? Die [&hellip;]<\/p>\n","protected":false},"author":1,"featured_media":0,"parent":0,"menu_order":0,"comment_status":"closed","ping_status":"closed","template":"","meta":{"footnotes":""},"class_list":["post-6408","page","type-page","status-publish","hentry"],"yoast_head":"<!-- This site is optimized with the Yoast SEO plugin v26.6 - https:\/\/yoast.com\/wordpress\/plugins\/seo\/ -->\n<title>San Francisco Tour: Erkundung der Stadt an der Bucht - USA-GV.COM<\/title>\n<meta name=\"description\" content=\"Lesen Sie unseren Reisef\u00fchrer \u00fcber die K\u00fcstenstadt San Francisco. Wir geben Ihnen die besten Tipps f\u00fcr einen erfolgreichen Aufenthalt.\" \/>\n<meta name=\"robots\" content=\"index, follow, max-snippet:-1, max-image-preview:large, max-video-preview:-1\" \/>\n<link rel=\"canonical\" href=\"https:\/\/usa-gv.com\/de\/besuchen-san-francisco\/\" \/>\n<meta property=\"og:locale\" content=\"de_DE\" \/>\n<meta property=\"og:type\" content=\"article\" \/>\n<meta property=\"og:title\" content=\"San Francisco Tour: Erkundung der Stadt an der Bucht - USA-GV.COM\" \/>\n<meta property=\"og:description\" content=\"Lesen Sie unseren Reisef\u00fchrer \u00fcber die K\u00fcstenstadt San Francisco. Wir geben Ihnen die besten Tipps f\u00fcr einen erfolgreichen Aufenthalt.\" \/>\n<meta property=\"og:url\" content=\"https:\/\/usa-gv.com\/de\/besuchen-san-francisco\/\" \/>\n<meta property=\"og:site_name\" content=\"USA-GV.COM\" \/>\n<meta property=\"article:modified_time\" content=\"2025-02-25T11:56:21+00:00\" \/>\n<meta property=\"og:image\" content=\"https:\/\/usa-gv.com\/wp-content\/uploads\/2025\/01\/San-Francisco-1024x409.jpg\" \/>\n<meta name=\"twitter:card\" content=\"summary_large_image\" \/>\n<meta name=\"twitter:label1\" content=\"Gesch\u00e4tzte Lesezeit\" \/>\n\t<meta name=\"twitter:data1\" content=\"4\u00a0Minuten\" \/>\n<script type=\"application\/ld+json\" class=\"yoast-schema-graph\">{\"@context\":\"https:\/\/schema.org\",\"@graph\":[{\"@type\":\"WebPage\",\"@id\":\"https:\/\/usa-gv.com\/de\/besuchen-san-francisco\/\",\"url\":\"https:\/\/usa-gv.com\/de\/besuchen-san-francisco\/\",\"name\":\"San Francisco Tour: Erkundung der Stadt an der Bucht - USA-GV.COM\",\"isPartOf\":{\"@id\":\"https:\/\/usa-gv.com\/de\/#website\"},\"primaryImageOfPage\":{\"@id\":\"https:\/\/usa-gv.com\/de\/besuchen-san-francisco\/#primaryimage\"},\"image\":{\"@id\":\"https:\/\/usa-gv.com\/de\/besuchen-san-francisco\/#primaryimage\"},\"thumbnailUrl\":\"https:\/\/usa-gv.com\/wp-content\/uploads\/2025\/01\/San-Francisco-1024x409.jpg\",\"datePublished\":\"2025-01-08T16:58:21+00:00\",\"dateModified\":\"2025-02-25T11:56:21+00:00\",\"description\":\"Lesen Sie unseren Reisef\u00fchrer \u00fcber die K\u00fcstenstadt San Francisco. Wir geben Ihnen die besten Tipps f\u00fcr einen erfolgreichen Aufenthalt.\",\"breadcrumb\":{\"@id\":\"https:\/\/usa-gv.com\/de\/besuchen-san-francisco\/#breadcrumb\"},\"inLanguage\":\"de\",\"potentialAction\":[{\"@type\":\"ReadAction\",\"target\":[\"https:\/\/usa-gv.com\/de\/besuchen-san-francisco\/\"]}]},{\"@type\":\"ImageObject\",\"inLanguage\":\"de\",\"@id\":\"https:\/\/usa-gv.com\/de\/besuchen-san-francisco\/#primaryimage\",\"url\":\"https:\/\/usa-gv.com\/wp-content\/uploads\/2025\/01\/San-Francisco-1024x409.jpg\",\"contentUrl\":\"https:\/\/usa-gv.com\/wp-content\/uploads\/2025\/01\/San-Francisco-1024x409.jpg\"},{\"@type\":\"BreadcrumbList\",\"@id\":\"https:\/\/usa-gv.com\/de\/besuchen-san-francisco\/#breadcrumb\",\"itemListElement\":[{\"@type\":\"ListItem\",\"position\":1,\"name\":\"Home\",\"item\":\"https:\/\/usa-gv.com\/de\/usa-reisefuehrer\/\"},{\"@type\":\"ListItem\",\"position\":2,\"name\":\"San Francisco Tour: Erkundung der Stadt an der Bucht\"}]},{\"@type\":\"WebSite\",\"@id\":\"https:\/\/usa-gv.com\/de\/#website\",\"url\":\"https:\/\/usa-gv.com\/de\/\",\"name\":\"USA-GV.COM\",\"description\":\"\",\"potentialAction\":[{\"@type\":\"SearchAction\",\"target\":{\"@type\":\"EntryPoint\",\"urlTemplate\":\"https:\/\/usa-gv.com\/de\/?s={search_term_string}\"},\"query-input\":{\"@type\":\"PropertyValueSpecification\",\"valueRequired\":true,\"valueName\":\"search_term_string\"}}],\"inLanguage\":\"de\"}]}<\/script>\n<!-- \/ Yoast SEO plugin. -->","yoast_head_json":{"title":"San Francisco Tour: Erkundung der Stadt an der Bucht - USA-GV.COM","description":"Lesen Sie unseren Reisef\u00fchrer \u00fcber die K\u00fcstenstadt San Francisco. Wir geben Ihnen die besten Tipps f\u00fcr einen erfolgreichen Aufenthalt.","robots":{"index":"index","follow":"follow","max-snippet":"max-snippet:-1","max-image-preview":"max-image-preview:large","max-video-preview":"max-video-preview:-1"},"canonical":"https:\/\/usa-gv.com\/de\/besuchen-san-francisco\/","og_locale":"de_DE","og_type":"article","og_title":"San Francisco Tour: Erkundung der Stadt an der Bucht - USA-GV.COM","og_description":"Lesen Sie unseren Reisef\u00fchrer \u00fcber die K\u00fcstenstadt San Francisco. Wir geben Ihnen die besten Tipps f\u00fcr einen erfolgreichen Aufenthalt.","og_url":"https:\/\/usa-gv.com\/de\/besuchen-san-francisco\/","og_site_name":"USA-GV.COM","article_modified_time":"2025-02-25T11:56:21+00:00","og_image":[{"url":"https:\/\/usa-gv.com\/wp-content\/uploads\/2025\/01\/San-Francisco-1024x409.jpg","type":"","width":"","height":""}],"twitter_card":"summary_large_image","twitter_misc":{"Gesch\u00e4tzte Lesezeit":"4\u00a0Minuten"},"schema":{"@context":"https:\/\/schema.org","@graph":[{"@type":"WebPage","@id":"https:\/\/usa-gv.com\/de\/besuchen-san-francisco\/","url":"https:\/\/usa-gv.com\/de\/besuchen-san-francisco\/","name":"San Francisco Tour: Erkundung der Stadt an der Bucht - USA-GV.COM","isPartOf":{"@id":"https:\/\/usa-gv.com\/de\/#website"},"primaryImageOfPage":{"@id":"https:\/\/usa-gv.com\/de\/besuchen-san-francisco\/#primaryimage"},"image":{"@id":"https:\/\/usa-gv.com\/de\/besuchen-san-francisco\/#primaryimage"},"thumbnailUrl":"https:\/\/usa-gv.com\/wp-content\/uploads\/2025\/01\/San-Francisco-1024x409.jpg","datePublished":"2025-01-08T16:58:21+00:00","dateModified":"2025-02-25T11:56:21+00:00","description":"Lesen Sie unseren Reisef\u00fchrer \u00fcber die K\u00fcstenstadt San Francisco. Wir geben Ihnen die besten Tipps f\u00fcr einen erfolgreichen Aufenthalt.","breadcrumb":{"@id":"https:\/\/usa-gv.com\/de\/besuchen-san-francisco\/#breadcrumb"},"inLanguage":"de","potentialAction":[{"@type":"ReadAction","target":["https:\/\/usa-gv.com\/de\/besuchen-san-francisco\/"]}]},{"@type":"ImageObject","inLanguage":"de","@id":"https:\/\/usa-gv.com\/de\/besuchen-san-francisco\/#primaryimage","url":"https:\/\/usa-gv.com\/wp-content\/uploads\/2025\/01\/San-Francisco-1024x409.jpg","contentUrl":"https:\/\/usa-gv.com\/wp-content\/uploads\/2025\/01\/San-Francisco-1024x409.jpg"},{"@type":"BreadcrumbList","@id":"https:\/\/usa-gv.com\/de\/besuchen-san-francisco\/#breadcrumb","itemListElement":[{"@type":"ListItem","position":1,"name":"Home","item":"https:\/\/usa-gv.com\/de\/usa-reisefuehrer\/"},{"@type":"ListItem","position":2,"name":"San Francisco Tour: Erkundung der Stadt an der Bucht"}]},{"@type":"WebSite","@id":"https:\/\/usa-gv.com\/de\/#website","url":"https:\/\/usa-gv.com\/de\/","name":"USA-GV.COM","description":"","potentialAction":[{"@type":"SearchAction","target":{"@type":"EntryPoint","urlTemplate":"https:\/\/usa-gv.com\/de\/?s={search_term_string}"},"query-input":{"@type":"PropertyValueSpecification","valueRequired":true,"valueName":"search_term_string"}}],"inLanguage":"de"}]}},"_links":{"self":[{"href":"https:\/\/usa-gv.com\/de\/wp-json\/wp\/v2\/pages\/6408","targetHints":{"allow":["GET"]}}],"collection":[{"href":"https:\/\/usa-gv.com\/de\/wp-json\/wp\/v2\/pages"}],"about":[{"href":"https:\/\/usa-gv.com\/de\/wp-json\/wp\/v2\/types\/page"}],"author":[{"embeddable":true,"href":"https:\/\/usa-gv.com\/de\/wp-json\/wp\/v2\/users\/1"}],"replies":[{"embeddable":true,"href":"https:\/\/usa-gv.com\/de\/wp-json\/wp\/v2\/comments?post=6408"}],"version-history":[{"count":5,"href":"https:\/\/usa-gv.com\/de\/wp-json\/wp\/v2\/pages\/6408\/revisions"}],"predecessor-version":[{"id":6840,"href":"https:\/\/usa-gv.com\/de\/wp-json\/wp\/v2\/pages\/6408\/revisions\/6840"}],"wp:attachment":[{"href":"https:\/\/usa-gv.com\/de\/wp-json\/wp\/v2\/media?parent=6408"}],"curies":[{"name":"wp","href":"https:\/\/api.w.org\/{rel}","templated":true}]}}