{"id":6085,"date":"2025-01-08T07:51:05","date_gmt":"2025-01-08T07:51:05","guid":{"rendered":"https:\/\/usa-gv.com\/usa-reisefuehrer\/"},"modified":"2025-02-25T11:50:33","modified_gmt":"2025-02-25T11:50:33","slug":"usa-reisefuehrer","status":"publish","type":"page","link":"https:\/\/usa-gv.com\/de\/","title":{"rendered":"Reisef\u00fchrer f\u00fcr die Vereinigten Staaten"},"content":{"rendered":"\n<h1 class=\"wp-block-heading\">Willkommen bei unserem Reisef\u00fchrer f\u00fcr die USA<\/h1>\n\n<p>Entdecken Sie die Wunder der USA mit unserem umfassenden Reisef\u00fchrer, der Ihnen bei der Planung Ihrer Traumreise helfen soll. Von den Wolkenkratzern New Yorks bis zu den sonnigen Str\u00e4nden Kaliforniens, tauchen Sie ein in die Vielfalt und den kulturellen Reichtum dieses riesigen Landes. <\/p>\n\n<h2 class=\"wp-block-heading\">Entdecken Sie die wichtigsten St\u00e4dte der Vereinigten Staaten von Amerika<\/h2>\n\n<p>Hier finden Sie eine Liste der wichtigsten St\u00e4dte der USA, jede mit ihren einzigartigen Sch\u00e4tzen. Klicken Sie auf ein Reiseziel, um zu einem detaillierten Reisef\u00fchrer mit den besten Sehensw\u00fcrdigkeiten, praktischen Tipps und Empfehlungen zu gelangen. <\/p>\n\n<ul class=\"wp-block-list\">\n<li><a href=\"https:\/\/usa-gv.com\/de\/besuchen-new-york\/\">New York<\/a>: Die Stadt, die niemals schl\u00e4ft, mit Wahrzeichen wie dem Times Square, der Freiheitsstatue und dem Central Park.<\/li>\n\n\n\n<li><a href=\"https:\/\/usa-gv.com\/de\/besuchen-los-angeles\/\">Los Angeles<\/a>: Hauptstadt des Films und der goldenen Str\u00e4nde, von Hollywood bis Santa Monica.<\/li>\n\n\n\n<li><a href=\"https:\/\/usa-gv.com\/de\/chicago\/\">Chicago<\/a>: Gewagte Architektur und die Ufer des Lake Michigan.<\/li>\n\n\n\n<li><a href=\"https:\/\/usa-gv.com\/de\/miami\/\">Miami<\/a>: Sonne, Art Deco und lateinamerikanische Kultur.<\/li>\n\n\n\n<li><a href=\"https:\/\/usa-gv.com\/de\/las-vegas\/\">Las Vegas<\/a>: Der Glanz der Kasinos und Shows inmitten der W\u00fcste.<\/li>\n\n\n\n<li><a href=\"https:\/\/usa-gv.com\/de\/besuchen-san-francisco\/\">San Francisco<\/a>: Die legend\u00e4re Golden Gate Bridge und die steilen Stra\u00dfen.<\/li>\n\n\n\n<li><a href=\"https:\/\/usa-gv.com\/de\/orlando\/\">Orlando<\/a>: Das Paradies der Vergn\u00fcgungsparks wie Disney und Universal Studios.<\/li>\n\n\n\n<li><a href=\"https:\/\/usa-gv.com\/de\/boston\/\">Boston<\/a>: Geschichte und Charme der amerikanischen Kolonialzeit.<\/li>\n\n\n\n<li><a href=\"https:\/\/usa-gv.com\/de\/washington\/\">Washington<\/a>: Symbolische Denkm\u00e4ler und kostenlose Museen.<\/li>\n\n\n\n<li><strong>Seattle<\/strong>: Die Stadt der Innovation und der atemberaubenden Landschaften.<\/li>\n\n\n\n<li><strong>Houston<\/strong>: Die texanische Kultur und das NASA Space Center.<\/li>\n\n\n\n<li><strong>Denver<\/strong>: Tor zu den Rocky Mountains und Outdoor-Abenteuern.<\/li>\n\n\n\n<li><strong>New Orleans<\/strong>: Wiege des Jazz und des Feierns mit dem ber\u00fchmten Mardi Gras.<\/li>\n\n\n\n<li><strong>Honolulu<\/strong>: Paradiesische Flucht auf die hawaiianischen Inseln.<\/li>\n<\/ul>\n\n<div style=\"height:20px\" aria-hidden=\"true\" class=\"wp-block-spacer\"><\/div>\n\n<figure class=\"wp-block-image size-large\"><img fetchpriority=\"high\" decoding=\"async\" width=\"1024\" height=\"623\" src=\"https:\/\/usa-gv.com\/wp-content\/uploads\/2025\/01\/USA-map-1024x623.jpg\" alt=\"\" class=\"wp-image-6677\" srcset=\"https:\/\/usa-gv.com\/wp-content\/uploads\/2025\/01\/USA-map-1024x623.jpg 1024w, https:\/\/usa-gv.com\/wp-content\/uploads\/2025\/01\/USA-map-300x183.jpg 300w, https:\/\/usa-gv.com\/wp-content\/uploads\/2025\/01\/USA-map-768x467.jpg 768w, https:\/\/usa-gv.com\/wp-content\/uploads\/2025\/01\/USA-map.jpg 1527w\" sizes=\"(max-width: 1024px) 100vw, 1024px\" \/><\/figure>\n\n<p>Denken Sie daran, Ihre <a href=\"https:\/\/usa-gv.com\/de\/formalitaten-usa\/\">Reiseformalit\u00e4ten<\/a> rechtzeitig vor den letzten Tagen vor Ihrer Abreise in die Vereinigten Staaten zu erledigen.<\/p>\n\n<h2 class=\"wp-block-heading\">Entdecken Sie die Nationalparks der Vereinigten Staaten<\/h2>\n\n<p>Hier finden Sie eine Liste der symboltr\u00e4chtigsten Nationalparks der USA, die Sie besuchen k\u00f6nnen, nach Regionen geordnet. Jeder bietet einzigartige Landschaften und unvergessliche Erlebnisse: <\/p>\n\n<h3 class=\"wp-block-heading\">Nationalparks im Westen der USA :<\/h3>\n\n<ul class=\"wp-block-list\">\n<li><strong>Yellowstone (Wyoming, Montana, Idaho)<\/strong>: Geysire, farbenfrohe hei\u00dfe Quellen, reiche Fauna (B\u00fcffel, B\u00e4ren, W\u00f6lfe).<\/li>\n\n\n\n<li><strong>Grand Teton (Wyoming)<\/strong>: Majest\u00e4tische Berge, Alpenseen und spektakul\u00e4re Wanderungen.<\/li>\n\n\n\n<li><strong>Yosemite (Kalifornien)<\/strong>: Granitklippen, Wasserf\u00e4lle, Riesenmammutb\u00e4ume (Mariposa Grove).<\/li>\n\n\n\n<li><strong>Grand Canyon (Arizona)<\/strong>: Riesige Schlucht, die vom Colorado River geformt wurde, Panoramablick.<\/li>\n\n\n\n<li><strong>Zion (Utah)<\/strong>: Rote Sandstein-Canyons, ber\u00fchmte Wanderungen wie Angel&#8217;s Landing.<\/li>\n\n\n\n<li><strong>Bryce Canyon (Utah<\/strong> ): Feenkamine (Hoodoos) und \u00fcbernat\u00fcrliche Landschaften.<\/li>\n\n\n\n<li><strong>Death Valley (Kalifornien, Nevada)<\/strong>: Hei\u00dfeste W\u00fcste, Sandd\u00fcnen, Badwater Basin (tiefster Punkt der USA).<\/li>\n\n\n\n<li><strong>Arches (Utah)<\/strong>: Mehr als 2.000 nat\u00fcrliche Sandsteinb\u00f6gen.<\/li>\n\n\n\n<li><strong>Sequoia &amp; Kings Canyon (Kalifornien)<\/strong>: Riesige B\u00e4ume, darunter der ber\u00fchmte General Sherman Tree, und Berge.<\/li>\n\n\n\n<li><strong>Olympic (Washington)<\/strong>: Regenw\u00e4lder, Berge und wilde Str\u00e4nde.<\/li>\n<\/ul>\n\n<div style=\"height:10px\" aria-hidden=\"true\" class=\"wp-block-spacer\"><\/div>\n\n<h3 class=\"wp-block-heading\">Nationalparks im Zentrum der Vereinigten Staaten :<\/h3>\n\n<ul class=\"wp-block-list\">\n<li><strong>Rocky Mountain (Colorado)<\/strong>: Schneebedeckte Gipfel, Bergseen und eine vielf\u00e4ltige Tierwelt.<\/li>\n\n\n\n<li><strong>Badlands (South Dakota)<\/strong>: Spektakul\u00e4re Felsformationen und Fossilien.<\/li>\n\n\n\n<li><strong>Great Sand Dunes (Colorado)<\/strong>: Die h\u00f6chsten Sandd\u00fcnen in Nordamerika.<\/li>\n\n\n\n<li><strong>Wind Cave (South Dakota)<\/strong>: Einzigartiges H\u00f6hlensystem und Wiesen.<\/li>\n<\/ul>\n\n<div style=\"height:10px\" aria-hidden=\"true\" class=\"wp-block-spacer\"><\/div>\n\n<h3 class=\"wp-block-heading\">Nationalparks im S\u00fcden der USA :<\/h3>\n\n<ul class=\"wp-block-list\">\n<li><a href=\"https:\/\/www.nps.gov\/bibe\/index.htm\">Big Bend in Texas<\/a>: W\u00fcsten, Canyons und der Rio Grande.<\/li>\n\n\n\n<li><a href=\"https:\/\/fr.visittheusa.ca\/destination\/everglades-national-park\">Everglades in Florida<\/a>: Sumpfgebiete, Alligatoren und Vogelbeobachtung.<\/li>\n\n\n\n<li><a href=\"https:\/\/www.nps.gov\/cave\/index.htm\">Carlsbad Caverns<\/a> in New Mexico: Ein beeindruckendes Netzwerk von unterirdischen H\u00f6hlen.<\/li>\n<\/ul>\n\n<div style=\"height:10px\" aria-hidden=\"true\" class=\"wp-block-spacer\"><\/div>\n\n<h3 class=\"wp-block-heading\">Nationalparks im Osten der USA :<\/h3>\n\n<ul class=\"wp-block-list\">\n<li><strong>Great Smoky Mountains<\/strong> (Tennessee, North Carolina): Nebelige Berge, Wasserf\u00e4lle und bewaldete Wanderwege.<\/li>\n\n\n\n<li><strong>Acadia<\/strong> (Maine) : Felsenk\u00fcste, Berge und K\u00fcstenw\u00e4lder.<\/li>\n\n\n\n<li><strong>Shenandoah<\/strong> (Virginia) : Malerisches Tal und Wanderungen auf dem Skyline Drive.<\/li>\n<\/ul>\n\n<div style=\"height:10px\" aria-hidden=\"true\" class=\"wp-block-spacer\"><\/div>\n\n<h3 class=\"wp-block-heading\">Nationalparks in Alaska und Hawaii :<\/h3>\n\n<ul class=\"wp-block-list\">\n<li><strong>Denali (Alaska)<\/strong>: Mount Denali (h\u00f6chster Gipfel Nordamerikas), wilde Landschaften und Tierwelt.<\/li>\n\n\n\n<li><strong>Glacier Bay (Alaska)<\/strong>: Fjorde, Gletscher und Walbeobachtung.<\/li>\n\n\n\n<li><strong>Haleakal\u0101 (Hawaii)<\/strong>: Spektakul\u00e4rer Sonnenaufgang \u00fcber dem Vulkankrater.<\/li>\n\n\n\n<li><strong>Volcanoes National Park (Hawaii)<\/strong>: Aktive Vulkane, Lavastr\u00f6me und Mondlandschaften.<\/li>\n<\/ul>\n\n<div style=\"height:10px\" aria-hidden=\"true\" class=\"wp-block-spacer\"><\/div>\n\n<p>Diese Parks bieten eine gro\u00dfe Vielfalt an Landschaften und Aktivit\u00e4ten, von Wanderungen \u00fcber Tierbeobachtungen bis hin zu kulturellen Erlebnissen.  <\/p>\n","protected":false},"excerpt":{"rendered":"<p>Willkommen bei unserem Reisef\u00fchrer f\u00fcr die USA Entdecken Sie die Wunder der USA mit unserem umfassenden Reisef\u00fchrer, der Ihnen bei der Planung Ihrer Traumreise helfen soll. Von den Wolkenkratzern New Yorks bis zu den sonnigen Str\u00e4nden Kaliforniens, tauchen Sie ein in die Vielfalt und den kulturellen Reichtum dieses riesigen Landes. Entdecken Sie die wichtigsten St\u00e4dte [&hellip;]<\/p>\n","protected":false},"author":1,"featured_media":0,"parent":0,"menu_order":0,"comment_status":"closed","ping_status":"closed","template":"","meta":{"footnotes":""},"class_list":["post-6085","page","type-page","status-publish","hentry"],"yoast_head":"<!-- This site is optimized with the Yoast SEO plugin v26.6 - https:\/\/yoast.com\/wordpress\/plugins\/seo\/ -->\n<title>Reisef\u00fchrer f\u00fcr die Vereinigten Staaten - USA-GV.COM<\/title>\n<meta name=\"description\" content=\"Entdecken Sie unseren Reisef\u00fchrer f\u00fcr touristische Aufenthalte in den Vereinigten Staaten. Wir teilen alle unsere besten Erfahrungen mit Ihnen.\" \/>\n<meta name=\"robots\" content=\"index, follow, max-snippet:-1, max-image-preview:large, max-video-preview:-1\" \/>\n<link rel=\"canonical\" href=\"https:\/\/usa-gv.com\/de\/\" \/>\n<meta property=\"og:locale\" content=\"de_DE\" \/>\n<meta property=\"og:type\" content=\"article\" \/>\n<meta property=\"og:title\" content=\"Reisef\u00fchrer f\u00fcr die Vereinigten Staaten - USA-GV.COM\" \/>\n<meta property=\"og:description\" content=\"Entdecken Sie unseren Reisef\u00fchrer f\u00fcr touristische Aufenthalte in den Vereinigten Staaten. Wir teilen alle unsere besten Erfahrungen mit Ihnen.\" \/>\n<meta property=\"og:url\" content=\"https:\/\/usa-gv.com\/de\/\" \/>\n<meta property=\"og:site_name\" content=\"USA-GV.COM\" \/>\n<meta property=\"article:modified_time\" content=\"2025-02-25T11:50:33+00:00\" \/>\n<meta property=\"og:image\" content=\"https:\/\/usa-gv.com\/wp-content\/uploads\/2025\/01\/USA-map-1024x623.jpg\" \/>\n<meta name=\"twitter:card\" content=\"summary_large_image\" \/>\n<meta name=\"twitter:label1\" content=\"Gesch\u00e4tzte Lesezeit\" \/>\n\t<meta name=\"twitter:data1\" content=\"3\u00a0Minuten\" \/>\n<script type=\"application\/ld+json\" class=\"yoast-schema-graph\">{\"@context\":\"https:\/\/schema.org\",\"@graph\":[{\"@type\":\"WebPage\",\"@id\":\"https:\/\/usa-gv.com\/de\/\",\"url\":\"https:\/\/usa-gv.com\/de\/\",\"name\":\"Reisef\u00fchrer f\u00fcr die Vereinigten Staaten - USA-GV.COM\",\"isPartOf\":{\"@id\":\"https:\/\/usa-gv.com\/de\/#website\"},\"primaryImageOfPage\":{\"@id\":\"https:\/\/usa-gv.com\/de\/#primaryimage\"},\"image\":{\"@id\":\"https:\/\/usa-gv.com\/de\/#primaryimage\"},\"thumbnailUrl\":\"https:\/\/usa-gv.com\/wp-content\/uploads\/2025\/01\/USA-map-1024x623.jpg\",\"datePublished\":\"2025-01-08T07:51:05+00:00\",\"dateModified\":\"2025-02-25T11:50:33+00:00\",\"description\":\"Entdecken Sie unseren Reisef\u00fchrer f\u00fcr touristische Aufenthalte in den Vereinigten Staaten. Wir teilen alle unsere besten Erfahrungen mit Ihnen.\",\"breadcrumb\":{\"@id\":\"https:\/\/usa-gv.com\/de\/#breadcrumb\"},\"inLanguage\":\"de\",\"potentialAction\":[{\"@type\":\"ReadAction\",\"target\":[\"https:\/\/usa-gv.com\/de\/\"]}]},{\"@type\":\"ImageObject\",\"inLanguage\":\"de\",\"@id\":\"https:\/\/usa-gv.com\/de\/#primaryimage\",\"url\":\"https:\/\/usa-gv.com\/wp-content\/uploads\/2025\/01\/USA-map-1024x623.jpg\",\"contentUrl\":\"https:\/\/usa-gv.com\/wp-content\/uploads\/2025\/01\/USA-map-1024x623.jpg\"},{\"@type\":\"BreadcrumbList\",\"@id\":\"https:\/\/usa-gv.com\/de\/#breadcrumb\",\"itemListElement\":[{\"@type\":\"ListItem\",\"position\":1,\"name\":\"Home\",\"item\":\"https:\/\/usa-gv.com\/de\/usa-reisefuehrer\/\"},{\"@type\":\"ListItem\",\"position\":2,\"name\":\"Reisef\u00fchrer f\u00fcr die Vereinigten Staaten\"}]},{\"@type\":\"WebSite\",\"@id\":\"https:\/\/usa-gv.com\/de\/#website\",\"url\":\"https:\/\/usa-gv.com\/de\/\",\"name\":\"USA-GV.COM\",\"description\":\"\",\"potentialAction\":[{\"@type\":\"SearchAction\",\"target\":{\"@type\":\"EntryPoint\",\"urlTemplate\":\"https:\/\/usa-gv.com\/de\/?s={search_term_string}\"},\"query-input\":{\"@type\":\"PropertyValueSpecification\",\"valueRequired\":true,\"valueName\":\"search_term_string\"}}],\"inLanguage\":\"de\"}]}<\/script>\n<!-- \/ Yoast SEO plugin. -->","yoast_head_json":{"title":"Reisef\u00fchrer f\u00fcr die Vereinigten Staaten - USA-GV.COM","description":"Entdecken Sie unseren Reisef\u00fchrer f\u00fcr touristische Aufenthalte in den Vereinigten Staaten. Wir teilen alle unsere besten Erfahrungen mit Ihnen.","robots":{"index":"index","follow":"follow","max-snippet":"max-snippet:-1","max-image-preview":"max-image-preview:large","max-video-preview":"max-video-preview:-1"},"canonical":"https:\/\/usa-gv.com\/de\/","og_locale":"de_DE","og_type":"article","og_title":"Reisef\u00fchrer f\u00fcr die Vereinigten Staaten - USA-GV.COM","og_description":"Entdecken Sie unseren Reisef\u00fchrer f\u00fcr touristische Aufenthalte in den Vereinigten Staaten. Wir teilen alle unsere besten Erfahrungen mit Ihnen.","og_url":"https:\/\/usa-gv.com\/de\/","og_site_name":"USA-GV.COM","article_modified_time":"2025-02-25T11:50:33+00:00","og_image":[{"url":"https:\/\/usa-gv.com\/wp-content\/uploads\/2025\/01\/USA-map-1024x623.jpg","type":"","width":"","height":""}],"twitter_card":"summary_large_image","twitter_misc":{"Gesch\u00e4tzte Lesezeit":"3\u00a0Minuten"},"schema":{"@context":"https:\/\/schema.org","@graph":[{"@type":"WebPage","@id":"https:\/\/usa-gv.com\/de\/","url":"https:\/\/usa-gv.com\/de\/","name":"Reisef\u00fchrer f\u00fcr die Vereinigten Staaten - USA-GV.COM","isPartOf":{"@id":"https:\/\/usa-gv.com\/de\/#website"},"primaryImageOfPage":{"@id":"https:\/\/usa-gv.com\/de\/#primaryimage"},"image":{"@id":"https:\/\/usa-gv.com\/de\/#primaryimage"},"thumbnailUrl":"https:\/\/usa-gv.com\/wp-content\/uploads\/2025\/01\/USA-map-1024x623.jpg","datePublished":"2025-01-08T07:51:05+00:00","dateModified":"2025-02-25T11:50:33+00:00","description":"Entdecken Sie unseren Reisef\u00fchrer f\u00fcr touristische Aufenthalte in den Vereinigten Staaten. Wir teilen alle unsere besten Erfahrungen mit Ihnen.","breadcrumb":{"@id":"https:\/\/usa-gv.com\/de\/#breadcrumb"},"inLanguage":"de","potentialAction":[{"@type":"ReadAction","target":["https:\/\/usa-gv.com\/de\/"]}]},{"@type":"ImageObject","inLanguage":"de","@id":"https:\/\/usa-gv.com\/de\/#primaryimage","url":"https:\/\/usa-gv.com\/wp-content\/uploads\/2025\/01\/USA-map-1024x623.jpg","contentUrl":"https:\/\/usa-gv.com\/wp-content\/uploads\/2025\/01\/USA-map-1024x623.jpg"},{"@type":"BreadcrumbList","@id":"https:\/\/usa-gv.com\/de\/#breadcrumb","itemListElement":[{"@type":"ListItem","position":1,"name":"Home","item":"https:\/\/usa-gv.com\/de\/usa-reisefuehrer\/"},{"@type":"ListItem","position":2,"name":"Reisef\u00fchrer f\u00fcr die Vereinigten Staaten"}]},{"@type":"WebSite","@id":"https:\/\/usa-gv.com\/de\/#website","url":"https:\/\/usa-gv.com\/de\/","name":"USA-GV.COM","description":"","potentialAction":[{"@type":"SearchAction","target":{"@type":"EntryPoint","urlTemplate":"https:\/\/usa-gv.com\/de\/?s={search_term_string}"},"query-input":{"@type":"PropertyValueSpecification","valueRequired":true,"valueName":"search_term_string"}}],"inLanguage":"de"}]}},"_links":{"self":[{"href":"https:\/\/usa-gv.com\/de\/wp-json\/wp\/v2\/pages\/6085","targetHints":{"allow":["GET"]}}],"collection":[{"href":"https:\/\/usa-gv.com\/de\/wp-json\/wp\/v2\/pages"}],"about":[{"href":"https:\/\/usa-gv.com\/de\/wp-json\/wp\/v2\/types\/page"}],"author":[{"embeddable":true,"href":"https:\/\/usa-gv.com\/de\/wp-json\/wp\/v2\/users\/1"}],"replies":[{"embeddable":true,"href":"https:\/\/usa-gv.com\/de\/wp-json\/wp\/v2\/comments?post=6085"}],"version-history":[{"count":15,"href":"https:\/\/usa-gv.com\/de\/wp-json\/wp\/v2\/pages\/6085\/revisions"}],"predecessor-version":[{"id":7028,"href":"https:\/\/usa-gv.com\/de\/wp-json\/wp\/v2\/pages\/6085\/revisions\/7028"}],"wp:attachment":[{"href":"https:\/\/usa-gv.com\/de\/wp-json\/wp\/v2\/media?parent=6085"}],"curies":[{"name":"wp","href":"https:\/\/api.w.org\/{rel}","templated":true}]}}