{"id":3722,"date":"2024-04-06T07:11:38","date_gmt":"2024-04-06T07:11:38","guid":{"rendered":"https:\/\/usa-gv.com\/touristenvisum-usa\/"},"modified":"2025-02-25T11:53:48","modified_gmt":"2025-02-25T11:53:48","slug":"touristenvisum-usa","status":"publish","type":"page","link":"https:\/\/usa-gv.com\/de\/touristenvisum-usa\/","title":{"rendered":"Touristenvisum f\u00fcr Reisen in die USA"},"content":{"rendered":"\n<h1 class=\"wp-block-heading\">Ein Touristenvisum f\u00fcr die Einreise in die USA beantragen<\/h1>\n\n<p>Ein Touristenvisum erlaubt es einem ausl\u00e4ndischen Staatsb\u00fcrger, sich f\u00fcr eine bestimmte Zeit in den Vereinigten Staaten aufzuhalten.  <\/p>\n\n<p><strong>F\u00fcr einen Aufenthalt von weniger als 90 Tagen<\/strong>: Sie brauchen kein Touristenvisum zu beantragen, wenn Ihr Land Mitglied des <a href=\"https:\/\/usa-gv.com\/de\/visa-waiver-program-usa\/\">Visa Waiver Program<\/a> ist. Sie k\u00f6nnen eine elektronische Reisegenehmigung in wenigen Minuten beantragen, indem Sie auf <a href=\"https:\/\/usa-gv.com\/de\/esta-online-formular\/\">ESTA-Online-Formular<\/a> klicken.<\/p>\n\n<div style=\"height:10px\" aria-hidden=\"true\" class=\"wp-block-spacer\"><\/div>\n\n<h2 class=\"wp-block-heading\">Was ist ein US-Touristenvisum?<\/h2>\n\n<p>Ein US-amerikanisches Touristenvisum ist eine offizielle Genehmigung f\u00fcr Reisen in die Vereinigten Staaten.\nEin Visum erlaubt es ausl\u00e4ndischen Reisenden, in die USA einzureisen und sich dort f\u00fcr einen im Visum festgelegten Zeitraum aufzuhalten. <\/p>\n\n<h3 class=\"wp-block-heading\">Was kann man mit einem Touristenvisum in den USA tun?<\/h3>\n\n<p>Ein Touristenvisum erlaubt es, sich in den USA aufzuhalten, um folgende Aktivit\u00e4ten durchzuf\u00fchren:<\/p>\n\n<ul class=\"wp-block-list\">\n<li>Eine touristische Reise machen, Freunde oder Familie besuchen ;<\/li>\n\n\n\n<li>Medizinische Behandlung erhalten ;<\/li>\n\n\n\n<li>Nehmen Sie an unbezahlten Sport- oder Musikveranstaltungen teil ;<\/li>\n\n\n\n<li>An freundschaftlichen oder gesellschaftlichen Veranstaltungen teilnehmen.<\/li>\n<\/ul>\n\n<div style=\"height:10px\" aria-hidden=\"true\" class=\"wp-block-spacer\"><\/div>\n\n<p>Mit einem Touristenvisum k\u00f6nnen Sie hingegen nicht in den USA arbeiten.  <\/p>\n\n<h3 class=\"wp-block-heading\">Welche Kriterien m\u00fcssen erf\u00fcllt sein, um ein Touristenvisum zu erhalten?<\/h3>\n\n<p>Die wichtigsten Voraussetzungen f\u00fcr ein Touristenvisum, um die USA zu besuchen, sind :<\/p>\n\n<ul class=\"wp-block-list\">\n<li>Einen befristeten Aufenthalt in den USA absolvieren und die Absicht nachweisen, am Ende des Aufenthalts in das Heimatland zur\u00fcckzukehren;<\/li>\n\n\n\n<li>Nur Aktivit\u00e4ten durchf\u00fchren, die durch das B2-Touristenvisum erlaubt sind;<\/li>\n\n\n\n<li>Nachweis ausreichender finanzieller Mittel f\u00fcr einen Aufenthalt in den USA.<\/li>\n<\/ul>\n\n<div style=\"height:10px\" aria-hidden=\"true\" class=\"wp-block-spacer\"><\/div>\n\n<h2 class=\"wp-block-heading\">Wie beantrage ich ein B2-Visum?<\/h2>\n\n<p>Ein Touristenvisum f\u00fcr die USA kann online beim US Citizenship and Immigration Service beantragt werden, dessen Website <a href=\"https:\/\/www.uscis.gov\/\">uscis.gov<\/a> lautet. Sie umfasst die folgenden Schritte:<\/p>\n\n<ul class=\"wp-block-list\">\n<li>F\u00fcllen Sie das Online-Antragsformular DS 160 aus ;<\/li>\n\n\n\n<li>Bezahlen Sie die Geb\u00fchr f\u00fcr das B2-Visum, um den Antrag zu best\u00e4tigen ;<\/li>\n\n\n\n<li>Vereinbaren Sie einen Termin beim US-Konsulat oder der US-Botschaft ;<\/li>\n\n\n\n<li>Belege f\u00fcr den Visumantrag zusammenstellen ;<\/li>\n\n\n\n<li>Das Interview zur Beantragung des Visums mit einem US-Konsularbeamten absolvieren.<\/li>\n<\/ul>\n\n<div style=\"height:10px\" aria-hidden=\"true\" class=\"wp-block-spacer\"><\/div>\n\n<p>Das Verfahren zur Beantragung eines Touristenvisums ist l\u00e4nger und komplizierter als das Verfahren zur <a href=\"https:\/\/usa-gv.com\/de\/so-erhalten-sie-esta\/\">Beantragung eines ESTA<\/a>.<\/p>\n\n<h3 class=\"wp-block-heading\">Wie hoch sind die Geb\u00fchren f\u00fcr ein Touristenvisum?<\/h3>\n\n<p>Bei der Beantragung eines Touristenvisums betr\u00e4gt die online zu entrichtende Geb\u00fchr 185 US-Dollar.\nDie Kosten f\u00fcr das Visum sind also viel h\u00f6her als der <a href=\"https:\/\/usa-gv.com\/de\/us-esta-preis\/\">Preis, den Sie f\u00fcr ESTA zahlen m\u00fcssen<\/a>. <\/p>\n\n<h3 class=\"wp-block-heading\">Wie lange dauert es, bis man ein Touristenvisum erh\u00e4lt?<\/h3>\n\n<p>Die Bearbeitungszeit f\u00fcr einen Visumantrag betr\u00e4gt mindestens einige Wochen.\nDiese Frist h\u00e4ngt von der Anzahl der Antr\u00e4ge ab, die von der US-Konsularbeh\u00f6rde im Heimatland des Bewerbers bearbeitet werden.\nDie Frist ist also wesentlich l\u00e4nger als die <a href=\"https:\/\/usa-gv.com\/de\/fristen-den-erhalt-esta\/\">Frist f\u00fcr die Beantragung des ESTA<\/a>.  <\/p>\n\n<h3 class=\"wp-block-heading\">Wie lange ist ein Touristenvisum g\u00fcltig?<\/h3>\n\n<p>Die urspr\u00fcngliche Dauer eines B2-Touristenvisums f\u00fcr die USA betr\u00e4gt 6 Monate.\nDies ist also doppelt so lang wie die <a href=\"https:\/\/usa-gv.com\/de\/esta-gultigkeitsdauer\/\">G\u00fcltigkeitsdauer des ESTA<\/a>.  Um die Dauer des Visums zu verl\u00e4ngern, muss der Visuminhaber eine Verl\u00e4ngerung um weitere 6 Monate beantragen. Dieser Antrag auf Verl\u00e4ngerung kann erst nach 3 Monaten und sp\u00e4testens 42 Tage vor Ablauf des Visums gestellt werden.<\/p>\n\n<h2 class=\"wp-block-heading\">Bild eines Touristenvisums USA<\/h2>\n\n<figure class=\"wp-block-image size-large\"><img fetchpriority=\"high\" decoding=\"async\" width=\"1024\" height=\"642\" src=\"https:\/\/usa-gv.com\/wp-content\/uploads\/2024\/04\/visa-usa-1024x642.png\" alt=\"Touristenvisum f&#xFC;r die Vereinigten Staaten\" class=\"wp-image-3708\" srcset=\"https:\/\/usa-gv.com\/wp-content\/uploads\/2024\/04\/visa-usa-1024x642.png 1024w, https:\/\/usa-gv.com\/wp-content\/uploads\/2024\/04\/visa-usa-300x188.png 300w, https:\/\/usa-gv.com\/wp-content\/uploads\/2024\/04\/visa-usa-768x482.png 768w, https:\/\/usa-gv.com\/wp-content\/uploads\/2024\/04\/visa-usa.png 1473w\" sizes=\"(max-width: 1024px) 100vw, 1024px\" \/><figcaption class=\"wp-element-caption\">Touristenvisum f\u00fcr die Vereinigten Staaten<\/figcaption><\/figure>\n","protected":false},"excerpt":{"rendered":"<p>Ein Touristenvisum f\u00fcr die Einreise in die USA beantragen Ein Touristenvisum erlaubt es einem ausl\u00e4ndischen Staatsb\u00fcrger, sich f\u00fcr eine bestimmte Zeit in den Vereinigten Staaten aufzuhalten. F\u00fcr einen Aufenthalt von weniger als 90 Tagen: Sie brauchen kein Touristenvisum zu beantragen, wenn Ihr Land Mitglied des Visa Waiver Program ist. Sie k\u00f6nnen eine elektronische Reisegenehmigung in [&hellip;]<\/p>\n","protected":false},"author":1,"featured_media":0,"parent":0,"menu_order":0,"comment_status":"closed","ping_status":"closed","template":"","meta":{"footnotes":""},"class_list":["post-3722","page","type-page","status-publish","hentry"],"yoast_head":"<!-- This site is optimized with the Yoast SEO plugin v26.6 - https:\/\/yoast.com\/wordpress\/plugins\/seo\/ -->\n<title>Touristenvisum f\u00fcr Reisen in die USA - USA-GV.COM<\/title>\n<meta name=\"description\" content=\"Wie man online in wenigen Minuten ein Visum f\u00fcr einen kurzfristigen touristischen Aufenthalt in den USA beantragt.\" \/>\n<meta name=\"robots\" content=\"index, follow, max-snippet:-1, max-image-preview:large, max-video-preview:-1\" \/>\n<link rel=\"canonical\" href=\"https:\/\/usa-gv.com\/de\/touristenvisum-usa\/\" \/>\n<meta property=\"og:locale\" content=\"de_DE\" \/>\n<meta property=\"og:type\" content=\"article\" \/>\n<meta property=\"og:title\" content=\"Touristenvisum f\u00fcr Reisen in die USA - USA-GV.COM\" \/>\n<meta property=\"og:description\" content=\"Wie man online in wenigen Minuten ein Visum f\u00fcr einen kurzfristigen touristischen Aufenthalt in den USA beantragt.\" \/>\n<meta property=\"og:url\" content=\"https:\/\/usa-gv.com\/de\/touristenvisum-usa\/\" \/>\n<meta property=\"og:site_name\" content=\"USA-GV.COM\" \/>\n<meta property=\"article:modified_time\" content=\"2025-02-25T11:53:48+00:00\" \/>\n<meta property=\"og:image\" content=\"https:\/\/usa-gv.com\/wp-content\/uploads\/2024\/04\/visa-usa-1024x642.png\" \/>\n<meta name=\"twitter:card\" content=\"summary_large_image\" \/>\n<meta name=\"twitter:label1\" content=\"Gesch\u00e4tzte Lesezeit\" \/>\n\t<meta name=\"twitter:data1\" content=\"3\u00a0Minuten\" \/>\n<script type=\"application\/ld+json\" class=\"yoast-schema-graph\">{\"@context\":\"https:\/\/schema.org\",\"@graph\":[{\"@type\":\"WebPage\",\"@id\":\"https:\/\/usa-gv.com\/de\/touristenvisum-usa\/\",\"url\":\"https:\/\/usa-gv.com\/de\/touristenvisum-usa\/\",\"name\":\"Touristenvisum f\u00fcr Reisen in die USA - USA-GV.COM\",\"isPartOf\":{\"@id\":\"https:\/\/usa-gv.com\/de\/#website\"},\"primaryImageOfPage\":{\"@id\":\"https:\/\/usa-gv.com\/de\/touristenvisum-usa\/#primaryimage\"},\"image\":{\"@id\":\"https:\/\/usa-gv.com\/de\/touristenvisum-usa\/#primaryimage\"},\"thumbnailUrl\":\"https:\/\/usa-gv.com\/wp-content\/uploads\/2024\/04\/visa-usa-1024x642.png\",\"datePublished\":\"2024-04-06T07:11:38+00:00\",\"dateModified\":\"2025-02-25T11:53:48+00:00\",\"description\":\"Wie man online in wenigen Minuten ein Visum f\u00fcr einen kurzfristigen touristischen Aufenthalt in den USA beantragt.\",\"breadcrumb\":{\"@id\":\"https:\/\/usa-gv.com\/de\/touristenvisum-usa\/#breadcrumb\"},\"inLanguage\":\"de\",\"potentialAction\":[{\"@type\":\"ReadAction\",\"target\":[\"https:\/\/usa-gv.com\/de\/touristenvisum-usa\/\"]}]},{\"@type\":\"ImageObject\",\"inLanguage\":\"de\",\"@id\":\"https:\/\/usa-gv.com\/de\/touristenvisum-usa\/#primaryimage\",\"url\":\"https:\/\/usa-gv.com\/wp-content\/uploads\/2024\/04\/visa-usa-1024x642.png\",\"contentUrl\":\"https:\/\/usa-gv.com\/wp-content\/uploads\/2024\/04\/visa-usa-1024x642.png\"},{\"@type\":\"BreadcrumbList\",\"@id\":\"https:\/\/usa-gv.com\/de\/touristenvisum-usa\/#breadcrumb\",\"itemListElement\":[{\"@type\":\"ListItem\",\"position\":1,\"name\":\"Home\",\"item\":\"https:\/\/usa-gv.com\/de\/usa-reisefuehrer\/\"},{\"@type\":\"ListItem\",\"position\":2,\"name\":\"Touristenvisum f\u00fcr Reisen in die USA\"}]},{\"@type\":\"WebSite\",\"@id\":\"https:\/\/usa-gv.com\/de\/#website\",\"url\":\"https:\/\/usa-gv.com\/de\/\",\"name\":\"USA-GV.COM\",\"description\":\"\",\"potentialAction\":[{\"@type\":\"SearchAction\",\"target\":{\"@type\":\"EntryPoint\",\"urlTemplate\":\"https:\/\/usa-gv.com\/de\/?s={search_term_string}\"},\"query-input\":{\"@type\":\"PropertyValueSpecification\",\"valueRequired\":true,\"valueName\":\"search_term_string\"}}],\"inLanguage\":\"de\"}]}<\/script>\n<!-- \/ Yoast SEO plugin. -->","yoast_head_json":{"title":"Touristenvisum f\u00fcr Reisen in die USA - USA-GV.COM","description":"Wie man online in wenigen Minuten ein Visum f\u00fcr einen kurzfristigen touristischen Aufenthalt in den USA beantragt.","robots":{"index":"index","follow":"follow","max-snippet":"max-snippet:-1","max-image-preview":"max-image-preview:large","max-video-preview":"max-video-preview:-1"},"canonical":"https:\/\/usa-gv.com\/de\/touristenvisum-usa\/","og_locale":"de_DE","og_type":"article","og_title":"Touristenvisum f\u00fcr Reisen in die USA - USA-GV.COM","og_description":"Wie man online in wenigen Minuten ein Visum f\u00fcr einen kurzfristigen touristischen Aufenthalt in den USA beantragt.","og_url":"https:\/\/usa-gv.com\/de\/touristenvisum-usa\/","og_site_name":"USA-GV.COM","article_modified_time":"2025-02-25T11:53:48+00:00","og_image":[{"url":"https:\/\/usa-gv.com\/wp-content\/uploads\/2024\/04\/visa-usa-1024x642.png","type":"","width":"","height":""}],"twitter_card":"summary_large_image","twitter_misc":{"Gesch\u00e4tzte Lesezeit":"3\u00a0Minuten"},"schema":{"@context":"https:\/\/schema.org","@graph":[{"@type":"WebPage","@id":"https:\/\/usa-gv.com\/de\/touristenvisum-usa\/","url":"https:\/\/usa-gv.com\/de\/touristenvisum-usa\/","name":"Touristenvisum f\u00fcr Reisen in die USA - USA-GV.COM","isPartOf":{"@id":"https:\/\/usa-gv.com\/de\/#website"},"primaryImageOfPage":{"@id":"https:\/\/usa-gv.com\/de\/touristenvisum-usa\/#primaryimage"},"image":{"@id":"https:\/\/usa-gv.com\/de\/touristenvisum-usa\/#primaryimage"},"thumbnailUrl":"https:\/\/usa-gv.com\/wp-content\/uploads\/2024\/04\/visa-usa-1024x642.png","datePublished":"2024-04-06T07:11:38+00:00","dateModified":"2025-02-25T11:53:48+00:00","description":"Wie man online in wenigen Minuten ein Visum f\u00fcr einen kurzfristigen touristischen Aufenthalt in den USA beantragt.","breadcrumb":{"@id":"https:\/\/usa-gv.com\/de\/touristenvisum-usa\/#breadcrumb"},"inLanguage":"de","potentialAction":[{"@type":"ReadAction","target":["https:\/\/usa-gv.com\/de\/touristenvisum-usa\/"]}]},{"@type":"ImageObject","inLanguage":"de","@id":"https:\/\/usa-gv.com\/de\/touristenvisum-usa\/#primaryimage","url":"https:\/\/usa-gv.com\/wp-content\/uploads\/2024\/04\/visa-usa-1024x642.png","contentUrl":"https:\/\/usa-gv.com\/wp-content\/uploads\/2024\/04\/visa-usa-1024x642.png"},{"@type":"BreadcrumbList","@id":"https:\/\/usa-gv.com\/de\/touristenvisum-usa\/#breadcrumb","itemListElement":[{"@type":"ListItem","position":1,"name":"Home","item":"https:\/\/usa-gv.com\/de\/usa-reisefuehrer\/"},{"@type":"ListItem","position":2,"name":"Touristenvisum f\u00fcr Reisen in die USA"}]},{"@type":"WebSite","@id":"https:\/\/usa-gv.com\/de\/#website","url":"https:\/\/usa-gv.com\/de\/","name":"USA-GV.COM","description":"","potentialAction":[{"@type":"SearchAction","target":{"@type":"EntryPoint","urlTemplate":"https:\/\/usa-gv.com\/de\/?s={search_term_string}"},"query-input":{"@type":"PropertyValueSpecification","valueRequired":true,"valueName":"search_term_string"}}],"inLanguage":"de"}]}},"_links":{"self":[{"href":"https:\/\/usa-gv.com\/de\/wp-json\/wp\/v2\/pages\/3722","targetHints":{"allow":["GET"]}}],"collection":[{"href":"https:\/\/usa-gv.com\/de\/wp-json\/wp\/v2\/pages"}],"about":[{"href":"https:\/\/usa-gv.com\/de\/wp-json\/wp\/v2\/types\/page"}],"author":[{"embeddable":true,"href":"https:\/\/usa-gv.com\/de\/wp-json\/wp\/v2\/users\/1"}],"replies":[{"embeddable":true,"href":"https:\/\/usa-gv.com\/de\/wp-json\/wp\/v2\/comments?post=3722"}],"version-history":[{"count":1,"href":"https:\/\/usa-gv.com\/de\/wp-json\/wp\/v2\/pages\/3722\/revisions"}],"predecessor-version":[{"id":7727,"href":"https:\/\/usa-gv.com\/de\/wp-json\/wp\/v2\/pages\/3722\/revisions\/7727"}],"wp:attachment":[{"href":"https:\/\/usa-gv.com\/de\/wp-json\/wp\/v2\/media?parent=3722"}],"curies":[{"name":"wp","href":"https:\/\/api.w.org\/{rel}","templated":true}]}}