{"id":3049,"date":"2024-03-12T20:12:59","date_gmt":"2024-03-12T20:12:59","guid":{"rendered":"https:\/\/usa-gv.com\/uberprufen-sie-die-esta-gultigkeit\/"},"modified":"2025-02-25T11:53:39","modified_gmt":"2025-02-25T11:53:39","slug":"uberprufen-sie-die-esta-gultigkeit","status":"publish","type":"page","link":"https:\/\/usa-gv.com\/de\/uberprufen-sie-die-esta-gultigkeit\/","title":{"rendered":"Die G\u00fcltigkeit eines ESTA online \u00fcberpr\u00fcfen"},"content":{"rendered":"\n<h1 class=\"wp-block-heading\">Die G\u00fcltigkeit seiner ESTA-Bescheinigung \u00fcberpr\u00fcfen<\/h1>\n\n<p>Bevor sie in die USA einreisen, m\u00fcssen Reisende mit einem ESTA sicherstellen, dass es g\u00fcltig ist.\nEine ESTA-Genehmigung hat eine feste G\u00fcltigkeitsdauer und kann unter bestimmten Bedingungen ihre G\u00fcltigkeit verlieren. <\/p>\n\n<p><strong>Um einen Antrag in wenigen Minuten zu stellen<\/strong>, klicken Sie einfach auf <a href=\"https:\/\/usa-gv.com\/de\/esta-online-formular\/\">ESTA-Online-Formular<\/a>.  <\/p>\n\n<div style=\"height:10px\" aria-hidden=\"true\" class=\"wp-block-spacer\"><\/div>\n\n<h2 class=\"wp-block-heading\">Wie lange ist ESTA g\u00fcltig?<\/h2>\n\n<p>Die <a href=\"https:\/\/usa-gv.com\/de\/esta-gultigkeitsdauer\/\">G\u00fcltigkeitsdauer eines ESTA<\/a> betr\u00e4gt zwei Jahre. Die Reisegenehmigung erm\u00f6glicht mehrere Reisen innerhalb dieser zwei Jahre.<\/p>\n\n<p><strong>Zwei Ausnahmen<\/strong>: Brunei und Ungarn sind zwei Mitgliedsl\u00e4nder des <a href=\"https:\/\/usa-gv.com\/de\/visa-waiver-program-usa\/\">Visa Waiver Program<\/a>. Seit 2023 haben ihre Staatsangeh\u00f6rigen nur noch Zugang zu einem ESTA mit einer G\u00fcltigkeitsdauer von einem Jahr.<\/p>\n\n<h2 class=\"wp-block-heading\">In welchen Situationen ist die G\u00fcltigkeitsdauer von ESTA unterschiedlich?<\/h2>\n\n<p>In bestimmten Situationen wird die urspr\u00fcngliche G\u00fcltigkeitsdauer des ESTA von zwei Jahren verk\u00fcrzt.\nHier sind die wichtigsten F\u00e4lle: <\/p>\n\n<ul class=\"wp-block-list\">\n<li><strong>Abgelaufener Reisepass<\/strong>: Die ESTA-Genehmigung des Reisenden ist an seinen <a href=\"https:\/\/usa-gv.com\/de\/reisepass-fur-die-usa\/\">f\u00fcr die USA verwendeten Reisepass<\/a> gekn\u00fcpft. Wenn der Reisepass, mit dem das ESTA beantragt wurde, abl\u00e4uft, ist die ESTA-Genehmigung nicht mehr g\u00fcltig, auch wenn das urspr\u00fcngliche G\u00fcltigkeitsdatum noch nicht erreicht ist;<\/li>\n\n\n\n<li><strong>\u00c4nderung pers\u00f6nlicher Informationen<\/strong>: Wenn der Inhaber einer ESTA-Reisegenehmigung w\u00e4hrend der zweij\u00e4hrigen <a href=\"https:\/\/usa-gv.com\/de\/esta-gultigkeitsdauer\/\">G\u00fcltigkeitsdauer des ESTA<\/a> seinen Namen, sein Geschlecht oder seine Nationalit\u00e4t \u00e4ndert, ist die Genehmigung nicht mehr g\u00fcltig. Der Reisende muss <a href=\"https:\/\/usa-gv.com\/de\/esta-erneuerung\/\">sein ESTA verl\u00e4ngern<\/a>.<\/li>\n\n\n\n<li><strong>\u00c4nderung der Situation<\/strong>: Im Rahmen eines ESTA-Antrags hat der Reisende die Fragen im Formular zu seiner Gesundheit und seiner Vorstrafe mit JA oder NEIN beantwortet.\nWenn sich seine pers\u00f6nliche Situation seit dem Erhalt des ESTA ge\u00e4ndert hat, muss er\/sie sein\/ihr <a href=\"https:\/\/usa-gv.com\/de\/esta-update\/\">ESTA aktualisieren<\/a>.\nWenn die \u00c4nderungen in seiner Situation die Haftungsfragen des Formulars betreffen, muss er einen neuen ESTA-Antrag stellen.  <\/li>\n<\/ul>\n\n<h2 class=\"wp-block-heading\">Wie man die G\u00fcltigkeit seines ESTA \u00fcberpr\u00fcft<\/h2>\n\n<p>Um den Status einer ESTA-Genehmigung zu \u00fcberpr\u00fcfen, muss man auf die <a href=\"https:\/\/usa-gv.com\/de\/offizielle-esta-website\/\">offizielle ESTA-Website<\/a> gehen. Dann klicken Sie einfach auf den Men\u00fc-Link: <strong>Status Ihres ESTAs \u00fcberpr\u00fcfen<\/strong>.<\/p>\n\n<p>Das Verifizierungsformular erfordert die Angabe von : Die Passnummer und das Geburtsdatum des ESTA-Inhabers.\nAnschlie\u00dfend muss man wahlweise ausf\u00fcllen: <\/p>\n\n<ul class=\"wp-block-list\">\n<li>Die Nummer des ESTA-Antrags<\/li>\n\n\n\n<li>Oder das Land der Staatsb\u00fcrgerschaft, das Ausstellungsdatum und das Ablaufdatum des Reisepasses.<\/li>\n<\/ul>\n\n<div style=\"height:10px\" aria-hidden=\"true\" class=\"wp-block-spacer\"><\/div>\n\n<p>Wenn Sie diese Informationen aus den <a href=\"https:\/\/usa-gv.com\/de\/reisedokumente-fur-die-usa\/\">pers\u00f6nlichen Reisedokumenten<\/a> ausf\u00fcllen, rufen Sie den Status des ESTA-Antrags ab:  <\/p>\n\n<ul class=\"wp-block-list\">\n<li>ESTA genehmigt ;<\/li>\n\n\n\n<li><a href=\"https:\/\/usa-gv.com\/de\/esta-antrag-steht-noch-aus\/\">ESTA aus stehend<\/a> ;<\/li>\n\n\n\n<li><a href=\"https:\/\/usa-gv.com\/de\/esta-antrag-abgelehnt\/\">ESTA abgelehnt<\/a>;<\/li>\n\n\n\n<li>ESTA abgelaufen.<\/li>\n<\/ul>\n\n<h2 class=\"wp-block-heading\">Bild der Online-Seite, um sein ESTA zu \u00fcberpr\u00fcfen<\/h2>\n\n<figure class=\"wp-block-image size-large\"><img decoding=\"async\" src=\"https:\/\/usa-gv.com\/wp-content\/uploads\/2024\/04\/uberprufen-esta-DE-1024x624.jpg\" alt=\"Die G&#xFC;ltigkeit seiner ESTA-Genehmigung &#xFC;berpr&#xFC;fen\" class=\"wp-image-3670\"\/><figcaption class=\"wp-element-caption\">Formular zur \u00dcberpr\u00fcfung des Status ihres ESTAs<\/figcaption><\/figure>\n","protected":false},"excerpt":{"rendered":"<p>Die G\u00fcltigkeit seiner ESTA-Bescheinigung \u00fcberpr\u00fcfen Bevor sie in die USA einreisen, m\u00fcssen Reisende mit einem ESTA sicherstellen, dass es g\u00fcltig ist. Eine ESTA-Genehmigung hat eine feste G\u00fcltigkeitsdauer und kann unter bestimmten Bedingungen ihre G\u00fcltigkeit verlieren. Um einen Antrag in wenigen Minuten zu stellen, klicken Sie einfach auf ESTA-Online-Formular. Wie lange ist ESTA g\u00fcltig? Die G\u00fcltigkeitsdauer [&hellip;]<\/p>\n","protected":false},"author":1,"featured_media":0,"parent":0,"menu_order":0,"comment_status":"closed","ping_status":"closed","template":"","meta":{"footnotes":""},"class_list":["post-3049","page","type-page","status-publish","hentry"],"yoast_head":"<!-- This site is optimized with the Yoast SEO plugin v26.6 - https:\/\/yoast.com\/wordpress\/plugins\/seo\/ -->\n<title>Die G\u00fcltigkeit eines ESTA online \u00fcberpr\u00fcfen - USA-GV.COM<\/title>\n<meta name=\"description\" content=\"Wie man vor einer Reise in die USA online in wenigen Minuten die G\u00fcltigkeit der ESTA-Genehmigung \u00fcberpr\u00fcfen kann\" \/>\n<meta name=\"robots\" content=\"index, follow, max-snippet:-1, max-image-preview:large, max-video-preview:-1\" \/>\n<link rel=\"canonical\" href=\"https:\/\/usa-gv.com\/de\/uberprufen-sie-die-esta-gultigkeit\/\" \/>\n<meta property=\"og:locale\" content=\"de_DE\" \/>\n<meta property=\"og:type\" content=\"article\" \/>\n<meta property=\"og:title\" content=\"Die G\u00fcltigkeit eines ESTA online \u00fcberpr\u00fcfen - USA-GV.COM\" \/>\n<meta property=\"og:description\" content=\"Wie man vor einer Reise in die USA online in wenigen Minuten die G\u00fcltigkeit der ESTA-Genehmigung \u00fcberpr\u00fcfen kann\" \/>\n<meta property=\"og:url\" content=\"https:\/\/usa-gv.com\/de\/uberprufen-sie-die-esta-gultigkeit\/\" \/>\n<meta property=\"og:site_name\" content=\"USA-GV.COM\" \/>\n<meta property=\"article:modified_time\" content=\"2025-02-25T11:53:39+00:00\" \/>\n<meta property=\"og:image\" content=\"https:\/\/usa-gv.com\/wp-content\/uploads\/2024\/04\/uberprufen-esta-DE-1024x624.jpg\" \/>\n<meta name=\"twitter:card\" content=\"summary_large_image\" \/>\n<meta name=\"twitter:label1\" content=\"Gesch\u00e4tzte Lesezeit\" \/>\n\t<meta name=\"twitter:data1\" content=\"2\u00a0Minuten\" \/>\n<script type=\"application\/ld+json\" class=\"yoast-schema-graph\">{\"@context\":\"https:\/\/schema.org\",\"@graph\":[{\"@type\":\"WebPage\",\"@id\":\"https:\/\/usa-gv.com\/de\/uberprufen-sie-die-esta-gultigkeit\/\",\"url\":\"https:\/\/usa-gv.com\/de\/uberprufen-sie-die-esta-gultigkeit\/\",\"name\":\"Die G\u00fcltigkeit eines ESTA online \u00fcberpr\u00fcfen - USA-GV.COM\",\"isPartOf\":{\"@id\":\"https:\/\/usa-gv.com\/de\/#website\"},\"primaryImageOfPage\":{\"@id\":\"https:\/\/usa-gv.com\/de\/uberprufen-sie-die-esta-gultigkeit\/#primaryimage\"},\"image\":{\"@id\":\"https:\/\/usa-gv.com\/de\/uberprufen-sie-die-esta-gultigkeit\/#primaryimage\"},\"thumbnailUrl\":\"https:\/\/usa-gv.com\/wp-content\/uploads\/2024\/04\/uberprufen-esta-DE-1024x624.jpg\",\"datePublished\":\"2024-03-12T20:12:59+00:00\",\"dateModified\":\"2025-02-25T11:53:39+00:00\",\"description\":\"Wie man vor einer Reise in die USA online in wenigen Minuten die G\u00fcltigkeit der ESTA-Genehmigung \u00fcberpr\u00fcfen kann\",\"breadcrumb\":{\"@id\":\"https:\/\/usa-gv.com\/de\/uberprufen-sie-die-esta-gultigkeit\/#breadcrumb\"},\"inLanguage\":\"de\",\"potentialAction\":[{\"@type\":\"ReadAction\",\"target\":[\"https:\/\/usa-gv.com\/de\/uberprufen-sie-die-esta-gultigkeit\/\"]}]},{\"@type\":\"ImageObject\",\"inLanguage\":\"de\",\"@id\":\"https:\/\/usa-gv.com\/de\/uberprufen-sie-die-esta-gultigkeit\/#primaryimage\",\"url\":\"https:\/\/usa-gv.com\/wp-content\/uploads\/2024\/04\/uberprufen-esta-DE-1024x624.jpg\",\"contentUrl\":\"https:\/\/usa-gv.com\/wp-content\/uploads\/2024\/04\/uberprufen-esta-DE-1024x624.jpg\"},{\"@type\":\"BreadcrumbList\",\"@id\":\"https:\/\/usa-gv.com\/de\/uberprufen-sie-die-esta-gultigkeit\/#breadcrumb\",\"itemListElement\":[{\"@type\":\"ListItem\",\"position\":1,\"name\":\"Home\",\"item\":\"https:\/\/usa-gv.com\/de\/usa-reisefuehrer\/\"},{\"@type\":\"ListItem\",\"position\":2,\"name\":\"Die G\u00fcltigkeit eines ESTA online \u00fcberpr\u00fcfen\"}]},{\"@type\":\"WebSite\",\"@id\":\"https:\/\/usa-gv.com\/de\/#website\",\"url\":\"https:\/\/usa-gv.com\/de\/\",\"name\":\"USA-GV.COM\",\"description\":\"\",\"potentialAction\":[{\"@type\":\"SearchAction\",\"target\":{\"@type\":\"EntryPoint\",\"urlTemplate\":\"https:\/\/usa-gv.com\/de\/?s={search_term_string}\"},\"query-input\":{\"@type\":\"PropertyValueSpecification\",\"valueRequired\":true,\"valueName\":\"search_term_string\"}}],\"inLanguage\":\"de\"}]}<\/script>\n<!-- \/ Yoast SEO plugin. -->","yoast_head_json":{"title":"Die G\u00fcltigkeit eines ESTA online \u00fcberpr\u00fcfen - USA-GV.COM","description":"Wie man vor einer Reise in die USA online in wenigen Minuten die G\u00fcltigkeit der ESTA-Genehmigung \u00fcberpr\u00fcfen kann","robots":{"index":"index","follow":"follow","max-snippet":"max-snippet:-1","max-image-preview":"max-image-preview:large","max-video-preview":"max-video-preview:-1"},"canonical":"https:\/\/usa-gv.com\/de\/uberprufen-sie-die-esta-gultigkeit\/","og_locale":"de_DE","og_type":"article","og_title":"Die G\u00fcltigkeit eines ESTA online \u00fcberpr\u00fcfen - USA-GV.COM","og_description":"Wie man vor einer Reise in die USA online in wenigen Minuten die G\u00fcltigkeit der ESTA-Genehmigung \u00fcberpr\u00fcfen kann","og_url":"https:\/\/usa-gv.com\/de\/uberprufen-sie-die-esta-gultigkeit\/","og_site_name":"USA-GV.COM","article_modified_time":"2025-02-25T11:53:39+00:00","og_image":[{"url":"https:\/\/usa-gv.com\/wp-content\/uploads\/2024\/04\/uberprufen-esta-DE-1024x624.jpg","type":"","width":"","height":""}],"twitter_card":"summary_large_image","twitter_misc":{"Gesch\u00e4tzte Lesezeit":"2\u00a0Minuten"},"schema":{"@context":"https:\/\/schema.org","@graph":[{"@type":"WebPage","@id":"https:\/\/usa-gv.com\/de\/uberprufen-sie-die-esta-gultigkeit\/","url":"https:\/\/usa-gv.com\/de\/uberprufen-sie-die-esta-gultigkeit\/","name":"Die G\u00fcltigkeit eines ESTA online \u00fcberpr\u00fcfen - USA-GV.COM","isPartOf":{"@id":"https:\/\/usa-gv.com\/de\/#website"},"primaryImageOfPage":{"@id":"https:\/\/usa-gv.com\/de\/uberprufen-sie-die-esta-gultigkeit\/#primaryimage"},"image":{"@id":"https:\/\/usa-gv.com\/de\/uberprufen-sie-die-esta-gultigkeit\/#primaryimage"},"thumbnailUrl":"https:\/\/usa-gv.com\/wp-content\/uploads\/2024\/04\/uberprufen-esta-DE-1024x624.jpg","datePublished":"2024-03-12T20:12:59+00:00","dateModified":"2025-02-25T11:53:39+00:00","description":"Wie man vor einer Reise in die USA online in wenigen Minuten die G\u00fcltigkeit der ESTA-Genehmigung \u00fcberpr\u00fcfen kann","breadcrumb":{"@id":"https:\/\/usa-gv.com\/de\/uberprufen-sie-die-esta-gultigkeit\/#breadcrumb"},"inLanguage":"de","potentialAction":[{"@type":"ReadAction","target":["https:\/\/usa-gv.com\/de\/uberprufen-sie-die-esta-gultigkeit\/"]}]},{"@type":"ImageObject","inLanguage":"de","@id":"https:\/\/usa-gv.com\/de\/uberprufen-sie-die-esta-gultigkeit\/#primaryimage","url":"https:\/\/usa-gv.com\/wp-content\/uploads\/2024\/04\/uberprufen-esta-DE-1024x624.jpg","contentUrl":"https:\/\/usa-gv.com\/wp-content\/uploads\/2024\/04\/uberprufen-esta-DE-1024x624.jpg"},{"@type":"BreadcrumbList","@id":"https:\/\/usa-gv.com\/de\/uberprufen-sie-die-esta-gultigkeit\/#breadcrumb","itemListElement":[{"@type":"ListItem","position":1,"name":"Home","item":"https:\/\/usa-gv.com\/de\/usa-reisefuehrer\/"},{"@type":"ListItem","position":2,"name":"Die G\u00fcltigkeit eines ESTA online \u00fcberpr\u00fcfen"}]},{"@type":"WebSite","@id":"https:\/\/usa-gv.com\/de\/#website","url":"https:\/\/usa-gv.com\/de\/","name":"USA-GV.COM","description":"","potentialAction":[{"@type":"SearchAction","target":{"@type":"EntryPoint","urlTemplate":"https:\/\/usa-gv.com\/de\/?s={search_term_string}"},"query-input":{"@type":"PropertyValueSpecification","valueRequired":true,"valueName":"search_term_string"}}],"inLanguage":"de"}]}},"_links":{"self":[{"href":"https:\/\/usa-gv.com\/de\/wp-json\/wp\/v2\/pages\/3049","targetHints":{"allow":["GET"]}}],"collection":[{"href":"https:\/\/usa-gv.com\/de\/wp-json\/wp\/v2\/pages"}],"about":[{"href":"https:\/\/usa-gv.com\/de\/wp-json\/wp\/v2\/types\/page"}],"author":[{"embeddable":true,"href":"https:\/\/usa-gv.com\/de\/wp-json\/wp\/v2\/users\/1"}],"replies":[{"embeddable":true,"href":"https:\/\/usa-gv.com\/de\/wp-json\/wp\/v2\/comments?post=3049"}],"version-history":[{"count":1,"href":"https:\/\/usa-gv.com\/de\/wp-json\/wp\/v2\/pages\/3049\/revisions"}],"predecessor-version":[{"id":7716,"href":"https:\/\/usa-gv.com\/de\/wp-json\/wp\/v2\/pages\/3049\/revisions\/7716"}],"wp:attachment":[{"href":"https:\/\/usa-gv.com\/de\/wp-json\/wp\/v2\/media?parent=3049"}],"curies":[{"name":"wp","href":"https:\/\/api.w.org\/{rel}","templated":true}]}}