{"id":3013,"date":"2024-03-12T09:20:03","date_gmt":"2024-03-12T09:20:03","guid":{"rendered":"https:\/\/usa-gv.com\/us-esta-preis\/"},"modified":"2025-02-25T11:53:08","modified_gmt":"2025-02-25T11:53:08","slug":"us-esta-preis","status":"publish","type":"page","link":"https:\/\/usa-gv.com\/de\/us-esta-preis\/","title":{"rendered":"Was kostet eine ESTA-Genehmigung?"},"content":{"rendered":"\n<h1 class=\"wp-block-heading\">Wie teuer ist ESTA?<\/h1>\n\n<p>Um eine ESTA-Genehmigung zu erhalten, muss der Antragsteller das <a href=\"https:\/\/usa-gv.com\/de\/esta-online-formular\/\">ESTA-Formular online<\/a> ausf\u00fcllen. Am Ende des Online-Verfahrens muss der Antragsteller die <a href=\"https:\/\/usa-gv.com\/de\/so-bezahlen-sie-ein-esta\/\">ESTA-Geb\u00fchr bezahlen<\/a>, um seinen Antrag zu best\u00e4tigen.<\/p>\n\n<h2 class=\"wp-block-heading\">Wie hoch sind die Kosten f\u00fcr eine ESTA-Genehmigung?<\/h2>\n\n<p>Die Verwaltungsgeb\u00fchren, die f\u00fcr den <a href=\"https:\/\/usa-gv.com\/de\/so-beantragen-sie-esta\/\">ESTA-Antrag<\/a> verlangt werden, sind seit der Einf\u00fchrung des <a href=\"https:\/\/usa-gv.com\/de\/visa-waiver-program-usa\/\">Visa Waiver Program<\/a> im Jahr 2009 mehrfach erh\u00f6ht worden. Seit Mai 2022 betr\u00e4gt die Geb\u00fchr 21 USD, die auf der <a href=\"https:\/\/usa-gv.com\/de\/offizielle-esta-website\/\">offiziellen ESTA-Website<\/a> zu zahlen ist. Eine <a href=\"https:\/\/usa-gv.com\/de\/kostenloses-esta\/\">kostenlose ESTA-Genehmigung<\/a> gibt es also nicht.<\/p>\n\n<h2 class=\"wp-block-heading\">Was ist im ESTA-Preis enthalten?<\/h2>\n\n<p>Mit dem Betrag, den ausl\u00e4ndische Reisende f\u00fcr ein <a href=\"https:\/\/usa-gv.com\/de\/so-erhalten-sie-esta\/\">ESTA<\/a> zahlen, werden zwei Budgets des US-Au\u00dfenministeriums finanziert:<\/p>\n\n<ul class=\"wp-block-list\">\n<li>Die Kosten f\u00fcr die Verwaltung des elektronischen Systems und der Teams, die den Betrieb des ESTA verwalten ;<\/li>\n\n\n\n<li>Investitionen in die F\u00f6rderung des Tourismus in die USA.<\/li>\n<\/ul>\n\n<div style=\"height:10px\" aria-hidden=\"true\" class=\"wp-block-spacer\"><\/div>\n\n<h2 class=\"wp-block-heading\">Wie kann ich die ESTA-Geb\u00fchren bezahlen?<\/h2>\n\n<p>Die Zahlung der Geb\u00fchren f\u00fcr die ESTA-Genehmigung erfolgt ausschlie\u00dflich online per Kreditkarte.\nEs werden verschiedene Arten von Zahlungskarten akzeptiert, um die Zahlung durchzuf\u00fchren: Visa, MasterCard, American Express, Discover, Diner&#8217;s Club, Maestro oder JCB. <\/p>\n\n<h2 class=\"wp-block-heading\">Seite f\u00fcr die Online-Bezahlung einer ESTA-Genehmigung<\/h2>\n\n<figure class=\"wp-block-image size-large\"><img decoding=\"async\" src=\"https:\/\/usa-gv.com\/wp-content\/uploads\/2024\/04\/zahlen-esta-DE-1024x724.jpg\" alt=\"Seite ESTA-Zahlung online\" class=\"wp-image-3375\"\/><figcaption class=\"wp-element-caption\">Foto der Seite, auf der Sie die ESTA-Zahlung vornehmen k\u00f6nnen<\/figcaption><\/figure>\n","protected":false},"excerpt":{"rendered":"<p>Wie teuer ist ESTA? Um eine ESTA-Genehmigung zu erhalten, muss der Antragsteller das ESTA-Formular online ausf\u00fcllen. Am Ende des Online-Verfahrens muss der Antragsteller die ESTA-Geb\u00fchr bezahlen, um seinen Antrag zu best\u00e4tigen. Wie hoch sind die Kosten f\u00fcr eine ESTA-Genehmigung? Die Verwaltungsgeb\u00fchren, die f\u00fcr den ESTA-Antrag verlangt werden, sind seit der Einf\u00fchrung des Visa Waiver Program [&hellip;]<\/p>\n","protected":false},"author":1,"featured_media":0,"parent":0,"menu_order":0,"comment_status":"closed","ping_status":"closed","template":"","meta":{"footnotes":""},"class_list":["post-3013","page","type-page","status-publish","hentry"],"yoast_head":"<!-- This site is optimized with the Yoast SEO plugin v26.6 - https:\/\/yoast.com\/wordpress\/plugins\/seo\/ -->\n<title>Was kostet eine ESTA-Genehmigung? - USA-GV.COM<\/title>\n<meta name=\"description\" content=\"Wie hoch ist die Bearbeitungsgeb\u00fchr f\u00fcr die Validierung eines Online-ESTA-Antrags f\u00fcr die USA?\" \/>\n<meta name=\"robots\" content=\"index, follow, max-snippet:-1, max-image-preview:large, max-video-preview:-1\" \/>\n<link rel=\"canonical\" href=\"https:\/\/usa-gv.com\/de\/us-esta-preis\/\" \/>\n<meta property=\"og:locale\" content=\"de_DE\" \/>\n<meta property=\"og:type\" content=\"article\" \/>\n<meta property=\"og:title\" content=\"Was kostet eine ESTA-Genehmigung? - USA-GV.COM\" \/>\n<meta property=\"og:description\" content=\"Wie hoch ist die Bearbeitungsgeb\u00fchr f\u00fcr die Validierung eines Online-ESTA-Antrags f\u00fcr die USA?\" \/>\n<meta property=\"og:url\" content=\"https:\/\/usa-gv.com\/de\/us-esta-preis\/\" \/>\n<meta property=\"og:site_name\" content=\"USA-GV.COM\" \/>\n<meta property=\"article:modified_time\" content=\"2025-02-25T11:53:08+00:00\" \/>\n<meta property=\"og:image\" content=\"https:\/\/usa-gv.com\/wp-content\/uploads\/2024\/04\/zahlen-esta-DE-1024x724.jpg\" \/>\n<meta name=\"twitter:card\" content=\"summary_large_image\" \/>\n<meta name=\"twitter:label1\" content=\"Gesch\u00e4tzte Lesezeit\" \/>\n\t<meta name=\"twitter:data1\" content=\"1\u00a0Minute\" \/>\n<script type=\"application\/ld+json\" class=\"yoast-schema-graph\">{\"@context\":\"https:\/\/schema.org\",\"@graph\":[{\"@type\":\"WebPage\",\"@id\":\"https:\/\/usa-gv.com\/de\/us-esta-preis\/\",\"url\":\"https:\/\/usa-gv.com\/de\/us-esta-preis\/\",\"name\":\"Was kostet eine ESTA-Genehmigung? - USA-GV.COM\",\"isPartOf\":{\"@id\":\"https:\/\/usa-gv.com\/de\/#website\"},\"primaryImageOfPage\":{\"@id\":\"https:\/\/usa-gv.com\/de\/us-esta-preis\/#primaryimage\"},\"image\":{\"@id\":\"https:\/\/usa-gv.com\/de\/us-esta-preis\/#primaryimage\"},\"thumbnailUrl\":\"https:\/\/usa-gv.com\/wp-content\/uploads\/2024\/04\/zahlen-esta-DE-1024x724.jpg\",\"datePublished\":\"2024-03-12T09:20:03+00:00\",\"dateModified\":\"2025-02-25T11:53:08+00:00\",\"description\":\"Wie hoch ist die Bearbeitungsgeb\u00fchr f\u00fcr die Validierung eines Online-ESTA-Antrags f\u00fcr die USA?\",\"breadcrumb\":{\"@id\":\"https:\/\/usa-gv.com\/de\/us-esta-preis\/#breadcrumb\"},\"inLanguage\":\"de\",\"potentialAction\":[{\"@type\":\"ReadAction\",\"target\":[\"https:\/\/usa-gv.com\/de\/us-esta-preis\/\"]}]},{\"@type\":\"ImageObject\",\"inLanguage\":\"de\",\"@id\":\"https:\/\/usa-gv.com\/de\/us-esta-preis\/#primaryimage\",\"url\":\"https:\/\/usa-gv.com\/wp-content\/uploads\/2024\/04\/zahlen-esta-DE-1024x724.jpg\",\"contentUrl\":\"https:\/\/usa-gv.com\/wp-content\/uploads\/2024\/04\/zahlen-esta-DE-1024x724.jpg\"},{\"@type\":\"BreadcrumbList\",\"@id\":\"https:\/\/usa-gv.com\/de\/us-esta-preis\/#breadcrumb\",\"itemListElement\":[{\"@type\":\"ListItem\",\"position\":1,\"name\":\"Home\",\"item\":\"https:\/\/usa-gv.com\/de\/usa-reisefuehrer\/\"},{\"@type\":\"ListItem\",\"position\":2,\"name\":\"Was kostet eine ESTA-Genehmigung?\"}]},{\"@type\":\"WebSite\",\"@id\":\"https:\/\/usa-gv.com\/de\/#website\",\"url\":\"https:\/\/usa-gv.com\/de\/\",\"name\":\"USA-GV.COM\",\"description\":\"\",\"potentialAction\":[{\"@type\":\"SearchAction\",\"target\":{\"@type\":\"EntryPoint\",\"urlTemplate\":\"https:\/\/usa-gv.com\/de\/?s={search_term_string}\"},\"query-input\":{\"@type\":\"PropertyValueSpecification\",\"valueRequired\":true,\"valueName\":\"search_term_string\"}}],\"inLanguage\":\"de\"}]}<\/script>\n<!-- \/ Yoast SEO plugin. -->","yoast_head_json":{"title":"Was kostet eine ESTA-Genehmigung? - USA-GV.COM","description":"Wie hoch ist die Bearbeitungsgeb\u00fchr f\u00fcr die Validierung eines Online-ESTA-Antrags f\u00fcr die USA?","robots":{"index":"index","follow":"follow","max-snippet":"max-snippet:-1","max-image-preview":"max-image-preview:large","max-video-preview":"max-video-preview:-1"},"canonical":"https:\/\/usa-gv.com\/de\/us-esta-preis\/","og_locale":"de_DE","og_type":"article","og_title":"Was kostet eine ESTA-Genehmigung? - USA-GV.COM","og_description":"Wie hoch ist die Bearbeitungsgeb\u00fchr f\u00fcr die Validierung eines Online-ESTA-Antrags f\u00fcr die USA?","og_url":"https:\/\/usa-gv.com\/de\/us-esta-preis\/","og_site_name":"USA-GV.COM","article_modified_time":"2025-02-25T11:53:08+00:00","og_image":[{"url":"https:\/\/usa-gv.com\/wp-content\/uploads\/2024\/04\/zahlen-esta-DE-1024x724.jpg","type":"","width":"","height":""}],"twitter_card":"summary_large_image","twitter_misc":{"Gesch\u00e4tzte Lesezeit":"1\u00a0Minute"},"schema":{"@context":"https:\/\/schema.org","@graph":[{"@type":"WebPage","@id":"https:\/\/usa-gv.com\/de\/us-esta-preis\/","url":"https:\/\/usa-gv.com\/de\/us-esta-preis\/","name":"Was kostet eine ESTA-Genehmigung? - USA-GV.COM","isPartOf":{"@id":"https:\/\/usa-gv.com\/de\/#website"},"primaryImageOfPage":{"@id":"https:\/\/usa-gv.com\/de\/us-esta-preis\/#primaryimage"},"image":{"@id":"https:\/\/usa-gv.com\/de\/us-esta-preis\/#primaryimage"},"thumbnailUrl":"https:\/\/usa-gv.com\/wp-content\/uploads\/2024\/04\/zahlen-esta-DE-1024x724.jpg","datePublished":"2024-03-12T09:20:03+00:00","dateModified":"2025-02-25T11:53:08+00:00","description":"Wie hoch ist die Bearbeitungsgeb\u00fchr f\u00fcr die Validierung eines Online-ESTA-Antrags f\u00fcr die USA?","breadcrumb":{"@id":"https:\/\/usa-gv.com\/de\/us-esta-preis\/#breadcrumb"},"inLanguage":"de","potentialAction":[{"@type":"ReadAction","target":["https:\/\/usa-gv.com\/de\/us-esta-preis\/"]}]},{"@type":"ImageObject","inLanguage":"de","@id":"https:\/\/usa-gv.com\/de\/us-esta-preis\/#primaryimage","url":"https:\/\/usa-gv.com\/wp-content\/uploads\/2024\/04\/zahlen-esta-DE-1024x724.jpg","contentUrl":"https:\/\/usa-gv.com\/wp-content\/uploads\/2024\/04\/zahlen-esta-DE-1024x724.jpg"},{"@type":"BreadcrumbList","@id":"https:\/\/usa-gv.com\/de\/us-esta-preis\/#breadcrumb","itemListElement":[{"@type":"ListItem","position":1,"name":"Home","item":"https:\/\/usa-gv.com\/de\/usa-reisefuehrer\/"},{"@type":"ListItem","position":2,"name":"Was kostet eine ESTA-Genehmigung?"}]},{"@type":"WebSite","@id":"https:\/\/usa-gv.com\/de\/#website","url":"https:\/\/usa-gv.com\/de\/","name":"USA-GV.COM","description":"","potentialAction":[{"@type":"SearchAction","target":{"@type":"EntryPoint","urlTemplate":"https:\/\/usa-gv.com\/de\/?s={search_term_string}"},"query-input":{"@type":"PropertyValueSpecification","valueRequired":true,"valueName":"search_term_string"}}],"inLanguage":"de"}]}},"_links":{"self":[{"href":"https:\/\/usa-gv.com\/de\/wp-json\/wp\/v2\/pages\/3013","targetHints":{"allow":["GET"]}}],"collection":[{"href":"https:\/\/usa-gv.com\/de\/wp-json\/wp\/v2\/pages"}],"about":[{"href":"https:\/\/usa-gv.com\/de\/wp-json\/wp\/v2\/types\/page"}],"author":[{"embeddable":true,"href":"https:\/\/usa-gv.com\/de\/wp-json\/wp\/v2\/users\/1"}],"replies":[{"embeddable":true,"href":"https:\/\/usa-gv.com\/de\/wp-json\/wp\/v2\/comments?post=3013"}],"version-history":[{"count":1,"href":"https:\/\/usa-gv.com\/de\/wp-json\/wp\/v2\/pages\/3013\/revisions"}],"predecessor-version":[{"id":7694,"href":"https:\/\/usa-gv.com\/de\/wp-json\/wp\/v2\/pages\/3013\/revisions\/7694"}],"wp:attachment":[{"href":"https:\/\/usa-gv.com\/de\/wp-json\/wp\/v2\/media?parent=3013"}],"curies":[{"name":"wp","href":"https:\/\/api.w.org\/{rel}","templated":true}]}}