{"id":2995,"date":"2024-03-19T10:22:32","date_gmt":"2024-03-19T10:22:32","guid":{"rendered":"https:\/\/usa-gv.com\/esta-antrag-abgelehnt\/"},"modified":"2025-02-25T11:53:02","modified_gmt":"2025-02-25T11:53:02","slug":"esta-antrag-abgelehnt","status":"publish","type":"page","link":"https:\/\/usa-gv.com\/de\/esta-antrag-abgelehnt\/","title":{"rendered":"Was tun, wenn ein ESTA-Antrag abgelehnt wird"},"content":{"rendered":"\n<h1 class=\"wp-block-heading\">Sie haben eine Ablehnung Ihres ESTA-Antrags erhalten<\/h1>\n\n<p>F\u00fcr Reisen in die USA im Rahmen des Programms f\u00fcr visumfreies Reisen (Visa Waiver Program) ist eine elektronische Reisegenehmigung (ESTA) erforderlich.\nObwohl die meisten Antr\u00e4ge genehmigt werden, kann es vorkommen, dass einige ESTAs abgelehnt werden. <\/p>\n\n<h2 class=\"wp-block-heading\">Verstehen Sie die Gr\u00fcnde f\u00fcr die Ablehnung<\/h2>\n\n<p>Der erste Schritt besteht darin, herauszufinden, warum Ihr ESTA-Antrag abgelehnt wurde.\nDie h\u00e4ufigsten Gr\u00fcnde sind : <\/p>\n\n<ul class=\"wp-block-list\">\n<li><strong>Falsche oder unvollst\u00e4ndige Informationen<\/strong>: Ein Fehler beim <a href=\"https:\/\/usa-gv.com\/de\/fullen-sie-das-esta-formular-online-aus\/\">Ausf\u00fcllen des ESTA-Formulars<\/a>, z.B.: eine falsche Passnummer oder ein Tippfehler im Namen.<\/li>\n\n\n\n<li><strong>Vorstrafen oder Sicherheitsbedenken<\/strong>: Positive Antworten auf Fragen zu Vorstrafen oder Sicherheitsbedenken erf\u00fcllen nicht die <a href=\"https:\/\/usa-gv.com\/de\/teilnahmebedingungen-fur-esta\/\">Voraussetzungen f\u00fcr die ESTA-Freigabe<\/a>.<\/li>\n\n\n\n<li><strong>Fr\u00fchere Reisen<\/strong>: \u00dcberschreitung der zul\u00e4ssigen Aufenthaltsdauer bei fr\u00fcheren Reisen in die USA oder Aufenthalten in sensiblen L\u00e4ndern wie: Iran, Irak, Libyen, Nordkorea, Somalia, Sudan, Syrien oder Jemen nach dem 1. M\u00e4rz 2011.<\/li>\n<\/ul>\n\n<div style=\"height:10px\" aria-hidden=\"true\" class=\"wp-block-spacer\"><\/div>\n\n<h2 class=\"wp-block-heading\">Schritte nach einer Ablehnung<\/h2>\n\n<p>Wenn Ihr ESTA-Antrag abgelehnt wird, gehen Sie wie folgt vor:<\/p>\n\n<ul class=\"wp-block-list\">\n<li>\u00dcberpr\u00fcfen und korrigieren Sie die eingegebenen Informationen auf m\u00f6gliche Fehler.\nKorrigieren Sie alle falschen Informationen und vergewissern Sie sich, dass alle Felder genau ausgef\u00fcllt sind. <\/li>\n\n\n\n<li>Warten Sie 10 Tage, bevor Sie einen neuen Antrag einreichen.\nStellen Sie sicher, dass alle Informationen korrekt und auf dem neuesten Stand sind. <a href=\"https:\/\/usa-gv.com\/de\/so-bezahlen-sie-ein-esta\/\">Bezahlen Sie die ESTA-Geb\u00fchr<\/a> erneut. <\/li>\n<\/ul>\n\n<div style=\"height:10px\" aria-hidden=\"true\" class=\"wp-block-spacer\"><\/div>\n\n<p>Wenn Ihr ESTA-Antrag erneut abgelehnt wird, k\u00f6nnen Sie bei einer US-Botschaft ein <a href=\"https:\/\/usa-gv.com\/de\/touristenvisum-usa\/\">US-Visum<\/a> beantragen. Die Beantragung eines Visums dauert l\u00e4nger und ist kostspieliger, bietet aber eine zuverl\u00e4ssige Alternative f\u00fcr Reisen in die USA. Bereiten Sie sich darauf vor, zus\u00e4tzliche Dokumente einzureichen, wie z. B. Nachweise \u00fcber Verbindungen zu Ihrem Heimatland, Kontoausz\u00fcge und ggf. ein Einladungsschreiben.<\/p>\n\n<p>Bei anhaltender Ablehnung kann es hilfreich sein, einen Immigrationsexperten oder einen spezialisierten Anwalt zu konsultieren.<br\/>Ein Fachmann kann Ihnen helfen, die Gr\u00fcnde f\u00fcr die Ablehnung zu verstehen und einen soliden Visumantrag vorzubereiten.<\/p>\n\n<h2 class=\"wp-block-heading\">Tipps zur Vermeidung einer Ablehnung<\/h2>\n\n<p>Um das Risiko einer Ablehnung Ihres ESTA-Antrags zu minimieren, befolgen Sie bitte die folgenden Ratschl\u00e4ge :<\/p>\n\n<ul class=\"wp-block-list\">\n<li>Bevor Sie Ihren Antrag einreichen, sollten Sie alle Informationen noch einmal \u00fcberpr\u00fcfen, um Fehler zu vermeiden.<\/li>\n\n\n\n<li>Beantworten Sie Fragen zur Sicherheit und zu Ihrer Vorgeschichte ehrlich.\nFalsche Angaben k\u00f6nnen zu einer Ablehnung f\u00fchren. <\/li>\n\n\n\n<li>Warten Sie nicht bis zur letzten Minute, um Ihren Antrag einzureichen.\nWenn Ihr Antrag abgelehnt wird, haben Sie gen\u00fcgend Zeit, um ein Visum zu beantragen. <\/li>\n<\/ul>\n\n<div style=\"height:10px\" aria-hidden=\"true\" class=\"wp-block-spacer\"><\/div>\n","protected":false},"excerpt":{"rendered":"<p>Sie haben eine Ablehnung Ihres ESTA-Antrags erhalten F\u00fcr Reisen in die USA im Rahmen des Programms f\u00fcr visumfreies Reisen (Visa Waiver Program) ist eine elektronische Reisegenehmigung (ESTA) erforderlich. Obwohl die meisten Antr\u00e4ge genehmigt werden, kann es vorkommen, dass einige ESTAs abgelehnt werden. Verstehen Sie die Gr\u00fcnde f\u00fcr die Ablehnung Der erste Schritt besteht darin, herauszufinden, [&hellip;]<\/p>\n","protected":false},"author":1,"featured_media":0,"parent":0,"menu_order":0,"comment_status":"closed","ping_status":"closed","template":"","meta":{"footnotes":""},"class_list":["post-2995","page","type-page","status-publish","hentry"],"yoast_head":"<!-- This site is optimized with the Yoast SEO plugin v26.6 - https:\/\/yoast.com\/wordpress\/plugins\/seo\/ -->\n<title>Was tun, wenn ein ESTA-Antrag abgelehnt wird - USA-GV.COM<\/title>\n<meta name=\"description\" content=\"Die Ablehnung eines Online-ESTA-Antrags bedeutet nicht, dass Sie nicht in die Vereinigten Staaten reisen k\u00f6nnen. Entdecken Sie die L\u00f6sungen\" \/>\n<meta name=\"robots\" content=\"index, follow, max-snippet:-1, max-image-preview:large, max-video-preview:-1\" \/>\n<link rel=\"canonical\" href=\"https:\/\/usa-gv.com\/de\/esta-antrag-abgelehnt\/\" \/>\n<meta property=\"og:locale\" content=\"de_DE\" \/>\n<meta property=\"og:type\" content=\"article\" \/>\n<meta property=\"og:title\" content=\"Was tun, wenn ein ESTA-Antrag abgelehnt wird - USA-GV.COM\" \/>\n<meta property=\"og:description\" content=\"Die Ablehnung eines Online-ESTA-Antrags bedeutet nicht, dass Sie nicht in die Vereinigten Staaten reisen k\u00f6nnen. Entdecken Sie die L\u00f6sungen\" \/>\n<meta property=\"og:url\" content=\"https:\/\/usa-gv.com\/de\/esta-antrag-abgelehnt\/\" \/>\n<meta property=\"og:site_name\" content=\"USA-GV.COM\" \/>\n<meta property=\"article:modified_time\" content=\"2025-02-25T11:53:02+00:00\" \/>\n<meta name=\"twitter:card\" content=\"summary_large_image\" \/>\n<meta name=\"twitter:label1\" content=\"Gesch\u00e4tzte Lesezeit\" \/>\n\t<meta name=\"twitter:data1\" content=\"2\u00a0Minuten\" \/>\n<script type=\"application\/ld+json\" class=\"yoast-schema-graph\">{\"@context\":\"https:\/\/schema.org\",\"@graph\":[{\"@type\":\"WebPage\",\"@id\":\"https:\/\/usa-gv.com\/de\/esta-antrag-abgelehnt\/\",\"url\":\"https:\/\/usa-gv.com\/de\/esta-antrag-abgelehnt\/\",\"name\":\"Was tun, wenn ein ESTA-Antrag abgelehnt wird - USA-GV.COM\",\"isPartOf\":{\"@id\":\"https:\/\/usa-gv.com\/de\/#website\"},\"datePublished\":\"2024-03-19T10:22:32+00:00\",\"dateModified\":\"2025-02-25T11:53:02+00:00\",\"description\":\"Die Ablehnung eines Online-ESTA-Antrags bedeutet nicht, dass Sie nicht in die Vereinigten Staaten reisen k\u00f6nnen. Entdecken Sie die L\u00f6sungen\",\"breadcrumb\":{\"@id\":\"https:\/\/usa-gv.com\/de\/esta-antrag-abgelehnt\/#breadcrumb\"},\"inLanguage\":\"de\",\"potentialAction\":[{\"@type\":\"ReadAction\",\"target\":[\"https:\/\/usa-gv.com\/de\/esta-antrag-abgelehnt\/\"]}]},{\"@type\":\"BreadcrumbList\",\"@id\":\"https:\/\/usa-gv.com\/de\/esta-antrag-abgelehnt\/#breadcrumb\",\"itemListElement\":[{\"@type\":\"ListItem\",\"position\":1,\"name\":\"Home\",\"item\":\"https:\/\/usa-gv.com\/de\/usa-reisefuehrer\/\"},{\"@type\":\"ListItem\",\"position\":2,\"name\":\"Was tun, wenn ein ESTA-Antrag abgelehnt wird\"}]},{\"@type\":\"WebSite\",\"@id\":\"https:\/\/usa-gv.com\/de\/#website\",\"url\":\"https:\/\/usa-gv.com\/de\/\",\"name\":\"USA-GV.COM\",\"description\":\"\",\"potentialAction\":[{\"@type\":\"SearchAction\",\"target\":{\"@type\":\"EntryPoint\",\"urlTemplate\":\"https:\/\/usa-gv.com\/de\/?s={search_term_string}\"},\"query-input\":{\"@type\":\"PropertyValueSpecification\",\"valueRequired\":true,\"valueName\":\"search_term_string\"}}],\"inLanguage\":\"de\"}]}<\/script>\n<!-- \/ Yoast SEO plugin. -->","yoast_head_json":{"title":"Was tun, wenn ein ESTA-Antrag abgelehnt wird - USA-GV.COM","description":"Die Ablehnung eines Online-ESTA-Antrags bedeutet nicht, dass Sie nicht in die Vereinigten Staaten reisen k\u00f6nnen. Entdecken Sie die L\u00f6sungen","robots":{"index":"index","follow":"follow","max-snippet":"max-snippet:-1","max-image-preview":"max-image-preview:large","max-video-preview":"max-video-preview:-1"},"canonical":"https:\/\/usa-gv.com\/de\/esta-antrag-abgelehnt\/","og_locale":"de_DE","og_type":"article","og_title":"Was tun, wenn ein ESTA-Antrag abgelehnt wird - USA-GV.COM","og_description":"Die Ablehnung eines Online-ESTA-Antrags bedeutet nicht, dass Sie nicht in die Vereinigten Staaten reisen k\u00f6nnen. Entdecken Sie die L\u00f6sungen","og_url":"https:\/\/usa-gv.com\/de\/esta-antrag-abgelehnt\/","og_site_name":"USA-GV.COM","article_modified_time":"2025-02-25T11:53:02+00:00","twitter_card":"summary_large_image","twitter_misc":{"Gesch\u00e4tzte Lesezeit":"2\u00a0Minuten"},"schema":{"@context":"https:\/\/schema.org","@graph":[{"@type":"WebPage","@id":"https:\/\/usa-gv.com\/de\/esta-antrag-abgelehnt\/","url":"https:\/\/usa-gv.com\/de\/esta-antrag-abgelehnt\/","name":"Was tun, wenn ein ESTA-Antrag abgelehnt wird - USA-GV.COM","isPartOf":{"@id":"https:\/\/usa-gv.com\/de\/#website"},"datePublished":"2024-03-19T10:22:32+00:00","dateModified":"2025-02-25T11:53:02+00:00","description":"Die Ablehnung eines Online-ESTA-Antrags bedeutet nicht, dass Sie nicht in die Vereinigten Staaten reisen k\u00f6nnen. Entdecken Sie die L\u00f6sungen","breadcrumb":{"@id":"https:\/\/usa-gv.com\/de\/esta-antrag-abgelehnt\/#breadcrumb"},"inLanguage":"de","potentialAction":[{"@type":"ReadAction","target":["https:\/\/usa-gv.com\/de\/esta-antrag-abgelehnt\/"]}]},{"@type":"BreadcrumbList","@id":"https:\/\/usa-gv.com\/de\/esta-antrag-abgelehnt\/#breadcrumb","itemListElement":[{"@type":"ListItem","position":1,"name":"Home","item":"https:\/\/usa-gv.com\/de\/usa-reisefuehrer\/"},{"@type":"ListItem","position":2,"name":"Was tun, wenn ein ESTA-Antrag abgelehnt wird"}]},{"@type":"WebSite","@id":"https:\/\/usa-gv.com\/de\/#website","url":"https:\/\/usa-gv.com\/de\/","name":"USA-GV.COM","description":"","potentialAction":[{"@type":"SearchAction","target":{"@type":"EntryPoint","urlTemplate":"https:\/\/usa-gv.com\/de\/?s={search_term_string}"},"query-input":{"@type":"PropertyValueSpecification","valueRequired":true,"valueName":"search_term_string"}}],"inLanguage":"de"}]}},"_links":{"self":[{"href":"https:\/\/usa-gv.com\/de\/wp-json\/wp\/v2\/pages\/2995","targetHints":{"allow":["GET"]}}],"collection":[{"href":"https:\/\/usa-gv.com\/de\/wp-json\/wp\/v2\/pages"}],"about":[{"href":"https:\/\/usa-gv.com\/de\/wp-json\/wp\/v2\/types\/page"}],"author":[{"embeddable":true,"href":"https:\/\/usa-gv.com\/de\/wp-json\/wp\/v2\/users\/1"}],"replies":[{"embeddable":true,"href":"https:\/\/usa-gv.com\/de\/wp-json\/wp\/v2\/comments?post=2995"}],"version-history":[{"count":1,"href":"https:\/\/usa-gv.com\/de\/wp-json\/wp\/v2\/pages\/2995\/revisions"}],"predecessor-version":[{"id":7683,"href":"https:\/\/usa-gv.com\/de\/wp-json\/wp\/v2\/pages\/2995\/revisions\/7683"}],"wp:attachment":[{"href":"https:\/\/usa-gv.com\/de\/wp-json\/wp\/v2\/media?parent=2995"}],"curies":[{"name":"wp","href":"https:\/\/api.w.org\/{rel}","templated":true}]}}