{"id":2977,"date":"2024-03-19T10:31:27","date_gmt":"2024-03-19T10:31:27","guid":{"rendered":"https:\/\/usa-gv.com\/esta-genehmigung-verloren\/"},"modified":"2025-02-25T11:52:55","modified_gmt":"2025-02-25T11:52:55","slug":"esta-genehmigung-verloren","status":"publish","type":"page","link":"https:\/\/usa-gv.com\/de\/esta-genehmigung-verloren\/","title":{"rendered":"Was tun, wenn die ESTA-Genehmigung verloren gegangen ist"},"content":{"rendered":"\n<h1 class=\"wp-block-heading\">Was m\u00fcssen Sie tun, wenn Sie Ihr ESTA verloren haben<\/h1>\n\n<p>ESTA ist f\u00fcr Staatsangeh\u00f6rige von L\u00e4ndern, die am Programm f\u00fcr visumfreies Reisen (Visa Waiver Program) teilnehmen, unerl\u00e4sslich, wenn Sie f\u00fcr einen Kurzaufenthalt in die USA reisen m\u00f6chten.\nWenn Sie Ihr ESTA verloren haben oder Ihre Genehmigungsnummer nicht finden k\u00f6nnen, hindert Sie das nicht daran, in die USA zu reisen. <\/p>\n\n<h2 class=\"wp-block-heading\">Schritte bei Verlust eines ESTAs<\/h2>\n\n<p>Wenn Sie Ihre ESTA-Nummer verloren haben, k\u00f6nnen Sie einfach auf Ihren Online-Antrag zugreifen:<\/p>\n\n<ul class=\"wp-block-list\">\n<li>Besuchen Sie die <a href=\"https:\/\/usa-gv.com\/de\/offizielle-esta-website\/\">offizielle ESTA-Website<\/a>.<\/li>\n\n\n\n<li>Klicken Sie auf <a href=\"https:\/\/usa-gv.com\/de\/uberprufen-sie-die-esta-gultigkeit\/\">ESTA \u00fcberpr\u00fcfen<\/a>.<\/li>\n\n\n\n<li>Geben Sie die pers\u00f6nlichen Daten des Reisenden ein, einschlie\u00dflich der Passnummer, des Geburtsdatums und des Landes der Staatsb\u00fcrgerschaft.<\/li>\n\n\n\n<li>Rufen Sie die Genehmigungsnummer ab und sehen Sie sich den Status des ESTA an.<\/li>\n<\/ul>\n\n<div style=\"height:10px\" aria-hidden=\"true\" class=\"wp-block-spacer\"><\/div>\n\n<h2 class=\"wp-block-heading\">Einen neuen ESTA-Antrag stellen<\/h2>\n\n<p>Wenn alle Wiederherstellungsversuche fehlschlagen, k\u00f6nnen Sie einen neuen ESTA-Antrag stellen.\nGehen Sie wie folgt vor: <\/p>\n\n<ul class=\"wp-block-list\">\n<li>Greifen Sie auf das <a href=\"https:\/\/usa-gv.com\/de\/esta-online-formular\/\">ESTA-Formular online<\/a> zu.<\/li>\n\n\n\n<li><a href=\"https:\/\/usa-gv.com\/de\/fullen-sie-das-esta-formular-online-aus\/\">F\u00fcllen Sie das ESTA-Formular<\/a> genau aus und geben Sie die korrekten Informationen an.<\/li>\n\n\n\n<li><a href=\"https:\/\/usa-gv.com\/de\/so-bezahlen-sie-ein-esta\/\">Bezahlen Sie die ESTA-Geb\u00fchr<\/a>, um den Antrag online abzuschlie\u00dfen.<\/li>\n<\/ul>\n\n<div style=\"height:10px\" aria-hidden=\"true\" class=\"wp-block-spacer\"><\/div>\n","protected":false},"excerpt":{"rendered":"<p>Was m\u00fcssen Sie tun, wenn Sie Ihr ESTA verloren haben ESTA ist f\u00fcr Staatsangeh\u00f6rige von L\u00e4ndern, die am Programm f\u00fcr visumfreies Reisen (Visa Waiver Program) teilnehmen, unerl\u00e4sslich, wenn Sie f\u00fcr einen Kurzaufenthalt in die USA reisen m\u00f6chten. Wenn Sie Ihr ESTA verloren haben oder Ihre Genehmigungsnummer nicht finden k\u00f6nnen, hindert Sie das nicht daran, in [&hellip;]<\/p>\n","protected":false},"author":1,"featured_media":0,"parent":0,"menu_order":0,"comment_status":"closed","ping_status":"closed","template":"","meta":{"footnotes":""},"class_list":["post-2977","page","type-page","status-publish","hentry"],"yoast_head":"<!-- This site is optimized with the Yoast SEO plugin v26.6 - https:\/\/yoast.com\/wordpress\/plugins\/seo\/ -->\n<title>Was tun, wenn die ESTA-Genehmigung verloren gegangen ist - USA-GV.COM<\/title>\n<meta name=\"description\" content=\"Wenn Sie Ihre ESTA-Bescheinigung verloren haben, k\u00f6nnen Sie trotzdem problemlos in die Vereinigten Staaten reisen. Hier ist, was Sie wissen sollten\" \/>\n<meta name=\"robots\" content=\"index, follow, max-snippet:-1, max-image-preview:large, max-video-preview:-1\" \/>\n<link rel=\"canonical\" href=\"https:\/\/usa-gv.com\/de\/esta-genehmigung-verloren\/\" \/>\n<meta property=\"og:locale\" content=\"de_DE\" \/>\n<meta property=\"og:type\" content=\"article\" \/>\n<meta property=\"og:title\" content=\"Was tun, wenn die ESTA-Genehmigung verloren gegangen ist - USA-GV.COM\" \/>\n<meta property=\"og:description\" content=\"Wenn Sie Ihre ESTA-Bescheinigung verloren haben, k\u00f6nnen Sie trotzdem problemlos in die Vereinigten Staaten reisen. Hier ist, was Sie wissen sollten\" \/>\n<meta property=\"og:url\" content=\"https:\/\/usa-gv.com\/de\/esta-genehmigung-verloren\/\" \/>\n<meta property=\"og:site_name\" content=\"USA-GV.COM\" \/>\n<meta property=\"article:modified_time\" content=\"2025-02-25T11:52:55+00:00\" \/>\n<meta name=\"twitter:card\" content=\"summary_large_image\" \/>\n<meta name=\"twitter:label1\" content=\"Gesch\u00e4tzte Lesezeit\" \/>\n\t<meta name=\"twitter:data1\" content=\"1\u00a0Minute\" \/>\n<script type=\"application\/ld+json\" class=\"yoast-schema-graph\">{\"@context\":\"https:\/\/schema.org\",\"@graph\":[{\"@type\":\"WebPage\",\"@id\":\"https:\/\/usa-gv.com\/de\/esta-genehmigung-verloren\/\",\"url\":\"https:\/\/usa-gv.com\/de\/esta-genehmigung-verloren\/\",\"name\":\"Was tun, wenn die ESTA-Genehmigung verloren gegangen ist - USA-GV.COM\",\"isPartOf\":{\"@id\":\"https:\/\/usa-gv.com\/de\/#website\"},\"datePublished\":\"2024-03-19T10:31:27+00:00\",\"dateModified\":\"2025-02-25T11:52:55+00:00\",\"description\":\"Wenn Sie Ihre ESTA-Bescheinigung verloren haben, k\u00f6nnen Sie trotzdem problemlos in die Vereinigten Staaten reisen. Hier ist, was Sie wissen sollten\",\"breadcrumb\":{\"@id\":\"https:\/\/usa-gv.com\/de\/esta-genehmigung-verloren\/#breadcrumb\"},\"inLanguage\":\"de\",\"potentialAction\":[{\"@type\":\"ReadAction\",\"target\":[\"https:\/\/usa-gv.com\/de\/esta-genehmigung-verloren\/\"]}]},{\"@type\":\"BreadcrumbList\",\"@id\":\"https:\/\/usa-gv.com\/de\/esta-genehmigung-verloren\/#breadcrumb\",\"itemListElement\":[{\"@type\":\"ListItem\",\"position\":1,\"name\":\"Home\",\"item\":\"https:\/\/usa-gv.com\/de\/usa-reisefuehrer\/\"},{\"@type\":\"ListItem\",\"position\":2,\"name\":\"Was tun, wenn die ESTA-Genehmigung verloren gegangen ist\"}]},{\"@type\":\"WebSite\",\"@id\":\"https:\/\/usa-gv.com\/de\/#website\",\"url\":\"https:\/\/usa-gv.com\/de\/\",\"name\":\"USA-GV.COM\",\"description\":\"\",\"potentialAction\":[{\"@type\":\"SearchAction\",\"target\":{\"@type\":\"EntryPoint\",\"urlTemplate\":\"https:\/\/usa-gv.com\/de\/?s={search_term_string}\"},\"query-input\":{\"@type\":\"PropertyValueSpecification\",\"valueRequired\":true,\"valueName\":\"search_term_string\"}}],\"inLanguage\":\"de\"}]}<\/script>\n<!-- \/ Yoast SEO plugin. -->","yoast_head_json":{"title":"Was tun, wenn die ESTA-Genehmigung verloren gegangen ist - USA-GV.COM","description":"Wenn Sie Ihre ESTA-Bescheinigung verloren haben, k\u00f6nnen Sie trotzdem problemlos in die Vereinigten Staaten reisen. Hier ist, was Sie wissen sollten","robots":{"index":"index","follow":"follow","max-snippet":"max-snippet:-1","max-image-preview":"max-image-preview:large","max-video-preview":"max-video-preview:-1"},"canonical":"https:\/\/usa-gv.com\/de\/esta-genehmigung-verloren\/","og_locale":"de_DE","og_type":"article","og_title":"Was tun, wenn die ESTA-Genehmigung verloren gegangen ist - USA-GV.COM","og_description":"Wenn Sie Ihre ESTA-Bescheinigung verloren haben, k\u00f6nnen Sie trotzdem problemlos in die Vereinigten Staaten reisen. Hier ist, was Sie wissen sollten","og_url":"https:\/\/usa-gv.com\/de\/esta-genehmigung-verloren\/","og_site_name":"USA-GV.COM","article_modified_time":"2025-02-25T11:52:55+00:00","twitter_card":"summary_large_image","twitter_misc":{"Gesch\u00e4tzte Lesezeit":"1\u00a0Minute"},"schema":{"@context":"https:\/\/schema.org","@graph":[{"@type":"WebPage","@id":"https:\/\/usa-gv.com\/de\/esta-genehmigung-verloren\/","url":"https:\/\/usa-gv.com\/de\/esta-genehmigung-verloren\/","name":"Was tun, wenn die ESTA-Genehmigung verloren gegangen ist - USA-GV.COM","isPartOf":{"@id":"https:\/\/usa-gv.com\/de\/#website"},"datePublished":"2024-03-19T10:31:27+00:00","dateModified":"2025-02-25T11:52:55+00:00","description":"Wenn Sie Ihre ESTA-Bescheinigung verloren haben, k\u00f6nnen Sie trotzdem problemlos in die Vereinigten Staaten reisen. Hier ist, was Sie wissen sollten","breadcrumb":{"@id":"https:\/\/usa-gv.com\/de\/esta-genehmigung-verloren\/#breadcrumb"},"inLanguage":"de","potentialAction":[{"@type":"ReadAction","target":["https:\/\/usa-gv.com\/de\/esta-genehmigung-verloren\/"]}]},{"@type":"BreadcrumbList","@id":"https:\/\/usa-gv.com\/de\/esta-genehmigung-verloren\/#breadcrumb","itemListElement":[{"@type":"ListItem","position":1,"name":"Home","item":"https:\/\/usa-gv.com\/de\/usa-reisefuehrer\/"},{"@type":"ListItem","position":2,"name":"Was tun, wenn die ESTA-Genehmigung verloren gegangen ist"}]},{"@type":"WebSite","@id":"https:\/\/usa-gv.com\/de\/#website","url":"https:\/\/usa-gv.com\/de\/","name":"USA-GV.COM","description":"","potentialAction":[{"@type":"SearchAction","target":{"@type":"EntryPoint","urlTemplate":"https:\/\/usa-gv.com\/de\/?s={search_term_string}"},"query-input":{"@type":"PropertyValueSpecification","valueRequired":true,"valueName":"search_term_string"}}],"inLanguage":"de"}]}},"_links":{"self":[{"href":"https:\/\/usa-gv.com\/de\/wp-json\/wp\/v2\/pages\/2977","targetHints":{"allow":["GET"]}}],"collection":[{"href":"https:\/\/usa-gv.com\/de\/wp-json\/wp\/v2\/pages"}],"about":[{"href":"https:\/\/usa-gv.com\/de\/wp-json\/wp\/v2\/types\/page"}],"author":[{"embeddable":true,"href":"https:\/\/usa-gv.com\/de\/wp-json\/wp\/v2\/users\/1"}],"replies":[{"embeddable":true,"href":"https:\/\/usa-gv.com\/de\/wp-json\/wp\/v2\/comments?post=2977"}],"version-history":[{"count":1,"href":"https:\/\/usa-gv.com\/de\/wp-json\/wp\/v2\/pages\/2977\/revisions"}],"predecessor-version":[{"id":7672,"href":"https:\/\/usa-gv.com\/de\/wp-json\/wp\/v2\/pages\/2977\/revisions\/7672"}],"wp:attachment":[{"href":"https:\/\/usa-gv.com\/de\/wp-json\/wp\/v2\/media?parent=2977"}],"curies":[{"name":"wp","href":"https:\/\/api.w.org\/{rel}","templated":true}]}}