{"id":2959,"date":"2024-03-10T21:26:19","date_gmt":"2024-03-10T21:26:19","guid":{"rendered":"https:\/\/usa-gv.com\/was-ist-eine-esta-genehmigung\/"},"modified":"2025-02-25T11:52:49","modified_gmt":"2025-02-25T11:52:49","slug":"was-ist-eine-esta-genehmigung","status":"publish","type":"page","link":"https:\/\/usa-gv.com\/de\/was-ist-eine-esta-genehmigung\/","title":{"rendered":"Was ist die ESTA-Genehmigung f\u00fcr die USA?"},"content":{"rendered":"\n<h1 class=\"wp-block-heading\">Was ist eine ESTA-Genehmigung?<\/h1>\n\n<p>ESTA ist ein elektronisches System zur Beantragung von Reisegenehmigungen, das von der Regierung der Vereinigten Staaten eingerichtet wurde.\nDas Anagramm ESTA steht f\u00fcr <strong>Electronic System for Travel Authorization (Elektronisches System zur Reisegenehmigung<\/strong>).\nDieses Programm zur Befreiung von der Visumspflicht erm\u00f6glicht es B\u00fcrgern aus L\u00e4ndern, die am <a href=\"https:\/\/usa-gv.com\/de\/visa-waiver-program-usa\/\">Visa Waiver Program<\/a> teilnehmen, ohne Visum in die USA einzureisen, um Touristen oder Gesch\u00e4ftsreisende zu werden.  <\/p>\n\n<h2 class=\"wp-block-heading\">Wie funktioniert ESTA?<\/h2>\n\n<p>Um eine ESTA-Genehmigung zu erhalten, m\u00fcssen Reisende das <a href=\"https:\/\/usa-gv.com\/de\/esta-online-formular\/\">ESTA-Formular online<\/a> ausf\u00fcllen. Das Verfahren erfordert die Angabe der pers\u00f6nlichen Daten des Reisenden und die wahrheitsgem\u00e4\u00dfe Beantwortung der <a href=\"https:\/\/usa-gv.com\/de\/fragen-zum-esta-formular\/\">ESTA-Fragen<\/a>. Dieser Computerprozess \u00fcberpr\u00fcft die Berechtigung von Besuchern im Rahmen des Visa Waiver Program vor ihrer Ankunft in den USA. Eine einmal genehmigte ESTA-Genehmigung ist f\u00fcr zwei Jahre oder bis zum Ablauf des <a href=\"https:\/\/usa-gv.com\/de\/reisepass-fur-die-usa\/\">g\u00fcltigen US-Reisepasses<\/a> des Inhabers g\u00fcltig.<\/p>\n\n<h2 class=\"wp-block-heading\">Vorteile von ESTA f\u00fcr Reisen in die USA<\/h2>\n\n<p>ESTA bietet eine Reihe von Vorteilen f\u00fcr internationale Reisende.\nDas Antragsverfahren ist vollst\u00e4ndig online, was den Verwaltungsaufwand vereinfacht und eine Antwort innerhalb von 72 Stunden erm\u00f6glicht.\nReisende k\u00f6nnen die USA w\u00e4hrend der <a href=\"https:\/\/usa-gv.com\/de\/esta-gultigkeitsdauer\/\">G\u00fcltigkeitsdauer des ESTA<\/a> mehrmals besuchen, ohne das <a href=\"https:\/\/usa-gv.com\/de\/esta-erneuerung\/\">ESTA f\u00fcr jeden Besuch erneuern<\/a> zu m\u00fcssen.  <\/p>\n\n<h2 class=\"wp-block-heading\">Bedingungen und Einschr\u00e4nkungen f\u00fcr ESTA<\/h2>\n\n<p>Das ESTA erleichtert die Einreise in die USA f\u00fcr einen Kurzaufenthalt, unterliegt jedoch bestimmten Beschr\u00e4nkungen.\nInhaber einer ESTA-Genehmigung d\u00fcrfen nicht arbeiten oder f\u00fcr einen akademischen Kredit studieren.\nEs ist auch nicht m\u00f6glich, durch die Einreise mit einer ESTA-Genehmigung in die USA einen st\u00e4ndigen Wohnsitz zu erhalten.\nDie Einhaltung dieser Bedingungen ist entscheidend, um rechtliche Komplikationen oder die <a href=\"https:\/\/usa-gv.com\/de\/esta-antrag-abgelehnt\/\">Ablehnung des ESTA<\/a> zu vermeiden.   <\/p>\n\n<h2 class=\"wp-block-heading\">Die Bedeutung von ESTA f\u00fcr Tourismus und Gesch\u00e4ftsreisen<\/h2>\n\n<p>Das ESTA ist zu einem wichtigen Instrument f\u00fcr Touristen und Gesch\u00e4ftsreisende geworden, das eine schnelle und sichere Einreise in die USA erm\u00f6glicht.\nDies st\u00e4rkt die wirtschaftlichen und kulturellen Beziehungen zwischen den USA und den L\u00e4ndern des Visa Waiver Program, w\u00e4hrend gleichzeitig die Standards der nationalen Sicherheit aufrechterhalten werden. <\/p>\n","protected":false},"excerpt":{"rendered":"<p>Was ist eine ESTA-Genehmigung? ESTA ist ein elektronisches System zur Beantragung von Reisegenehmigungen, das von der Regierung der Vereinigten Staaten eingerichtet wurde. Das Anagramm ESTA steht f\u00fcr Electronic System for Travel Authorization (Elektronisches System zur Reisegenehmigung). Dieses Programm zur Befreiung von der Visumspflicht erm\u00f6glicht es B\u00fcrgern aus L\u00e4ndern, die am Visa Waiver Program teilnehmen, ohne [&hellip;]<\/p>\n","protected":false},"author":1,"featured_media":0,"parent":0,"menu_order":0,"comment_status":"closed","ping_status":"closed","template":"","meta":{"footnotes":""},"class_list":["post-2959","page","type-page","status-publish","hentry"],"yoast_head":"<!-- This site is optimized with the Yoast SEO plugin v26.6 - https:\/\/yoast.com\/wordpress\/plugins\/seo\/ -->\n<title>Was ist die ESTA-Genehmigung f\u00fcr die USA? - USA-GV.COM<\/title>\n<meta name=\"description\" content=\"Finden Sie heraus, was eine ESTA-Reisegenehmigung f\u00fcr die USA im Einzelnen ist, bevor Sie einen ESTA-Antrag online stellen.\" \/>\n<meta name=\"robots\" content=\"index, follow, max-snippet:-1, max-image-preview:large, max-video-preview:-1\" \/>\n<link rel=\"canonical\" href=\"https:\/\/usa-gv.com\/de\/was-ist-eine-esta-genehmigung\/\" \/>\n<meta property=\"og:locale\" content=\"de_DE\" \/>\n<meta property=\"og:type\" content=\"article\" \/>\n<meta property=\"og:title\" content=\"Was ist die ESTA-Genehmigung f\u00fcr die USA? - USA-GV.COM\" \/>\n<meta property=\"og:description\" content=\"Finden Sie heraus, was eine ESTA-Reisegenehmigung f\u00fcr die USA im Einzelnen ist, bevor Sie einen ESTA-Antrag online stellen.\" \/>\n<meta property=\"og:url\" content=\"https:\/\/usa-gv.com\/de\/was-ist-eine-esta-genehmigung\/\" \/>\n<meta property=\"og:site_name\" content=\"USA-GV.COM\" \/>\n<meta property=\"article:modified_time\" content=\"2025-02-25T11:52:49+00:00\" \/>\n<meta name=\"twitter:card\" content=\"summary_large_image\" \/>\n<meta name=\"twitter:label1\" content=\"Gesch\u00e4tzte Lesezeit\" \/>\n\t<meta name=\"twitter:data1\" content=\"2\u00a0Minuten\" \/>\n<script type=\"application\/ld+json\" class=\"yoast-schema-graph\">{\"@context\":\"https:\/\/schema.org\",\"@graph\":[{\"@type\":\"WebPage\",\"@id\":\"https:\/\/usa-gv.com\/de\/was-ist-eine-esta-genehmigung\/\",\"url\":\"https:\/\/usa-gv.com\/de\/was-ist-eine-esta-genehmigung\/\",\"name\":\"Was ist die ESTA-Genehmigung f\u00fcr die USA? - USA-GV.COM\",\"isPartOf\":{\"@id\":\"https:\/\/usa-gv.com\/de\/#website\"},\"datePublished\":\"2024-03-10T21:26:19+00:00\",\"dateModified\":\"2025-02-25T11:52:49+00:00\",\"description\":\"Finden Sie heraus, was eine ESTA-Reisegenehmigung f\u00fcr die USA im Einzelnen ist, bevor Sie einen ESTA-Antrag online stellen.\",\"breadcrumb\":{\"@id\":\"https:\/\/usa-gv.com\/de\/was-ist-eine-esta-genehmigung\/#breadcrumb\"},\"inLanguage\":\"de\",\"potentialAction\":[{\"@type\":\"ReadAction\",\"target\":[\"https:\/\/usa-gv.com\/de\/was-ist-eine-esta-genehmigung\/\"]}]},{\"@type\":\"BreadcrumbList\",\"@id\":\"https:\/\/usa-gv.com\/de\/was-ist-eine-esta-genehmigung\/#breadcrumb\",\"itemListElement\":[{\"@type\":\"ListItem\",\"position\":1,\"name\":\"Home\",\"item\":\"https:\/\/usa-gv.com\/de\/usa-reisefuehrer\/\"},{\"@type\":\"ListItem\",\"position\":2,\"name\":\"Was ist die ESTA-Genehmigung f\u00fcr die USA?\"}]},{\"@type\":\"WebSite\",\"@id\":\"https:\/\/usa-gv.com\/de\/#website\",\"url\":\"https:\/\/usa-gv.com\/de\/\",\"name\":\"USA-GV.COM\",\"description\":\"\",\"potentialAction\":[{\"@type\":\"SearchAction\",\"target\":{\"@type\":\"EntryPoint\",\"urlTemplate\":\"https:\/\/usa-gv.com\/de\/?s={search_term_string}\"},\"query-input\":{\"@type\":\"PropertyValueSpecification\",\"valueRequired\":true,\"valueName\":\"search_term_string\"}}],\"inLanguage\":\"de\"}]}<\/script>\n<!-- \/ Yoast SEO plugin. -->","yoast_head_json":{"title":"Was ist die ESTA-Genehmigung f\u00fcr die USA? - USA-GV.COM","description":"Finden Sie heraus, was eine ESTA-Reisegenehmigung f\u00fcr die USA im Einzelnen ist, bevor Sie einen ESTA-Antrag online stellen.","robots":{"index":"index","follow":"follow","max-snippet":"max-snippet:-1","max-image-preview":"max-image-preview:large","max-video-preview":"max-video-preview:-1"},"canonical":"https:\/\/usa-gv.com\/de\/was-ist-eine-esta-genehmigung\/","og_locale":"de_DE","og_type":"article","og_title":"Was ist die ESTA-Genehmigung f\u00fcr die USA? - USA-GV.COM","og_description":"Finden Sie heraus, was eine ESTA-Reisegenehmigung f\u00fcr die USA im Einzelnen ist, bevor Sie einen ESTA-Antrag online stellen.","og_url":"https:\/\/usa-gv.com\/de\/was-ist-eine-esta-genehmigung\/","og_site_name":"USA-GV.COM","article_modified_time":"2025-02-25T11:52:49+00:00","twitter_card":"summary_large_image","twitter_misc":{"Gesch\u00e4tzte Lesezeit":"2\u00a0Minuten"},"schema":{"@context":"https:\/\/schema.org","@graph":[{"@type":"WebPage","@id":"https:\/\/usa-gv.com\/de\/was-ist-eine-esta-genehmigung\/","url":"https:\/\/usa-gv.com\/de\/was-ist-eine-esta-genehmigung\/","name":"Was ist die ESTA-Genehmigung f\u00fcr die USA? - USA-GV.COM","isPartOf":{"@id":"https:\/\/usa-gv.com\/de\/#website"},"datePublished":"2024-03-10T21:26:19+00:00","dateModified":"2025-02-25T11:52:49+00:00","description":"Finden Sie heraus, was eine ESTA-Reisegenehmigung f\u00fcr die USA im Einzelnen ist, bevor Sie einen ESTA-Antrag online stellen.","breadcrumb":{"@id":"https:\/\/usa-gv.com\/de\/was-ist-eine-esta-genehmigung\/#breadcrumb"},"inLanguage":"de","potentialAction":[{"@type":"ReadAction","target":["https:\/\/usa-gv.com\/de\/was-ist-eine-esta-genehmigung\/"]}]},{"@type":"BreadcrumbList","@id":"https:\/\/usa-gv.com\/de\/was-ist-eine-esta-genehmigung\/#breadcrumb","itemListElement":[{"@type":"ListItem","position":1,"name":"Home","item":"https:\/\/usa-gv.com\/de\/usa-reisefuehrer\/"},{"@type":"ListItem","position":2,"name":"Was ist die ESTA-Genehmigung f\u00fcr die USA?"}]},{"@type":"WebSite","@id":"https:\/\/usa-gv.com\/de\/#website","url":"https:\/\/usa-gv.com\/de\/","name":"USA-GV.COM","description":"","potentialAction":[{"@type":"SearchAction","target":{"@type":"EntryPoint","urlTemplate":"https:\/\/usa-gv.com\/de\/?s={search_term_string}"},"query-input":{"@type":"PropertyValueSpecification","valueRequired":true,"valueName":"search_term_string"}}],"inLanguage":"de"}]}},"_links":{"self":[{"href":"https:\/\/usa-gv.com\/de\/wp-json\/wp\/v2\/pages\/2959","targetHints":{"allow":["GET"]}}],"collection":[{"href":"https:\/\/usa-gv.com\/de\/wp-json\/wp\/v2\/pages"}],"about":[{"href":"https:\/\/usa-gv.com\/de\/wp-json\/wp\/v2\/types\/page"}],"author":[{"embeddable":true,"href":"https:\/\/usa-gv.com\/de\/wp-json\/wp\/v2\/users\/1"}],"replies":[{"embeddable":true,"href":"https:\/\/usa-gv.com\/de\/wp-json\/wp\/v2\/comments?post=2959"}],"version-history":[{"count":1,"href":"https:\/\/usa-gv.com\/de\/wp-json\/wp\/v2\/pages\/2959\/revisions"}],"predecessor-version":[{"id":7661,"href":"https:\/\/usa-gv.com\/de\/wp-json\/wp\/v2\/pages\/2959\/revisions\/7661"}],"wp:attachment":[{"href":"https:\/\/usa-gv.com\/de\/wp-json\/wp\/v2\/media?parent=2959"}],"curies":[{"name":"wp","href":"https:\/\/api.w.org\/{rel}","templated":true}]}}