{"id":2941,"date":"2024-03-19T10:16:25","date_gmt":"2024-03-19T10:16:25","guid":{"rendered":"https:\/\/usa-gv.com\/esta-antrag-steht-noch-aus\/"},"modified":"2025-02-25T11:52:42","modified_gmt":"2025-02-25T11:52:42","slug":"esta-antrag-steht-noch-aus","status":"publish","type":"page","link":"https:\/\/usa-gv.com\/de\/esta-antrag-steht-noch-aus\/","title":{"rendered":"Warum ein ESTA-Antrag anh\u00e4ngig ist"},"content":{"rendered":"\n<h1 class=\"wp-block-heading\">Ihr ESTA-Antrag hat einen ausstehenden Status<\/h1>\n\n<p>Das Verfahren f\u00fcr eine ESTA-Reisegenehmigung wird vollst\u00e4ndig online abgewickelt.\nObwohl die meisten Genehmigungen innerhalb weniger Minuten erteilt werden, werden einige Antr\u00e4ge mit dem Status &#8222;in Bearbeitung&#8220; versehen.  Dieser Status bedeutet, dass Ihr Fall mehr Zeit ben\u00f6tigt, um bearbeitet zu werden.<\/p>\n\n<h2 class=\"wp-block-heading\">Warum ist ein ESTA-Antrag in der Warteschleife?<\/h2>\n\n<p>Es gibt mehrere Gr\u00fcnde, warum ein ESTA-Antrag auf Eis gelegt wird:<\/p>\n\n<ol class=\"wp-block-list\">\n<li><strong>Andrang auf der Website<\/strong>: Wenn Sie Ihren ESTA-Antrag in einer Zeit mit hohem Andrang einreichen, kann es sein, dass die <a href=\"https:\/\/usa-gv.com\/de\/uberprufen-sie-die-esta-gultigkeit\/\">G\u00fcltigkeit Ihres ESTA<\/a> nicht sofort bearbeitet wird, so dass Ihr Antrag vor\u00fcbergehend in die Warteschlange gestellt wird.<\/li>\n\n\n\n<li><strong>Stichproben<\/strong>: Die US-Beh\u00f6rden f\u00fchren gelegentlich Stichprobenkontrollen der Antr\u00e4ge durch, was zu einer zus\u00e4tzlichen Verz\u00f6gerung f\u00fchren kann.<\/li>\n\n\n\n<li><strong>Zus\u00e4tzliche Kontrollen<\/strong>: Je nach den \u00fcbermittelten Informationen k\u00f6nnen zus\u00e4tzliche \u00dcberpr\u00fcfungen erforderlich sein, um sicherzustellen, dass Sie keine Bedrohung f\u00fcr das Land darstellen.<\/li>\n<\/ol>\n\n<h2 class=\"wp-block-heading\">Wartezeit f\u00fcr einen ESTA-Antrag<\/h2>\n\n<p>Die meisten Antr\u00e4ge werden innerhalb von 24 Stunden nach der Einreichung bearbeitet.\nDie <a href=\"https:\/\/usa-gv.com\/de\/fristen-den-erhalt-esta\/\">Bearbeitungszeit f\u00fcr einen ESTA-Antrag<\/a> betr\u00e4gt jedoch maximal 72 Stunden.\nEs ist daher von entscheidender Bedeutung, dass Sie diese Frist bei Ihrem Antrag ber\u00fccksichtigen, um das Risiko einer gef\u00e4hrdeten Abreise zu vermeiden.   Ohne vorherige Reisegenehmigung kannst du nicht in die USA einreisen.<\/p>\n\n<h2 class=\"wp-block-heading\">Was tun, wenn Ihr ESTA abgelehnt wird?<\/h2>\n\n<p>Wenn Ihr <a href=\"https:\/\/usa-gv.com\/de\/esta-antrag-abgelehnt\/\">ESTA-Antrag abgelehnt wird<\/a>, sind folgende Schritte zu unternehmen:<\/p>\n\n<ol class=\"wp-block-list\">\n<li><strong>Neuantrag<\/strong>: Sie k\u00f6nnen nach einer Frist von 10 Tagen einen neuen Antrag stellen.\nVergewissern Sie sich, dass alle eingegebenen Informationen korrekt sind und dass Sie alle Kriterien f\u00fcr die F\u00f6rderf\u00e4higkeit erf\u00fcllen. <\/li>\n\n\n\n<li><strong>Visumantrag<\/strong>: Sie k\u00f6nnen ein <a href=\"https:\/\/usa-gv.com\/de\/touristenvisum-usa\/\">Touristenvisum f\u00fcr die Vereinigten Staaten<\/a> bei einer US-Botschaft beantragen. Obwohl dies l\u00e4nger dauert und teurer ist, k\u00f6nnen Sie damit in die USA reisen, obwohl die ESTA-Genehmigung abgelehnt wurde.<\/li>\n<\/ol>\n\n<p>Um eine reibungslose Bearbeitung Ihres ESTA-Antrags zu gew\u00e4hrleisten, achten Sie auf die Richtigkeit der von Ihnen gemachten Angaben und reichen Sie Ihren Antrag rechtzeitig ein, um Unvorhergesehenes zu vermeiden.<\/p>\n","protected":false},"excerpt":{"rendered":"<p>Ihr ESTA-Antrag hat einen ausstehenden Status Das Verfahren f\u00fcr eine ESTA-Reisegenehmigung wird vollst\u00e4ndig online abgewickelt. Obwohl die meisten Genehmigungen innerhalb weniger Minuten erteilt werden, werden einige Antr\u00e4ge mit dem Status &#8222;in Bearbeitung&#8220; versehen. Dieser Status bedeutet, dass Ihr Fall mehr Zeit ben\u00f6tigt, um bearbeitet zu werden. Warum ist ein ESTA-Antrag in der Warteschleife? Es gibt [&hellip;]<\/p>\n","protected":false},"author":1,"featured_media":0,"parent":0,"menu_order":0,"comment_status":"closed","ping_status":"closed","template":"","meta":{"footnotes":""},"class_list":["post-2941","page","type-page","status-publish","hentry"],"yoast_head":"<!-- This site is optimized with the Yoast SEO plugin v26.6 - https:\/\/yoast.com\/wordpress\/plugins\/seo\/ -->\n<title>Warum ein ESTA-Antrag anh\u00e4ngig ist - USA-GV.COM<\/title>\n<meta name=\"description\" content=\"Was bedeutet es, wenn der Status Ihres ESTA-Antrags auf &quot;Wartend&quot; steht? hier sind die Informationen, die Sie zum Verst\u00e4ndnis ben\u00f6tigen\" \/>\n<meta name=\"robots\" content=\"index, follow, max-snippet:-1, max-image-preview:large, max-video-preview:-1\" \/>\n<link rel=\"canonical\" href=\"https:\/\/usa-gv.com\/de\/esta-antrag-steht-noch-aus\/\" \/>\n<meta property=\"og:locale\" content=\"de_DE\" \/>\n<meta property=\"og:type\" content=\"article\" \/>\n<meta property=\"og:title\" content=\"Warum ein ESTA-Antrag anh\u00e4ngig ist - USA-GV.COM\" \/>\n<meta property=\"og:description\" content=\"Was bedeutet es, wenn der Status Ihres ESTA-Antrags auf &quot;Wartend&quot; steht? hier sind die Informationen, die Sie zum Verst\u00e4ndnis ben\u00f6tigen\" \/>\n<meta property=\"og:url\" content=\"https:\/\/usa-gv.com\/de\/esta-antrag-steht-noch-aus\/\" \/>\n<meta property=\"og:site_name\" content=\"USA-GV.COM\" \/>\n<meta property=\"article:modified_time\" content=\"2025-02-25T11:52:42+00:00\" \/>\n<meta name=\"twitter:card\" content=\"summary_large_image\" \/>\n<meta name=\"twitter:label1\" content=\"Gesch\u00e4tzte Lesezeit\" \/>\n\t<meta name=\"twitter:data1\" content=\"2\u00a0Minuten\" \/>\n<script type=\"application\/ld+json\" class=\"yoast-schema-graph\">{\"@context\":\"https:\/\/schema.org\",\"@graph\":[{\"@type\":\"WebPage\",\"@id\":\"https:\/\/usa-gv.com\/de\/esta-antrag-steht-noch-aus\/\",\"url\":\"https:\/\/usa-gv.com\/de\/esta-antrag-steht-noch-aus\/\",\"name\":\"Warum ein ESTA-Antrag anh\u00e4ngig ist - USA-GV.COM\",\"isPartOf\":{\"@id\":\"https:\/\/usa-gv.com\/de\/#website\"},\"datePublished\":\"2024-03-19T10:16:25+00:00\",\"dateModified\":\"2025-02-25T11:52:42+00:00\",\"description\":\"Was bedeutet es, wenn der Status Ihres ESTA-Antrags auf \\\"Wartend\\\" steht? hier sind die Informationen, die Sie zum Verst\u00e4ndnis ben\u00f6tigen\",\"breadcrumb\":{\"@id\":\"https:\/\/usa-gv.com\/de\/esta-antrag-steht-noch-aus\/#breadcrumb\"},\"inLanguage\":\"de\",\"potentialAction\":[{\"@type\":\"ReadAction\",\"target\":[\"https:\/\/usa-gv.com\/de\/esta-antrag-steht-noch-aus\/\"]}]},{\"@type\":\"BreadcrumbList\",\"@id\":\"https:\/\/usa-gv.com\/de\/esta-antrag-steht-noch-aus\/#breadcrumb\",\"itemListElement\":[{\"@type\":\"ListItem\",\"position\":1,\"name\":\"Home\",\"item\":\"https:\/\/usa-gv.com\/de\/usa-reisefuehrer\/\"},{\"@type\":\"ListItem\",\"position\":2,\"name\":\"Warum ein ESTA-Antrag anh\u00e4ngig ist\"}]},{\"@type\":\"WebSite\",\"@id\":\"https:\/\/usa-gv.com\/de\/#website\",\"url\":\"https:\/\/usa-gv.com\/de\/\",\"name\":\"USA-GV.COM\",\"description\":\"\",\"potentialAction\":[{\"@type\":\"SearchAction\",\"target\":{\"@type\":\"EntryPoint\",\"urlTemplate\":\"https:\/\/usa-gv.com\/de\/?s={search_term_string}\"},\"query-input\":{\"@type\":\"PropertyValueSpecification\",\"valueRequired\":true,\"valueName\":\"search_term_string\"}}],\"inLanguage\":\"de\"}]}<\/script>\n<!-- \/ Yoast SEO plugin. -->","yoast_head_json":{"title":"Warum ein ESTA-Antrag anh\u00e4ngig ist - USA-GV.COM","description":"Was bedeutet es, wenn der Status Ihres ESTA-Antrags auf \"Wartend\" steht? hier sind die Informationen, die Sie zum Verst\u00e4ndnis ben\u00f6tigen","robots":{"index":"index","follow":"follow","max-snippet":"max-snippet:-1","max-image-preview":"max-image-preview:large","max-video-preview":"max-video-preview:-1"},"canonical":"https:\/\/usa-gv.com\/de\/esta-antrag-steht-noch-aus\/","og_locale":"de_DE","og_type":"article","og_title":"Warum ein ESTA-Antrag anh\u00e4ngig ist - USA-GV.COM","og_description":"Was bedeutet es, wenn der Status Ihres ESTA-Antrags auf \"Wartend\" steht? hier sind die Informationen, die Sie zum Verst\u00e4ndnis ben\u00f6tigen","og_url":"https:\/\/usa-gv.com\/de\/esta-antrag-steht-noch-aus\/","og_site_name":"USA-GV.COM","article_modified_time":"2025-02-25T11:52:42+00:00","twitter_card":"summary_large_image","twitter_misc":{"Gesch\u00e4tzte Lesezeit":"2\u00a0Minuten"},"schema":{"@context":"https:\/\/schema.org","@graph":[{"@type":"WebPage","@id":"https:\/\/usa-gv.com\/de\/esta-antrag-steht-noch-aus\/","url":"https:\/\/usa-gv.com\/de\/esta-antrag-steht-noch-aus\/","name":"Warum ein ESTA-Antrag anh\u00e4ngig ist - USA-GV.COM","isPartOf":{"@id":"https:\/\/usa-gv.com\/de\/#website"},"datePublished":"2024-03-19T10:16:25+00:00","dateModified":"2025-02-25T11:52:42+00:00","description":"Was bedeutet es, wenn der Status Ihres ESTA-Antrags auf \"Wartend\" steht? hier sind die Informationen, die Sie zum Verst\u00e4ndnis ben\u00f6tigen","breadcrumb":{"@id":"https:\/\/usa-gv.com\/de\/esta-antrag-steht-noch-aus\/#breadcrumb"},"inLanguage":"de","potentialAction":[{"@type":"ReadAction","target":["https:\/\/usa-gv.com\/de\/esta-antrag-steht-noch-aus\/"]}]},{"@type":"BreadcrumbList","@id":"https:\/\/usa-gv.com\/de\/esta-antrag-steht-noch-aus\/#breadcrumb","itemListElement":[{"@type":"ListItem","position":1,"name":"Home","item":"https:\/\/usa-gv.com\/de\/usa-reisefuehrer\/"},{"@type":"ListItem","position":2,"name":"Warum ein ESTA-Antrag anh\u00e4ngig ist"}]},{"@type":"WebSite","@id":"https:\/\/usa-gv.com\/de\/#website","url":"https:\/\/usa-gv.com\/de\/","name":"USA-GV.COM","description":"","potentialAction":[{"@type":"SearchAction","target":{"@type":"EntryPoint","urlTemplate":"https:\/\/usa-gv.com\/de\/?s={search_term_string}"},"query-input":{"@type":"PropertyValueSpecification","valueRequired":true,"valueName":"search_term_string"}}],"inLanguage":"de"}]}},"_links":{"self":[{"href":"https:\/\/usa-gv.com\/de\/wp-json\/wp\/v2\/pages\/2941","targetHints":{"allow":["GET"]}}],"collection":[{"href":"https:\/\/usa-gv.com\/de\/wp-json\/wp\/v2\/pages"}],"about":[{"href":"https:\/\/usa-gv.com\/de\/wp-json\/wp\/v2\/types\/page"}],"author":[{"embeddable":true,"href":"https:\/\/usa-gv.com\/de\/wp-json\/wp\/v2\/users\/1"}],"replies":[{"embeddable":true,"href":"https:\/\/usa-gv.com\/de\/wp-json\/wp\/v2\/comments?post=2941"}],"version-history":[{"count":1,"href":"https:\/\/usa-gv.com\/de\/wp-json\/wp\/v2\/pages\/2941\/revisions"}],"predecessor-version":[{"id":7650,"href":"https:\/\/usa-gv.com\/de\/wp-json\/wp\/v2\/pages\/2941\/revisions\/7650"}],"wp:attachment":[{"href":"https:\/\/usa-gv.com\/de\/wp-json\/wp\/v2\/media?parent=2941"}],"curies":[{"name":"wp","href":"https:\/\/api.w.org\/{rel}","templated":true}]}}