{"id":2923,"date":"2024-03-12T18:55:40","date_gmt":"2024-03-12T18:55:40","guid":{"rendered":"https:\/\/usa-gv.com\/reisepass-fur-die-usa\/"},"modified":"2025-02-25T11:52:28","modified_gmt":"2025-02-25T11:52:28","slug":"reisepass-fur-die-usa","status":"publish","type":"page","link":"https:\/\/usa-gv.com\/de\/reisepass-fur-die-usa\/","title":{"rendered":"Akzeptierte P\u00e4sse f\u00fcr Reisen in die USA"},"content":{"rendered":"\n<h1 class=\"wp-block-heading\">Welchen Pass brauche ich, um in die USA zu reisen?<\/h1>\n\n<p>Die USA stellen bestimmte Anforderungen an die Art des Reisepasses von Reisenden, die im Rahmen des <a href=\"https:\/\/usa-gv.com\/de\/visa-waiver-program-usa\/\">Programms f\u00fcr visumfreies Reisen<\/a> in die USA einreisen m\u00f6chten. Hier sind die Merkmale, die von der US-Regierung f\u00fcr den Reisepass bei einem <a href=\"https:\/\/usa-gv.com\/de\/esta-online-formular\/\">Online-ESTA-Antrag<\/a> f\u00fcr die USA verlangt werden:<\/p>\n\n<ul class=\"wp-block-list\">\n<li>Der Reisende muss einen biometrischen oder elektronischen Reisepass haben ;<\/li>\n\n\n\n<li>Der Reisepass muss noch sechs Monate \u00fcber das geplante Datum der Ausreise aus den USA hinaus g\u00fcltig sein.<\/li>\n<\/ul>\n\n<div style=\"height:10px\" aria-hidden=\"true\" class=\"wp-block-spacer\"><\/div>\n\n<p><strong>Zu wissen<\/strong>: Die G\u00fcltigkeitsdauer des Reisepasses kann sich auf die <a href=\"https:\/\/usa-gv.com\/de\/esta-gultigkeitsdauer\/\">G\u00fcltigkeitsdauer des ESTA<\/a> auswirken. Denn wenn ein Reisepass sein G\u00fcltigkeitsdatum erreicht, ist die mit dem Reisepass erhaltene ESTA-Genehmigung nicht mehr g\u00fcltig. Der Reisende muss <a href=\"https:\/\/usa-gv.com\/de\/esta-erneuerung\/\">sein ESTA erneuern<\/a>, sobald er seinen neuen Reisepass erhalten hat.<\/p>\n\n<h2 class=\"wp-block-heading\">Was ist ein biometrischer Reisepass?<\/h2>\n\n<p>Der biometrische Reisepass ist eine wichtige technologische Entwicklung bei der Sicherung von <a href=\"https:\/\/usa-gv.com\/de\/reisedokumente-fur-die-usa\/\">Reisedokumenten f\u00fcr die USA<\/a>. Er enth\u00e4lt einen Mikrochip, auf dem die biometrischen Daten des Passinhabers gespeichert sind. Die Informationen, die der Mikrochip enth\u00e4lt, sind :  <\/p>\n\n<ul class=\"wp-block-list\">\n<li>Identit\u00e4tsinformationen wie Name, Geburtsdatum und Wohnort ;<\/li>\n\n\n\n<li>biometrische Daten wie Gesichtsfotos und Fingerabdr\u00fccke.<\/li>\n<\/ul>\n\n<div style=\"height:10px\" aria-hidden=\"true\" class=\"wp-block-spacer\"><\/div>\n\n<p>Diese Art von Pass soll die <strong>Sicherheit erh\u00f6hen und das Risiko von Betrug und F\u00e4lschung verringern<\/strong>.<\/p>\n\n<h2 class=\"wp-block-heading\">Was ist der Unterschied zwischen einem biometrischen und einem elektronischen Reisepass?<\/h2>\n\n<p>Der Begriff ePass wird verwendet, um einen Pass zu bezeichnen, der elektronische Funktionen zur Speicherung der Identifikationsdaten des Inhabers enth\u00e4lt.\nEin biometrischer Reisepass ist ein elektronischer Reisepass.\nIn einigen L\u00e4ndern wird jedoch zwischen einem elektronischen und einem biometrischen Pass unterschieden, bei dem bestimmte biometrische Daten auf dem Chip gespeichert sind.  <\/p>\n\n<h2 class=\"wp-block-heading\">Woher wei\u00df ich, ob ein Reisepass biometrisch oder elektronisch ist?<\/h2>\n\n<p>Um festzustellen, ob ein Reisepass biometrisch oder elektronisch ist, drucken die nationalen Beh\u00f6rden ein goldenes Symbol auf den Einband, das einen Kreis zwischen zwei dicken Linien darstellt.\nDieses Symbol befindet sich unter dem Wort PASSPORT auf dem Einband des Reisepasses. <\/p>\n\n<h2 class=\"wp-block-heading\">Foto eines elektronischen Reisepasses mit biometrischen Informationen<\/h2>\n\n<p>Dies ist ein Foto des Deckblatts eines von Frankreich ausgestellten EU-Reisepasses.\nDieser Reisepass hat einen Mikrochip, da sich unten auf dem Einband des Reisepasses ein goldenes Symbol befindet, das einen Kreis mit Linien darstellt. <\/p>\n\n<figure class=\"wp-block-image size-full is-resized\"><img fetchpriority=\"high\" decoding=\"async\" width=\"674\" height=\"988\" src=\"https:\/\/usa-gv.com\/wp-content\/uploads\/2024\/03\/Europe-passport.jpg\" alt=\"Deckblatt elektronischer Reisepass\" class=\"wp-image-3251\" style=\"width:840px;height:auto\" srcset=\"https:\/\/usa-gv.com\/wp-content\/uploads\/2024\/03\/Europe-passport.jpg 674w, https:\/\/usa-gv.com\/wp-content\/uploads\/2024\/03\/Europe-passport-205x300.jpg 205w\" sizes=\"(max-width: 674px) 100vw, 674px\" \/><\/figure>\n","protected":false},"excerpt":{"rendered":"<p>Welchen Pass brauche ich, um in die USA zu reisen? Die USA stellen bestimmte Anforderungen an die Art des Reisepasses von Reisenden, die im Rahmen des Programms f\u00fcr visumfreies Reisen in die USA einreisen m\u00f6chten. Hier sind die Merkmale, die von der US-Regierung f\u00fcr den Reisepass bei einem Online-ESTA-Antrag f\u00fcr die USA verlangt werden: Zu [&hellip;]<\/p>\n","protected":false},"author":1,"featured_media":0,"parent":0,"menu_order":0,"comment_status":"closed","ping_status":"closed","template":"","meta":{"footnotes":""},"class_list":["post-2923","page","type-page","status-publish","hentry"],"yoast_head":"<!-- This site is optimized with the Yoast SEO plugin v26.6 - https:\/\/yoast.com\/wordpress\/plugins\/seo\/ -->\n<title>Akzeptierte P\u00e4sse f\u00fcr Reisen in die USA - USA-GV.COM<\/title>\n<meta name=\"description\" content=\"F\u00fcr Reisen in die USA ist ein g\u00fcltiger Reisepass erforderlich, der von der US-Regierung akzeptiert wird.\" \/>\n<meta name=\"robots\" content=\"index, follow, max-snippet:-1, max-image-preview:large, max-video-preview:-1\" \/>\n<link rel=\"canonical\" href=\"https:\/\/usa-gv.com\/de\/reisepass-fur-die-usa\/\" \/>\n<meta property=\"og:locale\" content=\"de_DE\" \/>\n<meta property=\"og:type\" content=\"article\" \/>\n<meta property=\"og:title\" content=\"Akzeptierte P\u00e4sse f\u00fcr Reisen in die USA - USA-GV.COM\" \/>\n<meta property=\"og:description\" content=\"F\u00fcr Reisen in die USA ist ein g\u00fcltiger Reisepass erforderlich, der von der US-Regierung akzeptiert wird.\" \/>\n<meta property=\"og:url\" content=\"https:\/\/usa-gv.com\/de\/reisepass-fur-die-usa\/\" \/>\n<meta property=\"og:site_name\" content=\"USA-GV.COM\" \/>\n<meta property=\"article:modified_time\" content=\"2025-02-25T11:52:28+00:00\" \/>\n<meta property=\"og:image\" content=\"https:\/\/usa-gv.com\/wp-content\/uploads\/2024\/03\/Europe-passport.jpg\" \/>\n<meta name=\"twitter:card\" content=\"summary_large_image\" \/>\n<meta name=\"twitter:label1\" content=\"Gesch\u00e4tzte Lesezeit\" \/>\n\t<meta name=\"twitter:data1\" content=\"2\u00a0Minuten\" \/>\n<script type=\"application\/ld+json\" class=\"yoast-schema-graph\">{\"@context\":\"https:\/\/schema.org\",\"@graph\":[{\"@type\":\"WebPage\",\"@id\":\"https:\/\/usa-gv.com\/de\/reisepass-fur-die-usa\/\",\"url\":\"https:\/\/usa-gv.com\/de\/reisepass-fur-die-usa\/\",\"name\":\"Akzeptierte P\u00e4sse f\u00fcr Reisen in die USA - USA-GV.COM\",\"isPartOf\":{\"@id\":\"https:\/\/usa-gv.com\/de\/#website\"},\"primaryImageOfPage\":{\"@id\":\"https:\/\/usa-gv.com\/de\/reisepass-fur-die-usa\/#primaryimage\"},\"image\":{\"@id\":\"https:\/\/usa-gv.com\/de\/reisepass-fur-die-usa\/#primaryimage\"},\"thumbnailUrl\":\"https:\/\/usa-gv.com\/wp-content\/uploads\/2024\/03\/Europe-passport.jpg\",\"datePublished\":\"2024-03-12T18:55:40+00:00\",\"dateModified\":\"2025-02-25T11:52:28+00:00\",\"description\":\"F\u00fcr Reisen in die USA ist ein g\u00fcltiger Reisepass erforderlich, der von der US-Regierung akzeptiert wird.\",\"breadcrumb\":{\"@id\":\"https:\/\/usa-gv.com\/de\/reisepass-fur-die-usa\/#breadcrumb\"},\"inLanguage\":\"de\",\"potentialAction\":[{\"@type\":\"ReadAction\",\"target\":[\"https:\/\/usa-gv.com\/de\/reisepass-fur-die-usa\/\"]}]},{\"@type\":\"ImageObject\",\"inLanguage\":\"de\",\"@id\":\"https:\/\/usa-gv.com\/de\/reisepass-fur-die-usa\/#primaryimage\",\"url\":\"https:\/\/usa-gv.com\/wp-content\/uploads\/2024\/03\/Europe-passport.jpg\",\"contentUrl\":\"https:\/\/usa-gv.com\/wp-content\/uploads\/2024\/03\/Europe-passport.jpg\"},{\"@type\":\"BreadcrumbList\",\"@id\":\"https:\/\/usa-gv.com\/de\/reisepass-fur-die-usa\/#breadcrumb\",\"itemListElement\":[{\"@type\":\"ListItem\",\"position\":1,\"name\":\"Home\",\"item\":\"https:\/\/usa-gv.com\/de\/usa-reisefuehrer\/\"},{\"@type\":\"ListItem\",\"position\":2,\"name\":\"Akzeptierte P\u00e4sse f\u00fcr Reisen in die USA\"}]},{\"@type\":\"WebSite\",\"@id\":\"https:\/\/usa-gv.com\/de\/#website\",\"url\":\"https:\/\/usa-gv.com\/de\/\",\"name\":\"USA-GV.COM\",\"description\":\"\",\"potentialAction\":[{\"@type\":\"SearchAction\",\"target\":{\"@type\":\"EntryPoint\",\"urlTemplate\":\"https:\/\/usa-gv.com\/de\/?s={search_term_string}\"},\"query-input\":{\"@type\":\"PropertyValueSpecification\",\"valueRequired\":true,\"valueName\":\"search_term_string\"}}],\"inLanguage\":\"de\"}]}<\/script>\n<!-- \/ Yoast SEO plugin. -->","yoast_head_json":{"title":"Akzeptierte P\u00e4sse f\u00fcr Reisen in die USA - USA-GV.COM","description":"F\u00fcr Reisen in die USA ist ein g\u00fcltiger Reisepass erforderlich, der von der US-Regierung akzeptiert wird.","robots":{"index":"index","follow":"follow","max-snippet":"max-snippet:-1","max-image-preview":"max-image-preview:large","max-video-preview":"max-video-preview:-1"},"canonical":"https:\/\/usa-gv.com\/de\/reisepass-fur-die-usa\/","og_locale":"de_DE","og_type":"article","og_title":"Akzeptierte P\u00e4sse f\u00fcr Reisen in die USA - USA-GV.COM","og_description":"F\u00fcr Reisen in die USA ist ein g\u00fcltiger Reisepass erforderlich, der von der US-Regierung akzeptiert wird.","og_url":"https:\/\/usa-gv.com\/de\/reisepass-fur-die-usa\/","og_site_name":"USA-GV.COM","article_modified_time":"2025-02-25T11:52:28+00:00","og_image":[{"url":"https:\/\/usa-gv.com\/wp-content\/uploads\/2024\/03\/Europe-passport.jpg","type":"","width":"","height":""}],"twitter_card":"summary_large_image","twitter_misc":{"Gesch\u00e4tzte Lesezeit":"2\u00a0Minuten"},"schema":{"@context":"https:\/\/schema.org","@graph":[{"@type":"WebPage","@id":"https:\/\/usa-gv.com\/de\/reisepass-fur-die-usa\/","url":"https:\/\/usa-gv.com\/de\/reisepass-fur-die-usa\/","name":"Akzeptierte P\u00e4sse f\u00fcr Reisen in die USA - USA-GV.COM","isPartOf":{"@id":"https:\/\/usa-gv.com\/de\/#website"},"primaryImageOfPage":{"@id":"https:\/\/usa-gv.com\/de\/reisepass-fur-die-usa\/#primaryimage"},"image":{"@id":"https:\/\/usa-gv.com\/de\/reisepass-fur-die-usa\/#primaryimage"},"thumbnailUrl":"https:\/\/usa-gv.com\/wp-content\/uploads\/2024\/03\/Europe-passport.jpg","datePublished":"2024-03-12T18:55:40+00:00","dateModified":"2025-02-25T11:52:28+00:00","description":"F\u00fcr Reisen in die USA ist ein g\u00fcltiger Reisepass erforderlich, der von der US-Regierung akzeptiert wird.","breadcrumb":{"@id":"https:\/\/usa-gv.com\/de\/reisepass-fur-die-usa\/#breadcrumb"},"inLanguage":"de","potentialAction":[{"@type":"ReadAction","target":["https:\/\/usa-gv.com\/de\/reisepass-fur-die-usa\/"]}]},{"@type":"ImageObject","inLanguage":"de","@id":"https:\/\/usa-gv.com\/de\/reisepass-fur-die-usa\/#primaryimage","url":"https:\/\/usa-gv.com\/wp-content\/uploads\/2024\/03\/Europe-passport.jpg","contentUrl":"https:\/\/usa-gv.com\/wp-content\/uploads\/2024\/03\/Europe-passport.jpg"},{"@type":"BreadcrumbList","@id":"https:\/\/usa-gv.com\/de\/reisepass-fur-die-usa\/#breadcrumb","itemListElement":[{"@type":"ListItem","position":1,"name":"Home","item":"https:\/\/usa-gv.com\/de\/usa-reisefuehrer\/"},{"@type":"ListItem","position":2,"name":"Akzeptierte P\u00e4sse f\u00fcr Reisen in die USA"}]},{"@type":"WebSite","@id":"https:\/\/usa-gv.com\/de\/#website","url":"https:\/\/usa-gv.com\/de\/","name":"USA-GV.COM","description":"","potentialAction":[{"@type":"SearchAction","target":{"@type":"EntryPoint","urlTemplate":"https:\/\/usa-gv.com\/de\/?s={search_term_string}"},"query-input":{"@type":"PropertyValueSpecification","valueRequired":true,"valueName":"search_term_string"}}],"inLanguage":"de"}]}},"_links":{"self":[{"href":"https:\/\/usa-gv.com\/de\/wp-json\/wp\/v2\/pages\/2923","targetHints":{"allow":["GET"]}}],"collection":[{"href":"https:\/\/usa-gv.com\/de\/wp-json\/wp\/v2\/pages"}],"about":[{"href":"https:\/\/usa-gv.com\/de\/wp-json\/wp\/v2\/types\/page"}],"author":[{"embeddable":true,"href":"https:\/\/usa-gv.com\/de\/wp-json\/wp\/v2\/users\/1"}],"replies":[{"embeddable":true,"href":"https:\/\/usa-gv.com\/de\/wp-json\/wp\/v2\/comments?post=2923"}],"version-history":[{"count":1,"href":"https:\/\/usa-gv.com\/de\/wp-json\/wp\/v2\/pages\/2923\/revisions"}],"predecessor-version":[{"id":7639,"href":"https:\/\/usa-gv.com\/de\/wp-json\/wp\/v2\/pages\/2923\/revisions\/7639"}],"wp:attachment":[{"href":"https:\/\/usa-gv.com\/de\/wp-json\/wp\/v2\/media?parent=2923"}],"curies":[{"name":"wp","href":"https:\/\/api.w.org\/{rel}","templated":true}]}}