{"id":2905,"date":"2024-03-11T21:42:38","date_gmt":"2024-03-11T21:42:38","guid":{"rendered":"https:\/\/usa-gv.com\/teilnahmebedingungen-fur-esta\/"},"modified":"2025-02-25T11:51:59","modified_gmt":"2025-02-25T11:51:59","slug":"teilnahmebedingungen-fur-esta","status":"publish","type":"page","link":"https:\/\/usa-gv.com\/de\/teilnahmebedingungen-fur-esta\/","title":{"rendered":"Die Regeln f\u00fcr den Erhalt eines ESTAs"},"content":{"rendered":"\n<h1 class=\"wp-block-heading\">Voraussetzungen f\u00fcr den Erhalt eines ESTAs<\/h1>\n\n<p>F\u00fcr Reisen in die USA im Rahmen des Programms f\u00fcr visumfreies Reisen (Visa Waiver Program) ist eine ESTA-Reisegenehmigung erforderlich.\nDiese Genehmigung ist f\u00fcr Staatsangeh\u00f6rige der VWP-Teilnehmerl\u00e4nder erforderlich, die die USA f\u00fcr einen Aufenthalt von bis zu 90 Tagen besuchen m\u00f6chten.\nDie Voraussetzungen f\u00fcr den Erhalt eines ESTA betreffen :  <\/p>\n\n<ol class=\"wp-block-list\">\n<li>Die Staatsb\u00fcrgerschaft des Antragstellers<\/li>\n\n\n\n<li>Art des Reisepasses<\/li>\n\n\n\n<li>Dauer und Grund des Aufenthalts<\/li>\n\n\n\n<li>Pers\u00f6nliches und Sicherheitsprofil<\/li>\n<\/ol>\n\n<div style=\"height:10px\" aria-hidden=\"true\" class=\"wp-block-spacer\"><\/div>\n\n<p><strong>Wenn Sie diese Voraussetzungen erf\u00fcllen<\/strong>, k\u00f6nnen Sie das <a href=\"https:\/\/usa-gv.com\/de\/esta-online-formular\/\">ESTA-Formular<\/a> in wenigen Minuten online ausf\u00fcllen.<\/p>\n\n<div style=\"height:10px\" aria-hidden=\"true\" class=\"wp-block-spacer\"><\/div>\n\n<h2 class=\"wp-block-heading\">1. B\u00fcrger, die berechtigt sind, ein ESTA zu beantragen<\/h2>\n\n<p>Um f\u00fcr ESTA in Frage zu kommen, muss ein Reisender B\u00fcrger oder Staatsangeh\u00f6riger eines <a href=\"https:\/\/usa-gv.com\/de\/visa-waiver-program-usa\/\">Landes sein, das am VWP teilnimmt<\/a>.<\/p>\n\n<h2 class=\"wp-block-heading\">2. Arten von P\u00e4ssen, die f\u00fcr Reisen in die USA zugelassen sind<\/h2>\n\n<p>Ein ausl\u00e4ndischer Reisender muss einen <a href=\"https:\/\/usa-gv.com\/de\/reisepass-fur-die-usa\/\">f\u00fcr die USA g\u00fcltigen Reisepass<\/a> besitzen, der von einem Land ausgestellt wurde, das am VWP teilnimmt. Dieser Pass muss :<\/p>\n\n<ul class=\"wp-block-list\">\n<li>Ein elektronischer Reisepass mit einem digitalen Chip.<\/li>\n\n\n\n<li>G\u00fcltig f\u00fcr die Dauer des Aufenthalts in den Vereinigten Staaten.<\/li>\n<\/ul>\n\n<div style=\"height:10px\" aria-hidden=\"true\" class=\"wp-block-spacer\"><\/div>\n\n<h2 class=\"wp-block-heading\">3. Grund und Dauer des Aufenthalts<\/h2>\n\n<p>Eine ESTA-Genehmigung berechtigt nur zu Kurzaufenthalten.\nESTA ist f\u00fcr Aufenthalte von bis zu 90 Tagen vorgesehen.\nWenn Sie einen l\u00e4ngeren Aufenthalt planen, m\u00fcssen Sie ein <a href=\"https:\/\/usa-gv.com\/de\/touristenvisum-usa\/\">Touristenvisum f\u00fcr die USA<\/a> beantragen.  <\/p>\n\n<p><strong>Akzeptable Reisegr\u00fcnde f\u00fcr den Erhalt eines ESTA sind u.a.<\/strong>: Tourismus, Familien- oder Freundesbesuche, Gesch\u00e4ftstreffen (Meetings, Konferenzen), medizinische Versorgung oder <a href=\"https:\/\/usa-gv.com\/de\/esta-transit-usa\/\">Transit durch die USA<\/a>.<\/p>\n\n<p>Aufenthalte zu Studienzwecken, f\u00fcr bezahlte Arbeit oder als st\u00e4ndiger Wohnsitz sind mit einer ESTA-Reisegenehmigung nicht erlaubt.<\/p>\n\n<h2 class=\"wp-block-heading\">4. Pers\u00f6nliche und Sicherheitsbedingungen<\/h2>\n\n<p>Sie m\u00fcssen die Sicherheits- und Gesundheitsanforderungen der US-Grenzbeh\u00f6rde erf\u00fcllen, um eine ESTA-Reisegenehmigung zu erhalten.\nDer letzte Teil der <a href=\"https:\/\/usa-gv.com\/de\/fragen-zum-esta-formular\/\">ESTA-Fragen<\/a> bezieht sich auf Ihr pers\u00f6nliches Sicherheitsprofil f\u00fcr die USA: <\/p>\n\n<ul class=\"wp-block-list\">\n<li><strong>Strafregister<\/strong>: Sie m\u00fcssen bei der <a href=\"https:\/\/usa-gv.com\/de\/so-beantragen-sie-esta\/\">Beantragung von ESTA<\/a> eine Reihe von Sicherheitsfragen beantworten. Eine strafrechtliche Verurteilung, eine ansteckende Krankheit oder eine fr\u00fchere Verletzung der US-Einwanderungsgesetze kann zur <a href=\"https:\/\/usa-gv.com\/de\/esta-antrag-abgelehnt\/\">Ablehnung Ihres ESTA<\/a> f\u00fchren.<\/li>\n\n\n\n<li><strong>Gesundheitsprobleme<\/strong>: Sie m\u00fcssen angeben, ob Sie an bestimmten ansteckenden Krankheiten leiden.\nPersonen, die ein Risiko f\u00fcr die \u00f6ffentliche Gesundheit darstellen, kann das ESTA verweigert werden. <\/li>\n\n\n\n<li><strong>Reisen in bestimmte L\u00e4nder<\/strong>: Wenn Sie nach dem 1. M\u00e4rz 2011 in den Iran, Irak, Libyen, Nordkorea, Somalia, Sudan, Syrien oder den Jemen gereist sind, kommen Sie nicht f\u00fcr ein ESTA in Frage und m\u00fcssen ein Visum beantragen.<\/li>\n<\/ul>\n\n<ol start=\"3\" class=\"wp-block-list\">\n<li><\/li>\n<\/ol>\n","protected":false},"excerpt":{"rendered":"<p>Voraussetzungen f\u00fcr den Erhalt eines ESTAs F\u00fcr Reisen in die USA im Rahmen des Programms f\u00fcr visumfreies Reisen (Visa Waiver Program) ist eine ESTA-Reisegenehmigung erforderlich. Diese Genehmigung ist f\u00fcr Staatsangeh\u00f6rige der VWP-Teilnehmerl\u00e4nder erforderlich, die die USA f\u00fcr einen Aufenthalt von bis zu 90 Tagen besuchen m\u00f6chten. Die Voraussetzungen f\u00fcr den Erhalt eines ESTA betreffen : [&hellip;]<\/p>\n","protected":false},"author":1,"featured_media":0,"parent":0,"menu_order":0,"comment_status":"closed","ping_status":"closed","template":"","meta":{"footnotes":""},"class_list":["post-2905","page","type-page","status-publish","hentry"],"yoast_head":"<!-- This site is optimized with the Yoast SEO plugin v26.6 - https:\/\/yoast.com\/wordpress\/plugins\/seo\/ -->\n<title>Die Regeln f\u00fcr den Erhalt eines ESTAs - USA-GV.COM<\/title>\n<meta name=\"description\" content=\"Die ESTA-Reisegenehmigung kann nur unter bestimmten Bedingungen in Betracht gezogen werden, die den Reisenden berechtigen.\" \/>\n<meta name=\"robots\" content=\"index, follow, max-snippet:-1, max-image-preview:large, max-video-preview:-1\" \/>\n<link rel=\"canonical\" href=\"https:\/\/usa-gv.com\/de\/teilnahmebedingungen-fur-esta\/\" \/>\n<meta property=\"og:locale\" content=\"de_DE\" \/>\n<meta property=\"og:type\" content=\"article\" \/>\n<meta property=\"og:title\" content=\"Die Regeln f\u00fcr den Erhalt eines ESTAs - USA-GV.COM\" \/>\n<meta property=\"og:description\" content=\"Die ESTA-Reisegenehmigung kann nur unter bestimmten Bedingungen in Betracht gezogen werden, die den Reisenden berechtigen.\" \/>\n<meta property=\"og:url\" content=\"https:\/\/usa-gv.com\/de\/teilnahmebedingungen-fur-esta\/\" \/>\n<meta property=\"og:site_name\" content=\"USA-GV.COM\" \/>\n<meta property=\"article:modified_time\" content=\"2025-02-25T11:51:59+00:00\" \/>\n<meta name=\"twitter:card\" content=\"summary_large_image\" \/>\n<meta name=\"twitter:label1\" content=\"Gesch\u00e4tzte Lesezeit\" \/>\n\t<meta name=\"twitter:data1\" content=\"2\u00a0Minuten\" \/>\n<script type=\"application\/ld+json\" class=\"yoast-schema-graph\">{\"@context\":\"https:\/\/schema.org\",\"@graph\":[{\"@type\":\"WebPage\",\"@id\":\"https:\/\/usa-gv.com\/de\/teilnahmebedingungen-fur-esta\/\",\"url\":\"https:\/\/usa-gv.com\/de\/teilnahmebedingungen-fur-esta\/\",\"name\":\"Die Regeln f\u00fcr den Erhalt eines ESTAs - USA-GV.COM\",\"isPartOf\":{\"@id\":\"https:\/\/usa-gv.com\/de\/#website\"},\"datePublished\":\"2024-03-11T21:42:38+00:00\",\"dateModified\":\"2025-02-25T11:51:59+00:00\",\"description\":\"Die ESTA-Reisegenehmigung kann nur unter bestimmten Bedingungen in Betracht gezogen werden, die den Reisenden berechtigen.\",\"breadcrumb\":{\"@id\":\"https:\/\/usa-gv.com\/de\/teilnahmebedingungen-fur-esta\/#breadcrumb\"},\"inLanguage\":\"de\",\"potentialAction\":[{\"@type\":\"ReadAction\",\"target\":[\"https:\/\/usa-gv.com\/de\/teilnahmebedingungen-fur-esta\/\"]}]},{\"@type\":\"BreadcrumbList\",\"@id\":\"https:\/\/usa-gv.com\/de\/teilnahmebedingungen-fur-esta\/#breadcrumb\",\"itemListElement\":[{\"@type\":\"ListItem\",\"position\":1,\"name\":\"Home\",\"item\":\"https:\/\/usa-gv.com\/de\/usa-reisefuehrer\/\"},{\"@type\":\"ListItem\",\"position\":2,\"name\":\"Die Regeln f\u00fcr den Erhalt eines ESTAs\"}]},{\"@type\":\"WebSite\",\"@id\":\"https:\/\/usa-gv.com\/de\/#website\",\"url\":\"https:\/\/usa-gv.com\/de\/\",\"name\":\"USA-GV.COM\",\"description\":\"\",\"potentialAction\":[{\"@type\":\"SearchAction\",\"target\":{\"@type\":\"EntryPoint\",\"urlTemplate\":\"https:\/\/usa-gv.com\/de\/?s={search_term_string}\"},\"query-input\":{\"@type\":\"PropertyValueSpecification\",\"valueRequired\":true,\"valueName\":\"search_term_string\"}}],\"inLanguage\":\"de\"}]}<\/script>\n<!-- \/ Yoast SEO plugin. -->","yoast_head_json":{"title":"Die Regeln f\u00fcr den Erhalt eines ESTAs - USA-GV.COM","description":"Die ESTA-Reisegenehmigung kann nur unter bestimmten Bedingungen in Betracht gezogen werden, die den Reisenden berechtigen.","robots":{"index":"index","follow":"follow","max-snippet":"max-snippet:-1","max-image-preview":"max-image-preview:large","max-video-preview":"max-video-preview:-1"},"canonical":"https:\/\/usa-gv.com\/de\/teilnahmebedingungen-fur-esta\/","og_locale":"de_DE","og_type":"article","og_title":"Die Regeln f\u00fcr den Erhalt eines ESTAs - USA-GV.COM","og_description":"Die ESTA-Reisegenehmigung kann nur unter bestimmten Bedingungen in Betracht gezogen werden, die den Reisenden berechtigen.","og_url":"https:\/\/usa-gv.com\/de\/teilnahmebedingungen-fur-esta\/","og_site_name":"USA-GV.COM","article_modified_time":"2025-02-25T11:51:59+00:00","twitter_card":"summary_large_image","twitter_misc":{"Gesch\u00e4tzte Lesezeit":"2\u00a0Minuten"},"schema":{"@context":"https:\/\/schema.org","@graph":[{"@type":"WebPage","@id":"https:\/\/usa-gv.com\/de\/teilnahmebedingungen-fur-esta\/","url":"https:\/\/usa-gv.com\/de\/teilnahmebedingungen-fur-esta\/","name":"Die Regeln f\u00fcr den Erhalt eines ESTAs - USA-GV.COM","isPartOf":{"@id":"https:\/\/usa-gv.com\/de\/#website"},"datePublished":"2024-03-11T21:42:38+00:00","dateModified":"2025-02-25T11:51:59+00:00","description":"Die ESTA-Reisegenehmigung kann nur unter bestimmten Bedingungen in Betracht gezogen werden, die den Reisenden berechtigen.","breadcrumb":{"@id":"https:\/\/usa-gv.com\/de\/teilnahmebedingungen-fur-esta\/#breadcrumb"},"inLanguage":"de","potentialAction":[{"@type":"ReadAction","target":["https:\/\/usa-gv.com\/de\/teilnahmebedingungen-fur-esta\/"]}]},{"@type":"BreadcrumbList","@id":"https:\/\/usa-gv.com\/de\/teilnahmebedingungen-fur-esta\/#breadcrumb","itemListElement":[{"@type":"ListItem","position":1,"name":"Home","item":"https:\/\/usa-gv.com\/de\/usa-reisefuehrer\/"},{"@type":"ListItem","position":2,"name":"Die Regeln f\u00fcr den Erhalt eines ESTAs"}]},{"@type":"WebSite","@id":"https:\/\/usa-gv.com\/de\/#website","url":"https:\/\/usa-gv.com\/de\/","name":"USA-GV.COM","description":"","potentialAction":[{"@type":"SearchAction","target":{"@type":"EntryPoint","urlTemplate":"https:\/\/usa-gv.com\/de\/?s={search_term_string}"},"query-input":{"@type":"PropertyValueSpecification","valueRequired":true,"valueName":"search_term_string"}}],"inLanguage":"de"}]}},"_links":{"self":[{"href":"https:\/\/usa-gv.com\/de\/wp-json\/wp\/v2\/pages\/2905","targetHints":{"allow":["GET"]}}],"collection":[{"href":"https:\/\/usa-gv.com\/de\/wp-json\/wp\/v2\/pages"}],"about":[{"href":"https:\/\/usa-gv.com\/de\/wp-json\/wp\/v2\/types\/page"}],"author":[{"embeddable":true,"href":"https:\/\/usa-gv.com\/de\/wp-json\/wp\/v2\/users\/1"}],"replies":[{"embeddable":true,"href":"https:\/\/usa-gv.com\/de\/wp-json\/wp\/v2\/comments?post=2905"}],"version-history":[{"count":1,"href":"https:\/\/usa-gv.com\/de\/wp-json\/wp\/v2\/pages\/2905\/revisions"}],"predecessor-version":[{"id":7622,"href":"https:\/\/usa-gv.com\/de\/wp-json\/wp\/v2\/pages\/2905\/revisions\/7622"}],"wp:attachment":[{"href":"https:\/\/usa-gv.com\/de\/wp-json\/wp\/v2\/media?parent=2905"}],"curies":[{"name":"wp","href":"https:\/\/api.w.org\/{rel}","templated":true}]}}